{"id":14822,"date":"2022-11-13T10:30:49","date_gmt":"2022-11-13T09:30:49","guid":{"rendered":"https:\/\/annajankovic.art\/?page_id=14822"},"modified":"2022-11-13T17:46:20","modified_gmt":"2022-11-13T16:46:20","slug":"artwork-details-and-materials","status":"publish","type":"page","link":"https:\/\/annajankovic.art\/cz\/artwork-details-and-materials\/","title":{"rendered":"Obrazy - informace a materi\u00e1ly"},"content":{"rendered":"<div data-elementor-type=\"wp-page\" data-elementor-id=\"14822\" class=\"elementor elementor-14822\">\n\t\t\t\t\t\t<section class=\"elementor-section elementor-top-section elementor-element elementor-element-63c2815 elementor-section-full_width elementor-section-height-default elementor-section-height-default\" data-id=\"63c2815\" data-element_type=\"section\" data-e-type=\"section\">\n\t\t\t\t\t\t<div class=\"elementor-container elementor-column-gap-default\">\n\t\t\t\t\t<div class=\"elementor-column elementor-col-50 elementor-top-column elementor-element elementor-element-ddcf24b\" data-id=\"ddcf24b\" data-element_type=\"column\" data-e-type=\"column\">\n\t\t\t<div class=\"elementor-widget-wrap elementor-element-populated\">\n\t\t\t\t\t\t<div class=\"elementor-element elementor-element-e0445cb elementor-widget elementor-widget-heading\" data-id=\"e0445cb\" data-element_type=\"widget\" data-e-type=\"widget\" data-widget_type=\"heading.default\">\n\t\t\t\t<div class=\"elementor-widget-container\">\n\t\t\t\t\t<h2 class=\"elementor-heading-title elementor-size-default\">Certifik\u00e1t autenticity<\/h2>\t\t\t\t<\/div>\n\t\t\t\t<\/div>\n\t\t\t\t<div class=\"elementor-element elementor-element-85c6c71 elementor-widget elementor-widget-text-editor\" data-id=\"85c6c71\" data-element_type=\"widget\" data-e-type=\"widget\" data-widget_type=\"text-editor.default\">\n\t\t\t\t<div class=\"elementor-widget-container\">\n\t\t\t\t\t\t\t\t\t<p>Ke ka\u017ed\u00e9mu origin\u00e1ln\u00edmu obrazu dostanete vyti\u0161t\u011bn\u00fd Certifik\u00e1t autenticity (v anglick\u00e9m nebo \u010desk\u00e9m jazyce, podle z\u00e1kazn\u00edka :)<\/p>\t\t\t\t\t\t\t\t<\/div>\n\t\t\t\t<\/div>\n\t\t\t\t\t<\/div>\n\t\t<\/div>\n\t\t\t\t<div class=\"elementor-column elementor-col-50 elementor-top-column elementor-element elementor-element-1d4522f\" data-id=\"1d4522f\" data-element_type=\"column\" data-e-type=\"column\">\n\t\t\t<div class=\"elementor-widget-wrap elementor-element-populated\">\n\t\t\t\t\t\t<div class=\"elementor-element elementor-element-7c87e7f elementor-widget elementor-widget-image\" data-id=\"7c87e7f\" data-element_type=\"widget\" data-e-type=\"widget\" data-widget_type=\"image.default\">\n\t\t\t\t<div class=\"elementor-widget-container\">\n\t\t\t\t\t\t\t\t\t\t\t\t\t\t\t<img data-opt-id=1896576919  fetchpriority=\"high\" decoding=\"async\" width=\"1024\" height=\"768\" src=\"https:\/\/mlcrcy0krp3e.i.optimole.com\/w:1024\/h:768\/q:mauto\/f:best\/https:\/\/annajankovic.art\/wp-content\/uploads\/2022\/11\/wp-1668355241653-scaled-1.jpg\" class=\"attachment-large size-large wp-image-14836\" alt=\"origin\u00e1ln\u00ed obrazy s certifik\u00e1tem autenticity\" srcset=\"https:\/\/mlcrcy0krp3e.i.optimole.com\/w:1920\/h:1440\/q:mauto\/f:best\/https:\/\/annajankovic.art\/wp-content\/uploads\/2022\/11\/wp-1668355241653-scaled-1.jpg 1920w, https:\/\/mlcrcy0krp3e.i.optimole.com\/w:600\/h:450\/q:mauto\/f:best\/https:\/\/annajankovic.art\/wp-content\/uploads\/2022\/11\/wp-1668355241653-scaled-1.jpg 600w, https:\/\/mlcrcy0krp3e.i.optimole.com\/w:1024\/h:768\/q:mauto\/f:best\/https:\/\/annajankovic.art\/wp-content\/uploads\/2022\/11\/wp-1668355241653-scaled-1.jpg 1024w, https:\/\/mlcrcy0krp3e.i.optimole.com\/w:768\/h:576\/q:mauto\/f:best\/https:\/\/annajankovic.art\/wp-content\/uploads\/2022\/11\/wp-1668355241653-scaled-1.jpg 768w, https:\/\/mlcrcy0krp3e.i.optimole.com\/w:1536\/h:1152\/q:mauto\/f:best\/https:\/\/annajankovic.art\/wp-content\/uploads\/2022\/11\/wp-1668355241653-scaled-1.jpg 1536w, https:\/\/mlcrcy0krp3e.i.optimole.com\/w:16\/h:12\/q:mauto\/f:best\/dpr:2\/https:\/\/annajankovic.art\/wp-content\/uploads\/2022\/11\/wp-1668355241653-scaled-1.jpg 16w, https:\/\/mlcrcy0krp3e.i.optimole.com\/w:900\/h:675\/q:mauto\/f:best\/https:\/\/annajankovic.art\/wp-content\/uploads\/2022\/11\/wp-1668355241653-scaled-1.jpg 900w\" sizes=\"(max-width: 1024px) 100vw, 1024px\" \/>\t\t\t\t\t\t\t\t\t\t\t\t\t\t\t<\/div>\n\t\t\t\t<\/div>\n\t\t\t\t\t<\/div>\n\t\t<\/div>\n\t\t\t\t\t<\/div>\n\t\t<\/section>\n\t\t\t\t<section class=\"elementor-section elementor-top-section elementor-element elementor-element-f764108 elementor-section-boxed elementor-section-height-default elementor-section-height-default\" data-id=\"f764108\" data-element_type=\"section\" data-e-type=\"section\">\n\t\t\t\t\t\t<div class=\"elementor-container elementor-column-gap-default\">\n\t\t\t\t\t<div class=\"elementor-column elementor-col-100 elementor-top-column elementor-element elementor-element-c186679\" data-id=\"c186679\" data-element_type=\"column\" data-e-type=\"column\">\n\t\t\t<div class=\"elementor-widget-wrap elementor-element-populated\">\n\t\t\t\t\t\t<div class=\"elementor-element elementor-element-3506382 elementor-widget elementor-widget-heading\" data-id=\"3506382\" data-element_type=\"widget\" data-e-type=\"widget\" data-widget_type=\"heading.default\">\n\t\t\t\t<div class=\"elementor-widget-container\">\n\t\t\t\t\t<h2 class=\"elementor-heading-title elementor-size-default\">Materi\u00e1ly\n<\/h2>\t\t\t\t<\/div>\n\t\t\t\t<\/div>\n\t\t\t\t<div class=\"elementor-element elementor-element-86ac7e9 elementor-widget elementor-widget-text-editor\" data-id=\"86ac7e9\" data-element_type=\"widget\" data-e-type=\"widget\" data-widget_type=\"text-editor.default\">\n\t\t\t\t<div class=\"elementor-widget-container\">\n\t\t\t\t\t\t\t\t\t\n<p>V\u011bt\u0161ina m\u00fdch obraz\u016f je namalovan\u00e1 na <strong>pl\u00e1tn\u011b nata\u017een\u00e9m na r\u00e1mu<\/strong> - kdy je pl\u00e1tno nata\u017een\u00e9 na d\u0159ev\u011bn\u00e9 li\u0161ty. Takto p\u0159ipraven\u00fd obraz si m\u016f\u017eete pov\u011bsit na ze\u010f hned, jak ho dostanete, proto\u017ee h\u00e1\u010dky na pov\u011b\u0161en\u00ed na obraz instaluji p\u0159ed p\u0159ed\u00e1n\u00edm obrazu.<\/p>\n\n<p>V posledn\u00ed dob\u011b si pl\u00e1tno na r\u00e1m natahuji sama, tak\u017ee se nemus\u00edm p\u0159i malov\u00e1n\u00ed omezovat  jenom na velikosti pl\u00e1ten, kter\u00e9 bych m\u011bla doma k dispozici. Prost\u011b za\u010dnu malovat na pl\u00e1tno jak velk\u00e9 chci, a a\u017e pot\u00e9 ho m\u016f\u017eu na r\u00e1m nat\u00e1hnout a dokoupit li\u0161ty dle velikosti, kter\u00e9 pot\u0159ebuji.<\/p>\n\n<p>Tyto obrazy si samoz\u0159ejm\u011b m\u016f\u017eete zar\u00e1movat podle sebe do r\u00e1mu - doporu\u010duji pou\u017e\u00edt floatov\u00e9 r\u00e1my, kter\u00e9 nezakryj\u00ed pomalovan\u00e9 okraje pl\u00e1tna.<\/p>\n\n<p><strong>Zar\u00e1movan\u00e9 obrazy<\/strong><\/p>\n\n<p>N\u011bkter\u00e9 obrazy jsou namalovan\u00e9 na pap\u00edru nebo jednoduch\u00e9m pl\u00e1tn\u011b a nab\u00edz\u00edm je rovnou v r\u00e1mu.<\/p>\n\t\t\t\t\t\t\t\t<\/div>\n\t\t\t\t<\/div>\n\t\t\t\t<div class=\"elementor-element elementor-element-29fcf71 elementor-arrows-position-inside elementor-pagination-position-outside elementor-widget elementor-widget-image-carousel\" data-id=\"29fcf71\" data-element_type=\"widget\" data-e-type=\"widget\" data-settings=\"{&quot;navigation&quot;:&quot;both&quot;,&quot;autoplay&quot;:&quot;yes&quot;,&quot;pause_on_hover&quot;:&quot;yes&quot;,&quot;pause_on_interaction&quot;:&quot;yes&quot;,&quot;autoplay_speed&quot;:5000,&quot;infinite&quot;:&quot;yes&quot;,&quot;speed&quot;:500}\" data-widget_type=\"image-carousel.default\">\n\t\t\t\t<div class=\"elementor-widget-container\">\n\t\t\t\t\t\t\t<div class=\"elementor-image-carousel-wrapper swiper\" role=\"region\" aria-roledescription=\"carousel\" aria-label=\"Koloto\u010d obr\u00e1zk\u016f\" dir=\"ltr\">\n\t\t\t<div class=\"elementor-image-carousel swiper-wrapper\" aria-live=\"off\">\n\t\t\t\t\t\t\t\t<div class=\"swiper-slide\" role=\"group\" aria-roledescription=\"slide\" aria-label=\"1 of 7\"><figure class=\"swiper-slide-inner\"><img data-opt-id=1790528660  fetchpriority=\"high\" decoding=\"async\" class=\"swiper-slide-image\" src=\"https:\/\/mlcrcy0krp3e.i.optimole.com\/w:450\/h:600\/q:mauto\/f:best\/https:\/\/annajankovic.art\/wp-content\/uploads\/2022\/11\/wp-1668355241816-scaled-1.jpg\" alt=\"I am stretching the canvas on the frame\" \/><figcaption class=\"elementor-image-carousel-caption\">P\u0159\u00edprava na nata\u017een\u00ed hotov\u00e9ho obrazu na r\u00e1m<\/figcaption><\/figure><\/div><div class=\"swiper-slide\" role=\"group\" aria-roledescription=\"slide\" aria-label=\"2 of 7\"><figure class=\"swiper-slide-inner\"><img data-opt-id=349112955  fetchpriority=\"high\" decoding=\"async\" class=\"swiper-slide-image\" src=\"https:\/\/mlcrcy0krp3e.i.optimole.com\/w:450\/h:600\/q:mauto\/f:best\/https:\/\/annajankovic.art\/wp-content\/uploads\/2022\/11\/wp-1668355241794-scaled-1.jpg\" alt=\"obrazy na ze\u010f v r\u00e1mu\" \/><figcaption class=\"elementor-image-carousel-caption\">Zar\u00e1movan\u00e1 a podepsan\u00e1 malba na pap\u00edru<\/figcaption><\/figure><\/div><div class=\"swiper-slide\" role=\"group\" aria-roledescription=\"slide\" aria-label=\"3 of 7\"><figure class=\"swiper-slide-inner\"><img data-opt-id=397668924  data-opt-src=\"https:\/\/mlcrcy0krp3e.i.optimole.com\/w:450\/h:600\/q:mauto\/f:best\/https:\/\/annajankovic.art\/wp-content\/uploads\/2022\/11\/wp-1668355241775-scaled-1.jpg\"  decoding=\"async\" class=\"swiper-slide-image\" src=\"https:\/\/mlcrcy0krp3e.i.optimole.com\/w:450\/h:600\/q:mauto\/f:best\/https:\/\/annajankovic.art\/wp-content\/uploads\/2022\/11\/wp-1668355241775-scaled-1.jpg\" alt=\"abstract paintings hand painted\" \/><noscript><img data-opt-id=397668924  decoding=\"async\" class=\"swiper-slide-image\" src=\"https:\/\/mlcrcy0krp3e.i.optimole.com\/w:450\/h:600\/q:mauto\/f:best\/https:\/\/annajankovic.art\/wp-content\/uploads\/2022\/11\/wp-1668355241775-scaled-1.jpg\" alt=\"abstract paintings hand painted\" \/></noscript><figcaption class=\"elementor-image-carousel-caption\">Malby na pap\u00edru v r\u00e1mech<\/figcaption><\/figure><\/div><div class=\"swiper-slide\" role=\"group\" aria-roledescription=\"slide\" aria-label=\"4 of 7\"><figure class=\"swiper-slide-inner\"><img data-opt-id=1719488027  data-opt-src=\"https:\/\/mlcrcy0krp3e.i.optimole.com\/w:450\/h:600\/q:mauto\/f:best\/https:\/\/annajankovic.art\/wp-content\/uploads\/2022\/11\/wp-16683552429532048697684730054000-scaled-1.jpg\"  decoding=\"async\" class=\"swiper-slide-image\" src=\"https:\/\/mlcrcy0krp3e.i.optimole.com\/w:450\/h:600\/q:mauto\/f:best\/https:\/\/annajankovic.art\/wp-content\/uploads\/2022\/11\/wp-16683552429532048697684730054000-scaled-1.jpg\" alt=\"stretching the canvas\" \/><noscript><img data-opt-id=1719488027  decoding=\"async\" class=\"swiper-slide-image\" src=\"https:\/\/mlcrcy0krp3e.i.optimole.com\/w:450\/h:600\/q:mauto\/f:best\/https:\/\/annajankovic.art\/wp-content\/uploads\/2022\/11\/wp-16683552429532048697684730054000-scaled-1.jpg\" alt=\"stretching the canvas\" \/></noscript><figcaption class=\"elementor-image-carousel-caption\">P\u0159ed nata\u017een\u00edm pl\u00e1tna na r\u00e1m :)<\/figcaption><\/figure><\/div><div class=\"swiper-slide\" role=\"group\" aria-roledescription=\"slide\" aria-label=\"5 of 7\"><figure class=\"swiper-slide-inner\"><img data-opt-id=701451505  data-opt-src=\"https:\/\/mlcrcy0krp3e.i.optimole.com\/w:423\/h:600\/q:mauto\/f:best\/https:\/\/annajankovic.art\/wp-content\/uploads\/2022\/11\/wp-1668355241756-scaled-1.jpg\"  decoding=\"async\" class=\"swiper-slide-image\" src=\"https:\/\/mlcrcy0krp3e.i.optimole.com\/w:423\/h:600\/q:mauto\/f:best\/https:\/\/annajankovic.art\/wp-content\/uploads\/2022\/11\/wp-1668355241756-scaled-1.jpg\" alt=\"Signature\" \/><noscript><img data-opt-id=701451505  decoding=\"async\" class=\"swiper-slide-image\" src=\"https:\/\/mlcrcy0krp3e.i.optimole.com\/w:423\/h:600\/q:mauto\/f:best\/https:\/\/annajankovic.art\/wp-content\/uploads\/2022\/11\/wp-1668355241756-scaled-1.jpg\" alt=\"Signature\" \/></noscript><figcaption class=\"elementor-image-carousel-caption\">Signatura<\/figcaption><\/figure><\/div><div class=\"swiper-slide\" role=\"group\" aria-roledescription=\"slide\" aria-label=\"6 of 7\"><figure class=\"swiper-slide-inner\"><img data-opt-id=2136719366  data-opt-src=\"https:\/\/mlcrcy0krp3e.i.optimole.com\/w:600\/h:471\/q:mauto\/f:best\/https:\/\/annajankovic.art\/wp-content\/uploads\/2022\/11\/wp-1668355242498-scaled-1.jpg\"  decoding=\"async\" class=\"swiper-slide-image\" src=\"https:\/\/mlcrcy0krp3e.i.optimole.com\/w:600\/h:471\/q:mauto\/f:best\/https:\/\/annajankovic.art\/wp-content\/uploads\/2022\/11\/wp-1668355242498-scaled-1.jpg\" alt=\"abstraktn\u00ed r\u016f\u017eov\u00fd obraz v r\u00e1mu\" \/><noscript><img data-opt-id=2136719366  decoding=\"async\" class=\"swiper-slide-image\" src=\"https:\/\/mlcrcy0krp3e.i.optimole.com\/w:600\/h:471\/q:mauto\/f:best\/https:\/\/annajankovic.art\/wp-content\/uploads\/2022\/11\/wp-1668355242498-scaled-1.jpg\" alt=\"abstraktn\u00ed r\u016f\u017eov\u00fd obraz v r\u00e1mu\" \/></noscript><figcaption class=\"elementor-image-carousel-caption\">Obraz v r\u00e1mu<\/figcaption><\/figure><\/div><div class=\"swiper-slide\" role=\"group\" aria-roledescription=\"slide\" aria-label=\"7 of 7\"><figure class=\"swiper-slide-inner\"><img data-opt-id=2089018115  data-opt-src=\"https:\/\/mlcrcy0krp3e.i.optimole.com\/w:600\/h:450\/q:mauto\/f:best\/https:\/\/annajankovic.art\/wp-content\/uploads\/2022\/11\/wp-1668355241541-scaled-1.jpg\"  decoding=\"async\" class=\"swiper-slide-image\" src=\"https:\/\/mlcrcy0krp3e.i.optimole.com\/w:600\/h:450\/q:mauto\/f:best\/https:\/\/annajankovic.art\/wp-content\/uploads\/2022\/11\/wp-1668355241541-scaled-1.jpg\" alt=\"Stretched canvas with signature\" \/><noscript><img data-opt-id=2089018115  decoding=\"async\" class=\"swiper-slide-image\" src=\"https:\/\/mlcrcy0krp3e.i.optimole.com\/w:600\/h:450\/q:mauto\/f:best\/https:\/\/annajankovic.art\/wp-content\/uploads\/2022\/11\/wp-1668355241541-scaled-1.jpg\" alt=\"Stretched canvas with signature\" \/></noscript><figcaption class=\"elementor-image-carousel-caption\">Pl\u00e1tno nata\u017een\u00e9 na r\u00e1mu s podpisem a n\u00e1zvem d\u00edla<\/figcaption><\/figure><\/div>\t\t\t<\/div>\n\t\t\t\t\t\t\t\t\t\t\t\t<div class=\"elementor-swiper-button elementor-swiper-button-prev\" role=\"button\" tabindex=\"0\">\n\t\t\t\t\t\t<i aria-hidden=\"true\" class=\"eicon-chevron-left\"><\/i>\t\t\t\t\t<\/div>\n\t\t\t\t\t<div class=\"elementor-swiper-button elementor-swiper-button-next\" role=\"button\" tabindex=\"0\">\n\t\t\t\t\t\t<i aria-hidden=\"true\" class=\"eicon-chevron-right\"><\/i>\t\t\t\t\t<\/div>\n\t\t\t\t\n\t\t\t\t\t\t\t\t\t<div class=\"swiper-pagination\"><\/div>\n\t\t\t\t\t\t\t\t\t<\/div>\n\t\t\t\t\t\t<\/div>\n\t\t\t\t<\/div>\n\t\t\t\t\t<\/div>\n\t\t<\/div>\n\t\t\t\t\t<\/div>\n\t\t<\/section>\n\t\t\t\t<\/div>","protected":false},"excerpt":{"rendered":"<p>Certifikate of authenticity You will receive a printed Certificate of authenticity with your artwork (in English or Czech, depending on the customer \ud83d\ude42 Materials Most of the paintings are on stretched canvas &#8211; the canvas is stretched over wooden bars. You can hang this artwork straight on the wall after you receive them, as I [&hellip;]<\/p>\n","protected":false},"author":1,"featured_media":0,"parent":0,"menu_order":0,"comment_status":"closed","ping_status":"closed","template":"","meta":{"footnotes":""},"class_list":["post-14822","page","type-page","status-publish","hentry","entry","owp-thumbs-layout-horizontal","owp-btn-normal","owp-tabs-layout-section","has-no-thumbnails","circle-sale"],"yoast_head":"<!-- This site is optimized with the Yoast SEO plugin v27.5 - https:\/\/yoast.com\/product\/yoast-seo-wordpress\/ -->\n<title>Artwork - details and materials - Anna Jankovi\u010dov\u00e1 - Origin\u00e1ln\u00ed obrazy<\/title>\n<meta name=\"robots\" content=\"index, follow, max-snippet:-1, max-image-preview:large, max-video-preview:-1\" \/>\n<link rel=\"canonical\" href=\"https:\/\/aiyannadreamsart.com\/artwork-details-and-materials\/\" \/>\n<meta property=\"og:locale\" content=\"cs_CZ\" \/>\n<meta property=\"og:type\" content=\"article\" \/>\n<meta property=\"og:title\" content=\"Artwork - details and materials - Anna Jankovi\u010dov\u00e1 - Origin\u00e1ln\u00ed obrazy\" \/>\n<meta property=\"og:description\" content=\"Certifikate of authenticity You will receive a printed Certificate of authenticity with your artwork (in English or Czech, depending on the customer \ud83d\ude42 Materials Most of the paintings are on stretched canvas &#8211; the canvas is stretched over wooden bars. You can hang this artwork straight on the wall after you receive them, as I [&hellip;]\" \/>\n<meta property=\"og:url\" content=\"https:\/\/aiyannadreamsart.com\/artwork-details-and-materials\/\" \/>\n<meta property=\"og:site_name\" content=\"Anna Jankovi\u010dov\u00e1 - Origin\u00e1ln\u00ed obrazy\" \/>\n<meta property=\"article:publisher\" content=\"https:\/\/www.facebook.com\/AnnaJankovic.art\" \/>\n<meta property=\"article:modified_time\" content=\"2022-11-13T16:46:20+00:00\" \/>\n<meta property=\"og:image\" content=\"https:\/\/mlcrcy0krp3e.i.optimole.com\/w:1024\/h:768\/q:mauto\/f:best\/id:db2059273d72abc5781e963bb1dd2323\/https:\/\/aiyannadreamsart.com\/wp-1668355241653-scaled.jpg\" \/>\n<meta name=\"twitter:card\" content=\"summary_large_image\" \/>\n<meta name=\"twitter:label1\" content=\"Odhadovan\u00e1 doba \u010dten\u00ed\" \/>\n\t<meta name=\"twitter:data1\" content=\"3 minuty\" \/>\n<script type=\"application\/ld+json\" class=\"yoast-schema-graph\">{\"@context\":\"https:\\\/\\\/schema.org\",\"@graph\":[{\"@type\":\"WebPage\",\"@id\":\"https:\\\/\\\/aiyannadreamsart.com\\\/artwork-details-and-materials\\\/\",\"url\":\"https:\\\/\\\/aiyannadreamsart.com\\\/artwork-details-and-materials\\\/\",\"name\":\"Artwork - details and materials - Anna Jankovi\u010dov\u00e1 - Origin\u00e1ln\u00ed obrazy\",\"isPartOf\":{\"@id\":\"https:\\\/\\\/aiyannadreamsart.com\\\/#website\"},\"primaryImageOfPage\":{\"@id\":\"https:\\\/\\\/aiyannadreamsart.com\\\/artwork-details-and-materials\\\/#primaryimage\"},\"image\":{\"@id\":\"https:\\\/\\\/aiyannadreamsart.com\\\/artwork-details-and-materials\\\/#primaryimage\"},\"thumbnailUrl\":\"https:\/\/mlcrcy0krp3e.i.optimole.com\/w:1024\/h:768\/q:mauto\/f:best\/id:db2059273d72abc5781e963bb1dd2323\/https:\/\/annajankovic.art\/wp-1668355241653-scaled.jpg\",\"datePublished\":\"2022-11-13T09:30:49+00:00\",\"dateModified\":\"2022-11-13T16:46:20+00:00\",\"breadcrumb\":{\"@id\":\"https:\\\/\\\/aiyannadreamsart.com\\\/artwork-details-and-materials\\\/#breadcrumb\"},\"inLanguage\":\"cs\",\"potentialAction\":[{\"@type\":\"ReadAction\",\"target\":[\"https:\\\/\\\/aiyannadreamsart.com\\\/artwork-details-and-materials\\\/\"]}]},{\"@type\":\"ImageObject\",\"inLanguage\":\"cs\",\"@id\":\"https:\\\/\\\/aiyannadreamsart.com\\\/artwork-details-and-materials\\\/#primaryimage\",\"url\":\"https:\/\/mlcrcy0krp3e.i.optimole.com\/w:1024\/h:768\/q:mauto\/f:best\/id:db2059273d72abc5781e963bb1dd2323\/https:\/\/annajankovic.art\/wp-1668355241653-scaled.jpg\",\"contentUrl\":\"https:\/\/mlcrcy0krp3e.i.optimole.com\/w:1024\/h:768\/q:mauto\/f:best\/id:db2059273d72abc5781e963bb1dd2323\/https:\/\/annajankovic.art\/wp-1668355241653-scaled.jpg\"},{\"@type\":\"BreadcrumbList\",\"@id\":\"https:\\\/\\\/aiyannadreamsart.com\\\/artwork-details-and-materials\\\/#breadcrumb\",\"itemListElement\":[{\"@type\":\"ListItem\",\"position\":1,\"name\":\"Home\",\"item\":\"https:\\\/\\\/annajankovic.art\\\/\"},{\"@type\":\"ListItem\",\"position\":2,\"name\":\"Artwork &#8211; details and materials\"}]},{\"@type\":\"WebSite\",\"@id\":\"https:\\\/\\\/aiyannadreamsart.com\\\/#website\",\"url\":\"https:\\\/\\\/aiyannadreamsart.com\\\/\",\"name\":\"Anna Jankovi\u010dov\u00e1 - Origin\u00e1ln\u00ed obrazy\",\"description\":\"Malby inspirovan\u00e9 p\u0159\u00edrodou\",\"publisher\":{\"@id\":\"https:\\\/\\\/aiyannadreamsart.com\\\/#\\\/schema\\\/person\\\/f54f796fe61b6c5c84e2ad4dc0f7ff00\"},\"potentialAction\":[{\"@type\":\"SearchAction\",\"target\":{\"@type\":\"EntryPoint\",\"urlTemplate\":\"https:\\\/\\\/aiyannadreamsart.com\\\/?s={search_term_string}\"},\"query-input\":{\"@type\":\"PropertyValueSpecification\",\"valueRequired\":true,\"valueName\":\"search_term_string\"}}],\"inLanguage\":\"cs\"},{\"@type\":[\"Person\",\"Organization\"],\"@id\":\"https:\\\/\\\/aiyannadreamsart.com\\\/#\\\/schema\\\/person\\\/f54f796fe61b6c5c84e2ad4dc0f7ff00\",\"name\":\"Anna Jankovi\u010dov\u00e1\",\"image\":{\"@type\":\"ImageObject\",\"inLanguage\":\"cs\",\"@id\":\"https:\\/\\/annajankovic.art\\/wp-content\\/uploads\\/2022\\/12\\/Anna_Jankovic_logo-e1771085739954.png\",\"url\":\"https:\\/\\/annajankovic.art\\/wp-content\\/uploads\\/2022\\/12\\/Anna_Jankovic_logo-e1771085739954.png\",\"contentUrl\":\"https:\\/\\/annajankovic.art\\/wp-content\\/uploads\\/2022\\/12\\/Anna_Jankovic_logo-e1771085739954.png\",\"width\":300,\"height\":108,\"caption\":\"Anna Jankovi\u010dov\u00e1\"},\"logo\":{\"@id\":\"https:\\/\\/annajankovic.art\\/wp-content\\/uploads\\/2022\\/12\\/Anna_Jankovic_logo-e1771085739954.png\"},\"sameAs\":[\"https:\\\/\\\/www.annajankovic.art\",\"https:\\\/\\\/www.facebook.com\\\/AnnaJankovic.art\",\"https:\\\/\\\/www.instagram.com\\\/annajankovic.art\",\"https:\\\/\\\/pinterest.com\\\/aiyannafilova\\\/\"]}]}<\/script>\n<!-- \/ Yoast SEO plugin. -->","yoast_head_json":{"title":"Artwork - details and materials - Anna Jankovi\u010dov\u00e1 - Origin\u00e1ln\u00ed obrazy","robots":{"index":"index","follow":"follow","max-snippet":"max-snippet:-1","max-image-preview":"max-image-preview:large","max-video-preview":"max-video-preview:-1"},"canonical":"https:\/\/aiyannadreamsart.com\/artwork-details-and-materials\/","og_locale":"cs_CZ","og_type":"article","og_title":"Artwork - details and materials - Anna Jankovi\u010dov\u00e1 - Origin\u00e1ln\u00ed obrazy","og_description":"Certifikate of authenticity You will receive a printed Certificate of authenticity with your artwork (in English or Czech, depending on the customer \ud83d\ude42 Materials Most of the paintings are on stretched canvas &#8211; the canvas is stretched over wooden bars. You can hang this artwork straight on the wall after you receive them, as I [&hellip;]","og_url":"https:\/\/aiyannadreamsart.com\/artwork-details-and-materials\/","og_site_name":"Anna Jankovi\u010dov\u00e1 - Origin\u00e1ln\u00ed obrazy","article_publisher":"https:\/\/www.facebook.com\/AnnaJankovic.art","article_modified_time":"2022-11-13T16:46:20+00:00","og_image":[{"url":"https:\/\/mlcrcy0krp3e.i.optimole.com\/w:1024\/h:768\/q:mauto\/f:best\/id:db2059273d72abc5781e963bb1dd2323\/https:\/\/aiyannadreamsart.com\/wp-1668355241653-scaled.jpg","type":"","width":"","height":""}],"twitter_card":"summary_large_image","twitter_misc":{"Odhadovan\u00e1 doba \u010dten\u00ed":"3 minuty"},"schema":{"@context":"https:\/\/schema.org","@graph":[{"@type":"WebPage","@id":"https:\/\/aiyannadreamsart.com\/artwork-details-and-materials\/","url":"https:\/\/aiyannadreamsart.com\/artwork-details-and-materials\/","name":"Artwork - details and materials - Anna Jankovi\u010dov\u00e1 - Origin\u00e1ln\u00ed obrazy","isPartOf":{"@id":"https:\/\/aiyannadreamsart.com\/#website"},"primaryImageOfPage":{"@id":"https:\/\/aiyannadreamsart.com\/artwork-details-and-materials\/#primaryimage"},"image":{"@id":"https:\/\/aiyannadreamsart.com\/artwork-details-and-materials\/#primaryimage"},"thumbnailUrl":"https:\/\/mlcrcy0krp3e.i.optimole.com\/w:1024\/h:768\/q:mauto\/f:best\/id:db2059273d72abc5781e963bb1dd2323\/https:\/\/annajankovic.art\/wp-1668355241653-scaled.jpg","datePublished":"2022-11-13T09:30:49+00:00","dateModified":"2022-11-13T16:46:20+00:00","breadcrumb":{"@id":"https:\/\/aiyannadreamsart.com\/artwork-details-and-materials\/#breadcrumb"},"inLanguage":"cs","potentialAction":[{"@type":"ReadAction","target":["https:\/\/aiyannadreamsart.com\/artwork-details-and-materials\/"]}]},{"@type":"ImageObject","inLanguage":"cs","@id":"https:\/\/aiyannadreamsart.com\/artwork-details-and-materials\/#primaryimage","url":"https:\/\/mlcrcy0krp3e.i.optimole.com\/w:1024\/h:768\/q:mauto\/f:best\/id:db2059273d72abc5781e963bb1dd2323\/https:\/\/annajankovic.art\/wp-1668355241653-scaled.jpg","contentUrl":"https:\/\/mlcrcy0krp3e.i.optimole.com\/w:1024\/h:768\/q:mauto\/f:best\/id:db2059273d72abc5781e963bb1dd2323\/https:\/\/annajankovic.art\/wp-1668355241653-scaled.jpg"},{"@type":"BreadcrumbList","@id":"https:\/\/aiyannadreamsart.com\/artwork-details-and-materials\/#breadcrumb","itemListElement":[{"@type":"ListItem","position":1,"name":"Home","item":"https:\/\/annajankovic.art\/"},{"@type":"ListItem","position":2,"name":"Artwork &#8211; details and materials"}]},{"@type":"WebSite","@id":"https:\/\/aiyannadreamsart.com\/#website","url":"https:\/\/aiyannadreamsart.com\/","name":"Anna Jankovi\u010dov\u00e1 - Origin\u00e1ln\u00ed obrazy","description":"Malby inspirovan\u00e9 p\u0159\u00edrodou","publisher":{"@id":"https:\/\/aiyannadreamsart.com\/#\/schema\/person\/f54f796fe61b6c5c84e2ad4dc0f7ff00"},"potentialAction":[{"@type":"SearchAction","target":{"@type":"EntryPoint","urlTemplate":"https:\/\/aiyannadreamsart.com\/?s={search_term_string}"},"query-input":{"@type":"PropertyValueSpecification","valueRequired":true,"valueName":"search_term_string"}}],"inLanguage":"cs"},{"@type":["Person","Organization"],"@id":"https:\/\/aiyannadreamsart.com\/#\/schema\/person\/f54f796fe61b6c5c84e2ad4dc0f7ff00","name":"Anna Jankovi\u010dov\u00e1","image":{"@type":"ImageObject","inLanguage":"cs","@id":"https:\/\/mlcrcy0krp3e.i.optimole.com\/w:auto\/h:auto\/q:mauto\/f:best\/https:\/\/annajankovic.art\/wp-content\/uploads\/2022\/12\/Anna_Jankovic_logo-e1771085739954.png","url":"https:\/\/mlcrcy0krp3e.i.optimole.com\/w:auto\/h:auto\/q:mauto\/f:best\/https:\/\/annajankovic.art\/wp-content\/uploads\/2022\/12\/Anna_Jankovic_logo-e1771085739954.png","contentUrl":"https:\/\/mlcrcy0krp3e.i.optimole.com\/w:auto\/h:auto\/q:mauto\/f:best\/https:\/\/annajankovic.art\/wp-content\/uploads\/2022\/12\/Anna_Jankovic_logo-e1771085739954.png","width":300,"height":108,"caption":"Anna Jankovi\u010dov\u00e1"},"logo":{"@id":"https:\/\/mlcrcy0krp3e.i.optimole.com\/w:auto\/h:auto\/q:mauto\/f:best\/https:\/\/annajankovic.art\/wp-content\/uploads\/2022\/12\/Anna_Jankovic_logo-e1771085739954.png"},"sameAs":["https:\/\/www.annajankovic.art","https:\/\/www.facebook.com\/AnnaJankovic.art","https:\/\/www.instagram.com\/annajankovic.art","https:\/\/pinterest.com\/aiyannafilova\/"]}]}},"jetpack_sharing_enabled":true,"_links":{"self":[{"href":"https:\/\/annajankovic.art\/cz\/wp-json\/wp\/v2\/pages\/14822","targetHints":{"allow":["GET"]}}],"collection":[{"href":"https:\/\/annajankovic.art\/cz\/wp-json\/wp\/v2\/pages"}],"about":[{"href":"https:\/\/annajankovic.art\/cz\/wp-json\/wp\/v2\/types\/page"}],"author":[{"embeddable":true,"href":"https:\/\/annajankovic.art\/cz\/wp-json\/wp\/v2\/users\/1"}],"replies":[{"embeddable":true,"href":"https:\/\/annajankovic.art\/cz\/wp-json\/wp\/v2\/comments?post=14822"}],"version-history":[{"count":0,"href":"https:\/\/annajankovic.art\/cz\/wp-json\/wp\/v2\/pages\/14822\/revisions"}],"wp:attachment":[{"href":"https:\/\/annajankovic.art\/cz\/wp-json\/wp\/v2\/media?parent=14822"}],"curies":[{"name":"wp","href":"https:\/\/api.w.org\/{rel}","templated":true}]}}