{"id":226,"date":"2018-09-24T10:46:54","date_gmt":"2018-09-24T10:46:54","guid":{"rendered":"https:\/\/demo.themegrill.com\/zakra-shop\/cart\/"},"modified":"2023-02-02T11:47:23","modified_gmt":"2023-02-02T10:47:23","slug":"cart","status":"publish","type":"page","link":"https:\/\/annajankovic.art\/cz\/cart\/","title":{"rendered":"Ko\u0161\u00edk"},"content":{"rendered":"<div data-elementor-type=\"wp-page\" data-elementor-id=\"226\" class=\"elementor elementor-226\">\n\t\t\t\t\t\t<section class=\"elementor-section elementor-top-section elementor-element elementor-element-44ea5d70 elementor-section-boxed elementor-section-height-default elementor-section-height-default\" data-id=\"44ea5d70\" data-element_type=\"section\" data-e-type=\"section\">\n\t\t\t\t\t\t<div class=\"elementor-container elementor-column-gap-default\">\n\t\t\t\t\t<div class=\"elementor-column elementor-col-100 elementor-top-column elementor-element elementor-element-72fe8ce7\" data-id=\"72fe8ce7\" data-element_type=\"column\" data-e-type=\"column\">\n\t\t\t<div class=\"elementor-widget-wrap elementor-element-populated\">\n\t\t\t\t\t\t<div class=\"elementor-element elementor-element-68c7a313 elementor-widget elementor-widget-shortcode\" data-id=\"68c7a313\" data-element_type=\"widget\" data-e-type=\"widget\" data-widget_type=\"shortcode.default\">\n\t\t\t\t<div class=\"elementor-widget-container\">\n\t\t\t\t\t\t\t<div class=\"elementor-shortcode\"><div class=\"woocommerce\"><div class=\"woocommerce-notices-wrapper\"><\/div><div class=\"wc-empty-cart-message\">\n\t<div class=\"cart-empty woocommerce-info\" role=\"status\">\n\t\tV\u00e1\u0161 ko\u0161\u00edk je zat\u00edm pr\u00e1zdn\u00fd\t<\/div>\n<\/div>\t<p class=\"return-to-shop\">\n\t\t<a class=\"button wc-backward\" href=\"https:\/\/annajankovic.art\/cz\/shop\/\">\n\t\t\tZp\u00e1tky do obchodu\t\t<\/a>\n\t<\/p>\n<\/div><\/div>\n\t\t\t\t\t\t<\/div>\n\t\t\t\t<\/div>\n\t\t\t\t\t<\/div>\n\t\t<\/div>\n\t\t\t\t\t<\/div>\n\t\t<\/section>\n\t\t\t\t<\/div>","protected":false},"excerpt":{"rendered":"","protected":false},"author":1,"featured_media":0,"parent":0,"menu_order":0,"comment_status":"closed","ping_status":"closed","template":"elementor_header_footer","meta":{"footnotes":""},"class_list":["post-226","page","type-page","status-publish","hentry","entry","owp-thumbs-layout-horizontal","owp-btn-normal","owp-tabs-layout-section","has-no-thumbnails","circle-sale"],"yoast_head":"<!-- This site is optimized with the Yoast SEO plugin v27.4 - https:\/\/yoast.com\/product\/yoast-seo-wordpress\/ -->\n<title>Cart- Anna Jankovi\u010dov\u00e1 - Origin\u00e1ln\u00ed obrazy<\/title>\n<meta name=\"robots\" content=\"index, follow, max-snippet:-1, max-image-preview:large, max-video-preview:-1\" \/>\n<link rel=\"canonical\" href=\"https:\/\/annajankovic.art\/cz\/cart\/\" \/>\n<meta property=\"og:locale\" content=\"cs_CZ\" \/>\n<meta property=\"og:type\" content=\"article\" \/>\n<meta property=\"og:title\" content=\"Cart- Anna Jankovi\u010dov\u00e1 - Origin\u00e1ln\u00ed obrazy\" \/>\n<meta property=\"og:url\" content=\"https:\/\/annajankovic.art\/cz\/cart\/\" \/>\n<meta property=\"og:site_name\" content=\"Anna Jankovi\u010dov\u00e1 - Origin\u00e1ln\u00ed obrazy\" \/>\n<meta property=\"article:publisher\" content=\"https:\/\/www.facebook.com\/AnnaJankovic.art\" \/>\n<meta property=\"article:modified_time\" content=\"2023-02-02T10:47:23+00:00\" \/>\n<meta name=\"twitter:card\" content=\"summary_large_image\" \/>\n<meta name=\"twitter:label1\" content=\"Odhadovan\u00e1 doba \u010dten\u00ed\" \/>\n\t<meta name=\"twitter:data1\" content=\"4 minuty\" \/>\n<script type=\"application\/ld+json\" class=\"yoast-schema-graph\">{\"@context\":\"https:\\\/\\\/schema.org\",\"@graph\":[{\"@type\":\"WebPage\",\"@id\":\"https:\\\/\\\/annajankovic.art\\\/cart\\\/\",\"url\":\"https:\\\/\\\/annajankovic.art\\\/cart\\\/\",\"name\":\"Cart- Anna Jankovi\u010dov\u00e1 - Origin\u00e1ln\u00ed obrazy\",\"isPartOf\":{\"@id\":\"https:\\\/\\\/aiyannadreamsart.com\\\/#website\"},\"datePublished\":\"2018-09-24T10:46:54+00:00\",\"dateModified\":\"2023-02-02T10:47:23+00:00\",\"breadcrumb\":{\"@id\":\"https:\\\/\\\/annajankovic.art\\\/cart\\\/#breadcrumb\"},\"inLanguage\":\"cs\",\"potentialAction\":[{\"@type\":\"ReadAction\",\"target\":[\"https:\\\/\\\/annajankovic.art\\\/cart\\\/\"]}]},{\"@type\":\"BreadcrumbList\",\"@id\":\"https:\\\/\\\/annajankovic.art\\\/cart\\\/#breadcrumb\",\"itemListElement\":[{\"@type\":\"ListItem\",\"position\":1,\"name\":\"Home\",\"item\":\"https:\\\/\\\/annajankovic.art\\\/\"},{\"@type\":\"ListItem\",\"position\":2,\"name\":\"Cart\"}]},{\"@type\":\"WebSite\",\"@id\":\"https:\\\/\\\/aiyannadreamsart.com\\\/#website\",\"url\":\"https:\\\/\\\/aiyannadreamsart.com\\\/\",\"name\":\"Anna Jankovi\u010dov\u00e1 - Origin\u00e1ln\u00ed obrazy\",\"description\":\"Malby inspirovan\u00e9 p\u0159\u00edrodou\",\"publisher\":{\"@id\":\"https:\\\/\\\/aiyannadreamsart.com\\\/#\\\/schema\\\/person\\\/f54f796fe61b6c5c84e2ad4dc0f7ff00\"},\"potentialAction\":[{\"@type\":\"SearchAction\",\"target\":{\"@type\":\"EntryPoint\",\"urlTemplate\":\"https:\\\/\\\/aiyannadreamsart.com\\\/?s={search_term_string}\"},\"query-input\":{\"@type\":\"PropertyValueSpecification\",\"valueRequired\":true,\"valueName\":\"search_term_string\"}}],\"inLanguage\":\"cs\"},{\"@type\":[\"Person\",\"Organization\"],\"@id\":\"https:\\\/\\\/aiyannadreamsart.com\\\/#\\\/schema\\\/person\\\/f54f796fe61b6c5c84e2ad4dc0f7ff00\",\"name\":\"Anna Jankovi\u010dov\u00e1\",\"image\":{\"@type\":\"ImageObject\",\"inLanguage\":\"cs\",\"@id\":\"https:\\/\\/annajankovic.art\\/wp-content\\/uploads\\/2022\\/12\\/Anna_Jankovic_logo-e1771085739954.png\",\"url\":\"https:\\/\\/annajankovic.art\\/wp-content\\/uploads\\/2022\\/12\\/Anna_Jankovic_logo-e1771085739954.png\",\"contentUrl\":\"https:\\/\\/annajankovic.art\\/wp-content\\/uploads\\/2022\\/12\\/Anna_Jankovic_logo-e1771085739954.png\",\"width\":300,\"height\":108,\"caption\":\"Anna Jankovi\u010dov\u00e1\"},\"logo\":{\"@id\":\"https:\\/\\/annajankovic.art\\/wp-content\\/uploads\\/2022\\/12\\/Anna_Jankovic_logo-e1771085739954.png\"},\"sameAs\":[\"https:\\\/\\\/www.annajankovic.art\",\"https:\\\/\\\/www.facebook.com\\\/AnnaJankovic.art\",\"https:\\\/\\\/www.instagram.com\\\/annajankovic.art\",\"https:\\\/\\\/pinterest.com\\\/aiyannafilova\\\/\"]}]}<\/script>\n<!-- \/ Yoast SEO plugin. -->","yoast_head_json":{"title":"Cart- Anna Jankovi\u010dov\u00e1 - Origin\u00e1ln\u00ed obrazy","robots":{"index":"index","follow":"follow","max-snippet":"max-snippet:-1","max-image-preview":"max-image-preview:large","max-video-preview":"max-video-preview:-1"},"canonical":"https:\/\/annajankovic.art\/cz\/cart\/","og_locale":"cs_CZ","og_type":"article","og_title":"Cart- Anna Jankovi\u010dov\u00e1 - Origin\u00e1ln\u00ed obrazy","og_url":"https:\/\/annajankovic.art\/cz\/cart\/","og_site_name":"Anna Jankovi\u010dov\u00e1 - Origin\u00e1ln\u00ed obrazy","article_publisher":"https:\/\/www.facebook.com\/AnnaJankovic.art","article_modified_time":"2023-02-02T10:47:23+00:00","twitter_card":"summary_large_image","twitter_misc":{"Odhadovan\u00e1 doba \u010dten\u00ed":"4 minuty"},"schema":{"@context":"https:\/\/schema.org","@graph":[{"@type":"WebPage","@id":"https:\/\/annajankovic.art\/cart\/","url":"https:\/\/annajankovic.art\/cart\/","name":"Cart- Anna Jankovi\u010dov\u00e1 - Origin\u00e1ln\u00ed obrazy","isPartOf":{"@id":"https:\/\/aiyannadreamsart.com\/#website"},"datePublished":"2018-09-24T10:46:54+00:00","dateModified":"2023-02-02T10:47:23+00:00","breadcrumb":{"@id":"https:\/\/annajankovic.art\/cart\/#breadcrumb"},"inLanguage":"cs","potentialAction":[{"@type":"ReadAction","target":["https:\/\/annajankovic.art\/cart\/"]}]},{"@type":"BreadcrumbList","@id":"https:\/\/annajankovic.art\/cart\/#breadcrumb","itemListElement":[{"@type":"ListItem","position":1,"name":"Home","item":"https:\/\/annajankovic.art\/"},{"@type":"ListItem","position":2,"name":"Cart"}]},{"@type":"WebSite","@id":"https:\/\/aiyannadreamsart.com\/#website","url":"https:\/\/aiyannadreamsart.com\/","name":"Anna Jankovi\u010dov\u00e1 - Origin\u00e1ln\u00ed obrazy","description":"Malby inspirovan\u00e9 p\u0159\u00edrodou","publisher":{"@id":"https:\/\/aiyannadreamsart.com\/#\/schema\/person\/f54f796fe61b6c5c84e2ad4dc0f7ff00"},"potentialAction":[{"@type":"SearchAction","target":{"@type":"EntryPoint","urlTemplate":"https:\/\/aiyannadreamsart.com\/?s={search_term_string}"},"query-input":{"@type":"PropertyValueSpecification","valueRequired":true,"valueName":"search_term_string"}}],"inLanguage":"cs"},{"@type":["Person","Organization"],"@id":"https:\/\/aiyannadreamsart.com\/#\/schema\/person\/f54f796fe61b6c5c84e2ad4dc0f7ff00","name":"Anna Jankovi\u010dov\u00e1","image":{"@type":"ImageObject","inLanguage":"cs","@id":"https:\/\/mlcrcy0krp3e.i.optimole.com\/w:auto\/h:auto\/q:mauto\/f:best\/https:\/\/annajankovic.art\/wp-content\/uploads\/2022\/12\/Anna_Jankovic_logo-e1771085739954.png","url":"https:\/\/mlcrcy0krp3e.i.optimole.com\/w:auto\/h:auto\/q:mauto\/f:best\/https:\/\/annajankovic.art\/wp-content\/uploads\/2022\/12\/Anna_Jankovic_logo-e1771085739954.png","contentUrl":"https:\/\/mlcrcy0krp3e.i.optimole.com\/w:auto\/h:auto\/q:mauto\/f:best\/https:\/\/annajankovic.art\/wp-content\/uploads\/2022\/12\/Anna_Jankovic_logo-e1771085739954.png","width":300,"height":108,"caption":"Anna Jankovi\u010dov\u00e1"},"logo":{"@id":"https:\/\/mlcrcy0krp3e.i.optimole.com\/w:auto\/h:auto\/q:mauto\/f:best\/https:\/\/annajankovic.art\/wp-content\/uploads\/2022\/12\/Anna_Jankovic_logo-e1771085739954.png"},"sameAs":["https:\/\/www.annajankovic.art","https:\/\/www.facebook.com\/AnnaJankovic.art","https:\/\/www.instagram.com\/annajankovic.art","https:\/\/pinterest.com\/aiyannafilova\/"]}]}},"jetpack_sharing_enabled":true,"_links":{"self":[{"href":"https:\/\/annajankovic.art\/cz\/wp-json\/wp\/v2\/pages\/226","targetHints":{"allow":["GET"]}}],"collection":[{"href":"https:\/\/annajankovic.art\/cz\/wp-json\/wp\/v2\/pages"}],"about":[{"href":"https:\/\/annajankovic.art\/cz\/wp-json\/wp\/v2\/types\/page"}],"author":[{"embeddable":true,"href":"https:\/\/annajankovic.art\/cz\/wp-json\/wp\/v2\/users\/1"}],"replies":[{"embeddable":true,"href":"https:\/\/annajankovic.art\/cz\/wp-json\/wp\/v2\/comments?post=226"}],"version-history":[{"count":0,"href":"https:\/\/annajankovic.art\/cz\/wp-json\/wp\/v2\/pages\/226\/revisions"}],"wp:attachment":[{"href":"https:\/\/annajankovic.art\/cz\/wp-json\/wp\/v2\/media?parent=226"}],"curies":[{"name":"wp","href":"https:\/\/api.w.org\/{rel}","templated":true}]}}