{"id":10108,"date":"2021-03-29T15:56:01","date_gmt":"2021-03-29T13:56:01","guid":{"rendered":"https:\/\/annajankovic.art\/?post_type=product&#038;p=10108"},"modified":"2025-04-10T09:11:47","modified_gmt":"2025-04-10T07:11:47","slug":"bright-day-in-the-country-original-hand-painted-artwork","status":"publish","type":"product","link":"https:\/\/annajankovic.art\/cz\/shop\/bright-day-in-the-country-original-hand-painted-artwork\/","title":{"rendered":"Jasn\u00fd den na venkov\u011b - origin\u00e1ln\u00ed ru\u010dn\u011b malovan\u00fd obraz, 24x18cm"},"content":{"rendered":"<p>Pohled na pestrobarevnou krajinu v jasn\u00fd den.<\/p>\n<p>Modr\u00e1 obloha t\u011bsn\u011b p\u0159ed v\u00fdchodem slunce, tich\u00e1 rann\u00ed atmosf\u00e9ra.<\/p>\n<p>Rozm\u011bry malby na pap\u00edru: 24x18 cm<\/p>\n<p>Tento mal\u00fd obraz se skv\u011ble hod\u00ed do men\u0161\u00edch prostor, kter\u00e9 chcete ozdobit.<\/p>\n<p>Origin\u00e1ln\u00ed malba krajiny je nezar\u00e1movan\u00e1.<br \/>\nObraz je nalakovan\u00fd (2 vrstvy) pro ochranu proti UV z\u00e1\u0159en\u00ed a prachu.<br \/>\nTechnika: ru\u010dn\u011b malovan\u00fd obraz, \u0161pachtl\u00ed a \u0161t\u011btci, akrylov\u00e1 barva na pap\u00edru.<br \/>\nMateri\u00e1l: hrub\u0161\u00ed pap\u00edr pro akvarelov\u00e9 barvy, akrylov\u00e9 barvy, leskl\u00fd lak.<\/p>\n<p>\u2014<\/p>\n<p><em><a href=\"https:\/\/annajankovic.art\/cz\/kategorie-produktu\/landscapes\/\">Pod\u00edvejte se na dal\u0161\u00ed malby krajiny tady.<\/a>.<\/em><\/p>\n<p>Chcete vid\u011bt jak tvo\u0159\u00edm a maluji?\u00a0<a href=\"https:\/\/www.instagram.com\/p\/B9eyAhfHAy8\/\">Spojte se se mnou na Instagramu :)<\/a><\/p>","protected":false},"excerpt":{"rendered":"<p>Pohled na pestrobarevnou krajinu v jasn\u00fd den.<\/p>\n<p>Modr\u00e1 obloha t\u011bsn\u011b p\u0159ed z\u00e1padem slunce, tich\u00e1 ve\u010dern\u00ed atmosf\u00e9ra.<\/p>\n<p>Rozm\u011bry malby na pap\u00edru: 24x18 cm<\/p>","protected":false},"featured_media":10057,"template":"","meta":[],"product_brand":[],"product_cat":[19,376],"product_tag":[32,358,208,95,342],"class_list":{"0":"post-10108","1":"product","2":"type-product","3":"status-publish","4":"has-post-thumbnail","6":"product_cat-landscapes","7":"product_cat-sale","8":"product_tag-acrylic","9":"product_tag-fresh-spring","10":"product_tag-landscape-painting","11":"product_tag-painting-on-paper","12":"product_tag-unframed","13":"product_shipping_class-paper-art","15":"entry","16":"has-media","18":"first","19":"instock","20":"sale","21":"shipping-taxable","22":"purchasable","23":"product-type-simple","24":"col","25":"span_1_of_3","26":"owp-content-center","27":"item-entry","28":"owp-thumbs-layout-horizontal","29":"owp-btn-normal","30":"owp-tabs-layout-section","31":"circle-sale"},"yoast_head":"<!-- This site is optimized with the Yoast SEO plugin v27.4 - https:\/\/yoast.com\/product\/yoast-seo-wordpress\/ -->\n<title>Bright day in the country - original hand painted artwork, 24x18cm - Anna Jankovi\u010dov\u00e1 - Origin\u00e1ln\u00ed obrazy<\/title>\n<meta name=\"description\" content=\"Blue skies and bright day in the country, just before the sunrise, quiet morning atmosphere. 21 x 28,3 cm painting on paper, unframed.\" \/>\n<meta name=\"robots\" content=\"index, follow, max-snippet:-1, max-image-preview:large, max-video-preview:-1\" \/>\n<link rel=\"canonical\" href=\"https:\/\/annajankovic.art\/cz\/shop\/bright-day-in-the-country-original-hand-painted-artwork\/\" \/>\n<meta property=\"og:locale\" content=\"cs_CZ\" \/>\n<meta property=\"og:type\" content=\"article\" \/>\n<meta property=\"og:title\" content=\"Bright day in the country - original hand painted artwork, 24x18cm - Anna Jankovi\u010dov\u00e1 - Origin\u00e1ln\u00ed obrazy\" \/>\n<meta property=\"og:description\" content=\"Blue skies and bright day in the country, just before the sunrise, quiet morning atmosphere. 21 x 28,3 cm painting on paper, unframed.\" \/>\n<meta property=\"og:url\" content=\"https:\/\/annajankovic.art\/cz\/shop\/bright-day-in-the-country-original-hand-painted-artwork\/\" \/>\n<meta property=\"og:site_name\" content=\"Anna Jankovi\u010dov\u00e1 - Origin\u00e1ln\u00ed obrazy\" \/>\n<meta property=\"article:publisher\" content=\"https:\/\/www.facebook.com\/AnnaJankovic.art\" \/>\n<meta property=\"article:modified_time\" content=\"2025-04-10T07:11:47+00:00\" \/>\n<meta property=\"og:image\" content=\"https:\/\/mlcrcy0krp3e.i.optimole.com\/w:auto\/h:auto\/q:mauto\/f:best\/https:\/\/annajankovic.art\/wp-content\/uploads\/2021\/03\/vesely-obraz-na-zed-do-pokojicku.png\" \/>\n\t<meta property=\"og:image:width\" content=\"1471\" \/>\n\t<meta property=\"og:image:height\" content=\"978\" \/>\n\t<meta property=\"og:image:type\" content=\"image\/png\" \/>\n<meta name=\"twitter:card\" content=\"summary_large_image\" \/>\n<meta name=\"twitter:label1\" content=\"Odhadovan\u00e1 doba \u010dten\u00ed\" \/>\n\t<meta name=\"twitter:data1\" content=\"1 minuta\" \/>\n<script type=\"application\/ld+json\" class=\"yoast-schema-graph\">{\"@context\":\"https:\\\/\\\/schema.org\",\"@graph\":[{\"@type\":\"WebPage\",\"@id\":\"https:\\\/\\\/annajankovic.art\\\/shop\\\/bright-day-in-the-country-original-hand-painted-artwork\\\/\",\"url\":\"https:\\\/\\\/annajankovic.art\\\/shop\\\/bright-day-in-the-country-original-hand-painted-artwork\\\/\",\"name\":\"Bright day in the country - original hand painted artwork, 24x18cm - Anna Jankovi\u010dov\u00e1 - Origin\u00e1ln\u00ed obrazy\",\"isPartOf\":{\"@id\":\"https:\\\/\\\/aiyannadreamsart.com\\\/#website\"},\"primaryImageOfPage\":{\"@id\":\"https:\\\/\\\/annajankovic.art\\\/shop\\\/bright-day-in-the-country-original-hand-painted-artwork\\\/#primaryimage\"},\"image\":{\"@id\":\"https:\\\/\\\/annajankovic.art\\\/shop\\\/bright-day-in-the-country-original-hand-painted-artwork\\\/#primaryimage\"},\"thumbnailUrl\":\"https:\\/\\/annajankovic.art\\/wp-content\\/uploads\\/2021\\/03\\/vesely-obraz-na-zed-do-pokojicku.png\",\"datePublished\":\"2021-03-29T13:56:01+00:00\",\"dateModified\":\"2025-04-10T07:11:47+00:00\",\"description\":\"Blue skies and bright day in the country, just before the sunrise, quiet morning atmosphere. 21 x 28,3 cm painting on paper, unframed.\",\"breadcrumb\":{\"@id\":\"https:\\\/\\\/annajankovic.art\\\/shop\\\/bright-day-in-the-country-original-hand-painted-artwork\\\/#breadcrumb\"},\"inLanguage\":\"cs\",\"potentialAction\":[{\"@type\":\"ReadAction\",\"target\":[\"https:\\\/\\\/annajankovic.art\\\/shop\\\/bright-day-in-the-country-original-hand-painted-artwork\\\/\"]}]},{\"@type\":\"ImageObject\",\"inLanguage\":\"cs\",\"@id\":\"https:\\\/\\\/annajankovic.art\\\/shop\\\/bright-day-in-the-country-original-hand-painted-artwork\\\/#primaryimage\",\"url\":\"https:\\/\\/annajankovic.art\\/wp-content\\/uploads\\/2021\\/03\\/vesely-obraz-na-zed-do-pokojicku.png\",\"contentUrl\":\"https:\\/\\/annajankovic.art\\/wp-content\\/uploads\\/2021\\/03\\/vesely-obraz-na-zed-do-pokojicku.png\",\"width\":1471,\"height\":978,\"caption\":\"malba krajinky venkov hory pole louka\"},{\"@type\":\"BreadcrumbList\",\"@id\":\"https:\\\/\\\/annajankovic.art\\\/shop\\\/bright-day-in-the-country-original-hand-painted-artwork\\\/#breadcrumb\",\"itemListElement\":[{\"@type\":\"ListItem\",\"position\":1,\"name\":\"Home\",\"item\":\"https:\\\/\\\/annajankovic.art\\\/\"},{\"@type\":\"ListItem\",\"position\":2,\"name\":\"Shop\",\"item\":\"https:\\\/\\\/annajankovic.art\\\/shop\\\/\"},{\"@type\":\"ListItem\",\"position\":3,\"name\":\"Bright day in the country &#8211; original hand painted artwork, 24x18cm\"}]},{\"@type\":\"WebSite\",\"@id\":\"https:\\\/\\\/aiyannadreamsart.com\\\/#website\",\"url\":\"https:\\\/\\\/aiyannadreamsart.com\\\/\",\"name\":\"Anna Jankovi\u010dov\u00e1 - Origin\u00e1ln\u00ed obrazy\",\"description\":\"Malby inspirovan\u00e9 p\u0159\u00edrodou\",\"publisher\":{\"@id\":\"https:\\\/\\\/aiyannadreamsart.com\\\/#\\\/schema\\\/person\\\/f54f796fe61b6c5c84e2ad4dc0f7ff00\"},\"potentialAction\":[{\"@type\":\"SearchAction\",\"target\":{\"@type\":\"EntryPoint\",\"urlTemplate\":\"https:\\\/\\\/aiyannadreamsart.com\\\/?s={search_term_string}\"},\"query-input\":{\"@type\":\"PropertyValueSpecification\",\"valueRequired\":true,\"valueName\":\"search_term_string\"}}],\"inLanguage\":\"cs\"},{\"@type\":[\"Person\",\"Organization\"],\"@id\":\"https:\\\/\\\/aiyannadreamsart.com\\\/#\\\/schema\\\/person\\\/f54f796fe61b6c5c84e2ad4dc0f7ff00\",\"name\":\"Anna Jankovi\u010dov\u00e1\",\"image\":{\"@type\":\"ImageObject\",\"inLanguage\":\"cs\",\"@id\":\"https:\\/\\/annajankovic.art\\/wp-content\\/uploads\\/2022\\/12\\/Anna_Jankovic_logo-e1771085739954.png\",\"url\":\"https:\\/\\/annajankovic.art\\/wp-content\\/uploads\\/2022\\/12\\/Anna_Jankovic_logo-e1771085739954.png\",\"contentUrl\":\"https:\\/\\/annajankovic.art\\/wp-content\\/uploads\\/2022\\/12\\/Anna_Jankovic_logo-e1771085739954.png\",\"width\":300,\"height\":108,\"caption\":\"Anna Jankovi\u010dov\u00e1\"},\"logo\":{\"@id\":\"https:\\/\\/annajankovic.art\\/wp-content\\/uploads\\/2022\\/12\\/Anna_Jankovic_logo-e1771085739954.png\"},\"sameAs\":[\"https:\\\/\\\/www.annajankovic.art\",\"https:\\\/\\\/www.facebook.com\\\/AnnaJankovic.art\",\"https:\\\/\\\/www.instagram.com\\\/annajankovic.art\",\"https:\\\/\\\/pinterest.com\\\/aiyannafilova\\\/\"]}]}<\/script>\n<!-- \/ Yoast SEO plugin. -->","yoast_head_json":{"title":"Bright day in the country - original hand painted artwork, 24x18cm - Anna Jankovi\u010dov\u00e1 - Origin\u00e1ln\u00ed obrazy","description":"Blue skies and bright day in the country, just before the sunrise, quiet morning atmosphere. 21 x 28,3 cm painting on paper, unframed.","robots":{"index":"index","follow":"follow","max-snippet":"max-snippet:-1","max-image-preview":"max-image-preview:large","max-video-preview":"max-video-preview:-1"},"canonical":"https:\/\/annajankovic.art\/cz\/shop\/bright-day-in-the-country-original-hand-painted-artwork\/","og_locale":"cs_CZ","og_type":"article","og_title":"Bright day in the country - original hand painted artwork, 24x18cm - Anna Jankovi\u010dov\u00e1 - Origin\u00e1ln\u00ed obrazy","og_description":"Blue skies and bright day in the country, just before the sunrise, quiet morning atmosphere. 21 x 28,3 cm painting on paper, unframed.","og_url":"https:\/\/annajankovic.art\/cz\/shop\/bright-day-in-the-country-original-hand-painted-artwork\/","og_site_name":"Anna Jankovi\u010dov\u00e1 - Origin\u00e1ln\u00ed obrazy","article_publisher":"https:\/\/www.facebook.com\/AnnaJankovic.art","article_modified_time":"2025-04-10T07:11:47+00:00","og_image":[{"width":1471,"height":978,"url":"https:\/\/mlcrcy0krp3e.i.optimole.com\/w:auto\/h:auto\/q:mauto\/f:best\/https:\/\/annajankovic.art\/wp-content\/uploads\/2021\/03\/vesely-obraz-na-zed-do-pokojicku.png","type":"image\/png"}],"twitter_card":"summary_large_image","twitter_misc":{"Odhadovan\u00e1 doba \u010dten\u00ed":"1 minuta"},"schema":{"@context":"https:\/\/schema.org","@graph":[{"@type":"WebPage","@id":"https:\/\/annajankovic.art\/shop\/bright-day-in-the-country-original-hand-painted-artwork\/","url":"https:\/\/annajankovic.art\/shop\/bright-day-in-the-country-original-hand-painted-artwork\/","name":"Bright day in the country - original hand painted artwork, 24x18cm - Anna Jankovi\u010dov\u00e1 - Origin\u00e1ln\u00ed obrazy","isPartOf":{"@id":"https:\/\/aiyannadreamsart.com\/#website"},"primaryImageOfPage":{"@id":"https:\/\/annajankovic.art\/shop\/bright-day-in-the-country-original-hand-painted-artwork\/#primaryimage"},"image":{"@id":"https:\/\/annajankovic.art\/shop\/bright-day-in-the-country-original-hand-painted-artwork\/#primaryimage"},"thumbnailUrl":"https:\/\/mlcrcy0krp3e.i.optimole.com\/w:auto\/h:auto\/q:mauto\/f:best\/https:\/\/annajankovic.art\/wp-content\/uploads\/2021\/03\/vesely-obraz-na-zed-do-pokojicku.png","datePublished":"2021-03-29T13:56:01+00:00","dateModified":"2025-04-10T07:11:47+00:00","description":"Blue skies and bright day in the country, just before the sunrise, quiet morning atmosphere. 21 x 28,3 cm painting on paper, unframed.","breadcrumb":{"@id":"https:\/\/annajankovic.art\/shop\/bright-day-in-the-country-original-hand-painted-artwork\/#breadcrumb"},"inLanguage":"cs","potentialAction":[{"@type":"ReadAction","target":["https:\/\/annajankovic.art\/shop\/bright-day-in-the-country-original-hand-painted-artwork\/"]}]},{"@type":"ImageObject","inLanguage":"cs","@id":"https:\/\/annajankovic.art\/shop\/bright-day-in-the-country-original-hand-painted-artwork\/#primaryimage","url":"https:\/\/mlcrcy0krp3e.i.optimole.com\/w:auto\/h:auto\/q:mauto\/f:best\/https:\/\/annajankovic.art\/wp-content\/uploads\/2021\/03\/vesely-obraz-na-zed-do-pokojicku.png","contentUrl":"https:\/\/mlcrcy0krp3e.i.optimole.com\/w:auto\/h:auto\/q:mauto\/f:best\/https:\/\/annajankovic.art\/wp-content\/uploads\/2021\/03\/vesely-obraz-na-zed-do-pokojicku.png","width":1471,"height":978,"caption":"malba krajinky venkov hory pole louka"},{"@type":"BreadcrumbList","@id":"https:\/\/annajankovic.art\/shop\/bright-day-in-the-country-original-hand-painted-artwork\/#breadcrumb","itemListElement":[{"@type":"ListItem","position":1,"name":"Home","item":"https:\/\/annajankovic.art\/"},{"@type":"ListItem","position":2,"name":"Shop","item":"https:\/\/annajankovic.art\/shop\/"},{"@type":"ListItem","position":3,"name":"Bright day in the country &#8211; original hand painted artwork, 24x18cm"}]},{"@type":"WebSite","@id":"https:\/\/aiyannadreamsart.com\/#website","url":"https:\/\/aiyannadreamsart.com\/","name":"Anna Jankovi\u010dov\u00e1 - Origin\u00e1ln\u00ed obrazy","description":"Malby inspirovan\u00e9 p\u0159\u00edrodou","publisher":{"@id":"https:\/\/aiyannadreamsart.com\/#\/schema\/person\/f54f796fe61b6c5c84e2ad4dc0f7ff00"},"potentialAction":[{"@type":"SearchAction","target":{"@type":"EntryPoint","urlTemplate":"https:\/\/aiyannadreamsart.com\/?s={search_term_string}"},"query-input":{"@type":"PropertyValueSpecification","valueRequired":true,"valueName":"search_term_string"}}],"inLanguage":"cs"},{"@type":["Person","Organization"],"@id":"https:\/\/aiyannadreamsart.com\/#\/schema\/person\/f54f796fe61b6c5c84e2ad4dc0f7ff00","name":"Anna Jankovi\u010dov\u00e1","image":{"@type":"ImageObject","inLanguage":"cs","@id":"https:\/\/mlcrcy0krp3e.i.optimole.com\/w:auto\/h:auto\/q:mauto\/f:best\/https:\/\/annajankovic.art\/wp-content\/uploads\/2022\/12\/Anna_Jankovic_logo-e1771085739954.png","url":"https:\/\/mlcrcy0krp3e.i.optimole.com\/w:auto\/h:auto\/q:mauto\/f:best\/https:\/\/annajankovic.art\/wp-content\/uploads\/2022\/12\/Anna_Jankovic_logo-e1771085739954.png","contentUrl":"https:\/\/mlcrcy0krp3e.i.optimole.com\/w:auto\/h:auto\/q:mauto\/f:best\/https:\/\/annajankovic.art\/wp-content\/uploads\/2022\/12\/Anna_Jankovic_logo-e1771085739954.png","width":300,"height":108,"caption":"Anna Jankovi\u010dov\u00e1"},"logo":{"@id":"https:\/\/mlcrcy0krp3e.i.optimole.com\/w:auto\/h:auto\/q:mauto\/f:best\/https:\/\/annajankovic.art\/wp-content\/uploads\/2022\/12\/Anna_Jankovic_logo-e1771085739954.png"},"sameAs":["https:\/\/www.annajankovic.art","https:\/\/www.facebook.com\/AnnaJankovic.art","https:\/\/www.instagram.com\/annajankovic.art","https:\/\/pinterest.com\/aiyannafilova\/"]}]}},"jetpack_sharing_enabled":true,"_links":{"self":[{"href":"https:\/\/annajankovic.art\/cz\/wp-json\/wp\/v2\/product\/10108","targetHints":{"allow":["GET"]}}],"collection":[{"href":"https:\/\/annajankovic.art\/cz\/wp-json\/wp\/v2\/product"}],"about":[{"href":"https:\/\/annajankovic.art\/cz\/wp-json\/wp\/v2\/types\/product"}],"version-history":[{"count":0,"href":"https:\/\/annajankovic.art\/cz\/wp-json\/wp\/v2\/product\/10108\/revisions"}],"wp:featuredmedia":[{"embeddable":true,"href":"https:\/\/annajankovic.art\/cz\/wp-json\/wp\/v2\/media\/10057"}],"wp:attachment":[{"href":"https:\/\/annajankovic.art\/cz\/wp-json\/wp\/v2\/media?parent=10108"}],"wp:term":[{"taxonomy":"product_brand","embeddable":true,"href":"https:\/\/annajankovic.art\/cz\/wp-json\/wp\/v2\/product_brand?post=10108"},{"taxonomy":"product_cat","embeddable":true,"href":"https:\/\/annajankovic.art\/cz\/wp-json\/wp\/v2\/product_cat?post=10108"},{"taxonomy":"product_tag","embeddable":true,"href":"https:\/\/annajankovic.art\/cz\/wp-json\/wp\/v2\/product_tag?post=10108"}],"curies":[{"name":"wp","href":"https:\/\/api.w.org\/{rel}","templated":true}]}}