{"id":10422,"date":"2021-04-11T13:33:10","date_gmt":"2021-04-11T11:33:10","guid":{"rendered":"https:\/\/annajankovic.art\/?post_type=product&#038;p=10422"},"modified":"2026-01-03T19:47:33","modified_gmt":"2026-01-03T18:47:33","slug":"life-inside-us-colorful-painting-on-paper-46x32-cm","status":"publish","type":"product","link":"https:\/\/annajankovic.art\/cz\/shop\/life-inside-us-colorful-painting-on-paper-46x32-cm\/","title":{"rendered":"\u017divot v n\u00e1s - pestrobarevn\u00e1 malba na pap\u00edru, 46x32 cm"},"content":{"rendered":"<p>Tekut\u00fd abstraktn\u00ed obraz ve fialov\u00e9, r\u016f\u017eov\u00e9, modr\u00e9 a zlat\u00e9 barv\u011b. Origin\u00e1ln\u00ed malba na Yupo pap\u00edru.<\/p>\n<p>Tento obraz mi p\u0159ipom\u00edn\u00e1 \u00fa\u017easn\u00fd, pestr\u00fd \u017eivot v n\u00e1s. V\u017edy proud\u00edc\u00ed mezi na\u0161imi bu\u0148kami.<\/p>\n<p>Skv\u011bl\u00fd v\u00fdb\u011br pokud se V\u00e1m l\u00edb\u00ed modern\u00ed abstraktn\u00ed um\u011bn\u00ed. Vypad\u00e1 hezky zar\u00e1movan\u00fd s paspartou.<\/p>\n<p>Rozm\u011bry: 32x46 cm<\/p>\n<p>Tento obraz by se taky hodil jako d\u00e1rek, t\u0159eba ke kolaudaci pro Va\u0161e p\u0159\u00e1tele.<\/p>\n<p>M\u016f\u017eete obraz pov\u011bsit jak se V\u00e1m bude l\u00edbit. Abstraktn\u00ed um\u011bn\u00ed je v tomto jedine\u010dn\u00e9 a m\u016f\u017ee b\u00fdt \u010dasto pov\u011b\u0161en\u00e9 v jak\u00e9mkoliv sm\u011bru, dokonce i vzh\u016fru nohami oproti tomu, jak jsem ho nafotila j\u00e1. Tak\u017ee malbu m\u016f\u017eete pov\u011bsit horizont\u00e1ln\u011b i vertik\u00e1ln\u011b.<\/p>\n<p>Obraz jsem podepsala na zadn\u00ed stran\u011b, abych V\u00e1m mo\u017enosti zav\u011b\u0161en\u00ed nelimitovala.<br \/>\nMateri\u00e1l: akrylov\u00e9 barvy, leskl\u00fd lak, plastov\u00fd Yupo pap\u00edr.<\/p>\n<p>. . .<\/p>\n<p><a href=\"https:\/\/annajankovic.art\/cz\/kategorie-produktu\/abstract-paintings\/\">Pod\u00edvejte se na dal\u0161\u00ed abstraktn\u00ed obrazy z m\u00e9 kolekce.<\/a><\/p>\n<p>M\u016f\u017eete sledovat m\u00e9 nejnov\u011bj\u0161\u00ed obrazy\u00a0<a href=\"https:\/\/www.instagram.com\/aiyannadreams_art\/\">na m\u00e9m Instagramu.<\/a>.<\/p>","protected":false},"excerpt":{"rendered":"<p>Tekut\u00fd abstraktn\u00ed obraz ve fialov\u00e9, r\u016f\u017eov\u00e9, modr\u00e9 a zlat\u00e9 barv\u011b. Origin\u00e1ln\u00ed malba na Yupo pap\u00edru.<\/p>\n<p>Tento obraz mi p\u0159ipom\u00edn\u00e1 \u00fa\u017easn\u00fd, pestr\u00fd \u017eivot v n\u00e1s. V\u017edy proud\u00edc\u00ed mezi na\u0161imi bu\u0148kami.<\/p>\n<p>Rozm\u011bry: 32x46 cm<\/p>","protected":false},"featured_media":10383,"template":"","meta":[],"product_brand":[],"product_cat":[22,327,230],"product_tag":[229,32,119,95,342],"class_list":{"0":"post-10422","1":"product","2":"type-product","3":"status-publish","4":"has-post-thumbnail","6":"product_cat-abstract-paintings","7":"product_cat-everyday-wonders","8":"product_cat-whispers-of-ink","9":"product_tag-abstract-art","10":"product_tag-acrylic","11":"product_tag-fluid_acrylics","12":"product_tag-painting-on-paper","13":"product_tag-unframed","14":"product_shipping_class-small-art","15":"pa_frame-framed","16":"pa_frame-unframed","18":"entry","19":"has-media","21":"first","22":"instock","23":"sale","24":"sold-individually","25":"shipping-taxable","26":"purchasable","27":"product-type-simple","28":"col","29":"span_1_of_3","30":"owp-content-center","31":"item-entry","32":"owp-thumbs-layout-horizontal","33":"owp-btn-normal","34":"owp-tabs-layout-section","35":"circle-sale"},"yoast_head":"<!-- This site is optimized with the Yoast SEO plugin v27.4 - https:\/\/yoast.com\/product\/yoast-seo-wordpress\/ -->\n<title>Life inside us - colorful painting on paper, 46x32 cm - Anna Jankovi\u010dov\u00e1 - Origin\u00e1ln\u00ed obrazy<\/title>\n<meta name=\"description\" content=\"Purple, pink, blue and gold fluid abstract painting. Original artwork on Yupo paper.This artwork reminds me of an amazing, colorful life inside us. Everflowing between our cells.\" \/>\n<meta name=\"robots\" content=\"index, follow, max-snippet:-1, max-image-preview:large, max-video-preview:-1\" \/>\n<link rel=\"canonical\" href=\"https:\/\/annajankovic.art\/cz\/shop\/life-inside-us-colorful-painting-on-paper-46x32-cm\/\" \/>\n<meta property=\"og:locale\" content=\"cs_CZ\" \/>\n<meta property=\"og:type\" content=\"article\" \/>\n<meta property=\"og:title\" content=\"Life inside us - colorful painting on paper, 46x32 cm - Anna Jankovi\u010dov\u00e1 - Origin\u00e1ln\u00ed obrazy\" \/>\n<meta property=\"og:description\" content=\"Purple, pink, blue and gold fluid abstract painting. Original artwork on Yupo paper.This artwork reminds me of an amazing, colorful life inside us. Everflowing between our cells.\" \/>\n<meta property=\"og:url\" content=\"https:\/\/annajankovic.art\/cz\/shop\/life-inside-us-colorful-painting-on-paper-46x32-cm\/\" \/>\n<meta property=\"og:site_name\" content=\"Anna Jankovi\u010dov\u00e1 - Origin\u00e1ln\u00ed obrazy\" \/>\n<meta property=\"article:publisher\" content=\"https:\/\/www.facebook.com\/AnnaJankovic.art\" \/>\n<meta property=\"article:modified_time\" content=\"2026-01-03T18:47:33+00:00\" \/>\n<meta property=\"og:image\" content=\"https:\/\/mlcrcy0krp3e.i.optimole.com\/w:auto\/h:auto\/q:mauto\/f:best\/https:\/\/annajankovic.art\/wp-content\/uploads\/2021\/04\/wp-1617891237904.jpg\" \/>\n\t<meta property=\"og:image:width\" content=\"1196\" \/>\n\t<meta property=\"og:image:height\" content=\"978\" \/>\n\t<meta property=\"og:image:type\" content=\"image\/jpeg\" \/>\n<meta name=\"twitter:card\" content=\"summary_large_image\" \/>\n<meta name=\"twitter:label1\" content=\"Odhadovan\u00e1 doba \u010dten\u00ed\" \/>\n\t<meta name=\"twitter:data1\" content=\"1 minuta\" \/>\n<script type=\"application\/ld+json\" class=\"yoast-schema-graph\">{\"@context\":\"https:\\\/\\\/schema.org\",\"@graph\":[{\"@type\":\"WebPage\",\"@id\":\"https:\\\/\\\/annajankovic.art\\\/shop\\\/life-inside-us-colorful-painting-on-paper-46x32-cm\\\/\",\"url\":\"https:\\\/\\\/annajankovic.art\\\/shop\\\/life-inside-us-colorful-painting-on-paper-46x32-cm\\\/\",\"name\":\"Life inside us - colorful painting on paper, 46x32 cm - Anna Jankovi\u010dov\u00e1 - Origin\u00e1ln\u00ed obrazy\",\"isPartOf\":{\"@id\":\"https:\\\/\\\/aiyannadreamsart.com\\\/#website\"},\"primaryImageOfPage\":{\"@id\":\"https:\\\/\\\/annajankovic.art\\\/shop\\\/life-inside-us-colorful-painting-on-paper-46x32-cm\\\/#primaryimage\"},\"image\":{\"@id\":\"https:\\\/\\\/annajankovic.art\\\/shop\\\/life-inside-us-colorful-painting-on-paper-46x32-cm\\\/#primaryimage\"},\"thumbnailUrl\":\"https:\\/\\/annajankovic.art\\/wp-content\\/uploads\\/2021\\/04\\/wp-1617891237904.jpg\",\"datePublished\":\"2021-04-11T11:33:10+00:00\",\"dateModified\":\"2026-01-03T18:47:33+00:00\",\"description\":\"Purple, pink, blue and gold fluid abstract painting. Original artwork on Yupo paper.This artwork reminds me of an amazing, colorful life inside us. Everflowing between our cells.\",\"breadcrumb\":{\"@id\":\"https:\\\/\\\/annajankovic.art\\\/shop\\\/life-inside-us-colorful-painting-on-paper-46x32-cm\\\/#breadcrumb\"},\"inLanguage\":\"cs\",\"potentialAction\":[{\"@type\":\"ReadAction\",\"target\":[\"https:\\\/\\\/annajankovic.art\\\/shop\\\/life-inside-us-colorful-painting-on-paper-46x32-cm\\\/\"]}]},{\"@type\":\"ImageObject\",\"inLanguage\":\"cs\",\"@id\":\"https:\\\/\\\/annajankovic.art\\\/shop\\\/life-inside-us-colorful-painting-on-paper-46x32-cm\\\/#primaryimage\",\"url\":\"https:\\/\\/annajankovic.art\\/wp-content\\/uploads\\/2021\\/04\\/wp-1617891237904.jpg\",\"contentUrl\":\"https:\\/\\/annajankovic.art\\/wp-content\\/uploads\\/2021\\/04\\/wp-1617891237904.jpg\",\"width\":1196,\"height\":978},{\"@type\":\"BreadcrumbList\",\"@id\":\"https:\\\/\\\/annajankovic.art\\\/shop\\\/life-inside-us-colorful-painting-on-paper-46x32-cm\\\/#breadcrumb\",\"itemListElement\":[{\"@type\":\"ListItem\",\"position\":1,\"name\":\"Home\",\"item\":\"https:\\\/\\\/annajankovic.art\\\/\"},{\"@type\":\"ListItem\",\"position\":2,\"name\":\"Shop\",\"item\":\"https:\\\/\\\/annajankovic.art\\\/shop\\\/\"},{\"@type\":\"ListItem\",\"position\":3,\"name\":\"Life inside us &#8211; colorful painting on paper, 46&#215;32 cm\"}]},{\"@type\":\"WebSite\",\"@id\":\"https:\\\/\\\/aiyannadreamsart.com\\\/#website\",\"url\":\"https:\\\/\\\/aiyannadreamsart.com\\\/\",\"name\":\"Anna Jankovi\u010dov\u00e1 - Origin\u00e1ln\u00ed obrazy\",\"description\":\"Malby inspirovan\u00e9 p\u0159\u00edrodou\",\"publisher\":{\"@id\":\"https:\\\/\\\/aiyannadreamsart.com\\\/#\\\/schema\\\/person\\\/f54f796fe61b6c5c84e2ad4dc0f7ff00\"},\"potentialAction\":[{\"@type\":\"SearchAction\",\"target\":{\"@type\":\"EntryPoint\",\"urlTemplate\":\"https:\\\/\\\/aiyannadreamsart.com\\\/?s={search_term_string}\"},\"query-input\":{\"@type\":\"PropertyValueSpecification\",\"valueRequired\":true,\"valueName\":\"search_term_string\"}}],\"inLanguage\":\"cs\"},{\"@type\":[\"Person\",\"Organization\"],\"@id\":\"https:\\\/\\\/aiyannadreamsart.com\\\/#\\\/schema\\\/person\\\/f54f796fe61b6c5c84e2ad4dc0f7ff00\",\"name\":\"Anna Jankovi\u010dov\u00e1\",\"image\":{\"@type\":\"ImageObject\",\"inLanguage\":\"cs\",\"@id\":\"https:\\/\\/annajankovic.art\\/wp-content\\/uploads\\/2022\\/12\\/Anna_Jankovic_logo-e1771085739954.png\",\"url\":\"https:\\/\\/annajankovic.art\\/wp-content\\/uploads\\/2022\\/12\\/Anna_Jankovic_logo-e1771085739954.png\",\"contentUrl\":\"https:\\/\\/annajankovic.art\\/wp-content\\/uploads\\/2022\\/12\\/Anna_Jankovic_logo-e1771085739954.png\",\"width\":300,\"height\":108,\"caption\":\"Anna Jankovi\u010dov\u00e1\"},\"logo\":{\"@id\":\"https:\\/\\/annajankovic.art\\/wp-content\\/uploads\\/2022\\/12\\/Anna_Jankovic_logo-e1771085739954.png\"},\"sameAs\":[\"https:\\\/\\\/www.annajankovic.art\",\"https:\\\/\\\/www.facebook.com\\\/AnnaJankovic.art\",\"https:\\\/\\\/www.instagram.com\\\/annajankovic.art\",\"https:\\\/\\\/pinterest.com\\\/aiyannafilova\\\/\"]}]}<\/script>\n<!-- \/ Yoast SEO plugin. -->","yoast_head_json":{"title":"Life inside us - colorful painting on paper, 46x32 cm - Anna Jankovi\u010dov\u00e1 - Origin\u00e1ln\u00ed obrazy","description":"Purple, pink, blue and gold fluid abstract painting. Original artwork on Yupo paper.This artwork reminds me of an amazing, colorful life inside us. Everflowing between our cells.","robots":{"index":"index","follow":"follow","max-snippet":"max-snippet:-1","max-image-preview":"max-image-preview:large","max-video-preview":"max-video-preview:-1"},"canonical":"https:\/\/annajankovic.art\/cz\/shop\/life-inside-us-colorful-painting-on-paper-46x32-cm\/","og_locale":"cs_CZ","og_type":"article","og_title":"Life inside us - colorful painting on paper, 46x32 cm - Anna Jankovi\u010dov\u00e1 - Origin\u00e1ln\u00ed obrazy","og_description":"Purple, pink, blue and gold fluid abstract painting. Original artwork on Yupo paper.This artwork reminds me of an amazing, colorful life inside us. Everflowing between our cells.","og_url":"https:\/\/annajankovic.art\/cz\/shop\/life-inside-us-colorful-painting-on-paper-46x32-cm\/","og_site_name":"Anna Jankovi\u010dov\u00e1 - Origin\u00e1ln\u00ed obrazy","article_publisher":"https:\/\/www.facebook.com\/AnnaJankovic.art","article_modified_time":"2026-01-03T18:47:33+00:00","og_image":[{"width":1196,"height":978,"url":"https:\/\/mlcrcy0krp3e.i.optimole.com\/w:auto\/h:auto\/q:mauto\/f:best\/https:\/\/annajankovic.art\/wp-content\/uploads\/2021\/04\/wp-1617891237904.jpg","type":"image\/jpeg"}],"twitter_card":"summary_large_image","twitter_misc":{"Odhadovan\u00e1 doba \u010dten\u00ed":"1 minuta"},"schema":{"@context":"https:\/\/schema.org","@graph":[{"@type":"WebPage","@id":"https:\/\/annajankovic.art\/shop\/life-inside-us-colorful-painting-on-paper-46x32-cm\/","url":"https:\/\/annajankovic.art\/shop\/life-inside-us-colorful-painting-on-paper-46x32-cm\/","name":"Life inside us - colorful painting on paper, 46x32 cm - Anna Jankovi\u010dov\u00e1 - Origin\u00e1ln\u00ed obrazy","isPartOf":{"@id":"https:\/\/aiyannadreamsart.com\/#website"},"primaryImageOfPage":{"@id":"https:\/\/annajankovic.art\/shop\/life-inside-us-colorful-painting-on-paper-46x32-cm\/#primaryimage"},"image":{"@id":"https:\/\/annajankovic.art\/shop\/life-inside-us-colorful-painting-on-paper-46x32-cm\/#primaryimage"},"thumbnailUrl":"https:\/\/mlcrcy0krp3e.i.optimole.com\/w:auto\/h:auto\/q:mauto\/f:best\/https:\/\/annajankovic.art\/wp-content\/uploads\/2021\/04\/wp-1617891237904.jpg","datePublished":"2021-04-11T11:33:10+00:00","dateModified":"2026-01-03T18:47:33+00:00","description":"Purple, pink, blue and gold fluid abstract painting. Original artwork on Yupo paper.This artwork reminds me of an amazing, colorful life inside us. Everflowing between our cells.","breadcrumb":{"@id":"https:\/\/annajankovic.art\/shop\/life-inside-us-colorful-painting-on-paper-46x32-cm\/#breadcrumb"},"inLanguage":"cs","potentialAction":[{"@type":"ReadAction","target":["https:\/\/annajankovic.art\/shop\/life-inside-us-colorful-painting-on-paper-46x32-cm\/"]}]},{"@type":"ImageObject","inLanguage":"cs","@id":"https:\/\/annajankovic.art\/shop\/life-inside-us-colorful-painting-on-paper-46x32-cm\/#primaryimage","url":"https:\/\/mlcrcy0krp3e.i.optimole.com\/w:auto\/h:auto\/q:mauto\/f:best\/https:\/\/annajankovic.art\/wp-content\/uploads\/2021\/04\/wp-1617891237904.jpg","contentUrl":"https:\/\/mlcrcy0krp3e.i.optimole.com\/w:auto\/h:auto\/q:mauto\/f:best\/https:\/\/annajankovic.art\/wp-content\/uploads\/2021\/04\/wp-1617891237904.jpg","width":1196,"height":978},{"@type":"BreadcrumbList","@id":"https:\/\/annajankovic.art\/shop\/life-inside-us-colorful-painting-on-paper-46x32-cm\/#breadcrumb","itemListElement":[{"@type":"ListItem","position":1,"name":"Home","item":"https:\/\/annajankovic.art\/"},{"@type":"ListItem","position":2,"name":"Shop","item":"https:\/\/annajankovic.art\/shop\/"},{"@type":"ListItem","position":3,"name":"Life inside us &#8211; colorful painting on paper, 46&#215;32 cm"}]},{"@type":"WebSite","@id":"https:\/\/aiyannadreamsart.com\/#website","url":"https:\/\/aiyannadreamsart.com\/","name":"Anna Jankovi\u010dov\u00e1 - Origin\u00e1ln\u00ed obrazy","description":"Malby inspirovan\u00e9 p\u0159\u00edrodou","publisher":{"@id":"https:\/\/aiyannadreamsart.com\/#\/schema\/person\/f54f796fe61b6c5c84e2ad4dc0f7ff00"},"potentialAction":[{"@type":"SearchAction","target":{"@type":"EntryPoint","urlTemplate":"https:\/\/aiyannadreamsart.com\/?s={search_term_string}"},"query-input":{"@type":"PropertyValueSpecification","valueRequired":true,"valueName":"search_term_string"}}],"inLanguage":"cs"},{"@type":["Person","Organization"],"@id":"https:\/\/aiyannadreamsart.com\/#\/schema\/person\/f54f796fe61b6c5c84e2ad4dc0f7ff00","name":"Anna Jankovi\u010dov\u00e1","image":{"@type":"ImageObject","inLanguage":"cs","@id":"https:\/\/mlcrcy0krp3e.i.optimole.com\/w:auto\/h:auto\/q:mauto\/f:best\/https:\/\/annajankovic.art\/wp-content\/uploads\/2022\/12\/Anna_Jankovic_logo-e1771085739954.png","url":"https:\/\/mlcrcy0krp3e.i.optimole.com\/w:auto\/h:auto\/q:mauto\/f:best\/https:\/\/annajankovic.art\/wp-content\/uploads\/2022\/12\/Anna_Jankovic_logo-e1771085739954.png","contentUrl":"https:\/\/mlcrcy0krp3e.i.optimole.com\/w:auto\/h:auto\/q:mauto\/f:best\/https:\/\/annajankovic.art\/wp-content\/uploads\/2022\/12\/Anna_Jankovic_logo-e1771085739954.png","width":300,"height":108,"caption":"Anna Jankovi\u010dov\u00e1"},"logo":{"@id":"https:\/\/mlcrcy0krp3e.i.optimole.com\/w:auto\/h:auto\/q:mauto\/f:best\/https:\/\/annajankovic.art\/wp-content\/uploads\/2022\/12\/Anna_Jankovic_logo-e1771085739954.png"},"sameAs":["https:\/\/www.annajankovic.art","https:\/\/www.facebook.com\/AnnaJankovic.art","https:\/\/www.instagram.com\/annajankovic.art","https:\/\/pinterest.com\/aiyannafilova\/"]}]}},"jetpack_sharing_enabled":true,"_links":{"self":[{"href":"https:\/\/annajankovic.art\/cz\/wp-json\/wp\/v2\/product\/10422","targetHints":{"allow":["GET"]}}],"collection":[{"href":"https:\/\/annajankovic.art\/cz\/wp-json\/wp\/v2\/product"}],"about":[{"href":"https:\/\/annajankovic.art\/cz\/wp-json\/wp\/v2\/types\/product"}],"version-history":[{"count":0,"href":"https:\/\/annajankovic.art\/cz\/wp-json\/wp\/v2\/product\/10422\/revisions"}],"wp:featuredmedia":[{"embeddable":true,"href":"https:\/\/annajankovic.art\/cz\/wp-json\/wp\/v2\/media\/10383"}],"wp:attachment":[{"href":"https:\/\/annajankovic.art\/cz\/wp-json\/wp\/v2\/media?parent=10422"}],"wp:term":[{"taxonomy":"product_brand","embeddable":true,"href":"https:\/\/annajankovic.art\/cz\/wp-json\/wp\/v2\/product_brand?post=10422"},{"taxonomy":"product_cat","embeddable":true,"href":"https:\/\/annajankovic.art\/cz\/wp-json\/wp\/v2\/product_cat?post=10422"},{"taxonomy":"product_tag","embeddable":true,"href":"https:\/\/annajankovic.art\/cz\/wp-json\/wp\/v2\/product_tag?post=10422"}],"curies":[{"name":"wp","href":"https:\/\/api.w.org\/{rel}","templated":true}]}}