{"id":10569,"date":"2021-08-19T16:52:42","date_gmt":"2021-08-19T14:52:42","guid":{"rendered":"https:\/\/annajankovic.art\/?post_type=product&#038;p=10569"},"modified":"2025-04-10T09:05:38","modified_gmt":"2025-04-10T07:05:38","slug":"spring-evening-hand-painted-landscape-artwork-24x18cm","status":"publish","type":"product","link":"https:\/\/annajankovic.art\/cz\/shop\/spring-evening-hand-painted-landscape-artwork-24x18cm\/","title":{"rendered":"Jarn\u00ed podve\u010der - ru\u010dn\u011b malovan\u00fd obraz krajiny, 24x18cm"},"content":{"rendered":"<blockquote><p>Origin\u00e1ln\u00ed malba krajiny na pl\u00e1tn\u011b na desce.<\/p><\/blockquote>\n<p>Klidn\u00fd ve\u010der v pol\u00edch Ji\u017en\u00ed Moravy.<\/p>\n<p>Rozm\u011bry: 24x18 cm<\/p>\n<p>Obraz je nalakovan\u00fd (2 vrstvy) pro ochranu proti UV z\u00e1\u0159en\u00ed a prachu.<br \/>\nSignov\u00e1no na prav\u00e9 stran\u011b<\/p>\n<p>Doporu\u010duji obraz zar\u00e1movat.<br \/>\nTechnika: ru\u010dn\u011b malovan\u00fd obraz, olejov\u00e9 barvy na pl\u00e1tn\u011b.<\/p>\n<p>Origin\u00e1ln\u00ed malba krajiny na pl\u00e1tn\u011b na desce.<\/p>\n<p>\u2014<\/p>\n<p>Pod\u00edvejte se na dal\u0161\u00ed ru\u010dn\u011b malovan\u00e9\u00a0<a href=\"https:\/\/annajankovic.art\/cz\/kategorie-produktu\/landscapes\/\">obrazy krajiny a lesa tady<\/a>.<\/p>\n<p>Chcete vid\u011bt jak tvo\u0159\u00edm a maluji?\u00a0<a href=\"https:\/\/www.instagram.com\/p\/B9eyAhfHAy8\/\">Spojte se se mnou na Instagramu :)<\/a>\u00a0nebo na\u00a0<a href=\"https:\/\/facebook.com\/aiyannadreamsart\">Facebooku<\/a><\/p>","protected":false},"excerpt":{"rendered":"<p>Klidn\u00fd ve\u010der v pol\u00edch Ji\u017en\u00ed Moravy.<\/p>\n<p>Rozm\u011bry: 24x18 cm<\/p>","protected":false},"featured_media":10561,"template":"","meta":[],"product_brand":[],"product_cat":[19],"product_tag":[168,208,205,225],"class_list":{"0":"post-10569","1":"product","2":"type-product","3":"status-publish","4":"has-post-thumbnail","6":"product_cat-landscapes","7":"product_tag-canvas-board","8":"product_tag-landscape-painting","9":"product_tag-oil-painting","10":"product_tag-painting-on-canvas","11":"product_shipping_class-paper-art","13":"entry","14":"has-media","16":"first","17":"instock","18":"shipping-taxable","19":"purchasable","20":"product-type-simple","21":"col","22":"span_1_of_3","23":"owp-content-center","24":"item-entry","25":"owp-thumbs-layout-horizontal","26":"owp-btn-normal","27":"owp-tabs-layout-section","28":"circle-sale"},"yoast_head":"<!-- This site is optimized with the Yoast SEO plugin v27.4 - https:\/\/yoast.com\/product\/yoast-seo-wordpress\/ -->\n<title>Spring evening - hand painted landscape artwork, 24x18cm - Anna Jankovi\u010dov\u00e1 - Origin\u00e1ln\u00ed obrazy<\/title>\n<meta name=\"description\" content=\"Ru\u010dn\u011b malovan\u00fd obraz krajiny Ji\u017en\u00ed Moravy. Klidn\u00fd ve\u010der. Olejomalba na pl\u00e1tn\u011b na desce. Origin\u00e1ln\u00ed obrazy na ze\u010f.\" \/>\n<meta name=\"robots\" content=\"index, follow, max-snippet:-1, max-image-preview:large, max-video-preview:-1\" \/>\n<link rel=\"canonical\" href=\"https:\/\/annajankovic.art\/cz\/shop\/spring-evening-hand-painted-landscape-artwork-24x18cm\/\" \/>\n<meta property=\"og:locale\" content=\"cs_CZ\" \/>\n<meta property=\"og:type\" content=\"article\" \/>\n<meta property=\"og:title\" content=\"Spring evening - hand painted landscape artwork, 24x18cm - Anna Jankovi\u010dov\u00e1 - Origin\u00e1ln\u00ed obrazy\" \/>\n<meta property=\"og:description\" content=\"Ru\u010dn\u011b malovan\u00fd obraz krajiny Ji\u017en\u00ed Moravy. Klidn\u00fd ve\u010der. Olejomalba na pl\u00e1tn\u011b na desce. Origin\u00e1ln\u00ed obrazy na ze\u010f.\" \/>\n<meta property=\"og:url\" content=\"https:\/\/annajankovic.art\/cz\/shop\/spring-evening-hand-painted-landscape-artwork-24x18cm\/\" \/>\n<meta property=\"og:site_name\" content=\"Anna Jankovi\u010dov\u00e1 - Origin\u00e1ln\u00ed obrazy\" \/>\n<meta property=\"article:publisher\" content=\"https:\/\/www.facebook.com\/AnnaJankovic.art\" \/>\n<meta property=\"article:modified_time\" content=\"2025-04-10T07:05:38+00:00\" \/>\n<meta property=\"og:image\" content=\"https:\/\/mlcrcy0krp3e.i.optimole.com\/w:auto\/h:auto\/q:mauto\/f:best\/https:\/\/annajankovic.art\/wp-content\/uploads\/2021\/08\/PXL_20210818_153431231-scaled-1.jpg\" \/>\n\t<meta property=\"og:image:width\" content=\"1920\" \/>\n\t<meta property=\"og:image:height\" content=\"1440\" \/>\n\t<meta property=\"og:image:type\" content=\"image\/jpeg\" \/>\n<meta name=\"twitter:card\" content=\"summary_large_image\" \/>\n<meta name=\"twitter:label1\" content=\"Odhadovan\u00e1 doba \u010dten\u00ed\" \/>\n\t<meta name=\"twitter:data1\" content=\"1 minuta\" \/>\n<script type=\"application\/ld+json\" class=\"yoast-schema-graph\">{\"@context\":\"https:\\\/\\\/schema.org\",\"@graph\":[{\"@type\":\"WebPage\",\"@id\":\"https:\\\/\\\/annajankovic.art\\\/shop\\\/spring-evening-hand-painted-landscape-artwork-24x18cm\\\/\",\"url\":\"https:\\\/\\\/annajankovic.art\\\/shop\\\/spring-evening-hand-painted-landscape-artwork-24x18cm\\\/\",\"name\":\"Spring evening - hand painted landscape artwork, 24x18cm - Anna Jankovi\u010dov\u00e1 - Origin\u00e1ln\u00ed obrazy\",\"isPartOf\":{\"@id\":\"https:\\\/\\\/aiyannadreamsart.com\\\/#website\"},\"primaryImageOfPage\":{\"@id\":\"https:\\\/\\\/annajankovic.art\\\/shop\\\/spring-evening-hand-painted-landscape-artwork-24x18cm\\\/#primaryimage\"},\"image\":{\"@id\":\"https:\\\/\\\/annajankovic.art\\\/shop\\\/spring-evening-hand-painted-landscape-artwork-24x18cm\\\/#primaryimage\"},\"thumbnailUrl\":\"https:\\/\\/annajankovic.art\\/wp-content\\/uploads\\/2021\\/08\\/PXL_20210818_153431231-scaled-1.jpg\",\"datePublished\":\"2021-08-19T14:52:42+00:00\",\"dateModified\":\"2025-04-10T07:05:38+00:00\",\"description\":\"Ru\u010dn\u011b malovan\u00fd obraz krajiny Ji\u017en\u00ed Moravy. Klidn\u00fd ve\u010der. Olejomalba na pl\u00e1tn\u011b na desce. Origin\u00e1ln\u00ed obrazy na ze\u010f.\",\"breadcrumb\":{\"@id\":\"https:\\\/\\\/annajankovic.art\\\/shop\\\/spring-evening-hand-painted-landscape-artwork-24x18cm\\\/#breadcrumb\"},\"inLanguage\":\"cs\",\"potentialAction\":[{\"@type\":\"ReadAction\",\"target\":[\"https:\\\/\\\/annajankovic.art\\\/shop\\\/spring-evening-hand-painted-landscape-artwork-24x18cm\\\/\"]}]},{\"@type\":\"ImageObject\",\"inLanguage\":\"cs\",\"@id\":\"https:\\\/\\\/annajankovic.art\\\/shop\\\/spring-evening-hand-painted-landscape-artwork-24x18cm\\\/#primaryimage\",\"url\":\"https:\\/\\/annajankovic.art\\/wp-content\\/uploads\\/2021\\/08\\/PXL_20210818_153431231-scaled-1.jpg\",\"contentUrl\":\"https:\\/\\/annajankovic.art\\/wp-content\\/uploads\\/2021\\/08\\/PXL_20210818_153431231-scaled-1.jpg\",\"width\":1920,\"height\":1440,\"caption\":\"malba obraz krajinky\"},{\"@type\":\"BreadcrumbList\",\"@id\":\"https:\\\/\\\/annajankovic.art\\\/shop\\\/spring-evening-hand-painted-landscape-artwork-24x18cm\\\/#breadcrumb\",\"itemListElement\":[{\"@type\":\"ListItem\",\"position\":1,\"name\":\"Home\",\"item\":\"https:\\\/\\\/annajankovic.art\\\/\"},{\"@type\":\"ListItem\",\"position\":2,\"name\":\"Shop\",\"item\":\"https:\\\/\\\/annajankovic.art\\\/shop\\\/\"},{\"@type\":\"ListItem\",\"position\":3,\"name\":\"Spring evening &#8211; hand painted landscape artwork, 24x18cm\"}]},{\"@type\":\"WebSite\",\"@id\":\"https:\\\/\\\/aiyannadreamsart.com\\\/#website\",\"url\":\"https:\\\/\\\/aiyannadreamsart.com\\\/\",\"name\":\"Anna Jankovi\u010dov\u00e1 - Origin\u00e1ln\u00ed obrazy\",\"description\":\"Malby inspirovan\u00e9 p\u0159\u00edrodou\",\"publisher\":{\"@id\":\"https:\\\/\\\/aiyannadreamsart.com\\\/#\\\/schema\\\/person\\\/f54f796fe61b6c5c84e2ad4dc0f7ff00\"},\"potentialAction\":[{\"@type\":\"SearchAction\",\"target\":{\"@type\":\"EntryPoint\",\"urlTemplate\":\"https:\\\/\\\/aiyannadreamsart.com\\\/?s={search_term_string}\"},\"query-input\":{\"@type\":\"PropertyValueSpecification\",\"valueRequired\":true,\"valueName\":\"search_term_string\"}}],\"inLanguage\":\"cs\"},{\"@type\":[\"Person\",\"Organization\"],\"@id\":\"https:\\\/\\\/aiyannadreamsart.com\\\/#\\\/schema\\\/person\\\/f54f796fe61b6c5c84e2ad4dc0f7ff00\",\"name\":\"Anna Jankovi\u010dov\u00e1\",\"image\":{\"@type\":\"ImageObject\",\"inLanguage\":\"cs\",\"@id\":\"https:\\/\\/annajankovic.art\\/wp-content\\/uploads\\/2022\\/12\\/Anna_Jankovic_logo-e1771085739954.png\",\"url\":\"https:\\/\\/annajankovic.art\\/wp-content\\/uploads\\/2022\\/12\\/Anna_Jankovic_logo-e1771085739954.png\",\"contentUrl\":\"https:\\/\\/annajankovic.art\\/wp-content\\/uploads\\/2022\\/12\\/Anna_Jankovic_logo-e1771085739954.png\",\"width\":300,\"height\":108,\"caption\":\"Anna Jankovi\u010dov\u00e1\"},\"logo\":{\"@id\":\"https:\\/\\/annajankovic.art\\/wp-content\\/uploads\\/2022\\/12\\/Anna_Jankovic_logo-e1771085739954.png\"},\"sameAs\":[\"https:\\\/\\\/www.annajankovic.art\",\"https:\\\/\\\/www.facebook.com\\\/AnnaJankovic.art\",\"https:\\\/\\\/www.instagram.com\\\/annajankovic.art\",\"https:\\\/\\\/pinterest.com\\\/aiyannafilova\\\/\"]}]}<\/script>\n<!-- \/ Yoast SEO plugin. -->","yoast_head_json":{"title":"Spring evening - hand painted landscape artwork, 24x18cm - Anna Jankovi\u010dov\u00e1 - Origin\u00e1ln\u00ed obrazy","description":"Ru\u010dn\u011b malovan\u00fd obraz krajiny Ji\u017en\u00ed Moravy. Klidn\u00fd ve\u010der. Olejomalba na pl\u00e1tn\u011b na desce. Origin\u00e1ln\u00ed obrazy na ze\u010f.","robots":{"index":"index","follow":"follow","max-snippet":"max-snippet:-1","max-image-preview":"max-image-preview:large","max-video-preview":"max-video-preview:-1"},"canonical":"https:\/\/annajankovic.art\/cz\/shop\/spring-evening-hand-painted-landscape-artwork-24x18cm\/","og_locale":"cs_CZ","og_type":"article","og_title":"Spring evening - hand painted landscape artwork, 24x18cm - Anna Jankovi\u010dov\u00e1 - Origin\u00e1ln\u00ed obrazy","og_description":"Ru\u010dn\u011b malovan\u00fd obraz krajiny Ji\u017en\u00ed Moravy. Klidn\u00fd ve\u010der. Olejomalba na pl\u00e1tn\u011b na desce. Origin\u00e1ln\u00ed obrazy na ze\u010f.","og_url":"https:\/\/annajankovic.art\/cz\/shop\/spring-evening-hand-painted-landscape-artwork-24x18cm\/","og_site_name":"Anna Jankovi\u010dov\u00e1 - Origin\u00e1ln\u00ed obrazy","article_publisher":"https:\/\/www.facebook.com\/AnnaJankovic.art","article_modified_time":"2025-04-10T07:05:38+00:00","og_image":[{"width":1920,"height":1440,"url":"https:\/\/mlcrcy0krp3e.i.optimole.com\/w:auto\/h:auto\/q:mauto\/f:best\/https:\/\/annajankovic.art\/wp-content\/uploads\/2021\/08\/PXL_20210818_153431231-scaled-1.jpg","type":"image\/jpeg"}],"twitter_card":"summary_large_image","twitter_misc":{"Odhadovan\u00e1 doba \u010dten\u00ed":"1 minuta"},"schema":{"@context":"https:\/\/schema.org","@graph":[{"@type":"WebPage","@id":"https:\/\/annajankovic.art\/shop\/spring-evening-hand-painted-landscape-artwork-24x18cm\/","url":"https:\/\/annajankovic.art\/shop\/spring-evening-hand-painted-landscape-artwork-24x18cm\/","name":"Spring evening - hand painted landscape artwork, 24x18cm - Anna Jankovi\u010dov\u00e1 - Origin\u00e1ln\u00ed obrazy","isPartOf":{"@id":"https:\/\/aiyannadreamsart.com\/#website"},"primaryImageOfPage":{"@id":"https:\/\/annajankovic.art\/shop\/spring-evening-hand-painted-landscape-artwork-24x18cm\/#primaryimage"},"image":{"@id":"https:\/\/annajankovic.art\/shop\/spring-evening-hand-painted-landscape-artwork-24x18cm\/#primaryimage"},"thumbnailUrl":"https:\/\/mlcrcy0krp3e.i.optimole.com\/w:auto\/h:auto\/q:mauto\/f:best\/https:\/\/annajankovic.art\/wp-content\/uploads\/2021\/08\/PXL_20210818_153431231-scaled-1.jpg","datePublished":"2021-08-19T14:52:42+00:00","dateModified":"2025-04-10T07:05:38+00:00","description":"Ru\u010dn\u011b malovan\u00fd obraz krajiny Ji\u017en\u00ed Moravy. Klidn\u00fd ve\u010der. Olejomalba na pl\u00e1tn\u011b na desce. Origin\u00e1ln\u00ed obrazy na ze\u010f.","breadcrumb":{"@id":"https:\/\/annajankovic.art\/shop\/spring-evening-hand-painted-landscape-artwork-24x18cm\/#breadcrumb"},"inLanguage":"cs","potentialAction":[{"@type":"ReadAction","target":["https:\/\/annajankovic.art\/shop\/spring-evening-hand-painted-landscape-artwork-24x18cm\/"]}]},{"@type":"ImageObject","inLanguage":"cs","@id":"https:\/\/annajankovic.art\/shop\/spring-evening-hand-painted-landscape-artwork-24x18cm\/#primaryimage","url":"https:\/\/mlcrcy0krp3e.i.optimole.com\/w:auto\/h:auto\/q:mauto\/f:best\/https:\/\/annajankovic.art\/wp-content\/uploads\/2021\/08\/PXL_20210818_153431231-scaled-1.jpg","contentUrl":"https:\/\/mlcrcy0krp3e.i.optimole.com\/w:auto\/h:auto\/q:mauto\/f:best\/https:\/\/annajankovic.art\/wp-content\/uploads\/2021\/08\/PXL_20210818_153431231-scaled-1.jpg","width":1920,"height":1440,"caption":"malba obraz krajinky"},{"@type":"BreadcrumbList","@id":"https:\/\/annajankovic.art\/shop\/spring-evening-hand-painted-landscape-artwork-24x18cm\/#breadcrumb","itemListElement":[{"@type":"ListItem","position":1,"name":"Home","item":"https:\/\/annajankovic.art\/"},{"@type":"ListItem","position":2,"name":"Shop","item":"https:\/\/annajankovic.art\/shop\/"},{"@type":"ListItem","position":3,"name":"Spring evening &#8211; hand painted landscape artwork, 24x18cm"}]},{"@type":"WebSite","@id":"https:\/\/aiyannadreamsart.com\/#website","url":"https:\/\/aiyannadreamsart.com\/","name":"Anna Jankovi\u010dov\u00e1 - Origin\u00e1ln\u00ed obrazy","description":"Malby inspirovan\u00e9 p\u0159\u00edrodou","publisher":{"@id":"https:\/\/aiyannadreamsart.com\/#\/schema\/person\/f54f796fe61b6c5c84e2ad4dc0f7ff00"},"potentialAction":[{"@type":"SearchAction","target":{"@type":"EntryPoint","urlTemplate":"https:\/\/aiyannadreamsart.com\/?s={search_term_string}"},"query-input":{"@type":"PropertyValueSpecification","valueRequired":true,"valueName":"search_term_string"}}],"inLanguage":"cs"},{"@type":["Person","Organization"],"@id":"https:\/\/aiyannadreamsart.com\/#\/schema\/person\/f54f796fe61b6c5c84e2ad4dc0f7ff00","name":"Anna Jankovi\u010dov\u00e1","image":{"@type":"ImageObject","inLanguage":"cs","@id":"https:\/\/mlcrcy0krp3e.i.optimole.com\/w:auto\/h:auto\/q:mauto\/f:best\/https:\/\/annajankovic.art\/wp-content\/uploads\/2022\/12\/Anna_Jankovic_logo-e1771085739954.png","url":"https:\/\/mlcrcy0krp3e.i.optimole.com\/w:auto\/h:auto\/q:mauto\/f:best\/https:\/\/annajankovic.art\/wp-content\/uploads\/2022\/12\/Anna_Jankovic_logo-e1771085739954.png","contentUrl":"https:\/\/mlcrcy0krp3e.i.optimole.com\/w:auto\/h:auto\/q:mauto\/f:best\/https:\/\/annajankovic.art\/wp-content\/uploads\/2022\/12\/Anna_Jankovic_logo-e1771085739954.png","width":300,"height":108,"caption":"Anna Jankovi\u010dov\u00e1"},"logo":{"@id":"https:\/\/mlcrcy0krp3e.i.optimole.com\/w:auto\/h:auto\/q:mauto\/f:best\/https:\/\/annajankovic.art\/wp-content\/uploads\/2022\/12\/Anna_Jankovic_logo-e1771085739954.png"},"sameAs":["https:\/\/www.annajankovic.art","https:\/\/www.facebook.com\/AnnaJankovic.art","https:\/\/www.instagram.com\/annajankovic.art","https:\/\/pinterest.com\/aiyannafilova\/"]}]}},"jetpack_sharing_enabled":true,"_links":{"self":[{"href":"https:\/\/annajankovic.art\/cz\/wp-json\/wp\/v2\/product\/10569","targetHints":{"allow":["GET"]}}],"collection":[{"href":"https:\/\/annajankovic.art\/cz\/wp-json\/wp\/v2\/product"}],"about":[{"href":"https:\/\/annajankovic.art\/cz\/wp-json\/wp\/v2\/types\/product"}],"version-history":[{"count":0,"href":"https:\/\/annajankovic.art\/cz\/wp-json\/wp\/v2\/product\/10569\/revisions"}],"wp:featuredmedia":[{"embeddable":true,"href":"https:\/\/annajankovic.art\/cz\/wp-json\/wp\/v2\/media\/10561"}],"wp:attachment":[{"href":"https:\/\/annajankovic.art\/cz\/wp-json\/wp\/v2\/media?parent=10569"}],"wp:term":[{"taxonomy":"product_brand","embeddable":true,"href":"https:\/\/annajankovic.art\/cz\/wp-json\/wp\/v2\/product_brand?post=10569"},{"taxonomy":"product_cat","embeddable":true,"href":"https:\/\/annajankovic.art\/cz\/wp-json\/wp\/v2\/product_cat?post=10569"},{"taxonomy":"product_tag","embeddable":true,"href":"https:\/\/annajankovic.art\/cz\/wp-json\/wp\/v2\/product_tag?post=10569"}],"curies":[{"name":"wp","href":"https:\/\/api.w.org\/{rel}","templated":true}]}}