{"id":10916,"date":"2021-10-12T14:53:37","date_gmt":"2021-10-12T12:53:37","guid":{"rendered":"https:\/\/annajankovic.art\/?post_type=product&#038;p=10916"},"modified":"2024-07-25T14:18:26","modified_gmt":"2024-07-25T12:18:26","slug":"underwater-hand-painted-abstract-artwork-100x80-cm","status":"publish","type":"product","link":"https:\/\/annajankovic.art\/cz\/shop\/underwater-hand-painted-abstract-artwork-100x80-cm\/","title":{"rendered":"Pod hladinou - ru\u010dn\u011b malovan\u00fd abstraktn\u00ed obraz, 100x80 cm"},"content":{"rendered":"<p>Pod hladinou - modern\u00ed abstraktn\u00ed malba na pl\u00e1tn\u011b.<\/p>\n<p>Origin\u00e1ln\u00ed, modern\u00ed akrylov\u00e1 malba na pl\u00e1tn\u011b na blind r\u00e1mu v modr\u00e9, fialov\u00e9, zlat\u00e9 a tyrkysov\u00e9 barv\u011b.<\/p>\n<p>Rozm\u011bry: 100 x 80 cm<\/p>\n<p>\u2014 \u2013 \u2013 \u2013<\/p>\n<p>Obraz je namalovan\u00fd na pl\u00e1tn\u011b, nata\u017een\u00e9m na blind r\u00e1mu.<\/p>\n<p>Abstraktn\u00ed obraz je nalakovan\u00fd (2 vrstvy) pro ochranu proti UV z\u00e1\u0159en\u00ed a prachu. Malovan\u00fd kombinovanou technikou.<\/p>\n<p>Materi\u00e1l: pl\u00e1tno nata\u017een\u00e9 na d\u0159ev\u011bn\u00e9m r\u00e1mu, akrylov\u00e1 barva, alkoholov\u00fd inkoust, zlat\u00e1 barva, leskl\u00fd lak.<\/p>\n<p>\u2014 \u2013 \u2013 \u2013<\/p>\n<p>Moje dal\u0161\u00ed abstraktn\u00ed obrazy najdete <a href=\"https:\/\/annajankovic.art\/cz\/kategorie-produktu\/abstract-paintings\/\">v t\u00e9to kategorii.<\/a>.<\/p>\n<p>M\u016f\u017eete sledovat m\u00e9 nejnov\u011bj\u0161\u00ed obrazy\u00a0<a href=\"https:\/\/www.instagram.com\/aiyannadreams_art\/\">na m\u00e9m Instagramu.<\/a>.<\/p>","protected":false},"excerpt":{"rendered":"<p>Origin\u00e1ln\u00ed, modern\u00ed akrylov\u00e1 malba na pl\u00e1tn\u011b na blind r\u00e1mu v modr\u00fdch, fialov\u00fdch a zlat\u00fdch odst\u00ednech.<br \/>\nUnder the surface of the sea.<\/p>\n<p>Rozm\u011bry: 100 x 80 cm<\/p>","protected":false},"featured_media":10918,"template":"","meta":[],"product_brand":[],"product_cat":[22,223],"product_tag":[229,325],"class_list":{"0":"post-10916","1":"product","2":"type-product","3":"status-publish","4":"has-post-thumbnail","6":"product_cat-abstract-paintings","7":"product_cat-sold","8":"product_tag-abstract-art","9":"product_tag-sold","10":"product_shipping_class-huge-art","12":"entry","13":"has-media","15":"first","16":"outofstock","17":"shipping-taxable","18":"purchasable","19":"product-type-simple","20":"col","21":"span_1_of_3","22":"owp-content-center","23":"item-entry","24":"owp-thumbs-layout-horizontal","25":"owp-btn-normal","26":"owp-tabs-layout-section","27":"circle-sale"},"yoast_head":"<!-- This site is optimized with the Yoast SEO plugin v27.5 - https:\/\/yoast.com\/product\/yoast-seo-wordpress\/ -->\n<title>Underwater - hand painted abstract artwork, 100x80 cm - Anna Jankovi\u010dov\u00e1 - Origin\u00e1ln\u00ed obrazy<\/title>\n<meta name=\"description\" content=\"Modern abstract colorful painting on canvas. You can find other abstract artwork in my collection here. Size: 100 \u00d7 80 cm\" \/>\n<meta name=\"robots\" content=\"index, follow, max-snippet:-1, max-image-preview:large, max-video-preview:-1\" \/>\n<link rel=\"canonical\" href=\"https:\/\/annajankovic.art\/cz\/shop\/underwater-hand-painted-abstract-artwork-100x80-cm\/\" \/>\n<meta property=\"og:locale\" content=\"cs_CZ\" \/>\n<meta property=\"og:type\" content=\"article\" \/>\n<meta property=\"og:title\" content=\"Underwater - hand painted abstract artwork, 100x80 cm - Anna Jankovi\u010dov\u00e1 - Origin\u00e1ln\u00ed obrazy\" \/>\n<meta property=\"og:description\" content=\"Modern abstract colorful painting on canvas. You can find other abstract artwork in my collection here. Size: 100 \u00d7 80 cm\" \/>\n<meta property=\"og:url\" content=\"https:\/\/annajankovic.art\/cz\/shop\/underwater-hand-painted-abstract-artwork-100x80-cm\/\" \/>\n<meta property=\"og:site_name\" content=\"Anna Jankovi\u010dov\u00e1 - Origin\u00e1ln\u00ed obrazy\" \/>\n<meta property=\"article:publisher\" content=\"https:\/\/www.facebook.com\/AnnaJankovic.art\" \/>\n<meta property=\"article:modified_time\" content=\"2024-07-25T12:18:26+00:00\" \/>\n<meta property=\"og:image\" content=\"https:\/\/mlcrcy0krp3e.i.optimole.com\/w:auto\/h:auto\/q:mauto\/f:best\/https:\/\/annajankovic.art\/wp-content\/uploads\/2021\/10\/wp-1634042700698.png\" \/>\n\t<meta property=\"og:image:width\" content=\"1920\" \/>\n\t<meta property=\"og:image:height\" content=\"1280\" \/>\n\t<meta property=\"og:image:type\" content=\"image\/png\" \/>\n<meta name=\"twitter:card\" content=\"summary_large_image\" \/>\n<meta name=\"twitter:label1\" content=\"Odhadovan\u00e1 doba \u010dten\u00ed\" \/>\n\t<meta name=\"twitter:data1\" content=\"1 minuta\" \/>\n<script type=\"application\/ld+json\" class=\"yoast-schema-graph\">{\"@context\":\"https:\\\/\\\/schema.org\",\"@graph\":[{\"@type\":\"WebPage\",\"@id\":\"https:\\\/\\\/annajankovic.art\\\/shop\\\/underwater-hand-painted-abstract-artwork-100x80-cm\\\/\",\"url\":\"https:\\\/\\\/annajankovic.art\\\/shop\\\/underwater-hand-painted-abstract-artwork-100x80-cm\\\/\",\"name\":\"Underwater - hand painted abstract artwork, 100x80 cm - Anna Jankovi\u010dov\u00e1 - Origin\u00e1ln\u00ed obrazy\",\"isPartOf\":{\"@id\":\"https:\\\/\\\/aiyannadreamsart.com\\\/#website\"},\"primaryImageOfPage\":{\"@id\":\"https:\\\/\\\/annajankovic.art\\\/shop\\\/underwater-hand-painted-abstract-artwork-100x80-cm\\\/#primaryimage\"},\"image\":{\"@id\":\"https:\\\/\\\/annajankovic.art\\\/shop\\\/underwater-hand-painted-abstract-artwork-100x80-cm\\\/#primaryimage\"},\"thumbnailUrl\":\"https:\\/\\/annajankovic.art\\/wp-content\\/uploads\\/2021\\/10\\/wp-1634042700698.png\",\"datePublished\":\"2021-10-12T12:53:37+00:00\",\"dateModified\":\"2024-07-25T12:18:26+00:00\",\"description\":\"Modern abstract colorful painting on canvas. You can find other abstract artwork in my collection here. Size: 100 \u00d7 80 cm\",\"breadcrumb\":{\"@id\":\"https:\\\/\\\/annajankovic.art\\\/shop\\\/underwater-hand-painted-abstract-artwork-100x80-cm\\\/#breadcrumb\"},\"inLanguage\":\"cs\",\"potentialAction\":[{\"@type\":\"ReadAction\",\"target\":[\"https:\\\/\\\/annajankovic.art\\\/shop\\\/underwater-hand-painted-abstract-artwork-100x80-cm\\\/\"]}]},{\"@type\":\"ImageObject\",\"inLanguage\":\"cs\",\"@id\":\"https:\\\/\\\/annajankovic.art\\\/shop\\\/underwater-hand-painted-abstract-artwork-100x80-cm\\\/#primaryimage\",\"url\":\"https:\\/\\/annajankovic.art\\/wp-content\\/uploads\\/2021\\/10\\/wp-1634042700698.png\",\"contentUrl\":\"https:\\/\\/annajankovic.art\\/wp-content\\/uploads\\/2021\\/10\\/wp-1634042700698.png\",\"width\":1920,\"height\":1280},{\"@type\":\"BreadcrumbList\",\"@id\":\"https:\\\/\\\/annajankovic.art\\\/shop\\\/underwater-hand-painted-abstract-artwork-100x80-cm\\\/#breadcrumb\",\"itemListElement\":[{\"@type\":\"ListItem\",\"position\":1,\"name\":\"Home\",\"item\":\"https:\\\/\\\/annajankovic.art\\\/\"},{\"@type\":\"ListItem\",\"position\":2,\"name\":\"Shop\",\"item\":\"https:\\\/\\\/annajankovic.art\\\/shop\\\/\"},{\"@type\":\"ListItem\",\"position\":3,\"name\":\"Underwater &#8211; hand painted abstract artwork, 100&#215;80 cm\"}]},{\"@type\":\"WebSite\",\"@id\":\"https:\\\/\\\/aiyannadreamsart.com\\\/#website\",\"url\":\"https:\\\/\\\/aiyannadreamsart.com\\\/\",\"name\":\"Anna Jankovi\u010dov\u00e1 - Origin\u00e1ln\u00ed obrazy\",\"description\":\"Malby inspirovan\u00e9 p\u0159\u00edrodou\",\"publisher\":{\"@id\":\"https:\\\/\\\/aiyannadreamsart.com\\\/#\\\/schema\\\/person\\\/f54f796fe61b6c5c84e2ad4dc0f7ff00\"},\"potentialAction\":[{\"@type\":\"SearchAction\",\"target\":{\"@type\":\"EntryPoint\",\"urlTemplate\":\"https:\\\/\\\/aiyannadreamsart.com\\\/?s={search_term_string}\"},\"query-input\":{\"@type\":\"PropertyValueSpecification\",\"valueRequired\":true,\"valueName\":\"search_term_string\"}}],\"inLanguage\":\"cs\"},{\"@type\":[\"Person\",\"Organization\"],\"@id\":\"https:\\\/\\\/aiyannadreamsart.com\\\/#\\\/schema\\\/person\\\/f54f796fe61b6c5c84e2ad4dc0f7ff00\",\"name\":\"Anna Jankovi\u010dov\u00e1\",\"image\":{\"@type\":\"ImageObject\",\"inLanguage\":\"cs\",\"@id\":\"https:\\/\\/annajankovic.art\\/wp-content\\/uploads\\/2022\\/12\\/Anna_Jankovic_logo-e1771085739954.png\",\"url\":\"https:\\/\\/annajankovic.art\\/wp-content\\/uploads\\/2022\\/12\\/Anna_Jankovic_logo-e1771085739954.png\",\"contentUrl\":\"https:\\/\\/annajankovic.art\\/wp-content\\/uploads\\/2022\\/12\\/Anna_Jankovic_logo-e1771085739954.png\",\"width\":300,\"height\":108,\"caption\":\"Anna Jankovi\u010dov\u00e1\"},\"logo\":{\"@id\":\"https:\\/\\/annajankovic.art\\/wp-content\\/uploads\\/2022\\/12\\/Anna_Jankovic_logo-e1771085739954.png\"},\"sameAs\":[\"https:\\\/\\\/www.annajankovic.art\",\"https:\\\/\\\/www.facebook.com\\\/AnnaJankovic.art\",\"https:\\\/\\\/www.instagram.com\\\/annajankovic.art\",\"https:\\\/\\\/pinterest.com\\\/aiyannafilova\\\/\"]}]}<\/script>\n<!-- \/ Yoast SEO plugin. -->","yoast_head_json":{"title":"Underwater - hand painted abstract artwork, 100x80 cm - Anna Jankovi\u010dov\u00e1 - Origin\u00e1ln\u00ed obrazy","description":"Modern abstract colorful painting on canvas. You can find other abstract artwork in my collection here. Size: 100 \u00d7 80 cm","robots":{"index":"index","follow":"follow","max-snippet":"max-snippet:-1","max-image-preview":"max-image-preview:large","max-video-preview":"max-video-preview:-1"},"canonical":"https:\/\/annajankovic.art\/cz\/shop\/underwater-hand-painted-abstract-artwork-100x80-cm\/","og_locale":"cs_CZ","og_type":"article","og_title":"Underwater - hand painted abstract artwork, 100x80 cm - Anna Jankovi\u010dov\u00e1 - Origin\u00e1ln\u00ed obrazy","og_description":"Modern abstract colorful painting on canvas. You can find other abstract artwork in my collection here. Size: 100 \u00d7 80 cm","og_url":"https:\/\/annajankovic.art\/cz\/shop\/underwater-hand-painted-abstract-artwork-100x80-cm\/","og_site_name":"Anna Jankovi\u010dov\u00e1 - Origin\u00e1ln\u00ed obrazy","article_publisher":"https:\/\/www.facebook.com\/AnnaJankovic.art","article_modified_time":"2024-07-25T12:18:26+00:00","og_image":[{"width":1920,"height":1280,"url":"https:\/\/mlcrcy0krp3e.i.optimole.com\/w:auto\/h:auto\/q:mauto\/f:best\/https:\/\/annajankovic.art\/wp-content\/uploads\/2021\/10\/wp-1634042700698.png","type":"image\/png"}],"twitter_card":"summary_large_image","twitter_misc":{"Odhadovan\u00e1 doba \u010dten\u00ed":"1 minuta"},"schema":{"@context":"https:\/\/schema.org","@graph":[{"@type":"WebPage","@id":"https:\/\/annajankovic.art\/shop\/underwater-hand-painted-abstract-artwork-100x80-cm\/","url":"https:\/\/annajankovic.art\/shop\/underwater-hand-painted-abstract-artwork-100x80-cm\/","name":"Underwater - hand painted abstract artwork, 100x80 cm - Anna Jankovi\u010dov\u00e1 - Origin\u00e1ln\u00ed obrazy","isPartOf":{"@id":"https:\/\/aiyannadreamsart.com\/#website"},"primaryImageOfPage":{"@id":"https:\/\/annajankovic.art\/shop\/underwater-hand-painted-abstract-artwork-100x80-cm\/#primaryimage"},"image":{"@id":"https:\/\/annajankovic.art\/shop\/underwater-hand-painted-abstract-artwork-100x80-cm\/#primaryimage"},"thumbnailUrl":"https:\/\/mlcrcy0krp3e.i.optimole.com\/w:auto\/h:auto\/q:mauto\/f:best\/https:\/\/annajankovic.art\/wp-content\/uploads\/2021\/10\/wp-1634042700698.png","datePublished":"2021-10-12T12:53:37+00:00","dateModified":"2024-07-25T12:18:26+00:00","description":"Modern abstract colorful painting on canvas. You can find other abstract artwork in my collection here. Size: 100 \u00d7 80 cm","breadcrumb":{"@id":"https:\/\/annajankovic.art\/shop\/underwater-hand-painted-abstract-artwork-100x80-cm\/#breadcrumb"},"inLanguage":"cs","potentialAction":[{"@type":"ReadAction","target":["https:\/\/annajankovic.art\/shop\/underwater-hand-painted-abstract-artwork-100x80-cm\/"]}]},{"@type":"ImageObject","inLanguage":"cs","@id":"https:\/\/annajankovic.art\/shop\/underwater-hand-painted-abstract-artwork-100x80-cm\/#primaryimage","url":"https:\/\/mlcrcy0krp3e.i.optimole.com\/w:auto\/h:auto\/q:mauto\/f:best\/https:\/\/annajankovic.art\/wp-content\/uploads\/2021\/10\/wp-1634042700698.png","contentUrl":"https:\/\/mlcrcy0krp3e.i.optimole.com\/w:auto\/h:auto\/q:mauto\/f:best\/https:\/\/annajankovic.art\/wp-content\/uploads\/2021\/10\/wp-1634042700698.png","width":1920,"height":1280},{"@type":"BreadcrumbList","@id":"https:\/\/annajankovic.art\/shop\/underwater-hand-painted-abstract-artwork-100x80-cm\/#breadcrumb","itemListElement":[{"@type":"ListItem","position":1,"name":"Home","item":"https:\/\/annajankovic.art\/"},{"@type":"ListItem","position":2,"name":"Shop","item":"https:\/\/annajankovic.art\/shop\/"},{"@type":"ListItem","position":3,"name":"Underwater &#8211; hand painted abstract artwork, 100&#215;80 cm"}]},{"@type":"WebSite","@id":"https:\/\/aiyannadreamsart.com\/#website","url":"https:\/\/aiyannadreamsart.com\/","name":"Anna Jankovi\u010dov\u00e1 - Origin\u00e1ln\u00ed obrazy","description":"Malby inspirovan\u00e9 p\u0159\u00edrodou","publisher":{"@id":"https:\/\/aiyannadreamsart.com\/#\/schema\/person\/f54f796fe61b6c5c84e2ad4dc0f7ff00"},"potentialAction":[{"@type":"SearchAction","target":{"@type":"EntryPoint","urlTemplate":"https:\/\/aiyannadreamsart.com\/?s={search_term_string}"},"query-input":{"@type":"PropertyValueSpecification","valueRequired":true,"valueName":"search_term_string"}}],"inLanguage":"cs"},{"@type":["Person","Organization"],"@id":"https:\/\/aiyannadreamsart.com\/#\/schema\/person\/f54f796fe61b6c5c84e2ad4dc0f7ff00","name":"Anna Jankovi\u010dov\u00e1","image":{"@type":"ImageObject","inLanguage":"cs","@id":"https:\/\/mlcrcy0krp3e.i.optimole.com\/w:auto\/h:auto\/q:mauto\/f:best\/https:\/\/annajankovic.art\/wp-content\/uploads\/2022\/12\/Anna_Jankovic_logo-e1771085739954.png","url":"https:\/\/mlcrcy0krp3e.i.optimole.com\/w:auto\/h:auto\/q:mauto\/f:best\/https:\/\/annajankovic.art\/wp-content\/uploads\/2022\/12\/Anna_Jankovic_logo-e1771085739954.png","contentUrl":"https:\/\/mlcrcy0krp3e.i.optimole.com\/w:auto\/h:auto\/q:mauto\/f:best\/https:\/\/annajankovic.art\/wp-content\/uploads\/2022\/12\/Anna_Jankovic_logo-e1771085739954.png","width":300,"height":108,"caption":"Anna Jankovi\u010dov\u00e1"},"logo":{"@id":"https:\/\/mlcrcy0krp3e.i.optimole.com\/w:auto\/h:auto\/q:mauto\/f:best\/https:\/\/annajankovic.art\/wp-content\/uploads\/2022\/12\/Anna_Jankovic_logo-e1771085739954.png"},"sameAs":["https:\/\/www.annajankovic.art","https:\/\/www.facebook.com\/AnnaJankovic.art","https:\/\/www.instagram.com\/annajankovic.art","https:\/\/pinterest.com\/aiyannafilova\/"]}]}},"jetpack_sharing_enabled":true,"_links":{"self":[{"href":"https:\/\/annajankovic.art\/cz\/wp-json\/wp\/v2\/product\/10916","targetHints":{"allow":["GET"]}}],"collection":[{"href":"https:\/\/annajankovic.art\/cz\/wp-json\/wp\/v2\/product"}],"about":[{"href":"https:\/\/annajankovic.art\/cz\/wp-json\/wp\/v2\/types\/product"}],"version-history":[{"count":0,"href":"https:\/\/annajankovic.art\/cz\/wp-json\/wp\/v2\/product\/10916\/revisions"}],"wp:featuredmedia":[{"embeddable":true,"href":"https:\/\/annajankovic.art\/cz\/wp-json\/wp\/v2\/media\/10918"}],"wp:attachment":[{"href":"https:\/\/annajankovic.art\/cz\/wp-json\/wp\/v2\/media?parent=10916"}],"wp:term":[{"taxonomy":"product_brand","embeddable":true,"href":"https:\/\/annajankovic.art\/cz\/wp-json\/wp\/v2\/product_brand?post=10916"},{"taxonomy":"product_cat","embeddable":true,"href":"https:\/\/annajankovic.art\/cz\/wp-json\/wp\/v2\/product_cat?post=10916"},{"taxonomy":"product_tag","embeddable":true,"href":"https:\/\/annajankovic.art\/cz\/wp-json\/wp\/v2\/product_tag?post=10916"}],"curies":[{"name":"wp","href":"https:\/\/api.w.org\/{rel}","templated":true}]}}