{"id":11442,"date":"2022-01-23T11:12:58","date_gmt":"2022-01-23T10:12:58","guid":{"rendered":"https:\/\/annajankovic.art\/?post_type=product&#038;p=11442"},"modified":"2024-07-25T14:18:18","modified_gmt":"2024-07-25T12:18:18","slug":"joy-of-light-set-of-2-abstract-paintings-2x45x60cm","status":"publish","type":"product","link":"https:\/\/annajankovic.art\/cz\/shop\/joy-of-light-set-of-2-abstract-paintings-2x45x60cm\/","title":{"rendered":"Radost ze sv\u011btla - sada 2 abstraktn\u00edch obraz\u016f, 2x 45x60cm"},"content":{"rendered":"<p>Sada 2 obraz\u016f reprezentuj\u00edc\u00edch odrazy slune\u010dn\u00edho svitu na hladin\u011b rybn\u00edka.<\/p>\n<p>Zn\u00e1te ten pocit, kdy\u017e se d\u00edv\u00e1te sm\u011brem k slunci a vid\u00edte v\u0161echny ty radostn\u00ed odlesky barev na vod\u011b? To je ten obraz, kter\u00fd jsem cht\u011bla p\u0159en\u00e9st na pl\u00e1tno.<\/p>\n<p>Origin\u00e1ln\u00ed, modern\u00ed akrylov\u00e1 malba na pl\u00e1tn\u011b na blind r\u00e1mu ve zlat\u00e9, modr\u00e9, r\u016f\u017eov\u00e9 a zelen\u00e9 barv\u011b.<\/p>\n<p>Rozm\u011bry: ka\u017ed\u00fd obraz m\u00e1 45x60 cm<\/p>\n<p>\u2014 \u2013 \u2013 \u2013<\/p>\n<p>Nama\u013eovan\u00e9 na pl\u00e1tn\u011b nata\u017een\u00e9m na blind r\u00e1mu, s malovan\u00fdmi okraji. H\u00e1\u010dky na zav\u011b\u0161en\u00ed m\u016f\u017eu nainstalovat na Va\u0161e p\u0159\u00e1n\u00ed, aby byl obraz p\u0159ipraven k pov\u011b\u0161en\u00ed na Va\u0161i st\u011bnu.<\/p>\n<p>Tyto abstraktn\u00ed obrazy jsou nalakovan\u00e9 (2 vrstvy) pro ochranu proti UV z\u00e1\u0159en\u00ed a prachu. Malovan\u00e9 kombinovanou technikou.<\/p>\n<p>Materi\u00e1l: pl\u00e1tno nata\u017een\u00e9 na d\u0159ev\u011bn\u00e9m r\u00e1mu, akrylov\u00e1 barva, zlat\u00fd prach, leskl\u00fd lak.<\/p>\n<p>\u2014 \u2013 \u2013 \u2013<\/p>\n<p>Moje dal\u0161\u00ed abstraktn\u00ed obrazy najdete\u00a0<a href=\"https:\/\/annajankovic.art\/cz\/kategorie-produktu\/abstract-paintings\/\">v t\u00e9to kategorii.<\/a>.<\/p>\n<p>M\u016f\u017eete sledovat m\u00e9 nejnov\u011bj\u0161\u00ed obrazy\u00a0<a href=\"https:\/\/www.instagram.com\/aiyannadreams_art\/\">na m\u00e9m Instagramu.<\/a>.<\/p>","protected":false},"excerpt":{"rendered":"<p>Sada 2 obraz\u016f reprezentuj\u00edc\u00edch odrazy slune\u010dn\u00edho svitu na hladin\u011b rybn\u00edka.<\/p>\n<p>Zn\u00e1te ten pocit, kdy\u017e se d\u00edv\u00e1te sm\u011brem k slunci a vid\u00edte v\u0161echny ty radostn\u00ed odlesky barev na vod\u011b? To je ten obraz, kter\u00fd jsem cht\u011bla p\u0159en\u00e9st na pl\u00e1tno.<\/p>\n<p>Rozm\u011bry: ka\u017ed\u00fd obraz m\u00e1 45x60 cm<\/p>","protected":false},"featured_media":11454,"template":"","meta":[],"product_brand":[],"product_cat":[22,223],"product_tag":[229,32,203,225,325],"class_list":{"0":"post-11442","1":"product","2":"type-product","3":"status-publish","4":"has-post-thumbnail","6":"product_cat-abstract-paintings","7":"product_cat-sold","8":"product_tag-abstract-art","9":"product_tag-acrylic","10":"product_tag-gallery-wrapped-canvas","11":"product_tag-painting-on-canvas","12":"product_tag-sold","13":"product_shipping_class-huge-art","15":"entry","16":"has-media","18":"first","19":"outofstock","20":"shipping-taxable","21":"purchasable","22":"product-type-simple","23":"col","24":"span_1_of_3","25":"owp-content-center","26":"item-entry","27":"owp-thumbs-layout-horizontal","28":"owp-btn-normal","29":"owp-tabs-layout-section","30":"circle-sale"},"yoast_head":"<!-- This site is optimized with the Yoast SEO plugin v27.5 - https:\/\/yoast.com\/product\/yoast-seo-wordpress\/ -->\n<title>Joy of light - set of 2 abstract paintings, 2 x 45x60cm - Anna Jankovi\u010dov\u00e1 - Origin\u00e1ln\u00ed obrazy<\/title>\n<meta name=\"robots\" content=\"index, follow, max-snippet:-1, max-image-preview:large, max-video-preview:-1\" \/>\n<link rel=\"canonical\" href=\"https:\/\/annajankovic.art\/cz\/shop\/joy-of-light-set-of-2-abstract-paintings-2x45x60cm\/\" \/>\n<meta property=\"og:locale\" content=\"cs_CZ\" \/>\n<meta property=\"og:type\" content=\"article\" \/>\n<meta property=\"og:title\" content=\"Joy of light - set of 2 abstract paintings, 2 x 45x60cm - Anna Jankovi\u010dov\u00e1 - Origin\u00e1ln\u00ed obrazy\" \/>\n<meta property=\"og:description\" content=\"A set of 2 paintings representing reflections of light on the surface of the pond.  o you know that feeling when you&#039;re looking to the sun and you see all those joyful reflections in the water? That&#039;s what I was going for with these paintings.  Size: each painting is 45x60 cm\" \/>\n<meta property=\"og:url\" content=\"https:\/\/annajankovic.art\/cz\/shop\/joy-of-light-set-of-2-abstract-paintings-2x45x60cm\/\" \/>\n<meta property=\"og:site_name\" content=\"Anna Jankovi\u010dov\u00e1 - Origin\u00e1ln\u00ed obrazy\" \/>\n<meta property=\"article:publisher\" content=\"https:\/\/www.facebook.com\/AnnaJankovic.art\" \/>\n<meta property=\"article:modified_time\" content=\"2024-07-25T12:18:18+00:00\" \/>\n<meta property=\"og:image\" content=\"https:\/\/mlcrcy0krp3e.i.optimole.com\/w:1024\/h:1024\/q:mauto\/f:best\/https:\/\/annajankovic.art\/wp-content\/uploads\/2022\/01\/wp-1642933662076-e1642934178264.png\" \/>\n\t<meta property=\"og:image:width\" content=\"1024\" \/>\n\t<meta property=\"og:image:height\" content=\"1024\" \/>\n\t<meta property=\"og:image:type\" content=\"image\/png\" \/>\n<meta name=\"twitter:card\" content=\"summary_large_image\" \/>\n<meta name=\"twitter:label1\" content=\"Odhadovan\u00e1 doba \u010dten\u00ed\" \/>\n\t<meta name=\"twitter:data1\" content=\"1 minuta\" \/>\n<script type=\"application\/ld+json\" class=\"yoast-schema-graph\">{\"@context\":\"https:\\\/\\\/schema.org\",\"@graph\":[{\"@type\":\"WebPage\",\"@id\":\"https:\\\/\\\/annajankovic.art\\\/shop\\\/joy-of-light-set-of-2-abstract-paintings-2x45x60cm\\\/\",\"url\":\"https:\\\/\\\/annajankovic.art\\\/shop\\\/joy-of-light-set-of-2-abstract-paintings-2x45x60cm\\\/\",\"name\":\"Joy of light - set of 2 abstract paintings, 2 x 45x60cm - Anna Jankovi\u010dov\u00e1 - Origin\u00e1ln\u00ed obrazy\",\"isPartOf\":{\"@id\":\"https:\\\/\\\/aiyannadreamsart.com\\\/#website\"},\"primaryImageOfPage\":{\"@id\":\"https:\\\/\\\/annajankovic.art\\\/shop\\\/joy-of-light-set-of-2-abstract-paintings-2x45x60cm\\\/#primaryimage\"},\"image\":{\"@id\":\"https:\\\/\\\/annajankovic.art\\\/shop\\\/joy-of-light-set-of-2-abstract-paintings-2x45x60cm\\\/#primaryimage\"},\"thumbnailUrl\":\"https:\\/\\/annajankovic.art\\/wp-content\\/uploads\\/2022\\/01\\/wp-1642933662076-e1642934178264.png\",\"datePublished\":\"2022-01-23T10:12:58+00:00\",\"dateModified\":\"2024-07-25T12:18:18+00:00\",\"breadcrumb\":{\"@id\":\"https:\\\/\\\/annajankovic.art\\\/shop\\\/joy-of-light-set-of-2-abstract-paintings-2x45x60cm\\\/#breadcrumb\"},\"inLanguage\":\"cs\",\"potentialAction\":[{\"@type\":\"ReadAction\",\"target\":[\"https:\\\/\\\/annajankovic.art\\\/shop\\\/joy-of-light-set-of-2-abstract-paintings-2x45x60cm\\\/\"]}]},{\"@type\":\"ImageObject\",\"inLanguage\":\"cs\",\"@id\":\"https:\\\/\\\/annajankovic.art\\\/shop\\\/joy-of-light-set-of-2-abstract-paintings-2x45x60cm\\\/#primaryimage\",\"url\":\"https:\\/\\/annajankovic.art\\/wp-content\\/uploads\\/2022\\/01\\/wp-1642933662076-e1642934178264.png\",\"contentUrl\":\"https:\\/\\/annajankovic.art\\/wp-content\\/uploads\\/2022\\/01\\/wp-1642933662076-e1642934178264.png\",\"width\":1679,\"height\":1679,\"caption\":\"sada 2 abstraktn\u00edch modern\u00edch obraz\u016f\"},{\"@type\":\"BreadcrumbList\",\"@id\":\"https:\\\/\\\/annajankovic.art\\\/shop\\\/joy-of-light-set-of-2-abstract-paintings-2x45x60cm\\\/#breadcrumb\",\"itemListElement\":[{\"@type\":\"ListItem\",\"position\":1,\"name\":\"Home\",\"item\":\"https:\\\/\\\/annajankovic.art\\\/\"},{\"@type\":\"ListItem\",\"position\":2,\"name\":\"Shop\",\"item\":\"https:\\\/\\\/annajankovic.art\\\/shop\\\/\"},{\"@type\":\"ListItem\",\"position\":3,\"name\":\"Joy of light &#8211; set of 2 abstract paintings, 2 x 45x60cm\"}]},{\"@type\":\"WebSite\",\"@id\":\"https:\\\/\\\/aiyannadreamsart.com\\\/#website\",\"url\":\"https:\\\/\\\/aiyannadreamsart.com\\\/\",\"name\":\"Anna Jankovi\u010dov\u00e1 - Origin\u00e1ln\u00ed obrazy\",\"description\":\"Malby inspirovan\u00e9 p\u0159\u00edrodou\",\"publisher\":{\"@id\":\"https:\\\/\\\/aiyannadreamsart.com\\\/#\\\/schema\\\/person\\\/f54f796fe61b6c5c84e2ad4dc0f7ff00\"},\"potentialAction\":[{\"@type\":\"SearchAction\",\"target\":{\"@type\":\"EntryPoint\",\"urlTemplate\":\"https:\\\/\\\/aiyannadreamsart.com\\\/?s={search_term_string}\"},\"query-input\":{\"@type\":\"PropertyValueSpecification\",\"valueRequired\":true,\"valueName\":\"search_term_string\"}}],\"inLanguage\":\"cs\"},{\"@type\":[\"Person\",\"Organization\"],\"@id\":\"https:\\\/\\\/aiyannadreamsart.com\\\/#\\\/schema\\\/person\\\/f54f796fe61b6c5c84e2ad4dc0f7ff00\",\"name\":\"Anna Jankovi\u010dov\u00e1\",\"image\":{\"@type\":\"ImageObject\",\"inLanguage\":\"cs\",\"@id\":\"https:\\/\\/annajankovic.art\\/wp-content\\/uploads\\/2022\\/12\\/Anna_Jankovic_logo-e1771085739954.png\",\"url\":\"https:\\/\\/annajankovic.art\\/wp-content\\/uploads\\/2022\\/12\\/Anna_Jankovic_logo-e1771085739954.png\",\"contentUrl\":\"https:\\/\\/annajankovic.art\\/wp-content\\/uploads\\/2022\\/12\\/Anna_Jankovic_logo-e1771085739954.png\",\"width\":300,\"height\":108,\"caption\":\"Anna Jankovi\u010dov\u00e1\"},\"logo\":{\"@id\":\"https:\\/\\/annajankovic.art\\/wp-content\\/uploads\\/2022\\/12\\/Anna_Jankovic_logo-e1771085739954.png\"},\"sameAs\":[\"https:\\\/\\\/www.annajankovic.art\",\"https:\\\/\\\/www.facebook.com\\\/AnnaJankovic.art\",\"https:\\\/\\\/www.instagram.com\\\/annajankovic.art\",\"https:\\\/\\\/pinterest.com\\\/aiyannafilova\\\/\"]}]}<\/script>\n<!-- \/ Yoast SEO plugin. -->","yoast_head_json":{"title":"Joy of light - set of 2 abstract paintings, 2 x 45x60cm - Anna Jankovi\u010dov\u00e1 - Origin\u00e1ln\u00ed obrazy","robots":{"index":"index","follow":"follow","max-snippet":"max-snippet:-1","max-image-preview":"max-image-preview:large","max-video-preview":"max-video-preview:-1"},"canonical":"https:\/\/annajankovic.art\/cz\/shop\/joy-of-light-set-of-2-abstract-paintings-2x45x60cm\/","og_locale":"cs_CZ","og_type":"article","og_title":"Joy of light - set of 2 abstract paintings, 2 x 45x60cm - Anna Jankovi\u010dov\u00e1 - Origin\u00e1ln\u00ed obrazy","og_description":"A set of 2 paintings representing reflections of light on the surface of the pond.  o you know that feeling when you're looking to the sun and you see all those joyful reflections in the water? That's what I was going for with these paintings.  Size: each painting is 45x60 cm","og_url":"https:\/\/annajankovic.art\/cz\/shop\/joy-of-light-set-of-2-abstract-paintings-2x45x60cm\/","og_site_name":"Anna Jankovi\u010dov\u00e1 - Origin\u00e1ln\u00ed obrazy","article_publisher":"https:\/\/www.facebook.com\/AnnaJankovic.art","article_modified_time":"2024-07-25T12:18:18+00:00","og_image":[{"width":1024,"height":1024,"url":"https:\/\/mlcrcy0krp3e.i.optimole.com\/w:1024\/h:1024\/q:mauto\/f:best\/https:\/\/annajankovic.art\/wp-content\/uploads\/2022\/01\/wp-1642933662076-e1642934178264.png","type":"image\/png"}],"twitter_card":"summary_large_image","twitter_misc":{"Odhadovan\u00e1 doba \u010dten\u00ed":"1 minuta"},"schema":{"@context":"https:\/\/schema.org","@graph":[{"@type":"WebPage","@id":"https:\/\/annajankovic.art\/shop\/joy-of-light-set-of-2-abstract-paintings-2x45x60cm\/","url":"https:\/\/annajankovic.art\/shop\/joy-of-light-set-of-2-abstract-paintings-2x45x60cm\/","name":"Joy of light - set of 2 abstract paintings, 2 x 45x60cm - Anna Jankovi\u010dov\u00e1 - Origin\u00e1ln\u00ed obrazy","isPartOf":{"@id":"https:\/\/aiyannadreamsart.com\/#website"},"primaryImageOfPage":{"@id":"https:\/\/annajankovic.art\/shop\/joy-of-light-set-of-2-abstract-paintings-2x45x60cm\/#primaryimage"},"image":{"@id":"https:\/\/annajankovic.art\/shop\/joy-of-light-set-of-2-abstract-paintings-2x45x60cm\/#primaryimage"},"thumbnailUrl":"https:\/\/mlcrcy0krp3e.i.optimole.com\/w:auto\/h:auto\/q:mauto\/f:best\/https:\/\/annajankovic.art\/wp-content\/uploads\/2022\/01\/wp-1642933662076-e1642934178264.png","datePublished":"2022-01-23T10:12:58+00:00","dateModified":"2024-07-25T12:18:18+00:00","breadcrumb":{"@id":"https:\/\/annajankovic.art\/shop\/joy-of-light-set-of-2-abstract-paintings-2x45x60cm\/#breadcrumb"},"inLanguage":"cs","potentialAction":[{"@type":"ReadAction","target":["https:\/\/annajankovic.art\/shop\/joy-of-light-set-of-2-abstract-paintings-2x45x60cm\/"]}]},{"@type":"ImageObject","inLanguage":"cs","@id":"https:\/\/annajankovic.art\/shop\/joy-of-light-set-of-2-abstract-paintings-2x45x60cm\/#primaryimage","url":"https:\/\/mlcrcy0krp3e.i.optimole.com\/w:auto\/h:auto\/q:mauto\/f:best\/https:\/\/annajankovic.art\/wp-content\/uploads\/2022\/01\/wp-1642933662076-e1642934178264.png","contentUrl":"https:\/\/mlcrcy0krp3e.i.optimole.com\/w:auto\/h:auto\/q:mauto\/f:best\/https:\/\/annajankovic.art\/wp-content\/uploads\/2022\/01\/wp-1642933662076-e1642934178264.png","width":1679,"height":1679,"caption":"sada 2 abstraktn\u00edch modern\u00edch obraz\u016f"},{"@type":"BreadcrumbList","@id":"https:\/\/annajankovic.art\/shop\/joy-of-light-set-of-2-abstract-paintings-2x45x60cm\/#breadcrumb","itemListElement":[{"@type":"ListItem","position":1,"name":"Home","item":"https:\/\/annajankovic.art\/"},{"@type":"ListItem","position":2,"name":"Shop","item":"https:\/\/annajankovic.art\/shop\/"},{"@type":"ListItem","position":3,"name":"Joy of light &#8211; set of 2 abstract paintings, 2 x 45x60cm"}]},{"@type":"WebSite","@id":"https:\/\/aiyannadreamsart.com\/#website","url":"https:\/\/aiyannadreamsart.com\/","name":"Anna Jankovi\u010dov\u00e1 - Origin\u00e1ln\u00ed obrazy","description":"Malby inspirovan\u00e9 p\u0159\u00edrodou","publisher":{"@id":"https:\/\/aiyannadreamsart.com\/#\/schema\/person\/f54f796fe61b6c5c84e2ad4dc0f7ff00"},"potentialAction":[{"@type":"SearchAction","target":{"@type":"EntryPoint","urlTemplate":"https:\/\/aiyannadreamsart.com\/?s={search_term_string}"},"query-input":{"@type":"PropertyValueSpecification","valueRequired":true,"valueName":"search_term_string"}}],"inLanguage":"cs"},{"@type":["Person","Organization"],"@id":"https:\/\/aiyannadreamsart.com\/#\/schema\/person\/f54f796fe61b6c5c84e2ad4dc0f7ff00","name":"Anna Jankovi\u010dov\u00e1","image":{"@type":"ImageObject","inLanguage":"cs","@id":"https:\/\/mlcrcy0krp3e.i.optimole.com\/w:auto\/h:auto\/q:mauto\/f:best\/https:\/\/annajankovic.art\/wp-content\/uploads\/2022\/12\/Anna_Jankovic_logo-e1771085739954.png","url":"https:\/\/mlcrcy0krp3e.i.optimole.com\/w:auto\/h:auto\/q:mauto\/f:best\/https:\/\/annajankovic.art\/wp-content\/uploads\/2022\/12\/Anna_Jankovic_logo-e1771085739954.png","contentUrl":"https:\/\/mlcrcy0krp3e.i.optimole.com\/w:auto\/h:auto\/q:mauto\/f:best\/https:\/\/annajankovic.art\/wp-content\/uploads\/2022\/12\/Anna_Jankovic_logo-e1771085739954.png","width":300,"height":108,"caption":"Anna Jankovi\u010dov\u00e1"},"logo":{"@id":"https:\/\/mlcrcy0krp3e.i.optimole.com\/w:auto\/h:auto\/q:mauto\/f:best\/https:\/\/annajankovic.art\/wp-content\/uploads\/2022\/12\/Anna_Jankovic_logo-e1771085739954.png"},"sameAs":["https:\/\/www.annajankovic.art","https:\/\/www.facebook.com\/AnnaJankovic.art","https:\/\/www.instagram.com\/annajankovic.art","https:\/\/pinterest.com\/aiyannafilova\/"]}]}},"jetpack_sharing_enabled":true,"_links":{"self":[{"href":"https:\/\/annajankovic.art\/cz\/wp-json\/wp\/v2\/product\/11442","targetHints":{"allow":["GET"]}}],"collection":[{"href":"https:\/\/annajankovic.art\/cz\/wp-json\/wp\/v2\/product"}],"about":[{"href":"https:\/\/annajankovic.art\/cz\/wp-json\/wp\/v2\/types\/product"}],"version-history":[{"count":0,"href":"https:\/\/annajankovic.art\/cz\/wp-json\/wp\/v2\/product\/11442\/revisions"}],"wp:featuredmedia":[{"embeddable":true,"href":"https:\/\/annajankovic.art\/cz\/wp-json\/wp\/v2\/media\/11454"}],"wp:attachment":[{"href":"https:\/\/annajankovic.art\/cz\/wp-json\/wp\/v2\/media?parent=11442"}],"wp:term":[{"taxonomy":"product_brand","embeddable":true,"href":"https:\/\/annajankovic.art\/cz\/wp-json\/wp\/v2\/product_brand?post=11442"},{"taxonomy":"product_cat","embeddable":true,"href":"https:\/\/annajankovic.art\/cz\/wp-json\/wp\/v2\/product_cat?post=11442"},{"taxonomy":"product_tag","embeddable":true,"href":"https:\/\/annajankovic.art\/cz\/wp-json\/wp\/v2\/product_tag?post=11442"}],"curies":[{"name":"wp","href":"https:\/\/api.w.org\/{rel}","templated":true}]}}