{"id":15044,"date":"2022-11-30T16:18:51","date_gmt":"2022-11-30T15:18:51","guid":{"rendered":"https:\/\/annajankovic.art\/?post_type=product&#038;p=15044"},"modified":"2025-04-10T09:05:10","modified_gmt":"2025-04-10T07:05:10","slug":"sharing-moments-together-abstract-painting-on-paper","status":"publish","type":"product","link":"https:\/\/annajankovic.art\/cz\/shop\/sharing-moments-together-abstract-painting-on-paper\/","title":{"rendered":"Spole\u010dn\u00e9 chv\u00edle - abstraktn\u00ed malba na pap\u00edru"},"content":{"rendered":"<p>Abstraktn\u00ed obraz namalovan\u00fd akrylov\u00fdmi barvami a zlat\u00fdmi pigmenty na akvarelov\u00e9m pap\u00edru, zar\u00e1movan\u00fd v d\u0159ev\u011bn\u00e9m r\u00e1me\u010dku s paspartou a sklem. Obr\u00e1zek je zalakovan\u00fd a podepsan\u00fd.<\/p>\n<p>Rozm\u011bry malby na pap\u00edru: 20,5 x 29,5cm<\/p>\n<p>Size of the frame: 24 x 32cm<\/p>\n<p>V\u00e1\u0161 obraz V\u00e1m p\u0159ijde bezpe\u010dn\u011b zabalen\u00fd a zar\u00e1movan\u00fd, spolu s Certifik\u00e1tem autenticity, kter\u00fd dokazuje p\u016fvod, kvalitu a hodnotu va\u0161eho um\u011bleck\u00e9ho d\u00edla.<\/p>\n<p>\u2014 \u2013 \u2013 \u2013<\/p>\n<p><a href=\"https:\/\/annajankovic.art\/cz\/kategorie-produktu\/abstract-paintings\/where-my-heart-is-home\/\">Pod\u00edvejte se na dal\u0161\u00ed obrazy ze s\u00e9rie Kde m\u00e1 moje srdce domov.<\/a><\/p>","protected":false},"excerpt":{"rendered":"<p>\"Kdy\u017e se l\u00e1ska a vd\u011b\u010dnost rozlije na pap\u00edr...\"<\/p>\n<p>Tento obraz pat\u0159\u00ed do m\u00e9 s\u00e9rie abstraktn\u00edch obraz\u016f Kde m\u00e1 moje srdce domov.<\/p>\n<p>Tato kolekce obraz\u016f byla inspirov\u00e1na up\u0159\u00edmnou vd\u011b\u010dnost\u00ed a l\u00e1skou, kterou ve sv\u00e9m \u017eivot\u011b c\u00edt\u00edm. Malby v sob\u011b nesou h\u0159ejiv\u00fd obraz bezpe\u010dn\u00e9ho domova a kr\u00e1sn\u00fd pocit toho, kdy\u017e jste milov\u00e1n\/a. Hn\u011bd\u00e9 t\u00f3ny pro \u00fatuln\u00e9, zemit\u00e9 teplo, r\u016f\u017eov\u00e1 barva pro l\u00e1sku a zlat\u00e9 \u010d\u00e1ste\u010dky pro vd\u011b\u010dnost, kterou c\u00edt\u00edm za v\u0161e, co m\u00e1me.<\/p>","protected":false},"featured_media":15578,"template":"","meta":[],"product_brand":[],"product_cat":[22,382],"product_tag":[229,32,119,227,95],"class_list":{"0":"post-15044","1":"product","2":"type-product","3":"status-publish","4":"has-post-thumbnail","6":"product_cat-abstract-paintings","7":"product_cat-where-my-heart-is-home","8":"product_tag-abstract-art","9":"product_tag-acrylic","10":"product_tag-fluid_acrylics","11":"product_tag-framed","12":"product_tag-painting-on-paper","13":"product_shipping_class-small-art","15":"entry","16":"has-media","18":"first","19":"instock","20":"shipping-taxable","21":"purchasable","22":"product-type-simple","23":"col","24":"span_1_of_3","25":"owp-content-center","26":"item-entry","27":"owp-thumbs-layout-horizontal","28":"owp-btn-normal","29":"owp-tabs-layout-section","30":"circle-sale"},"yoast_head":"<!-- This site is optimized with the Yoast SEO plugin v27.4 - https:\/\/yoast.com\/product\/yoast-seo-wordpress\/ -->\n<title>Sharing moments together - abstract painting on paper - Anna Jankovi\u010dov\u00e1 - Origin\u00e1ln\u00ed obrazy<\/title>\n<meta name=\"robots\" content=\"index, follow, max-snippet:-1, max-image-preview:large, max-video-preview:-1\" \/>\n<link rel=\"canonical\" href=\"https:\/\/annajankovic.art\/cz\/shop\/sharing-moments-together-abstract-painting-on-paper\/\" \/>\n<meta property=\"og:locale\" content=\"cs_CZ\" \/>\n<meta property=\"og:type\" content=\"article\" \/>\n<meta property=\"og:title\" content=\"Sharing moments together - abstract painting on paper - Anna Jankovi\u010dov\u00e1 - Origin\u00e1ln\u00ed obrazy\" \/>\n<meta property=\"og:description\" content=\"&quot;When love and gratitude spill on the paper...&quot;  This painting belongs to my abstract collection Where my heart is home.  This collection of paintings was inspired by the heartfelt gratitude and love that I feel in my life. These paintings are carrying within themselves a warm image of a safe home and a beautiful feeling of loving and being loved. Brown tones for cozy, earthy warmth, pink color for love and gold particles for the gratitude, that I feel for all that we have.\" \/>\n<meta property=\"og:url\" content=\"https:\/\/annajankovic.art\/cz\/shop\/sharing-moments-together-abstract-painting-on-paper\/\" \/>\n<meta property=\"og:site_name\" content=\"Anna Jankovi\u010dov\u00e1 - Origin\u00e1ln\u00ed obrazy\" \/>\n<meta property=\"article:publisher\" content=\"https:\/\/www.facebook.com\/AnnaJankovic.art\" \/>\n<meta property=\"article:modified_time\" content=\"2025-04-10T07:05:10+00:00\" \/>\n<meta property=\"og:image\" content=\"https:\/\/mlcrcy0krp3e.i.optimole.com\/w:auto\/h:auto\/q:mauto\/f:best\/https:\/\/annajankovic.art\/wp-content\/uploads\/2023\/01\/wp-1675161809233-scaled.jpg\" \/>\n\t<meta property=\"og:image:width\" content=\"1920\" \/>\n\t<meta property=\"og:image:height\" content=\"2560\" \/>\n\t<meta property=\"og:image:type\" content=\"image\/jpeg\" \/>\n<meta name=\"twitter:card\" content=\"summary_large_image\" \/>\n<meta name=\"twitter:label1\" content=\"Odhadovan\u00e1 doba \u010dten\u00ed\" \/>\n\t<meta name=\"twitter:data1\" content=\"1 minuta\" \/>\n<script type=\"application\/ld+json\" class=\"yoast-schema-graph\">{\"@context\":\"https:\\\/\\\/schema.org\",\"@graph\":[{\"@type\":\"WebPage\",\"@id\":\"https:\\\/\\\/annajankovic.art\\\/shop\\\/sharing-moments-together-abstract-painting-on-paper\\\/\",\"url\":\"https:\\\/\\\/annajankovic.art\\\/shop\\\/sharing-moments-together-abstract-painting-on-paper\\\/\",\"name\":\"Sharing moments together - abstract painting on paper - Anna Jankovi\u010dov\u00e1 - Origin\u00e1ln\u00ed obrazy\",\"isPartOf\":{\"@id\":\"https:\\\/\\\/aiyannadreamsart.com\\\/#website\"},\"primaryImageOfPage\":{\"@id\":\"https:\\\/\\\/annajankovic.art\\\/shop\\\/sharing-moments-together-abstract-painting-on-paper\\\/#primaryimage\"},\"image\":{\"@id\":\"https:\\\/\\\/annajankovic.art\\\/shop\\\/sharing-moments-together-abstract-painting-on-paper\\\/#primaryimage\"},\"thumbnailUrl\":\"https:\\/\\/annajankovic.art\\/wp-content\\/uploads\\/2023\\/01\\/wp-1675161809233-scaled.jpg\",\"datePublished\":\"2022-11-30T15:18:51+00:00\",\"dateModified\":\"2025-04-10T07:05:10+00:00\",\"breadcrumb\":{\"@id\":\"https:\\\/\\\/annajankovic.art\\\/shop\\\/sharing-moments-together-abstract-painting-on-paper\\\/#breadcrumb\"},\"inLanguage\":\"cs\",\"potentialAction\":[{\"@type\":\"ReadAction\",\"target\":[\"https:\\\/\\\/annajankovic.art\\\/shop\\\/sharing-moments-together-abstract-painting-on-paper\\\/\"]}]},{\"@type\":\"ImageObject\",\"inLanguage\":\"cs\",\"@id\":\"https:\\\/\\\/annajankovic.art\\\/shop\\\/sharing-moments-together-abstract-painting-on-paper\\\/#primaryimage\",\"url\":\"https:\\/\\/annajankovic.art\\/wp-content\\/uploads\\/2023\\/01\\/wp-1675161809233-scaled.jpg\",\"contentUrl\":\"https:\\/\\/annajankovic.art\\/wp-content\\/uploads\\/2023\\/01\\/wp-1675161809233-scaled.jpg\",\"width\":1920,\"height\":2560,\"caption\":\"Sharing moments together - abstract painting on paper\"},{\"@type\":\"BreadcrumbList\",\"@id\":\"https:\\\/\\\/annajankovic.art\\\/shop\\\/sharing-moments-together-abstract-painting-on-paper\\\/#breadcrumb\",\"itemListElement\":[{\"@type\":\"ListItem\",\"position\":1,\"name\":\"Home\",\"item\":\"https:\\\/\\\/annajankovic.art\\\/\"},{\"@type\":\"ListItem\",\"position\":2,\"name\":\"Shop\",\"item\":\"https:\\\/\\\/annajankovic.art\\\/shop\\\/\"},{\"@type\":\"ListItem\",\"position\":3,\"name\":\"Sharing moments together &#8211; abstract painting on paper\"}]},{\"@type\":\"WebSite\",\"@id\":\"https:\\\/\\\/aiyannadreamsart.com\\\/#website\",\"url\":\"https:\\\/\\\/aiyannadreamsart.com\\\/\",\"name\":\"Anna Jankovi\u010dov\u00e1 - Origin\u00e1ln\u00ed obrazy\",\"description\":\"Malby inspirovan\u00e9 p\u0159\u00edrodou\",\"publisher\":{\"@id\":\"https:\\\/\\\/aiyannadreamsart.com\\\/#\\\/schema\\\/person\\\/f54f796fe61b6c5c84e2ad4dc0f7ff00\"},\"potentialAction\":[{\"@type\":\"SearchAction\",\"target\":{\"@type\":\"EntryPoint\",\"urlTemplate\":\"https:\\\/\\\/aiyannadreamsart.com\\\/?s={search_term_string}\"},\"query-input\":{\"@type\":\"PropertyValueSpecification\",\"valueRequired\":true,\"valueName\":\"search_term_string\"}}],\"inLanguage\":\"cs\"},{\"@type\":[\"Person\",\"Organization\"],\"@id\":\"https:\\\/\\\/aiyannadreamsart.com\\\/#\\\/schema\\\/person\\\/f54f796fe61b6c5c84e2ad4dc0f7ff00\",\"name\":\"Anna Jankovi\u010dov\u00e1\",\"image\":{\"@type\":\"ImageObject\",\"inLanguage\":\"cs\",\"@id\":\"https:\\/\\/annajankovic.art\\/wp-content\\/uploads\\/2022\\/12\\/Anna_Jankovic_logo-e1771085739954.png\",\"url\":\"https:\\/\\/annajankovic.art\\/wp-content\\/uploads\\/2022\\/12\\/Anna_Jankovic_logo-e1771085739954.png\",\"contentUrl\":\"https:\\/\\/annajankovic.art\\/wp-content\\/uploads\\/2022\\/12\\/Anna_Jankovic_logo-e1771085739954.png\",\"width\":300,\"height\":108,\"caption\":\"Anna Jankovi\u010dov\u00e1\"},\"logo\":{\"@id\":\"https:\\/\\/annajankovic.art\\/wp-content\\/uploads\\/2022\\/12\\/Anna_Jankovic_logo-e1771085739954.png\"},\"sameAs\":[\"https:\\\/\\\/www.annajankovic.art\",\"https:\\\/\\\/www.facebook.com\\\/AnnaJankovic.art\",\"https:\\\/\\\/www.instagram.com\\\/annajankovic.art\",\"https:\\\/\\\/pinterest.com\\\/aiyannafilova\\\/\"]}]}<\/script>\n<!-- \/ Yoast SEO plugin. -->","yoast_head_json":{"title":"Sharing moments together - abstract painting on paper - Anna Jankovi\u010dov\u00e1 - Origin\u00e1ln\u00ed obrazy","robots":{"index":"index","follow":"follow","max-snippet":"max-snippet:-1","max-image-preview":"max-image-preview:large","max-video-preview":"max-video-preview:-1"},"canonical":"https:\/\/annajankovic.art\/cz\/shop\/sharing-moments-together-abstract-painting-on-paper\/","og_locale":"cs_CZ","og_type":"article","og_title":"Sharing moments together - abstract painting on paper - Anna Jankovi\u010dov\u00e1 - Origin\u00e1ln\u00ed obrazy","og_description":"\"When love and gratitude spill on the paper...\"  This painting belongs to my abstract collection Where my heart is home.  This collection of paintings was inspired by the heartfelt gratitude and love that I feel in my life. These paintings are carrying within themselves a warm image of a safe home and a beautiful feeling of loving and being loved. Brown tones for cozy, earthy warmth, pink color for love and gold particles for the gratitude, that I feel for all that we have.","og_url":"https:\/\/annajankovic.art\/cz\/shop\/sharing-moments-together-abstract-painting-on-paper\/","og_site_name":"Anna Jankovi\u010dov\u00e1 - Origin\u00e1ln\u00ed obrazy","article_publisher":"https:\/\/www.facebook.com\/AnnaJankovic.art","article_modified_time":"2025-04-10T07:05:10+00:00","og_image":[{"width":1920,"height":2560,"url":"https:\/\/mlcrcy0krp3e.i.optimole.com\/w:auto\/h:auto\/q:mauto\/f:best\/https:\/\/annajankovic.art\/wp-content\/uploads\/2023\/01\/wp-1675161809233-scaled.jpg","type":"image\/jpeg"}],"twitter_card":"summary_large_image","twitter_misc":{"Odhadovan\u00e1 doba \u010dten\u00ed":"1 minuta"},"schema":{"@context":"https:\/\/schema.org","@graph":[{"@type":"WebPage","@id":"https:\/\/annajankovic.art\/shop\/sharing-moments-together-abstract-painting-on-paper\/","url":"https:\/\/annajankovic.art\/shop\/sharing-moments-together-abstract-painting-on-paper\/","name":"Sharing moments together - abstract painting on paper - Anna Jankovi\u010dov\u00e1 - Origin\u00e1ln\u00ed obrazy","isPartOf":{"@id":"https:\/\/aiyannadreamsart.com\/#website"},"primaryImageOfPage":{"@id":"https:\/\/annajankovic.art\/shop\/sharing-moments-together-abstract-painting-on-paper\/#primaryimage"},"image":{"@id":"https:\/\/annajankovic.art\/shop\/sharing-moments-together-abstract-painting-on-paper\/#primaryimage"},"thumbnailUrl":"https:\/\/mlcrcy0krp3e.i.optimole.com\/w:auto\/h:auto\/q:mauto\/f:best\/https:\/\/annajankovic.art\/wp-content\/uploads\/2023\/01\/wp-1675161809233-scaled.jpg","datePublished":"2022-11-30T15:18:51+00:00","dateModified":"2025-04-10T07:05:10+00:00","breadcrumb":{"@id":"https:\/\/annajankovic.art\/shop\/sharing-moments-together-abstract-painting-on-paper\/#breadcrumb"},"inLanguage":"cs","potentialAction":[{"@type":"ReadAction","target":["https:\/\/annajankovic.art\/shop\/sharing-moments-together-abstract-painting-on-paper\/"]}]},{"@type":"ImageObject","inLanguage":"cs","@id":"https:\/\/annajankovic.art\/shop\/sharing-moments-together-abstract-painting-on-paper\/#primaryimage","url":"https:\/\/mlcrcy0krp3e.i.optimole.com\/w:auto\/h:auto\/q:mauto\/f:best\/https:\/\/annajankovic.art\/wp-content\/uploads\/2023\/01\/wp-1675161809233-scaled.jpg","contentUrl":"https:\/\/mlcrcy0krp3e.i.optimole.com\/w:auto\/h:auto\/q:mauto\/f:best\/https:\/\/annajankovic.art\/wp-content\/uploads\/2023\/01\/wp-1675161809233-scaled.jpg","width":1920,"height":2560,"caption":"Sharing moments together - abstract painting on paper"},{"@type":"BreadcrumbList","@id":"https:\/\/annajankovic.art\/shop\/sharing-moments-together-abstract-painting-on-paper\/#breadcrumb","itemListElement":[{"@type":"ListItem","position":1,"name":"Home","item":"https:\/\/annajankovic.art\/"},{"@type":"ListItem","position":2,"name":"Shop","item":"https:\/\/annajankovic.art\/shop\/"},{"@type":"ListItem","position":3,"name":"Sharing moments together &#8211; abstract painting on paper"}]},{"@type":"WebSite","@id":"https:\/\/aiyannadreamsart.com\/#website","url":"https:\/\/aiyannadreamsart.com\/","name":"Anna Jankovi\u010dov\u00e1 - Origin\u00e1ln\u00ed obrazy","description":"Malby inspirovan\u00e9 p\u0159\u00edrodou","publisher":{"@id":"https:\/\/aiyannadreamsart.com\/#\/schema\/person\/f54f796fe61b6c5c84e2ad4dc0f7ff00"},"potentialAction":[{"@type":"SearchAction","target":{"@type":"EntryPoint","urlTemplate":"https:\/\/aiyannadreamsart.com\/?s={search_term_string}"},"query-input":{"@type":"PropertyValueSpecification","valueRequired":true,"valueName":"search_term_string"}}],"inLanguage":"cs"},{"@type":["Person","Organization"],"@id":"https:\/\/aiyannadreamsart.com\/#\/schema\/person\/f54f796fe61b6c5c84e2ad4dc0f7ff00","name":"Anna Jankovi\u010dov\u00e1","image":{"@type":"ImageObject","inLanguage":"cs","@id":"https:\/\/mlcrcy0krp3e.i.optimole.com\/w:auto\/h:auto\/q:mauto\/f:best\/https:\/\/annajankovic.art\/wp-content\/uploads\/2022\/12\/Anna_Jankovic_logo-e1771085739954.png","url":"https:\/\/mlcrcy0krp3e.i.optimole.com\/w:auto\/h:auto\/q:mauto\/f:best\/https:\/\/annajankovic.art\/wp-content\/uploads\/2022\/12\/Anna_Jankovic_logo-e1771085739954.png","contentUrl":"https:\/\/mlcrcy0krp3e.i.optimole.com\/w:auto\/h:auto\/q:mauto\/f:best\/https:\/\/annajankovic.art\/wp-content\/uploads\/2022\/12\/Anna_Jankovic_logo-e1771085739954.png","width":300,"height":108,"caption":"Anna Jankovi\u010dov\u00e1"},"logo":{"@id":"https:\/\/mlcrcy0krp3e.i.optimole.com\/w:auto\/h:auto\/q:mauto\/f:best\/https:\/\/annajankovic.art\/wp-content\/uploads\/2022\/12\/Anna_Jankovic_logo-e1771085739954.png"},"sameAs":["https:\/\/www.annajankovic.art","https:\/\/www.facebook.com\/AnnaJankovic.art","https:\/\/www.instagram.com\/annajankovic.art","https:\/\/pinterest.com\/aiyannafilova\/"]}]}},"jetpack_sharing_enabled":true,"_links":{"self":[{"href":"https:\/\/annajankovic.art\/cz\/wp-json\/wp\/v2\/product\/15044","targetHints":{"allow":["GET"]}}],"collection":[{"href":"https:\/\/annajankovic.art\/cz\/wp-json\/wp\/v2\/product"}],"about":[{"href":"https:\/\/annajankovic.art\/cz\/wp-json\/wp\/v2\/types\/product"}],"version-history":[{"count":0,"href":"https:\/\/annajankovic.art\/cz\/wp-json\/wp\/v2\/product\/15044\/revisions"}],"wp:featuredmedia":[{"embeddable":true,"href":"https:\/\/annajankovic.art\/cz\/wp-json\/wp\/v2\/media\/15578"}],"wp:attachment":[{"href":"https:\/\/annajankovic.art\/cz\/wp-json\/wp\/v2\/media?parent=15044"}],"wp:term":[{"taxonomy":"product_brand","embeddable":true,"href":"https:\/\/annajankovic.art\/cz\/wp-json\/wp\/v2\/product_brand?post=15044"},{"taxonomy":"product_cat","embeddable":true,"href":"https:\/\/annajankovic.art\/cz\/wp-json\/wp\/v2\/product_cat?post=15044"},{"taxonomy":"product_tag","embeddable":true,"href":"https:\/\/annajankovic.art\/cz\/wp-json\/wp\/v2\/product_tag?post=15044"}],"curies":[{"name":"wp","href":"https:\/\/api.w.org\/{rel}","templated":true}]}}