{"id":15115,"date":"2022-12-02T13:48:28","date_gmt":"2022-12-02T12:48:28","guid":{"rendered":"https:\/\/annajankovic.art\/?post_type=product&#038;p=15115"},"modified":"2026-01-31T17:31:19","modified_gmt":"2026-01-31T16:31:19","slug":"love-is-the-answer-limited-edition-canvas-print","status":"publish","type":"product","link":"https:\/\/annajankovic.art\/cz\/shop\/love-is-the-answer-limited-edition-canvas-print\/","title":{"rendered":"Odpov\u011bd\u00ed je l\u00e1ska - print na pl\u00e1tn\u011b, limitovan\u00e1 edice"},"content":{"rendered":"<p>Tento obraz je um\u011bleckou reprodukc\u00ed m\u00e9ho ru\u010dn\u011b malovan\u00e9ho origin\u00e1ln\u00edho obrazu.<\/p>\n<p>RU\u010cN\u011a DOMALOVAN\u00dd<\/p>\n<p>Um\u011bleck\u00fd tisk ru\u010dn\u011b domaluju a p\u0159id\u00e1m tak ka\u017ed\u00e9mu kousku jedine\u010dn\u00fd n\u00e1dech originality a zlat\u00fdch odlesk\u016f.<\/p>\n<p>KVALITA TISKU<\/p>\n<p>Vyti\u0161t\u011bno gicl\u00e9e velkoplo\u0161nou profesion\u00e1ln\u00ed tisk\u00e1rnou na n\u00e1dhern\u00e9m um\u011bleck\u00e9m kvalitn\u00edm tiskov\u00e9m pl\u00e1tn\u011b. Tento um\u011bleck\u00fd print bude nata\u017een na d\u0159ev\u011bn\u00fd blind-r\u00e1m. Pokud objedn\u00e1v\u00e1te nejv\u011bt\u0161\u00ed velikost, kontaktujte m\u011b pros\u00edm nejd\u0159\u00edve pro domluven\u00ed mo\u017enost\u00ed dopravy, m\u016f\u017ee b\u00fdt v\u00fdhodn\u011bj\u0161\u00ed a bezpe\u010dn\u011bj\u0161\u00ed poslat pl\u00e1tno srolovan\u00e9 v tub\u011b.<\/p>\n<p>LIMITOVAN\u00c1 EDICE<\/p>\n<p>Z ka\u017ed\u00e9ho obrazu bude vytvo\u0159eno pouze 100 v\u00fdtisk\u016f. Ka\u017ed\u00fd kus v tomto vyd\u00e1n\u00ed bude o\u010d\u00edslov\u00e1n, podeps\u00e1n a dopln\u011bn certifik\u00e1tem pravosti. Jakmile bude edice napln\u011bna, bude jej\u00ed tisk trvale zastaven.<\/p>\n<p>TISK NA ZAK\u00c1ZKU<\/p>\n<p>Pros\u00edm, dejte na\u0161emu lok\u00e1ln\u00edmu tiska\u0159i \u010das na napln\u011bn\u00ed zak\u00e1zky.<\/p>\n<p>SIGNATURA A ORIENTACE<\/p>\n<p>Ka\u017ed\u00fd print zkontroluji, ru\u010dn\u011b podep\u00ed\u0161u a bezpe\u010dn\u011b zabal\u00edm.<\/p>\n<p>Pokud si p\u0159ejete zm\u011bnit orientaci toho, jak bude obraz pov\u011b\u0161en, dejte mi pros\u00edm v\u011bd\u011bt. Obraz podle toho v prav\u00e9m doln\u00edm rohu podep\u00ed\u0161u.<\/p>\n<p>\u2014 \u2013 \u2013 \u2013<\/p>\n<p><a href=\"https:\/\/annajankovic.art\/cz\/kategorie-produktu\/abstract-paintings\/where-my-heart-is-home\/\">Pod\u00edvejte se na dal\u0161\u00ed obrazy ze s\u00e9rie Kde m\u00e1 moje srdce domov.<\/a><\/p>\n<p>Origin\u00e1l tohoto obrazu m\u016f\u017eete zakoupit <a href=\"https:\/\/annajankovic.art\/cz\/shop\/love-is-the-answ\u2026inting-on-canvas\/\">zde.<\/a>.<\/p>\n<p>Pokud si p\u0159ejete zakoupit obraz s r\u00e1mem zobrazen\u00fdm na fotografi\u00edch, p\u0159idejte si r\u00e1m do n\u00e1kupn\u00edho ko\u0161\u00edku <a href=\"https:\/\/annajankovic.art\/cz\/shop\/floating-wooden-frame\/\">tady.<\/a><\/p>","protected":false},"excerpt":{"rendered":"<p><em>\"Kdy\u017e se l\u00e1ska a vd\u011b\u010dnost rozlije na pap\u00edr...\"<\/em><\/p>\n<p>Reprodukce obrazu vytvo\u0159en\u00e9ho v r\u00e1mci s\u00e9rie Kde m\u00e1 moje srdce domov.<\/p>\n<p>Tato kolekce obraz\u016f byla inspirov\u00e1na up\u0159\u00edmnou vd\u011b\u010dnost\u00ed a l\u00e1skou, kterou ve sv\u00e9m \u017eivot\u011b c\u00edt\u00edm. Malby v sob\u011b nesou h\u0159ejiv\u00fd obraz bezpe\u010dn\u00e9ho domova a kr\u00e1sn\u00fd pocit toho, kdy\u017e jste milov\u00e1n\/a. Hn\u011bd\u00e9 t\u00f3ny pro \u00fatuln\u00e9, zemit\u00e9 teplo, r\u016f\u017eov\u00e1 barva pro l\u00e1sku a zlat\u00e9 \u010d\u00e1ste\u010dky pro vd\u011b\u010dnost, kterou c\u00edt\u00edm za v\u0161e, co m\u00e1me.<\/p>\n<p>Douf\u00e1m, \u017ee V\u00e1m tento obraz p\u0159inese do domu radost a teplo.<\/p>","protected":false},"featured_media":15566,"template":"","meta":[],"product_brand":[],"product_cat":[23],"product_tag":[387,203],"class_list":{"0":"post-15115","1":"product","2":"type-product","3":"status-publish","4":"has-post-thumbnail","6":"product_cat-fine-art-prints","7":"product_tag-fine-art-print","8":"product_tag-gallery-wrapped-canvas","9":"pa_size-100x130","10":"pa_size-50x70","11":"pa_size-70x100","13":"entry","14":"has-media","16":"first","17":"instock","18":"shipping-taxable","19":"purchasable","20":"product-type-variable","21":"col","22":"span_1_of_3","23":"owp-content-center","24":"item-entry","25":"owp-thumbs-layout-horizontal","26":"owp-btn-normal","27":"owp-tabs-layout-section","28":"circle-sale"},"yoast_head":"<!-- This site is optimized with the Yoast SEO plugin v27.4 - https:\/\/yoast.com\/product\/yoast-seo-wordpress\/ -->\n<title>Love is the answer - limited edition canvas print - Anna Jankovi\u010dov\u00e1 - Origin\u00e1ln\u00ed obrazy<\/title>\n<meta name=\"robots\" content=\"index, follow, max-snippet:-1, max-image-preview:large, max-video-preview:-1\" \/>\n<link rel=\"canonical\" href=\"https:\/\/annajankovic.art\/cz\/shop\/love-is-the-answer-limited-edition-canvas-print\/\" \/>\n<meta property=\"og:locale\" content=\"cs_CZ\" \/>\n<meta property=\"og:type\" content=\"article\" \/>\n<meta property=\"og:title\" content=\"Love is the answer - limited edition canvas print - Anna Jankovi\u010dov\u00e1 - Origin\u00e1ln\u00ed obrazy\" \/>\n<meta property=\"og:description\" content=\"&quot;When love and gratitude spill on the paper...&quot;  Created as a part of my &quot;Where my heart is home&quot; collection.  This collection of paintings was inspired by the heartfelt gratitude and love that I feel in my life. These paintings are carrying within themselves a warm image of a safe home and a beautiful feeling of loving and being loved. Brown tones for cozy, earthy warmth, pink color for love, and gold particles for the gratitude, that I feel for all that we have.  I hope this artwork will bring warmth and joy to your home.\" \/>\n<meta property=\"og:url\" content=\"https:\/\/annajankovic.art\/cz\/shop\/love-is-the-answer-limited-edition-canvas-print\/\" \/>\n<meta property=\"og:site_name\" content=\"Anna Jankovi\u010dov\u00e1 - Origin\u00e1ln\u00ed obrazy\" \/>\n<meta property=\"article:publisher\" content=\"https:\/\/www.facebook.com\/AnnaJankovic.art\" \/>\n<meta property=\"article:modified_time\" content=\"2026-01-31T16:31:19+00:00\" \/>\n<meta property=\"og:image\" content=\"https:\/\/mlcrcy0krp3e.i.optimole.com\/w:1024\/h:1024\/q:mauto\/f:best\/https:\/\/annajankovic.art\/wp-content\/uploads\/2023\/01\/wp-1675160338783.png\" \/>\n\t<meta property=\"og:image:width\" content=\"1024\" \/>\n\t<meta property=\"og:image:height\" content=\"1024\" \/>\n\t<meta property=\"og:image:type\" content=\"image\/png\" \/>\n<meta name=\"twitter:card\" content=\"summary_large_image\" \/>\n<meta name=\"twitter:label1\" content=\"Odhadovan\u00e1 doba \u010dten\u00ed\" \/>\n\t<meta name=\"twitter:data1\" content=\"2 minuty\" \/>\n<script type=\"application\/ld+json\" class=\"yoast-schema-graph\">{\"@context\":\"https:\\\/\\\/schema.org\",\"@graph\":[{\"@type\":\"WebPage\",\"@id\":\"https:\\\/\\\/annajankovic.art\\\/shop\\\/love-is-the-answer-limited-edition-canvas-print\\\/\",\"url\":\"https:\\\/\\\/annajankovic.art\\\/shop\\\/love-is-the-answer-limited-edition-canvas-print\\\/\",\"name\":\"Love is the answer - limited edition canvas print - Anna Jankovi\u010dov\u00e1 - Origin\u00e1ln\u00ed obrazy\",\"isPartOf\":{\"@id\":\"https:\\\/\\\/aiyannadreamsart.com\\\/#website\"},\"primaryImageOfPage\":{\"@id\":\"https:\\\/\\\/annajankovic.art\\\/shop\\\/love-is-the-answer-limited-edition-canvas-print\\\/#primaryimage\"},\"image\":{\"@id\":\"https:\\\/\\\/annajankovic.art\\\/shop\\\/love-is-the-answer-limited-edition-canvas-print\\\/#primaryimage\"},\"thumbnailUrl\":\"https:\\/\\/annajankovic.art\\/wp-content\\/uploads\\/2023\\/01\\/wp-1675160338783.png\",\"datePublished\":\"2022-12-02T12:48:28+00:00\",\"dateModified\":\"2026-01-31T16:31:19+00:00\",\"breadcrumb\":{\"@id\":\"https:\\\/\\\/annajankovic.art\\\/shop\\\/love-is-the-answer-limited-edition-canvas-print\\\/#breadcrumb\"},\"inLanguage\":\"cs\",\"potentialAction\":[{\"@type\":\"ReadAction\",\"target\":[\"https:\\\/\\\/annajankovic.art\\\/shop\\\/love-is-the-answer-limited-edition-canvas-print\\\/\"]}]},{\"@type\":\"ImageObject\",\"inLanguage\":\"cs\",\"@id\":\"https:\\\/\\\/annajankovic.art\\\/shop\\\/love-is-the-answer-limited-edition-canvas-print\\\/#primaryimage\",\"url\":\"https:\\/\\/annajankovic.art\\/wp-content\\/uploads\\/2023\\/01\\/wp-1675160338783.png\",\"contentUrl\":\"https:\\/\\/annajankovic.art\\/wp-content\\/uploads\\/2023\\/01\\/wp-1675160338783.png\",\"width\":2048,\"height\":2048},{\"@type\":\"BreadcrumbList\",\"@id\":\"https:\\\/\\\/annajankovic.art\\\/shop\\\/love-is-the-answer-limited-edition-canvas-print\\\/#breadcrumb\",\"itemListElement\":[{\"@type\":\"ListItem\",\"position\":1,\"name\":\"Home\",\"item\":\"https:\\\/\\\/annajankovic.art\\\/\"},{\"@type\":\"ListItem\",\"position\":2,\"name\":\"Shop\",\"item\":\"https:\\\/\\\/annajankovic.art\\\/shop\\\/\"},{\"@type\":\"ListItem\",\"position\":3,\"name\":\"Love is the answer &#8211; limited edition canvas print\"}]},{\"@type\":\"WebSite\",\"@id\":\"https:\\\/\\\/aiyannadreamsart.com\\\/#website\",\"url\":\"https:\\\/\\\/aiyannadreamsart.com\\\/\",\"name\":\"Anna Jankovi\u010dov\u00e1 - Origin\u00e1ln\u00ed obrazy\",\"description\":\"Malby inspirovan\u00e9 p\u0159\u00edrodou\",\"publisher\":{\"@id\":\"https:\\\/\\\/aiyannadreamsart.com\\\/#\\\/schema\\\/person\\\/f54f796fe61b6c5c84e2ad4dc0f7ff00\"},\"potentialAction\":[{\"@type\":\"SearchAction\",\"target\":{\"@type\":\"EntryPoint\",\"urlTemplate\":\"https:\\\/\\\/aiyannadreamsart.com\\\/?s={search_term_string}\"},\"query-input\":{\"@type\":\"PropertyValueSpecification\",\"valueRequired\":true,\"valueName\":\"search_term_string\"}}],\"inLanguage\":\"cs\"},{\"@type\":[\"Person\",\"Organization\"],\"@id\":\"https:\\\/\\\/aiyannadreamsart.com\\\/#\\\/schema\\\/person\\\/f54f796fe61b6c5c84e2ad4dc0f7ff00\",\"name\":\"Anna Jankovi\u010dov\u00e1\",\"image\":{\"@type\":\"ImageObject\",\"inLanguage\":\"cs\",\"@id\":\"https:\\/\\/annajankovic.art\\/wp-content\\/uploads\\/2022\\/12\\/Anna_Jankovic_logo-e1771085739954.png\",\"url\":\"https:\\/\\/annajankovic.art\\/wp-content\\/uploads\\/2022\\/12\\/Anna_Jankovic_logo-e1771085739954.png\",\"contentUrl\":\"https:\\/\\/annajankovic.art\\/wp-content\\/uploads\\/2022\\/12\\/Anna_Jankovic_logo-e1771085739954.png\",\"width\":300,\"height\":108,\"caption\":\"Anna Jankovi\u010dov\u00e1\"},\"logo\":{\"@id\":\"https:\\/\\/annajankovic.art\\/wp-content\\/uploads\\/2022\\/12\\/Anna_Jankovic_logo-e1771085739954.png\"},\"sameAs\":[\"https:\\\/\\\/www.annajankovic.art\",\"https:\\\/\\\/www.facebook.com\\\/AnnaJankovic.art\",\"https:\\\/\\\/www.instagram.com\\\/annajankovic.art\",\"https:\\\/\\\/pinterest.com\\\/aiyannafilova\\\/\"]}]}<\/script>\n<!-- \/ Yoast SEO plugin. -->","yoast_head_json":{"title":"Love is the answer - limited edition canvas print - Anna Jankovi\u010dov\u00e1 - Origin\u00e1ln\u00ed obrazy","robots":{"index":"index","follow":"follow","max-snippet":"max-snippet:-1","max-image-preview":"max-image-preview:large","max-video-preview":"max-video-preview:-1"},"canonical":"https:\/\/annajankovic.art\/cz\/shop\/love-is-the-answer-limited-edition-canvas-print\/","og_locale":"cs_CZ","og_type":"article","og_title":"Love is the answer - limited edition canvas print - Anna Jankovi\u010dov\u00e1 - Origin\u00e1ln\u00ed obrazy","og_description":"\"When love and gratitude spill on the paper...\"  Created as a part of my \"Where my heart is home\" collection.  This collection of paintings was inspired by the heartfelt gratitude and love that I feel in my life. These paintings are carrying within themselves a warm image of a safe home and a beautiful feeling of loving and being loved. Brown tones for cozy, earthy warmth, pink color for love, and gold particles for the gratitude, that I feel for all that we have.  I hope this artwork will bring warmth and joy to your home.","og_url":"https:\/\/annajankovic.art\/cz\/shop\/love-is-the-answer-limited-edition-canvas-print\/","og_site_name":"Anna Jankovi\u010dov\u00e1 - Origin\u00e1ln\u00ed obrazy","article_publisher":"https:\/\/www.facebook.com\/AnnaJankovic.art","article_modified_time":"2026-01-31T16:31:19+00:00","og_image":[{"width":1024,"height":1024,"url":"https:\/\/mlcrcy0krp3e.i.optimole.com\/w:1024\/h:1024\/q:mauto\/f:best\/https:\/\/annajankovic.art\/wp-content\/uploads\/2023\/01\/wp-1675160338783.png","type":"image\/png"}],"twitter_card":"summary_large_image","twitter_misc":{"Odhadovan\u00e1 doba \u010dten\u00ed":"2 minuty"},"schema":{"@context":"https:\/\/schema.org","@graph":[{"@type":"WebPage","@id":"https:\/\/annajankovic.art\/shop\/love-is-the-answer-limited-edition-canvas-print\/","url":"https:\/\/annajankovic.art\/shop\/love-is-the-answer-limited-edition-canvas-print\/","name":"Love is the answer - limited edition canvas print - Anna Jankovi\u010dov\u00e1 - Origin\u00e1ln\u00ed obrazy","isPartOf":{"@id":"https:\/\/aiyannadreamsart.com\/#website"},"primaryImageOfPage":{"@id":"https:\/\/annajankovic.art\/shop\/love-is-the-answer-limited-edition-canvas-print\/#primaryimage"},"image":{"@id":"https:\/\/annajankovic.art\/shop\/love-is-the-answer-limited-edition-canvas-print\/#primaryimage"},"thumbnailUrl":"https:\/\/mlcrcy0krp3e.i.optimole.com\/w:auto\/h:auto\/q:mauto\/f:best\/https:\/\/annajankovic.art\/wp-content\/uploads\/2023\/01\/wp-1675160338783.png","datePublished":"2022-12-02T12:48:28+00:00","dateModified":"2026-01-31T16:31:19+00:00","breadcrumb":{"@id":"https:\/\/annajankovic.art\/shop\/love-is-the-answer-limited-edition-canvas-print\/#breadcrumb"},"inLanguage":"cs","potentialAction":[{"@type":"ReadAction","target":["https:\/\/annajankovic.art\/shop\/love-is-the-answer-limited-edition-canvas-print\/"]}]},{"@type":"ImageObject","inLanguage":"cs","@id":"https:\/\/annajankovic.art\/shop\/love-is-the-answer-limited-edition-canvas-print\/#primaryimage","url":"https:\/\/mlcrcy0krp3e.i.optimole.com\/w:auto\/h:auto\/q:mauto\/f:best\/https:\/\/annajankovic.art\/wp-content\/uploads\/2023\/01\/wp-1675160338783.png","contentUrl":"https:\/\/mlcrcy0krp3e.i.optimole.com\/w:auto\/h:auto\/q:mauto\/f:best\/https:\/\/annajankovic.art\/wp-content\/uploads\/2023\/01\/wp-1675160338783.png","width":2048,"height":2048},{"@type":"BreadcrumbList","@id":"https:\/\/annajankovic.art\/shop\/love-is-the-answer-limited-edition-canvas-print\/#breadcrumb","itemListElement":[{"@type":"ListItem","position":1,"name":"Home","item":"https:\/\/annajankovic.art\/"},{"@type":"ListItem","position":2,"name":"Shop","item":"https:\/\/annajankovic.art\/shop\/"},{"@type":"ListItem","position":3,"name":"Love is the answer &#8211; limited edition canvas print"}]},{"@type":"WebSite","@id":"https:\/\/aiyannadreamsart.com\/#website","url":"https:\/\/aiyannadreamsart.com\/","name":"Anna Jankovi\u010dov\u00e1 - Origin\u00e1ln\u00ed obrazy","description":"Malby inspirovan\u00e9 p\u0159\u00edrodou","publisher":{"@id":"https:\/\/aiyannadreamsart.com\/#\/schema\/person\/f54f796fe61b6c5c84e2ad4dc0f7ff00"},"potentialAction":[{"@type":"SearchAction","target":{"@type":"EntryPoint","urlTemplate":"https:\/\/aiyannadreamsart.com\/?s={search_term_string}"},"query-input":{"@type":"PropertyValueSpecification","valueRequired":true,"valueName":"search_term_string"}}],"inLanguage":"cs"},{"@type":["Person","Organization"],"@id":"https:\/\/aiyannadreamsart.com\/#\/schema\/person\/f54f796fe61b6c5c84e2ad4dc0f7ff00","name":"Anna Jankovi\u010dov\u00e1","image":{"@type":"ImageObject","inLanguage":"cs","@id":"https:\/\/mlcrcy0krp3e.i.optimole.com\/w:auto\/h:auto\/q:mauto\/f:best\/https:\/\/annajankovic.art\/wp-content\/uploads\/2022\/12\/Anna_Jankovic_logo-e1771085739954.png","url":"https:\/\/mlcrcy0krp3e.i.optimole.com\/w:auto\/h:auto\/q:mauto\/f:best\/https:\/\/annajankovic.art\/wp-content\/uploads\/2022\/12\/Anna_Jankovic_logo-e1771085739954.png","contentUrl":"https:\/\/mlcrcy0krp3e.i.optimole.com\/w:auto\/h:auto\/q:mauto\/f:best\/https:\/\/annajankovic.art\/wp-content\/uploads\/2022\/12\/Anna_Jankovic_logo-e1771085739954.png","width":300,"height":108,"caption":"Anna Jankovi\u010dov\u00e1"},"logo":{"@id":"https:\/\/mlcrcy0krp3e.i.optimole.com\/w:auto\/h:auto\/q:mauto\/f:best\/https:\/\/annajankovic.art\/wp-content\/uploads\/2022\/12\/Anna_Jankovic_logo-e1771085739954.png"},"sameAs":["https:\/\/www.annajankovic.art","https:\/\/www.facebook.com\/AnnaJankovic.art","https:\/\/www.instagram.com\/annajankovic.art","https:\/\/pinterest.com\/aiyannafilova\/"]}]}},"jetpack_sharing_enabled":true,"_links":{"self":[{"href":"https:\/\/annajankovic.art\/cz\/wp-json\/wp\/v2\/product\/15115","targetHints":{"allow":["GET"]}}],"collection":[{"href":"https:\/\/annajankovic.art\/cz\/wp-json\/wp\/v2\/product"}],"about":[{"href":"https:\/\/annajankovic.art\/cz\/wp-json\/wp\/v2\/types\/product"}],"version-history":[{"count":0,"href":"https:\/\/annajankovic.art\/cz\/wp-json\/wp\/v2\/product\/15115\/revisions"}],"wp:featuredmedia":[{"embeddable":true,"href":"https:\/\/annajankovic.art\/cz\/wp-json\/wp\/v2\/media\/15566"}],"wp:attachment":[{"href":"https:\/\/annajankovic.art\/cz\/wp-json\/wp\/v2\/media?parent=15115"}],"wp:term":[{"taxonomy":"product_brand","embeddable":true,"href":"https:\/\/annajankovic.art\/cz\/wp-json\/wp\/v2\/product_brand?post=15115"},{"taxonomy":"product_cat","embeddable":true,"href":"https:\/\/annajankovic.art\/cz\/wp-json\/wp\/v2\/product_cat?post=15115"},{"taxonomy":"product_tag","embeddable":true,"href":"https:\/\/annajankovic.art\/cz\/wp-json\/wp\/v2\/product_tag?post=15115"}],"curies":[{"name":"wp","href":"https:\/\/api.w.org\/{rel}","templated":true}]}}