{"id":15119,"date":"2022-12-02T13:48:32","date_gmt":"2022-12-02T12:48:32","guid":{"rendered":"https:\/\/annajankovic.art\/?post_type=product&#038;p=15119"},"modified":"2026-02-04T20:25:05","modified_gmt":"2026-02-04T19:25:05","slug":"love-is-the-answer-abstract-painting-on-canvas","status":"publish","type":"product","link":"https:\/\/annajankovic.art\/cz\/shop\/love-is-the-answer-abstract-painting-on-canvas\/","title":{"rendered":"Odpov\u011bd\u00ed je l\u00e1ska - abstraktn\u00ed malba na pl\u00e1tn\u011b"},"content":{"rendered":"<p>Abstraktn\u00ed malba malovan\u00e1 akrylov\u00fdmi barvami a zlat\u00fdmi pigmenty na pl\u00e1tn\u011b na blind-r\u00e1mu. Obraz je zalakovan\u00fd a signovan\u00fd.<\/p>\n<p>Rozm\u011bry obrazu: 70 x 100 cm<\/p>\n<p>V\u00e1\u0161 obraz V\u00e1m p\u0159ijde bezpe\u010dn\u011b zabalen\u00fd spolu s Certifik\u00e1tem pravosti, kter\u00fd dokazuje p\u016fvod, kvalitu a hodnotu va\u0161eho um\u011bleck\u00e9ho d\u00edla.<\/p>\n<p>\u2014 \u2013 \u2013 \u2013<\/p>\n<p><a href=\"https:\/\/annajankovic.art\/cz\/kategorie-produktu\/abstract-paintings\/where-my-heart-is-home\/\">Pod\u00edvejte se na dal\u0161\u00ed obrazy ze s\u00e9rie Kde m\u00e1 moje srdce domov.<\/a><\/p>\n<p>Tento obraz si m\u016f\u017eete zakoupit jako <a href=\"https:\/\/annajankovic.art\/cz\/shop\/love-is-the-answ\u2026ion-canvas-print\/\">um\u011bleck\u00fd print na pl\u00e1tn\u011b v r\u016fzn\u00fdch rozm\u011brech tady.<\/a><\/p>\n<p>Pokud si p\u0159ejete zakoupit obraz s r\u00e1mem zobrazen\u00fdm na fotografi\u00edch, p\u0159idejte si r\u00e1m do n\u00e1kupn\u00edho ko\u0161\u00edku <a href=\"https:\/\/annajankovic.art\/cz\/shop\/floating-wooden-frame\/\">tady.<\/a><\/p>","protected":false},"excerpt":{"rendered":"<p>\"Kdy\u017e se l\u00e1ska a vd\u011b\u010dnost rozlije na pap\u00edr...\"<\/p>\n<p>Tento obraz pat\u0159\u00ed do m\u00e9 s\u00e9rie abstraktn\u00edch obraz\u016f Kde m\u00e1 moje srdce domov.<\/p>\n<p>Tato kolekce obraz\u016f byla inspirov\u00e1na up\u0159\u00edmnou vd\u011b\u010dnost\u00ed a l\u00e1skou, kterou ve sv\u00e9m \u017eivot\u011b c\u00edt\u00edm. Malby v sob\u011b nesou h\u0159ejiv\u00fd obraz bezpe\u010dn\u00e9ho domova a kr\u00e1sn\u00fd pocit toho, kdy\u017e jste milov\u00e1n\/a. Hn\u011bd\u00e9 t\u00f3ny pro \u00fatuln\u00e9, zemit\u00e9 teplo, r\u016f\u017eov\u00e1 barva pro l\u00e1sku a zlat\u00e9 \u010d\u00e1ste\u010dky pro vd\u011b\u010dnost, kterou c\u00edt\u00edm za v\u0161e, co m\u00e1me.<\/p>\n<p>Douf\u00e1m, \u017ee V\u00e1m tento obraz p\u0159inese do domu radost a teplo.<\/p>","protected":false},"featured_media":15565,"template":"","meta":[],"product_brand":[],"product_cat":[22,382],"product_tag":[229,325],"class_list":{"0":"post-15119","1":"product","2":"type-product","3":"status-publish","4":"has-post-thumbnail","6":"product_cat-abstract-paintings","7":"product_cat-where-my-heart-is-home","8":"product_tag-abstract-art","9":"product_tag-sold","10":"product_shipping_class-huge-art","12":"entry","13":"has-media","15":"first","16":"outofstock","17":"shipping-taxable","18":"purchasable","19":"product-type-simple","20":"col","21":"span_1_of_3","22":"owp-content-center","23":"item-entry","24":"owp-thumbs-layout-horizontal","25":"owp-btn-normal","26":"owp-tabs-layout-section","27":"circle-sale"},"yoast_head":"<!-- This site is optimized with the Yoast SEO plugin v27.4 - https:\/\/yoast.com\/product\/yoast-seo-wordpress\/ -->\n<title>Love is the answer - abstract painting on canvas - Anna Jankovi\u010dov\u00e1 - Origin\u00e1ln\u00ed obrazy<\/title>\n<meta name=\"robots\" content=\"index, follow, max-snippet:-1, max-image-preview:large, max-video-preview:-1\" \/>\n<link rel=\"canonical\" href=\"https:\/\/annajankovic.art\/cz\/shop\/love-is-the-answer-abstract-painting-on-canvas\/\" \/>\n<meta property=\"og:locale\" content=\"cs_CZ\" \/>\n<meta property=\"og:type\" content=\"article\" \/>\n<meta property=\"og:title\" content=\"Love is the answer - abstract painting on canvas - Anna Jankovi\u010dov\u00e1 - Origin\u00e1ln\u00ed obrazy\" \/>\n<meta property=\"og:description\" content=\"&quot;When love and gratitude spill on the paper...&quot;  This painting belongs to my abstract collection Where my heart is home.  This collection of paintings was inspired by the heartfelt gratitude and love that I feel in my life. These paintings are carrying within themselves a warm image of a safe home and a beautiful feeling of loving and being loved. Brown tones for cozy, earthy warmth, pink color for love and gold particles for the gratitude, that I feel for all that we have.  I hope this artwork will bring warmth and joy to your home.\" \/>\n<meta property=\"og:url\" content=\"https:\/\/annajankovic.art\/cz\/shop\/love-is-the-answer-abstract-painting-on-canvas\/\" \/>\n<meta property=\"og:site_name\" content=\"Anna Jankovi\u010dov\u00e1 - Origin\u00e1ln\u00ed obrazy\" \/>\n<meta property=\"article:publisher\" content=\"https:\/\/www.facebook.com\/AnnaJankovic.art\" \/>\n<meta property=\"article:modified_time\" content=\"2026-02-04T19:25:05+00:00\" \/>\n<meta property=\"og:image\" content=\"https:\/\/mlcrcy0krp3e.i.optimole.com\/w:1024\/h:1024\/q:mauto\/f:best\/https:\/\/annajankovic.art\/wp-content\/uploads\/2023\/01\/wp-1675160338854.png\" \/>\n\t<meta property=\"og:image:width\" content=\"1024\" \/>\n\t<meta property=\"og:image:height\" content=\"1024\" \/>\n\t<meta property=\"og:image:type\" content=\"image\/png\" \/>\n<meta name=\"twitter:card\" content=\"summary_large_image\" \/>\n<meta name=\"twitter:label1\" content=\"Odhadovan\u00e1 doba \u010dten\u00ed\" \/>\n\t<meta name=\"twitter:data1\" content=\"1 minuta\" \/>\n<script type=\"application\/ld+json\" class=\"yoast-schema-graph\">{\"@context\":\"https:\\\/\\\/schema.org\",\"@graph\":[{\"@type\":\"WebPage\",\"@id\":\"https:\\\/\\\/annajankovic.art\\\/shop\\\/love-is-the-answer-abstract-painting-on-canvas\\\/\",\"url\":\"https:\\\/\\\/annajankovic.art\\\/shop\\\/love-is-the-answer-abstract-painting-on-canvas\\\/\",\"name\":\"Love is the answer - abstract painting on canvas - Anna Jankovi\u010dov\u00e1 - Origin\u00e1ln\u00ed obrazy\",\"isPartOf\":{\"@id\":\"https:\\\/\\\/aiyannadreamsart.com\\\/#website\"},\"primaryImageOfPage\":{\"@id\":\"https:\\\/\\\/annajankovic.art\\\/shop\\\/love-is-the-answer-abstract-painting-on-canvas\\\/#primaryimage\"},\"image\":{\"@id\":\"https:\\\/\\\/annajankovic.art\\\/shop\\\/love-is-the-answer-abstract-painting-on-canvas\\\/#primaryimage\"},\"thumbnailUrl\":\"https:\\/\\/annajankovic.art\\/wp-content\\/uploads\\/2023\\/01\\/wp-1675160338854.png\",\"datePublished\":\"2022-12-02T12:48:32+00:00\",\"dateModified\":\"2026-02-04T19:25:05+00:00\",\"breadcrumb\":{\"@id\":\"https:\\\/\\\/annajankovic.art\\\/shop\\\/love-is-the-answer-abstract-painting-on-canvas\\\/#breadcrumb\"},\"inLanguage\":\"cs\",\"potentialAction\":[{\"@type\":\"ReadAction\",\"target\":[\"https:\\\/\\\/annajankovic.art\\\/shop\\\/love-is-the-answer-abstract-painting-on-canvas\\\/\"]}]},{\"@type\":\"ImageObject\",\"inLanguage\":\"cs\",\"@id\":\"https:\\\/\\\/annajankovic.art\\\/shop\\\/love-is-the-answer-abstract-painting-on-canvas\\\/#primaryimage\",\"url\":\"https:\\/\\/annajankovic.art\\/wp-content\\/uploads\\/2023\\/01\\/wp-1675160338854.png\",\"contentUrl\":\"https:\\/\\/annajankovic.art\\/wp-content\\/uploads\\/2023\\/01\\/wp-1675160338854.png\",\"width\":2048,\"height\":2048,\"caption\":\"Love is the answer - abstract painting on canvas\"},{\"@type\":\"BreadcrumbList\",\"@id\":\"https:\\\/\\\/annajankovic.art\\\/shop\\\/love-is-the-answer-abstract-painting-on-canvas\\\/#breadcrumb\",\"itemListElement\":[{\"@type\":\"ListItem\",\"position\":1,\"name\":\"Home\",\"item\":\"https:\\\/\\\/annajankovic.art\\\/\"},{\"@type\":\"ListItem\",\"position\":2,\"name\":\"Shop\",\"item\":\"https:\\\/\\\/annajankovic.art\\\/shop\\\/\"},{\"@type\":\"ListItem\",\"position\":3,\"name\":\"Love is the answer &#8211; abstract painting on canvas\"}]},{\"@type\":\"WebSite\",\"@id\":\"https:\\\/\\\/aiyannadreamsart.com\\\/#website\",\"url\":\"https:\\\/\\\/aiyannadreamsart.com\\\/\",\"name\":\"Anna Jankovi\u010dov\u00e1 - Origin\u00e1ln\u00ed obrazy\",\"description\":\"Malby inspirovan\u00e9 p\u0159\u00edrodou\",\"publisher\":{\"@id\":\"https:\\\/\\\/aiyannadreamsart.com\\\/#\\\/schema\\\/person\\\/f54f796fe61b6c5c84e2ad4dc0f7ff00\"},\"potentialAction\":[{\"@type\":\"SearchAction\",\"target\":{\"@type\":\"EntryPoint\",\"urlTemplate\":\"https:\\\/\\\/aiyannadreamsart.com\\\/?s={search_term_string}\"},\"query-input\":{\"@type\":\"PropertyValueSpecification\",\"valueRequired\":true,\"valueName\":\"search_term_string\"}}],\"inLanguage\":\"cs\"},{\"@type\":[\"Person\",\"Organization\"],\"@id\":\"https:\\\/\\\/aiyannadreamsart.com\\\/#\\\/schema\\\/person\\\/f54f796fe61b6c5c84e2ad4dc0f7ff00\",\"name\":\"Anna Jankovi\u010dov\u00e1\",\"image\":{\"@type\":\"ImageObject\",\"inLanguage\":\"cs\",\"@id\":\"https:\\/\\/annajankovic.art\\/wp-content\\/uploads\\/2022\\/12\\/Anna_Jankovic_logo-e1771085739954.png\",\"url\":\"https:\\/\\/annajankovic.art\\/wp-content\\/uploads\\/2022\\/12\\/Anna_Jankovic_logo-e1771085739954.png\",\"contentUrl\":\"https:\\/\\/annajankovic.art\\/wp-content\\/uploads\\/2022\\/12\\/Anna_Jankovic_logo-e1771085739954.png\",\"width\":300,\"height\":108,\"caption\":\"Anna Jankovi\u010dov\u00e1\"},\"logo\":{\"@id\":\"https:\\/\\/annajankovic.art\\/wp-content\\/uploads\\/2022\\/12\\/Anna_Jankovic_logo-e1771085739954.png\"},\"sameAs\":[\"https:\\\/\\\/www.annajankovic.art\",\"https:\\\/\\\/www.facebook.com\\\/AnnaJankovic.art\",\"https:\\\/\\\/www.instagram.com\\\/annajankovic.art\",\"https:\\\/\\\/pinterest.com\\\/aiyannafilova\\\/\"]}]}<\/script>\n<!-- \/ Yoast SEO plugin. -->","yoast_head_json":{"title":"Love is the answer - abstract painting on canvas - Anna Jankovi\u010dov\u00e1 - Origin\u00e1ln\u00ed obrazy","robots":{"index":"index","follow":"follow","max-snippet":"max-snippet:-1","max-image-preview":"max-image-preview:large","max-video-preview":"max-video-preview:-1"},"canonical":"https:\/\/annajankovic.art\/cz\/shop\/love-is-the-answer-abstract-painting-on-canvas\/","og_locale":"cs_CZ","og_type":"article","og_title":"Love is the answer - abstract painting on canvas - Anna Jankovi\u010dov\u00e1 - Origin\u00e1ln\u00ed obrazy","og_description":"\"When love and gratitude spill on the paper...\"  This painting belongs to my abstract collection Where my heart is home.  This collection of paintings was inspired by the heartfelt gratitude and love that I feel in my life. These paintings are carrying within themselves a warm image of a safe home and a beautiful feeling of loving and being loved. Brown tones for cozy, earthy warmth, pink color for love and gold particles for the gratitude, that I feel for all that we have.  I hope this artwork will bring warmth and joy to your home.","og_url":"https:\/\/annajankovic.art\/cz\/shop\/love-is-the-answer-abstract-painting-on-canvas\/","og_site_name":"Anna Jankovi\u010dov\u00e1 - Origin\u00e1ln\u00ed obrazy","article_publisher":"https:\/\/www.facebook.com\/AnnaJankovic.art","article_modified_time":"2026-02-04T19:25:05+00:00","og_image":[{"width":1024,"height":1024,"url":"https:\/\/mlcrcy0krp3e.i.optimole.com\/w:1024\/h:1024\/q:mauto\/f:best\/https:\/\/annajankovic.art\/wp-content\/uploads\/2023\/01\/wp-1675160338854.png","type":"image\/png"}],"twitter_card":"summary_large_image","twitter_misc":{"Odhadovan\u00e1 doba \u010dten\u00ed":"1 minuta"},"schema":{"@context":"https:\/\/schema.org","@graph":[{"@type":"WebPage","@id":"https:\/\/annajankovic.art\/shop\/love-is-the-answer-abstract-painting-on-canvas\/","url":"https:\/\/annajankovic.art\/shop\/love-is-the-answer-abstract-painting-on-canvas\/","name":"Love is the answer - abstract painting on canvas - Anna Jankovi\u010dov\u00e1 - Origin\u00e1ln\u00ed obrazy","isPartOf":{"@id":"https:\/\/aiyannadreamsart.com\/#website"},"primaryImageOfPage":{"@id":"https:\/\/annajankovic.art\/shop\/love-is-the-answer-abstract-painting-on-canvas\/#primaryimage"},"image":{"@id":"https:\/\/annajankovic.art\/shop\/love-is-the-answer-abstract-painting-on-canvas\/#primaryimage"},"thumbnailUrl":"https:\/\/mlcrcy0krp3e.i.optimole.com\/w:auto\/h:auto\/q:mauto\/f:best\/https:\/\/annajankovic.art\/wp-content\/uploads\/2023\/01\/wp-1675160338854.png","datePublished":"2022-12-02T12:48:32+00:00","dateModified":"2026-02-04T19:25:05+00:00","breadcrumb":{"@id":"https:\/\/annajankovic.art\/shop\/love-is-the-answer-abstract-painting-on-canvas\/#breadcrumb"},"inLanguage":"cs","potentialAction":[{"@type":"ReadAction","target":["https:\/\/annajankovic.art\/shop\/love-is-the-answer-abstract-painting-on-canvas\/"]}]},{"@type":"ImageObject","inLanguage":"cs","@id":"https:\/\/annajankovic.art\/shop\/love-is-the-answer-abstract-painting-on-canvas\/#primaryimage","url":"https:\/\/mlcrcy0krp3e.i.optimole.com\/w:auto\/h:auto\/q:mauto\/f:best\/https:\/\/annajankovic.art\/wp-content\/uploads\/2023\/01\/wp-1675160338854.png","contentUrl":"https:\/\/mlcrcy0krp3e.i.optimole.com\/w:auto\/h:auto\/q:mauto\/f:best\/https:\/\/annajankovic.art\/wp-content\/uploads\/2023\/01\/wp-1675160338854.png","width":2048,"height":2048,"caption":"Love is the answer - abstract painting on canvas"},{"@type":"BreadcrumbList","@id":"https:\/\/annajankovic.art\/shop\/love-is-the-answer-abstract-painting-on-canvas\/#breadcrumb","itemListElement":[{"@type":"ListItem","position":1,"name":"Home","item":"https:\/\/annajankovic.art\/"},{"@type":"ListItem","position":2,"name":"Shop","item":"https:\/\/annajankovic.art\/shop\/"},{"@type":"ListItem","position":3,"name":"Love is the answer &#8211; abstract painting on canvas"}]},{"@type":"WebSite","@id":"https:\/\/aiyannadreamsart.com\/#website","url":"https:\/\/aiyannadreamsart.com\/","name":"Anna Jankovi\u010dov\u00e1 - Origin\u00e1ln\u00ed obrazy","description":"Malby inspirovan\u00e9 p\u0159\u00edrodou","publisher":{"@id":"https:\/\/aiyannadreamsart.com\/#\/schema\/person\/f54f796fe61b6c5c84e2ad4dc0f7ff00"},"potentialAction":[{"@type":"SearchAction","target":{"@type":"EntryPoint","urlTemplate":"https:\/\/aiyannadreamsart.com\/?s={search_term_string}"},"query-input":{"@type":"PropertyValueSpecification","valueRequired":true,"valueName":"search_term_string"}}],"inLanguage":"cs"},{"@type":["Person","Organization"],"@id":"https:\/\/aiyannadreamsart.com\/#\/schema\/person\/f54f796fe61b6c5c84e2ad4dc0f7ff00","name":"Anna Jankovi\u010dov\u00e1","image":{"@type":"ImageObject","inLanguage":"cs","@id":"https:\/\/mlcrcy0krp3e.i.optimole.com\/w:auto\/h:auto\/q:mauto\/f:best\/https:\/\/annajankovic.art\/wp-content\/uploads\/2022\/12\/Anna_Jankovic_logo-e1771085739954.png","url":"https:\/\/mlcrcy0krp3e.i.optimole.com\/w:auto\/h:auto\/q:mauto\/f:best\/https:\/\/annajankovic.art\/wp-content\/uploads\/2022\/12\/Anna_Jankovic_logo-e1771085739954.png","contentUrl":"https:\/\/mlcrcy0krp3e.i.optimole.com\/w:auto\/h:auto\/q:mauto\/f:best\/https:\/\/annajankovic.art\/wp-content\/uploads\/2022\/12\/Anna_Jankovic_logo-e1771085739954.png","width":300,"height":108,"caption":"Anna Jankovi\u010dov\u00e1"},"logo":{"@id":"https:\/\/mlcrcy0krp3e.i.optimole.com\/w:auto\/h:auto\/q:mauto\/f:best\/https:\/\/annajankovic.art\/wp-content\/uploads\/2022\/12\/Anna_Jankovic_logo-e1771085739954.png"},"sameAs":["https:\/\/www.annajankovic.art","https:\/\/www.facebook.com\/AnnaJankovic.art","https:\/\/www.instagram.com\/annajankovic.art","https:\/\/pinterest.com\/aiyannafilova\/"]}]}},"jetpack_sharing_enabled":true,"_links":{"self":[{"href":"https:\/\/annajankovic.art\/cz\/wp-json\/wp\/v2\/product\/15119","targetHints":{"allow":["GET"]}}],"collection":[{"href":"https:\/\/annajankovic.art\/cz\/wp-json\/wp\/v2\/product"}],"about":[{"href":"https:\/\/annajankovic.art\/cz\/wp-json\/wp\/v2\/types\/product"}],"version-history":[{"count":0,"href":"https:\/\/annajankovic.art\/cz\/wp-json\/wp\/v2\/product\/15119\/revisions"}],"wp:featuredmedia":[{"embeddable":true,"href":"https:\/\/annajankovic.art\/cz\/wp-json\/wp\/v2\/media\/15565"}],"wp:attachment":[{"href":"https:\/\/annajankovic.art\/cz\/wp-json\/wp\/v2\/media?parent=15119"}],"wp:term":[{"taxonomy":"product_brand","embeddable":true,"href":"https:\/\/annajankovic.art\/cz\/wp-json\/wp\/v2\/product_brand?post=15119"},{"taxonomy":"product_cat","embeddable":true,"href":"https:\/\/annajankovic.art\/cz\/wp-json\/wp\/v2\/product_cat?post=15119"},{"taxonomy":"product_tag","embeddable":true,"href":"https:\/\/annajankovic.art\/cz\/wp-json\/wp\/v2\/product_tag?post=15119"}],"curies":[{"name":"wp","href":"https:\/\/api.w.org\/{rel}","templated":true}]}}