{"id":15215,"date":"2022-11-30T11:00:51","date_gmt":"2022-11-30T10:00:51","guid":{"rendered":"https:\/\/annajankovic.art\/?post_type=product&#038;p=15215"},"modified":"2025-04-07T16:36:26","modified_gmt":"2025-04-07T14:36:26","slug":"collection-of-small-prints-on-watercolour-paper","status":"publish","type":"product","link":"https:\/\/annajankovic.art\/cz\/shop\/collection-of-small-prints-on-watercolour-paper\/","title":{"rendered":"S\u00e9rie print\u016f men\u0161\u00edch obr\u00e1zk\u016f na akvarelov\u00e9m pap\u00edru"},"content":{"rendered":"<p>Tyto printy jsou um\u011bleckou reprodukc\u00ed m\u00fdch ru\u010dn\u011b malovan\u00fdch origin\u00e1ln\u00edch obr\u00e1zk\u016f.<\/p>\n<p>RU\u010cN\u011a DOMALOVAN\u00dd<\/p>\n<p>Um\u011bleck\u00fd tisk ru\u010dn\u011b domaluju a p\u0159id\u00e1m tak ka\u017ed\u00e9mu kousku jedine\u010dn\u00fd n\u00e1dech originality a zlat\u00fdch odlesk\u016f.<\/p>\n<p>KVALITA TISKU<\/p>\n<p>Vyti\u0161t\u011bny na kr\u00e1sn\u00e9m akvarelov\u00e9m pap\u00edru s jemnou strukturou, velikosti A4.<\/p>\n<p>Nezar\u00e1movan\u00e9.<\/p>\n<p>SIGNATURA A ORIENTACE<\/p>\n<p>Ka\u017ed\u00fd print zkontroluji, ru\u010dn\u011b podep\u00ed\u0161u a bezpe\u010dn\u011b zabal\u00edm.<\/p>\n<p>\u2014 \u2013 \u2013 \u2013<\/p>\n<p><a href=\"https:\/\/annajankovic.art\/cz\/kategorie-produktu\/abstract-paintings\/where-my-heart-is-home\/\">Pod\u00edvejte se na dal\u0161\u00ed obrazy ze s\u00e9rie Kde m\u00e1 moje srdce domov.<\/a><\/p>","protected":false},"excerpt":{"rendered":"<p><em>\"Kdy\u017e se l\u00e1ska a vd\u011b\u010dnost rozlije na pap\u00edr...\"<\/em><\/p>\n<p>Reprodukce obrazu vytvo\u0159en\u00e9ho v r\u00e1mci s\u00e9rie Kde m\u00e1 moje srdce domov.<\/p>\n<p>Tato kolekce obraz\u016f byla inspirov\u00e1na up\u0159\u00edmnou vd\u011b\u010dnost\u00ed a l\u00e1skou, kterou ve sv\u00e9m \u017eivot\u011b c\u00edt\u00edm. Malby v sob\u011b nesou h\u0159ejiv\u00fd obraz bezpe\u010dn\u00e9ho domova a kr\u00e1sn\u00fd pocit toho, kdy\u017e jste milov\u00e1n\/a. Hn\u011bd\u00e9 t\u00f3ny pro \u00fatuln\u00e9, zemit\u00e9 teplo, r\u016f\u017eov\u00e1 barva pro l\u00e1sku a zlat\u00e9 \u010d\u00e1ste\u010dky pro vd\u011b\u010dnost, kterou c\u00edt\u00edm za v\u0161e, co m\u00e1me.<\/p>\n<p>Douf\u00e1m, \u017ee V\u00e1m tento obraz p\u0159inese do domu radost a teplo.<\/p>","protected":false},"featured_media":15066,"template":"","meta":[],"product_brand":[],"product_cat":[22,23,382],"product_tag":[387,95],"class_list":{"0":"post-15215","1":"product","2":"type-product","3":"status-publish","4":"has-post-thumbnail","6":"product_cat-abstract-paintings","7":"product_cat-fine-art-prints","8":"product_cat-where-my-heart-is-home","9":"product_tag-fine-art-print","10":"product_tag-painting-on-paper","11":"product_shipping_class-paper-art","13":"entry","14":"has-media","16":"first","17":"instock","18":"shipping-taxable","19":"purchasable","20":"product-type-variable","21":"has-default-attributes","22":"col","23":"span_1_of_3","24":"owp-content-center","25":"item-entry","26":"owp-thumbs-layout-horizontal","27":"owp-btn-normal","28":"owp-tabs-layout-section","29":"circle-sale"},"yoast_head":"<!-- This site is optimized with the Yoast SEO plugin v27.4 - https:\/\/yoast.com\/product\/yoast-seo-wordpress\/ -->\n<title>Collection of small prints on watercolour paper - Anna Jankovi\u010dov\u00e1 - Origin\u00e1ln\u00ed obrazy<\/title>\n<meta name=\"robots\" content=\"index, follow, max-snippet:-1, max-image-preview:large, max-video-preview:-1\" \/>\n<link rel=\"canonical\" href=\"https:\/\/annajankovic.art\/cz\/shop\/collection-of-small-prints-on-watercolour-paper\/\" \/>\n<meta property=\"og:locale\" content=\"cs_CZ\" \/>\n<meta property=\"og:type\" content=\"article\" \/>\n<meta property=\"og:title\" content=\"Collection of small prints on watercolour paper - Anna Jankovi\u010dov\u00e1 - Origin\u00e1ln\u00ed obrazy\" \/>\n<meta property=\"og:description\" content=\"&quot;When love and gratitude spill on the paper...&quot;  Created as a part of my &quot;Where my heart is home&quot; collection.  This collection of paintings was inspired by the heartfelt gratitude and love that I feel in my life. These paintings are carrying within themselves a warm image of a safe home and a beautiful feeling of loving and being loved. Brown tones for cozy, earthy warmth, pink color for love, and gold particles for the gratitude, that I feel for all that we have.  I hope this artwork will bring warmth and joy to your home.\" \/>\n<meta property=\"og:url\" content=\"https:\/\/annajankovic.art\/cz\/shop\/collection-of-small-prints-on-watercolour-paper\/\" \/>\n<meta property=\"og:site_name\" content=\"Anna Jankovi\u010dov\u00e1 - Origin\u00e1ln\u00ed obrazy\" \/>\n<meta property=\"article:publisher\" content=\"https:\/\/www.facebook.com\/AnnaJankovic.art\" \/>\n<meta property=\"article:modified_time\" content=\"2025-04-07T14:36:26+00:00\" \/>\n<meta property=\"og:image\" content=\"https:\/\/mlcrcy0krp3e.i.optimole.com\/w:auto\/h:auto\/q:mauto\/f:best\/https:\/\/annajankovic.art\/wp-content\/uploads\/2022\/11\/wp-1669827179758-scaled-1.jpg\" \/>\n\t<meta property=\"og:image:width\" content=\"1486\" \/>\n\t<meta property=\"og:image:height\" content=\"1920\" \/>\n\t<meta property=\"og:image:type\" content=\"image\/jpeg\" \/>\n<meta name=\"twitter:card\" content=\"summary_large_image\" \/>\n<meta name=\"twitter:label1\" content=\"Odhadovan\u00e1 doba \u010dten\u00ed\" \/>\n\t<meta name=\"twitter:data1\" content=\"1 minuta\" \/>\n<script type=\"application\/ld+json\" class=\"yoast-schema-graph\">{\"@context\":\"https:\\\/\\\/schema.org\",\"@graph\":[{\"@type\":\"WebPage\",\"@id\":\"https:\\\/\\\/annajankovic.art\\\/shop\\\/collection-of-small-prints-on-watercolour-paper\\\/\",\"url\":\"https:\\\/\\\/annajankovic.art\\\/shop\\\/collection-of-small-prints-on-watercolour-paper\\\/\",\"name\":\"Collection of small prints on watercolour paper - Anna Jankovi\u010dov\u00e1 - Origin\u00e1ln\u00ed obrazy\",\"isPartOf\":{\"@id\":\"https:\\\/\\\/aiyannadreamsart.com\\\/#website\"},\"primaryImageOfPage\":{\"@id\":\"https:\\\/\\\/annajankovic.art\\\/shop\\\/collection-of-small-prints-on-watercolour-paper\\\/#primaryimage\"},\"image\":{\"@id\":\"https:\\\/\\\/annajankovic.art\\\/shop\\\/collection-of-small-prints-on-watercolour-paper\\\/#primaryimage\"},\"thumbnailUrl\":\"https:\\/\\/annajankovic.art\\/wp-content\\/uploads\\/2022\\/11\\/wp-1669827179758-scaled-1.jpg\",\"datePublished\":\"2022-11-30T10:00:51+00:00\",\"dateModified\":\"2025-04-07T14:36:26+00:00\",\"breadcrumb\":{\"@id\":\"https:\\\/\\\/annajankovic.art\\\/shop\\\/collection-of-small-prints-on-watercolour-paper\\\/#breadcrumb\"},\"inLanguage\":\"cs\",\"potentialAction\":[{\"@type\":\"ReadAction\",\"target\":[\"https:\\\/\\\/annajankovic.art\\\/shop\\\/collection-of-small-prints-on-watercolour-paper\\\/\"]}]},{\"@type\":\"ImageObject\",\"inLanguage\":\"cs\",\"@id\":\"https:\\\/\\\/annajankovic.art\\\/shop\\\/collection-of-small-prints-on-watercolour-paper\\\/#primaryimage\",\"url\":\"https:\\/\\/annajankovic.art\\/wp-content\\/uploads\\/2022\\/11\\/wp-1669827179758-scaled-1.jpg\",\"contentUrl\":\"https:\\/\\/annajankovic.art\\/wp-content\\/uploads\\/2022\\/11\\/wp-1669827179758-scaled-1.jpg\",\"width\":1486,\"height\":1920,\"caption\":\"modern\u00ed zlat\u00fd abstraktn\u00ed obraz , ru\u010dn\u011b malovan\u00fd\"},{\"@type\":\"BreadcrumbList\",\"@id\":\"https:\\\/\\\/annajankovic.art\\\/shop\\\/collection-of-small-prints-on-watercolour-paper\\\/#breadcrumb\",\"itemListElement\":[{\"@type\":\"ListItem\",\"position\":1,\"name\":\"Home\",\"item\":\"https:\\\/\\\/annajankovic.art\\\/\"},{\"@type\":\"ListItem\",\"position\":2,\"name\":\"Shop\",\"item\":\"https:\\\/\\\/annajankovic.art\\\/shop\\\/\"},{\"@type\":\"ListItem\",\"position\":3,\"name\":\"Collection of small prints on watercolour paper\"}]},{\"@type\":\"WebSite\",\"@id\":\"https:\\\/\\\/aiyannadreamsart.com\\\/#website\",\"url\":\"https:\\\/\\\/aiyannadreamsart.com\\\/\",\"name\":\"Anna Jankovi\u010dov\u00e1 - Origin\u00e1ln\u00ed obrazy\",\"description\":\"Malby inspirovan\u00e9 p\u0159\u00edrodou\",\"publisher\":{\"@id\":\"https:\\\/\\\/aiyannadreamsart.com\\\/#\\\/schema\\\/person\\\/f54f796fe61b6c5c84e2ad4dc0f7ff00\"},\"potentialAction\":[{\"@type\":\"SearchAction\",\"target\":{\"@type\":\"EntryPoint\",\"urlTemplate\":\"https:\\\/\\\/aiyannadreamsart.com\\\/?s={search_term_string}\"},\"query-input\":{\"@type\":\"PropertyValueSpecification\",\"valueRequired\":true,\"valueName\":\"search_term_string\"}}],\"inLanguage\":\"cs\"},{\"@type\":[\"Person\",\"Organization\"],\"@id\":\"https:\\\/\\\/aiyannadreamsart.com\\\/#\\\/schema\\\/person\\\/f54f796fe61b6c5c84e2ad4dc0f7ff00\",\"name\":\"Anna Jankovi\u010dov\u00e1\",\"image\":{\"@type\":\"ImageObject\",\"inLanguage\":\"cs\",\"@id\":\"https:\\/\\/annajankovic.art\\/wp-content\\/uploads\\/2022\\/12\\/Anna_Jankovic_logo-e1771085739954.png\",\"url\":\"https:\\/\\/annajankovic.art\\/wp-content\\/uploads\\/2022\\/12\\/Anna_Jankovic_logo-e1771085739954.png\",\"contentUrl\":\"https:\\/\\/annajankovic.art\\/wp-content\\/uploads\\/2022\\/12\\/Anna_Jankovic_logo-e1771085739954.png\",\"width\":300,\"height\":108,\"caption\":\"Anna Jankovi\u010dov\u00e1\"},\"logo\":{\"@id\":\"https:\\/\\/annajankovic.art\\/wp-content\\/uploads\\/2022\\/12\\/Anna_Jankovic_logo-e1771085739954.png\"},\"sameAs\":[\"https:\\\/\\\/www.annajankovic.art\",\"https:\\\/\\\/www.facebook.com\\\/AnnaJankovic.art\",\"https:\\\/\\\/www.instagram.com\\\/annajankovic.art\",\"https:\\\/\\\/pinterest.com\\\/aiyannafilova\\\/\"]}]}<\/script>\n<!-- \/ Yoast SEO plugin. -->","yoast_head_json":{"title":"Collection of small prints on watercolour paper - Anna Jankovi\u010dov\u00e1 - Origin\u00e1ln\u00ed obrazy","robots":{"index":"index","follow":"follow","max-snippet":"max-snippet:-1","max-image-preview":"max-image-preview:large","max-video-preview":"max-video-preview:-1"},"canonical":"https:\/\/annajankovic.art\/cz\/shop\/collection-of-small-prints-on-watercolour-paper\/","og_locale":"cs_CZ","og_type":"article","og_title":"Collection of small prints on watercolour paper - Anna Jankovi\u010dov\u00e1 - Origin\u00e1ln\u00ed obrazy","og_description":"\"When love and gratitude spill on the paper...\"  Created as a part of my \"Where my heart is home\" collection.  This collection of paintings was inspired by the heartfelt gratitude and love that I feel in my life. These paintings are carrying within themselves a warm image of a safe home and a beautiful feeling of loving and being loved. Brown tones for cozy, earthy warmth, pink color for love, and gold particles for the gratitude, that I feel for all that we have.  I hope this artwork will bring warmth and joy to your home.","og_url":"https:\/\/annajankovic.art\/cz\/shop\/collection-of-small-prints-on-watercolour-paper\/","og_site_name":"Anna Jankovi\u010dov\u00e1 - Origin\u00e1ln\u00ed obrazy","article_publisher":"https:\/\/www.facebook.com\/AnnaJankovic.art","article_modified_time":"2025-04-07T14:36:26+00:00","og_image":[{"width":1486,"height":1920,"url":"https:\/\/mlcrcy0krp3e.i.optimole.com\/w:auto\/h:auto\/q:mauto\/f:best\/https:\/\/annajankovic.art\/wp-content\/uploads\/2022\/11\/wp-1669827179758-scaled-1.jpg","type":"image\/jpeg"}],"twitter_card":"summary_large_image","twitter_misc":{"Odhadovan\u00e1 doba \u010dten\u00ed":"1 minuta"},"schema":{"@context":"https:\/\/schema.org","@graph":[{"@type":"WebPage","@id":"https:\/\/annajankovic.art\/shop\/collection-of-small-prints-on-watercolour-paper\/","url":"https:\/\/annajankovic.art\/shop\/collection-of-small-prints-on-watercolour-paper\/","name":"Collection of small prints on watercolour paper - Anna Jankovi\u010dov\u00e1 - Origin\u00e1ln\u00ed obrazy","isPartOf":{"@id":"https:\/\/aiyannadreamsart.com\/#website"},"primaryImageOfPage":{"@id":"https:\/\/annajankovic.art\/shop\/collection-of-small-prints-on-watercolour-paper\/#primaryimage"},"image":{"@id":"https:\/\/annajankovic.art\/shop\/collection-of-small-prints-on-watercolour-paper\/#primaryimage"},"thumbnailUrl":"https:\/\/mlcrcy0krp3e.i.optimole.com\/w:auto\/h:auto\/q:mauto\/f:best\/https:\/\/annajankovic.art\/wp-content\/uploads\/2022\/11\/wp-1669827179758-scaled-1.jpg","datePublished":"2022-11-30T10:00:51+00:00","dateModified":"2025-04-07T14:36:26+00:00","breadcrumb":{"@id":"https:\/\/annajankovic.art\/shop\/collection-of-small-prints-on-watercolour-paper\/#breadcrumb"},"inLanguage":"cs","potentialAction":[{"@type":"ReadAction","target":["https:\/\/annajankovic.art\/shop\/collection-of-small-prints-on-watercolour-paper\/"]}]},{"@type":"ImageObject","inLanguage":"cs","@id":"https:\/\/annajankovic.art\/shop\/collection-of-small-prints-on-watercolour-paper\/#primaryimage","url":"https:\/\/mlcrcy0krp3e.i.optimole.com\/w:auto\/h:auto\/q:mauto\/f:best\/https:\/\/annajankovic.art\/wp-content\/uploads\/2022\/11\/wp-1669827179758-scaled-1.jpg","contentUrl":"https:\/\/mlcrcy0krp3e.i.optimole.com\/w:auto\/h:auto\/q:mauto\/f:best\/https:\/\/annajankovic.art\/wp-content\/uploads\/2022\/11\/wp-1669827179758-scaled-1.jpg","width":1486,"height":1920,"caption":"modern\u00ed zlat\u00fd abstraktn\u00ed obraz , ru\u010dn\u011b malovan\u00fd"},{"@type":"BreadcrumbList","@id":"https:\/\/annajankovic.art\/shop\/collection-of-small-prints-on-watercolour-paper\/#breadcrumb","itemListElement":[{"@type":"ListItem","position":1,"name":"Home","item":"https:\/\/annajankovic.art\/"},{"@type":"ListItem","position":2,"name":"Shop","item":"https:\/\/annajankovic.art\/shop\/"},{"@type":"ListItem","position":3,"name":"Collection of small prints on watercolour paper"}]},{"@type":"WebSite","@id":"https:\/\/aiyannadreamsart.com\/#website","url":"https:\/\/aiyannadreamsart.com\/","name":"Anna Jankovi\u010dov\u00e1 - Origin\u00e1ln\u00ed obrazy","description":"Malby inspirovan\u00e9 p\u0159\u00edrodou","publisher":{"@id":"https:\/\/aiyannadreamsart.com\/#\/schema\/person\/f54f796fe61b6c5c84e2ad4dc0f7ff00"},"potentialAction":[{"@type":"SearchAction","target":{"@type":"EntryPoint","urlTemplate":"https:\/\/aiyannadreamsart.com\/?s={search_term_string}"},"query-input":{"@type":"PropertyValueSpecification","valueRequired":true,"valueName":"search_term_string"}}],"inLanguage":"cs"},{"@type":["Person","Organization"],"@id":"https:\/\/aiyannadreamsart.com\/#\/schema\/person\/f54f796fe61b6c5c84e2ad4dc0f7ff00","name":"Anna Jankovi\u010dov\u00e1","image":{"@type":"ImageObject","inLanguage":"cs","@id":"https:\/\/mlcrcy0krp3e.i.optimole.com\/w:auto\/h:auto\/q:mauto\/f:best\/https:\/\/annajankovic.art\/wp-content\/uploads\/2022\/12\/Anna_Jankovic_logo-e1771085739954.png","url":"https:\/\/mlcrcy0krp3e.i.optimole.com\/w:auto\/h:auto\/q:mauto\/f:best\/https:\/\/annajankovic.art\/wp-content\/uploads\/2022\/12\/Anna_Jankovic_logo-e1771085739954.png","contentUrl":"https:\/\/mlcrcy0krp3e.i.optimole.com\/w:auto\/h:auto\/q:mauto\/f:best\/https:\/\/annajankovic.art\/wp-content\/uploads\/2022\/12\/Anna_Jankovic_logo-e1771085739954.png","width":300,"height":108,"caption":"Anna Jankovi\u010dov\u00e1"},"logo":{"@id":"https:\/\/mlcrcy0krp3e.i.optimole.com\/w:auto\/h:auto\/q:mauto\/f:best\/https:\/\/annajankovic.art\/wp-content\/uploads\/2022\/12\/Anna_Jankovic_logo-e1771085739954.png"},"sameAs":["https:\/\/www.annajankovic.art","https:\/\/www.facebook.com\/AnnaJankovic.art","https:\/\/www.instagram.com\/annajankovic.art","https:\/\/pinterest.com\/aiyannafilova\/"]}]}},"jetpack_sharing_enabled":true,"_links":{"self":[{"href":"https:\/\/annajankovic.art\/cz\/wp-json\/wp\/v2\/product\/15215","targetHints":{"allow":["GET"]}}],"collection":[{"href":"https:\/\/annajankovic.art\/cz\/wp-json\/wp\/v2\/product"}],"about":[{"href":"https:\/\/annajankovic.art\/cz\/wp-json\/wp\/v2\/types\/product"}],"version-history":[{"count":0,"href":"https:\/\/annajankovic.art\/cz\/wp-json\/wp\/v2\/product\/15215\/revisions"}],"wp:featuredmedia":[{"embeddable":true,"href":"https:\/\/annajankovic.art\/cz\/wp-json\/wp\/v2\/media\/15066"}],"wp:attachment":[{"href":"https:\/\/annajankovic.art\/cz\/wp-json\/wp\/v2\/media?parent=15215"}],"wp:term":[{"taxonomy":"product_brand","embeddable":true,"href":"https:\/\/annajankovic.art\/cz\/wp-json\/wp\/v2\/product_brand?post=15215"},{"taxonomy":"product_cat","embeddable":true,"href":"https:\/\/annajankovic.art\/cz\/wp-json\/wp\/v2\/product_cat?post=15215"},{"taxonomy":"product_tag","embeddable":true,"href":"https:\/\/annajankovic.art\/cz\/wp-json\/wp\/v2\/product_tag?post=15215"}],"curies":[{"name":"wp","href":"https:\/\/api.w.org\/{rel}","templated":true}]}}