{"id":15954,"date":"2026-01-04T15:07:07","date_gmt":"2026-01-04T14:07:07","guid":{"rendered":"https:\/\/annajankovic.art\/?post_type=product&#038;p=15954"},"modified":"2026-01-10T15:59:37","modified_gmt":"2026-01-10T14:59:37","slug":"galaxies","status":"publish","type":"product","link":"https:\/\/annajankovic.art\/cz\/shop\/galaxies\/","title":{"rendered":"Galaxie, 40x50 cm"},"content":{"rendered":"<p data-start=\"129\" data-end=\"242\"><strong data-start=\"129\" data-end=\"242\">Abstraktn\u00ed malba na pl\u00e1tn\u011b na lepence plynouc\u00ed v t\u00f3nech fialov\u00e9, r\u016f\u017eov\u00e9, modr\u00e9 a jemn\u00fdch zlat\u00fdch akcent\u016f.<\/strong><\/p>\n<p data-start=\"244\" data-end=\"378\">Obraz p\u0159in\u00e1\u0161\u00ed do prostoru klid a modern\u00ed eleganci a nejl\u00e9pe vynikne zar\u00e1movan\u00fd s paspartou.<\/p>\n<p data-start=\"380\" data-end=\"400\"><strong data-start=\"380\" data-end=\"389\">Vhodn\u00fd pro milovn\u00edky sou\u010dasn\u00e9ho abstraktn\u00edho um\u011bn\u00ed i jako citliv\u00fd d\u00e1rek k nov\u00e9mu domovu.<\/strong><\/p>\n<p data-start=\"380\" data-end=\"400\"><strong data-start=\"380\" data-end=\"389\">Rozm\u011bry:<\/strong> Rozm\u011br: 40 \u00d7 50 cm<\/p>\n<p data-start=\"504\" data-end=\"580\"><strong data-start=\"504\" data-end=\"518\">akrylov\u00e9 barvy, akrylov\u00e9 fixy, leskl\u00fd lak, mal\u00ed\u0159sk\u00e1 lepenka.<\/strong> acrylic paint, acrylic markers, glossy varnish, canvas board.<\/p>","protected":false},"excerpt":{"rendered":"<p>Abstraktn\u00ed malba plynouc\u00ed v t\u00f3nech fialov\u00e9, r\u016f\u017eov\u00e9, modr\u00e9 a jemn\u00fdch zlat\u00fdch akcent\u016f. Origin\u00e1ln\u00ed malba na pl\u00e1tn\u011b na desce.<\/p>\n<p>Obraz p\u0159in\u00e1\u0161\u00ed do prostoru klid a modern\u00ed eleganci a nejl\u00e9pe vynikne zar\u00e1movan\u00fd s paspartou.<\/p>\n<p>Size: 40 x 50 cm<\/p>","protected":false},"featured_media":15961,"template":"","meta":[],"product_brand":[],"product_cat":[22],"product_tag":[229,32,168,119,342],"class_list":{"0":"post-15954","1":"product","2":"type-product","3":"status-publish","4":"has-post-thumbnail","6":"product_cat-abstract-paintings","7":"product_tag-abstract-art","8":"product_tag-acrylic","9":"product_tag-canvas-board","10":"product_tag-fluid_acrylics","11":"product_tag-unframed","12":"product_shipping_class-big-art","14":"entry","15":"has-media","17":"first","18":"instock","19":"sold-individually","20":"shipping-taxable","21":"purchasable","22":"product-type-simple","23":"col","24":"span_1_of_3","25":"owp-content-center","26":"item-entry","27":"owp-thumbs-layout-horizontal","28":"owp-btn-normal","29":"owp-tabs-layout-section","30":"circle-sale"},"yoast_head":"<!-- This site is optimized with the Yoast SEO plugin v27.4 - https:\/\/yoast.com\/product\/yoast-seo-wordpress\/ -->\n<title>Galaxies 40x50 cm - Anna Jankovi\u010dov\u00e1 - Origin\u00e1ln\u00ed obrazy<\/title>\n<meta name=\"robots\" content=\"index, follow, max-snippet:-1, max-image-preview:large, max-video-preview:-1\" \/>\n<link rel=\"canonical\" href=\"https:\/\/annajankovic.art\/cz\/shop\/galaxies\/\" \/>\n<meta property=\"og:locale\" content=\"cs_CZ\" \/>\n<meta property=\"og:type\" content=\"article\" \/>\n<meta property=\"og:title\" content=\"Galaxies 40x50 cm - Anna Jankovi\u010dov\u00e1 - Origin\u00e1ln\u00ed obrazy\" \/>\n<meta property=\"og:description\" content=\"Purple, pink, blue and gold fluid abstract painting. Original artwork on canvas board.  This modern abstract piece brings soft movement and depth to any interior and looks especially beautiful when framed with a mat board.  Size: 40 x 50 cm\" \/>\n<meta property=\"og:url\" content=\"https:\/\/annajankovic.art\/cz\/shop\/galaxies\/\" \/>\n<meta property=\"og:site_name\" content=\"Anna Jankovi\u010dov\u00e1 - Origin\u00e1ln\u00ed obrazy\" \/>\n<meta property=\"article:publisher\" content=\"https:\/\/www.facebook.com\/AnnaJankovic.art\" \/>\n<meta property=\"article:modified_time\" content=\"2026-01-10T14:59:37+00:00\" \/>\n<meta property=\"og:image\" content=\"https:\/\/mlcrcy0krp3e.i.optimole.com\/w:975\/h:1024\/q:mauto\/f:best\/https:\/\/annajankovic.art\/wp-content\/uploads\/2026\/01\/1000040318-e1768038377426.png\" \/>\n\t<meta property=\"og:image:width\" content=\"975\" \/>\n\t<meta property=\"og:image:height\" content=\"1024\" \/>\n\t<meta property=\"og:image:type\" content=\"image\/png\" \/>\n<meta name=\"twitter:card\" content=\"summary_large_image\" \/>\n<meta name=\"twitter:label1\" content=\"Odhadovan\u00e1 doba \u010dten\u00ed\" \/>\n\t<meta name=\"twitter:data1\" content=\"1 minuta\" \/>\n<script type=\"application\/ld+json\" class=\"yoast-schema-graph\">{\"@context\":\"https:\\\/\\\/schema.org\",\"@graph\":[{\"@type\":\"WebPage\",\"@id\":\"https:\\\/\\\/annajankovic.art\\\/shop\\\/galaxies\\\/\",\"url\":\"https:\\\/\\\/annajankovic.art\\\/shop\\\/galaxies\\\/\",\"name\":\"Galaxies 40x50 cm - Anna Jankovi\u010dov\u00e1 - Origin\u00e1ln\u00ed obrazy\",\"isPartOf\":{\"@id\":\"https:\\\/\\\/aiyannadreamsart.com\\\/#website\"},\"primaryImageOfPage\":{\"@id\":\"https:\\\/\\\/annajankovic.art\\\/shop\\\/galaxies\\\/#primaryimage\"},\"image\":{\"@id\":\"https:\\\/\\\/annajankovic.art\\\/shop\\\/galaxies\\\/#primaryimage\"},\"thumbnailUrl\":\"https:\\/\\/annajankovic.art\\/wp-content\\/uploads\\/2026\\/01\\/1000040318-e1768038377426.png\",\"datePublished\":\"2026-01-04T14:07:07+00:00\",\"dateModified\":\"2026-01-10T14:59:37+00:00\",\"breadcrumb\":{\"@id\":\"https:\\\/\\\/annajankovic.art\\\/shop\\\/galaxies\\\/#breadcrumb\"},\"inLanguage\":\"cs\",\"potentialAction\":[{\"@type\":\"ReadAction\",\"target\":[\"https:\\\/\\\/annajankovic.art\\\/shop\\\/galaxies\\\/\"]}]},{\"@type\":\"ImageObject\",\"inLanguage\":\"cs\",\"@id\":\"https:\\\/\\\/annajankovic.art\\\/shop\\\/galaxies\\\/#primaryimage\",\"url\":\"https:\\/\\/annajankovic.art\\/wp-content\\/uploads\\/2026\\/01\\/1000040318-e1768038377426.png\",\"contentUrl\":\"https:\\/\\/annajankovic.art\\/wp-content\\/uploads\\/2026\\/01\\/1000040318-e1768038377426.png\",\"width\":1777,\"height\":1867},{\"@type\":\"BreadcrumbList\",\"@id\":\"https:\\\/\\\/annajankovic.art\\\/shop\\\/galaxies\\\/#breadcrumb\",\"itemListElement\":[{\"@type\":\"ListItem\",\"position\":1,\"name\":\"Home\",\"item\":\"https:\\\/\\\/annajankovic.art\\\/\"},{\"@type\":\"ListItem\",\"position\":2,\"name\":\"Shop\",\"item\":\"https:\\\/\\\/annajankovic.art\\\/shop\\\/\"},{\"@type\":\"ListItem\",\"position\":3,\"name\":\"Galaxies 40&#215;50 cm\"}]},{\"@type\":\"WebSite\",\"@id\":\"https:\\\/\\\/aiyannadreamsart.com\\\/#website\",\"url\":\"https:\\\/\\\/aiyannadreamsart.com\\\/\",\"name\":\"Anna Jankovi\u010dov\u00e1 - Origin\u00e1ln\u00ed obrazy\",\"description\":\"Malby inspirovan\u00e9 p\u0159\u00edrodou\",\"publisher\":{\"@id\":\"https:\\\/\\\/aiyannadreamsart.com\\\/#\\\/schema\\\/person\\\/f54f796fe61b6c5c84e2ad4dc0f7ff00\"},\"potentialAction\":[{\"@type\":\"SearchAction\",\"target\":{\"@type\":\"EntryPoint\",\"urlTemplate\":\"https:\\\/\\\/aiyannadreamsart.com\\\/?s={search_term_string}\"},\"query-input\":{\"@type\":\"PropertyValueSpecification\",\"valueRequired\":true,\"valueName\":\"search_term_string\"}}],\"inLanguage\":\"cs\"},{\"@type\":[\"Person\",\"Organization\"],\"@id\":\"https:\\\/\\\/aiyannadreamsart.com\\\/#\\\/schema\\\/person\\\/f54f796fe61b6c5c84e2ad4dc0f7ff00\",\"name\":\"Anna Jankovi\u010dov\u00e1\",\"image\":{\"@type\":\"ImageObject\",\"inLanguage\":\"cs\",\"@id\":\"https:\\/\\/annajankovic.art\\/wp-content\\/uploads\\/2022\\/12\\/Anna_Jankovic_logo-e1771085739954.png\",\"url\":\"https:\\/\\/annajankovic.art\\/wp-content\\/uploads\\/2022\\/12\\/Anna_Jankovic_logo-e1771085739954.png\",\"contentUrl\":\"https:\\/\\/annajankovic.art\\/wp-content\\/uploads\\/2022\\/12\\/Anna_Jankovic_logo-e1771085739954.png\",\"width\":300,\"height\":108,\"caption\":\"Anna Jankovi\u010dov\u00e1\"},\"logo\":{\"@id\":\"https:\\/\\/annajankovic.art\\/wp-content\\/uploads\\/2022\\/12\\/Anna_Jankovic_logo-e1771085739954.png\"},\"sameAs\":[\"https:\\\/\\\/www.annajankovic.art\",\"https:\\\/\\\/www.facebook.com\\\/AnnaJankovic.art\",\"https:\\\/\\\/www.instagram.com\\\/annajankovic.art\",\"https:\\\/\\\/pinterest.com\\\/aiyannafilova\\\/\"]}]}<\/script>\n<!-- \/ Yoast SEO plugin. -->","yoast_head_json":{"title":"Galaxies 40x50 cm - Anna Jankovi\u010dov\u00e1 - Origin\u00e1ln\u00ed obrazy","robots":{"index":"index","follow":"follow","max-snippet":"max-snippet:-1","max-image-preview":"max-image-preview:large","max-video-preview":"max-video-preview:-1"},"canonical":"https:\/\/annajankovic.art\/cz\/shop\/galaxies\/","og_locale":"cs_CZ","og_type":"article","og_title":"Galaxies 40x50 cm - Anna Jankovi\u010dov\u00e1 - Origin\u00e1ln\u00ed obrazy","og_description":"Purple, pink, blue and gold fluid abstract painting. Original artwork on canvas board.  This modern abstract piece brings soft movement and depth to any interior and looks especially beautiful when framed with a mat board.  Size: 40 x 50 cm","og_url":"https:\/\/annajankovic.art\/cz\/shop\/galaxies\/","og_site_name":"Anna Jankovi\u010dov\u00e1 - Origin\u00e1ln\u00ed obrazy","article_publisher":"https:\/\/www.facebook.com\/AnnaJankovic.art","article_modified_time":"2026-01-10T14:59:37+00:00","og_image":[{"width":975,"height":1024,"url":"https:\/\/mlcrcy0krp3e.i.optimole.com\/w:975\/h:1024\/q:mauto\/f:best\/https:\/\/annajankovic.art\/wp-content\/uploads\/2026\/01\/1000040318-e1768038377426.png","type":"image\/png"}],"twitter_card":"summary_large_image","twitter_misc":{"Odhadovan\u00e1 doba \u010dten\u00ed":"1 minuta"},"schema":{"@context":"https:\/\/schema.org","@graph":[{"@type":"WebPage","@id":"https:\/\/annajankovic.art\/shop\/galaxies\/","url":"https:\/\/annajankovic.art\/shop\/galaxies\/","name":"Galaxies 40x50 cm - Anna Jankovi\u010dov\u00e1 - Origin\u00e1ln\u00ed obrazy","isPartOf":{"@id":"https:\/\/aiyannadreamsart.com\/#website"},"primaryImageOfPage":{"@id":"https:\/\/annajankovic.art\/shop\/galaxies\/#primaryimage"},"image":{"@id":"https:\/\/annajankovic.art\/shop\/galaxies\/#primaryimage"},"thumbnailUrl":"https:\/\/mlcrcy0krp3e.i.optimole.com\/w:auto\/h:auto\/q:mauto\/f:best\/https:\/\/annajankovic.art\/wp-content\/uploads\/2026\/01\/1000040318-e1768038377426.png","datePublished":"2026-01-04T14:07:07+00:00","dateModified":"2026-01-10T14:59:37+00:00","breadcrumb":{"@id":"https:\/\/annajankovic.art\/shop\/galaxies\/#breadcrumb"},"inLanguage":"cs","potentialAction":[{"@type":"ReadAction","target":["https:\/\/annajankovic.art\/shop\/galaxies\/"]}]},{"@type":"ImageObject","inLanguage":"cs","@id":"https:\/\/annajankovic.art\/shop\/galaxies\/#primaryimage","url":"https:\/\/mlcrcy0krp3e.i.optimole.com\/w:auto\/h:auto\/q:mauto\/f:best\/https:\/\/annajankovic.art\/wp-content\/uploads\/2026\/01\/1000040318-e1768038377426.png","contentUrl":"https:\/\/mlcrcy0krp3e.i.optimole.com\/w:auto\/h:auto\/q:mauto\/f:best\/https:\/\/annajankovic.art\/wp-content\/uploads\/2026\/01\/1000040318-e1768038377426.png","width":1777,"height":1867},{"@type":"BreadcrumbList","@id":"https:\/\/annajankovic.art\/shop\/galaxies\/#breadcrumb","itemListElement":[{"@type":"ListItem","position":1,"name":"Home","item":"https:\/\/annajankovic.art\/"},{"@type":"ListItem","position":2,"name":"Shop","item":"https:\/\/annajankovic.art\/shop\/"},{"@type":"ListItem","position":3,"name":"Galaxies 40&#215;50 cm"}]},{"@type":"WebSite","@id":"https:\/\/aiyannadreamsart.com\/#website","url":"https:\/\/aiyannadreamsart.com\/","name":"Anna Jankovi\u010dov\u00e1 - Origin\u00e1ln\u00ed obrazy","description":"Malby inspirovan\u00e9 p\u0159\u00edrodou","publisher":{"@id":"https:\/\/aiyannadreamsart.com\/#\/schema\/person\/f54f796fe61b6c5c84e2ad4dc0f7ff00"},"potentialAction":[{"@type":"SearchAction","target":{"@type":"EntryPoint","urlTemplate":"https:\/\/aiyannadreamsart.com\/?s={search_term_string}"},"query-input":{"@type":"PropertyValueSpecification","valueRequired":true,"valueName":"search_term_string"}}],"inLanguage":"cs"},{"@type":["Person","Organization"],"@id":"https:\/\/aiyannadreamsart.com\/#\/schema\/person\/f54f796fe61b6c5c84e2ad4dc0f7ff00","name":"Anna Jankovi\u010dov\u00e1","image":{"@type":"ImageObject","inLanguage":"cs","@id":"https:\/\/mlcrcy0krp3e.i.optimole.com\/w:auto\/h:auto\/q:mauto\/f:best\/https:\/\/annajankovic.art\/wp-content\/uploads\/2022\/12\/Anna_Jankovic_logo-e1771085739954.png","url":"https:\/\/mlcrcy0krp3e.i.optimole.com\/w:auto\/h:auto\/q:mauto\/f:best\/https:\/\/annajankovic.art\/wp-content\/uploads\/2022\/12\/Anna_Jankovic_logo-e1771085739954.png","contentUrl":"https:\/\/mlcrcy0krp3e.i.optimole.com\/w:auto\/h:auto\/q:mauto\/f:best\/https:\/\/annajankovic.art\/wp-content\/uploads\/2022\/12\/Anna_Jankovic_logo-e1771085739954.png","width":300,"height":108,"caption":"Anna Jankovi\u010dov\u00e1"},"logo":{"@id":"https:\/\/mlcrcy0krp3e.i.optimole.com\/w:auto\/h:auto\/q:mauto\/f:best\/https:\/\/annajankovic.art\/wp-content\/uploads\/2022\/12\/Anna_Jankovic_logo-e1771085739954.png"},"sameAs":["https:\/\/www.annajankovic.art","https:\/\/www.facebook.com\/AnnaJankovic.art","https:\/\/www.instagram.com\/annajankovic.art","https:\/\/pinterest.com\/aiyannafilova\/"]}]}},"jetpack_sharing_enabled":true,"_links":{"self":[{"href":"https:\/\/annajankovic.art\/cz\/wp-json\/wp\/v2\/product\/15954","targetHints":{"allow":["GET"]}}],"collection":[{"href":"https:\/\/annajankovic.art\/cz\/wp-json\/wp\/v2\/product"}],"about":[{"href":"https:\/\/annajankovic.art\/cz\/wp-json\/wp\/v2\/types\/product"}],"version-history":[{"count":0,"href":"https:\/\/annajankovic.art\/cz\/wp-json\/wp\/v2\/product\/15954\/revisions"}],"wp:featuredmedia":[{"embeddable":true,"href":"https:\/\/annajankovic.art\/cz\/wp-json\/wp\/v2\/media\/15961"}],"wp:attachment":[{"href":"https:\/\/annajankovic.art\/cz\/wp-json\/wp\/v2\/media?parent=15954"}],"wp:term":[{"taxonomy":"product_brand","embeddable":true,"href":"https:\/\/annajankovic.art\/cz\/wp-json\/wp\/v2\/product_brand?post=15954"},{"taxonomy":"product_cat","embeddable":true,"href":"https:\/\/annajankovic.art\/cz\/wp-json\/wp\/v2\/product_cat?post=15954"},{"taxonomy":"product_tag","embeddable":true,"href":"https:\/\/annajankovic.art\/cz\/wp-json\/wp\/v2\/product_tag?post=15954"}],"curies":[{"name":"wp","href":"https:\/\/api.w.org\/{rel}","templated":true}]}}