{"id":16031,"date":"2026-01-30T16:40:46","date_gmt":"2026-01-30T15:40:46","guid":{"rendered":"https:\/\/annajankovic.art\/?post_type=product&#038;p=16031"},"modified":"2026-01-31T10:02:03","modified_gmt":"2026-01-31T09:02:03","slug":"held-by-faith","status":"publish","type":"product","link":"https:\/\/annajankovic.art\/cz\/shop\/held-by-faith\/","title":{"rendered":"V\u00edra t\u011b podr\u017e\u00ed - abstraktn\u00ed malba na pl\u00e1tn\u011b, 100x80cm"},"content":{"rendered":"<p>Held by faith je abstraktn\u00ed obraz o viere jako vnit\u0159n\u00ed opore.<br \/>\nNe jako jistot\u011b, ale jako hlubok\u00e9 d\u016fv\u011b\u0159e, kter\u00e1 vyr\u016fst\u00e1 potichu \u2013 z m\u00edsta, kter\u00e9 nevid\u00edme, ale c\u00edt\u00edme v sob\u011b.<br \/>\nObraz pracuje s motivem dr\u017een\u00ed a veden\u00ed.<br \/>\nS pocitem, \u017ee aj v momentech neistoty existuje n\u011bco, o co sa m\u016f\u017eeme op\u0159\u00edt.<br \/>\nV\u00edra zde nen\u00ed odpov\u011bd\u00ed, ale p\u0159\u00edtomnost\u00ed.<br \/>\nTichou silou, kter\u00e1 n\u00e1s prov\u00e1z\u00ed v lehk\u00fdch i n\u00e1ro\u010dn\u00fdch obdob\u00edch a p\u0159in\u00e1\u0161\u00ed klid i tehdy, kdy\u017e sm\u011br je\u0161t\u011b nen\u00ed jasn\u00fd.<br \/>\nD\u00edlo je vhodn\u00e9 do interi\u00e9r\u016f, kde je d\u016fle\u017eit\u00e1 atmosf\u00e9ra klidu, hloubky a d\u016fv\u011bry.<br \/>\nPodporuje zpomalen\u00ed a vnit\u0159n\u00ed rovnov\u00e1hu prostoru.<\/p>\n<p>\u2014 \u2013 \u2013 \u2013<\/p>\n<p>Ru\u010dn\u011b malovan\u00e9 na pl\u00e1tn\u011b na blind r\u00e1mu. H\u00e1\u010dky k pov\u011b\u0161en\u00ed obrazu m\u016f\u017eu nainstalovat na va\u0161i \u017e\u00e1dost. Dejte mi v\u011bd\u011bt, jak budete cht\u00edt obraz pov\u011bsit (kterou stranou nahoru), abych mohla nainstalovat h\u00e1\u010dky a taky podle toho podepsat obraz.<\/p>\n<p>Abstraktn\u00ed obraz je nalakovan\u00fd (2 vrstvy) pro ochranu proti UV z\u00e1\u0159en\u00ed a prachu. Malovan\u00fd kombinovanou technikou.<\/p>\n<p>Materi\u00e1l: pl\u00e1tno nata\u017een\u00e9 na d\u0159ev\u011bn\u00e9m r\u00e1mu, akrylov\u00e1 barva, alkoholov\u00fd inkoust, zlat\u00e1 barva, leskl\u00fd lak.<\/p>\n<p>\u2014 \u2013 \u2013 \u2013<\/p>\n<p>M\u016f\u017eete sledovat m\u00e9 nejnov\u011bj\u0161\u00ed obrazy <a href=\"https:\/\/www.instagram.com\/aiyannadreams_art\/\">na m\u00e9m Instagramu.<\/a>.<\/p>","protected":false},"excerpt":{"rendered":"<p>Held by faith je abstraktn\u00ed obraz o viere jako vnit\u0159n\u00ed opore.<\/p>\n<p>S pocitem, \u017ee aj v momentech neistoty existuje n\u011bco, o co sa m\u016f\u017eeme op\u0159\u00edt.<\/p>\n<p>Rozm\u011bry: 100 x 80 cm<\/p>","protected":false},"featured_media":16037,"template":"","meta":[],"product_brand":[],"product_cat":[22],"product_tag":[229,32,119,203,225],"class_list":{"0":"post-16031","1":"product","2":"type-product","3":"status-publish","4":"has-post-thumbnail","6":"product_cat-abstract-paintings","7":"product_tag-abstract-art","8":"product_tag-acrylic","9":"product_tag-fluid_acrylics","10":"product_tag-gallery-wrapped-canvas","11":"product_tag-painting-on-canvas","12":"product_shipping_class-huge-art","14":"entry","15":"has-media","17":"first","18":"instock","19":"shipping-taxable","20":"purchasable","21":"product-type-simple","22":"col","23":"span_1_of_3","24":"owp-content-center","25":"item-entry","26":"owp-thumbs-layout-horizontal","27":"owp-btn-normal","28":"owp-tabs-layout-section","29":"circle-sale"},"yoast_head":"<!-- This site is optimized with the Yoast SEO plugin v27.5 - https:\/\/yoast.com\/product\/yoast-seo-wordpress\/ -->\n<title>Held by faith - abstract painting on canvas, 100x80cm - Anna Jankovi\u010dov\u00e1 - Origin\u00e1ln\u00ed obrazy<\/title>\n<meta name=\"description\" content=\"Romantic and feminine abstract painting on canvas. Perfect idea for a Mother&#039;s day gift. Soft and kind artwork in pink colors.\" \/>\n<meta name=\"robots\" content=\"index, follow, max-snippet:-1, max-image-preview:large, max-video-preview:-1\" \/>\n<link rel=\"canonical\" href=\"https:\/\/annajankovic.art\/cz\/shop\/held-by-faith\/\" \/>\n<meta property=\"og:locale\" content=\"cs_CZ\" \/>\n<meta property=\"og:type\" content=\"article\" \/>\n<meta property=\"og:title\" content=\"Held by faith - abstract painting on canvas, 100x80cm - Anna Jankovi\u010dov\u00e1 - Origin\u00e1ln\u00ed obrazy\" \/>\n<meta property=\"og:description\" content=\"Romantic and feminine abstract painting on canvas. Perfect idea for a Mother&#039;s day gift. Soft and kind artwork in pink colors.\" \/>\n<meta property=\"og:url\" content=\"https:\/\/annajankovic.art\/cz\/shop\/held-by-faith\/\" \/>\n<meta property=\"og:site_name\" content=\"Anna Jankovi\u010dov\u00e1 - Origin\u00e1ln\u00ed obrazy\" \/>\n<meta property=\"article:publisher\" content=\"https:\/\/www.facebook.com\/AnnaJankovic.art\" \/>\n<meta property=\"article:modified_time\" content=\"2026-01-31T09:02:03+00:00\" \/>\n<meta property=\"og:image\" content=\"https:\/\/mlcrcy0krp3e.i.optimole.com\/w:1024\/h:1012\/q:mauto\/f:best\/https:\/\/annajankovic.art\/wp-content\/uploads\/2026\/01\/wallpicture_240721_113842.png\" \/>\n\t<meta property=\"og:image:width\" content=\"1024\" \/>\n\t<meta property=\"og:image:height\" content=\"1012\" \/>\n\t<meta property=\"og:image:type\" content=\"image\/png\" \/>\n<meta name=\"twitter:card\" content=\"summary_large_image\" \/>\n<meta name=\"twitter:label1\" content=\"Odhadovan\u00e1 doba \u010dten\u00ed\" \/>\n\t<meta name=\"twitter:data1\" content=\"1 minuta\" \/>\n<script type=\"application\/ld+json\" class=\"yoast-schema-graph\">{\"@context\":\"https:\\\/\\\/schema.org\",\"@graph\":[{\"@type\":\"WebPage\",\"@id\":\"https:\\\/\\\/annajankovic.art\\\/shop\\\/held-by-faith\\\/\",\"url\":\"https:\\\/\\\/annajankovic.art\\\/shop\\\/held-by-faith\\\/\",\"name\":\"Held by faith - abstract painting on canvas, 100x80cm - Anna Jankovi\u010dov\u00e1 - Origin\u00e1ln\u00ed obrazy\",\"isPartOf\":{\"@id\":\"https:\\\/\\\/aiyannadreamsart.com\\\/#website\"},\"primaryImageOfPage\":{\"@id\":\"https:\\\/\\\/annajankovic.art\\\/shop\\\/held-by-faith\\\/#primaryimage\"},\"image\":{\"@id\":\"https:\\\/\\\/annajankovic.art\\\/shop\\\/held-by-faith\\\/#primaryimage\"},\"thumbnailUrl\":\"https:\\/\\/annajankovic.art\\/wp-content\\/uploads\\/2026\\/01\\/wallpicture_260131_095245-e1770557246840.png\",\"datePublished\":\"2026-01-30T15:40:46+00:00\",\"dateModified\":\"2026-01-31T09:02:03+00:00\",\"description\":\"Romantic and feminine abstract painting on canvas. Perfect idea for a Mother's day gift. Soft and kind artwork in pink colors.\",\"breadcrumb\":{\"@id\":\"https:\\\/\\\/annajankovic.art\\\/shop\\\/held-by-faith\\\/#breadcrumb\"},\"inLanguage\":\"cs\",\"potentialAction\":[{\"@type\":\"ReadAction\",\"target\":[\"https:\\\/\\\/annajankovic.art\\\/shop\\\/held-by-faith\\\/\"]}]},{\"@type\":\"ImageObject\",\"inLanguage\":\"cs\",\"@id\":\"https:\\\/\\\/annajankovic.art\\\/shop\\\/held-by-faith\\\/#primaryimage\",\"url\":\"https:\\/\\/annajankovic.art\\/wp-content\\/uploads\\/2026\\/01\\/wallpicture_260131_095245-e1770557246840.png\",\"contentUrl\":\"https:\\/\\/annajankovic.art\\/wp-content\\/uploads\\/2026\\/01\\/wallpicture_260131_095245-e1770557246840.png\",\"width\":1638,\"height\":1905,\"caption\":\"abstraktn\u00ed malba na pl\u00e1tn\u011b\"},{\"@type\":\"BreadcrumbList\",\"@id\":\"https:\\\/\\\/annajankovic.art\\\/shop\\\/held-by-faith\\\/#breadcrumb\",\"itemListElement\":[{\"@type\":\"ListItem\",\"position\":1,\"name\":\"Home\",\"item\":\"https:\\\/\\\/annajankovic.art\\\/\"},{\"@type\":\"ListItem\",\"position\":2,\"name\":\"Shop\",\"item\":\"https:\\\/\\\/annajankovic.art\\\/shop\\\/\"},{\"@type\":\"ListItem\",\"position\":3,\"name\":\"Held by faith &#8211; abstract painting on canvas, 100x80cm\"}]},{\"@type\":\"WebSite\",\"@id\":\"https:\\\/\\\/aiyannadreamsart.com\\\/#website\",\"url\":\"https:\\\/\\\/aiyannadreamsart.com\\\/\",\"name\":\"Anna Jankovi\u010dov\u00e1 - Origin\u00e1ln\u00ed obrazy\",\"description\":\"Malby inspirovan\u00e9 p\u0159\u00edrodou\",\"publisher\":{\"@id\":\"https:\\\/\\\/aiyannadreamsart.com\\\/#\\\/schema\\\/person\\\/f54f796fe61b6c5c84e2ad4dc0f7ff00\"},\"potentialAction\":[{\"@type\":\"SearchAction\",\"target\":{\"@type\":\"EntryPoint\",\"urlTemplate\":\"https:\\\/\\\/aiyannadreamsart.com\\\/?s={search_term_string}\"},\"query-input\":{\"@type\":\"PropertyValueSpecification\",\"valueRequired\":true,\"valueName\":\"search_term_string\"}}],\"inLanguage\":\"cs\"},{\"@type\":[\"Person\",\"Organization\"],\"@id\":\"https:\\\/\\\/aiyannadreamsart.com\\\/#\\\/schema\\\/person\\\/f54f796fe61b6c5c84e2ad4dc0f7ff00\",\"name\":\"Anna Jankovi\u010dov\u00e1\",\"image\":{\"@type\":\"ImageObject\",\"inLanguage\":\"cs\",\"@id\":\"https:\\/\\/annajankovic.art\\/wp-content\\/uploads\\/2022\\/12\\/Anna_Jankovic_logo-e1771085739954.png\",\"url\":\"https:\\/\\/annajankovic.art\\/wp-content\\/uploads\\/2022\\/12\\/Anna_Jankovic_logo-e1771085739954.png\",\"contentUrl\":\"https:\\/\\/annajankovic.art\\/wp-content\\/uploads\\/2022\\/12\\/Anna_Jankovic_logo-e1771085739954.png\",\"width\":300,\"height\":108,\"caption\":\"Anna Jankovi\u010dov\u00e1\"},\"logo\":{\"@id\":\"https:\\/\\/annajankovic.art\\/wp-content\\/uploads\\/2022\\/12\\/Anna_Jankovic_logo-e1771085739954.png\"},\"sameAs\":[\"https:\\\/\\\/www.annajankovic.art\",\"https:\\\/\\\/www.facebook.com\\\/AnnaJankovic.art\",\"https:\\\/\\\/www.instagram.com\\\/annajankovic.art\",\"https:\\\/\\\/pinterest.com\\\/aiyannafilova\\\/\"]}]}<\/script>\n<!-- \/ Yoast SEO plugin. -->","yoast_head_json":{"title":"Held by faith - abstract painting on canvas, 100x80cm - Anna Jankovi\u010dov\u00e1 - Origin\u00e1ln\u00ed obrazy","description":"Romantic and feminine abstract painting on canvas. Perfect idea for a Mother's day gift. Soft and kind artwork in pink colors.","robots":{"index":"index","follow":"follow","max-snippet":"max-snippet:-1","max-image-preview":"max-image-preview:large","max-video-preview":"max-video-preview:-1"},"canonical":"https:\/\/annajankovic.art\/cz\/shop\/held-by-faith\/","og_locale":"cs_CZ","og_type":"article","og_title":"Held by faith - abstract painting on canvas, 100x80cm - Anna Jankovi\u010dov\u00e1 - Origin\u00e1ln\u00ed obrazy","og_description":"Romantic and feminine abstract painting on canvas. Perfect idea for a Mother's day gift. Soft and kind artwork in pink colors.","og_url":"https:\/\/annajankovic.art\/cz\/shop\/held-by-faith\/","og_site_name":"Anna Jankovi\u010dov\u00e1 - Origin\u00e1ln\u00ed obrazy","article_publisher":"https:\/\/www.facebook.com\/AnnaJankovic.art","article_modified_time":"2026-01-31T09:02:03+00:00","og_image":[{"width":1024,"height":1012,"url":"https:\/\/mlcrcy0krp3e.i.optimole.com\/w:1024\/h:1012\/q:mauto\/f:best\/https:\/\/annajankovic.art\/wp-content\/uploads\/2026\/01\/wallpicture_240721_113842.png","type":"image\/png"}],"twitter_card":"summary_large_image","twitter_misc":{"Odhadovan\u00e1 doba \u010dten\u00ed":"1 minuta"},"schema":{"@context":"https:\/\/schema.org","@graph":[{"@type":"WebPage","@id":"https:\/\/annajankovic.art\/shop\/held-by-faith\/","url":"https:\/\/annajankovic.art\/shop\/held-by-faith\/","name":"Held by faith - abstract painting on canvas, 100x80cm - Anna Jankovi\u010dov\u00e1 - Origin\u00e1ln\u00ed obrazy","isPartOf":{"@id":"https:\/\/aiyannadreamsart.com\/#website"},"primaryImageOfPage":{"@id":"https:\/\/annajankovic.art\/shop\/held-by-faith\/#primaryimage"},"image":{"@id":"https:\/\/annajankovic.art\/shop\/held-by-faith\/#primaryimage"},"thumbnailUrl":"https:\/\/mlcrcy0krp3e.i.optimole.com\/w:auto\/h:auto\/q:mauto\/f:best\/https:\/\/annajankovic.art\/wp-content\/uploads\/2026\/01\/wallpicture_260131_095245-e1770557246840.png","datePublished":"2026-01-30T15:40:46+00:00","dateModified":"2026-01-31T09:02:03+00:00","description":"Romantic and feminine abstract painting on canvas. Perfect idea for a Mother's day gift. Soft and kind artwork in pink colors.","breadcrumb":{"@id":"https:\/\/annajankovic.art\/shop\/held-by-faith\/#breadcrumb"},"inLanguage":"cs","potentialAction":[{"@type":"ReadAction","target":["https:\/\/annajankovic.art\/shop\/held-by-faith\/"]}]},{"@type":"ImageObject","inLanguage":"cs","@id":"https:\/\/annajankovic.art\/shop\/held-by-faith\/#primaryimage","url":"https:\/\/mlcrcy0krp3e.i.optimole.com\/w:auto\/h:auto\/q:mauto\/f:best\/https:\/\/annajankovic.art\/wp-content\/uploads\/2026\/01\/wallpicture_260131_095245-e1770557246840.png","contentUrl":"https:\/\/mlcrcy0krp3e.i.optimole.com\/w:auto\/h:auto\/q:mauto\/f:best\/https:\/\/annajankovic.art\/wp-content\/uploads\/2026\/01\/wallpicture_260131_095245-e1770557246840.png","width":1638,"height":1905,"caption":"abstraktn\u00ed malba na pl\u00e1tn\u011b"},{"@type":"BreadcrumbList","@id":"https:\/\/annajankovic.art\/shop\/held-by-faith\/#breadcrumb","itemListElement":[{"@type":"ListItem","position":1,"name":"Home","item":"https:\/\/annajankovic.art\/"},{"@type":"ListItem","position":2,"name":"Shop","item":"https:\/\/annajankovic.art\/shop\/"},{"@type":"ListItem","position":3,"name":"Held by faith &#8211; abstract painting on canvas, 100x80cm"}]},{"@type":"WebSite","@id":"https:\/\/aiyannadreamsart.com\/#website","url":"https:\/\/aiyannadreamsart.com\/","name":"Anna Jankovi\u010dov\u00e1 - Origin\u00e1ln\u00ed obrazy","description":"Malby inspirovan\u00e9 p\u0159\u00edrodou","publisher":{"@id":"https:\/\/aiyannadreamsart.com\/#\/schema\/person\/f54f796fe61b6c5c84e2ad4dc0f7ff00"},"potentialAction":[{"@type":"SearchAction","target":{"@type":"EntryPoint","urlTemplate":"https:\/\/aiyannadreamsart.com\/?s={search_term_string}"},"query-input":{"@type":"PropertyValueSpecification","valueRequired":true,"valueName":"search_term_string"}}],"inLanguage":"cs"},{"@type":["Person","Organization"],"@id":"https:\/\/aiyannadreamsart.com\/#\/schema\/person\/f54f796fe61b6c5c84e2ad4dc0f7ff00","name":"Anna Jankovi\u010dov\u00e1","image":{"@type":"ImageObject","inLanguage":"cs","@id":"https:\/\/mlcrcy0krp3e.i.optimole.com\/w:auto\/h:auto\/q:mauto\/f:best\/https:\/\/annajankovic.art\/wp-content\/uploads\/2022\/12\/Anna_Jankovic_logo-e1771085739954.png","url":"https:\/\/mlcrcy0krp3e.i.optimole.com\/w:auto\/h:auto\/q:mauto\/f:best\/https:\/\/annajankovic.art\/wp-content\/uploads\/2022\/12\/Anna_Jankovic_logo-e1771085739954.png","contentUrl":"https:\/\/mlcrcy0krp3e.i.optimole.com\/w:auto\/h:auto\/q:mauto\/f:best\/https:\/\/annajankovic.art\/wp-content\/uploads\/2022\/12\/Anna_Jankovic_logo-e1771085739954.png","width":300,"height":108,"caption":"Anna Jankovi\u010dov\u00e1"},"logo":{"@id":"https:\/\/mlcrcy0krp3e.i.optimole.com\/w:auto\/h:auto\/q:mauto\/f:best\/https:\/\/annajankovic.art\/wp-content\/uploads\/2022\/12\/Anna_Jankovic_logo-e1771085739954.png"},"sameAs":["https:\/\/www.annajankovic.art","https:\/\/www.facebook.com\/AnnaJankovic.art","https:\/\/www.instagram.com\/annajankovic.art","https:\/\/pinterest.com\/aiyannafilova\/"]}]}},"jetpack_sharing_enabled":true,"_links":{"self":[{"href":"https:\/\/annajankovic.art\/cz\/wp-json\/wp\/v2\/product\/16031","targetHints":{"allow":["GET"]}}],"collection":[{"href":"https:\/\/annajankovic.art\/cz\/wp-json\/wp\/v2\/product"}],"about":[{"href":"https:\/\/annajankovic.art\/cz\/wp-json\/wp\/v2\/types\/product"}],"version-history":[{"count":0,"href":"https:\/\/annajankovic.art\/cz\/wp-json\/wp\/v2\/product\/16031\/revisions"}],"wp:featuredmedia":[{"embeddable":true,"href":"https:\/\/annajankovic.art\/cz\/wp-json\/wp\/v2\/media\/16037"}],"wp:attachment":[{"href":"https:\/\/annajankovic.art\/cz\/wp-json\/wp\/v2\/media?parent=16031"}],"wp:term":[{"taxonomy":"product_brand","embeddable":true,"href":"https:\/\/annajankovic.art\/cz\/wp-json\/wp\/v2\/product_brand?post=16031"},{"taxonomy":"product_cat","embeddable":true,"href":"https:\/\/annajankovic.art\/cz\/wp-json\/wp\/v2\/product_cat?post=16031"},{"taxonomy":"product_tag","embeddable":true,"href":"https:\/\/annajankovic.art\/cz\/wp-json\/wp\/v2\/product_tag?post=16031"}],"curies":[{"name":"wp","href":"https:\/\/api.w.org\/{rel}","templated":true}]}}