{"id":16123,"date":"2026-02-15T10:34:06","date_gmt":"2026-02-15T09:34:06","guid":{"rendered":"https:\/\/annajankovic.art\/?post_type=product&#038;p=16123"},"modified":"2026-02-15T17:33:30","modified_gmt":"2026-02-15T16:33:30","slug":"silence-beneath-the-surface","status":"publish","type":"product","link":"https:\/\/annajankovic.art\/cz\/shop\/silence-beneath-the-surface\/","title":{"rendered":"Ticho pod hladinou - modro zlat\u00fd abstraktn\u00ed obraz, 120x100cm"},"content":{"rendered":"<p><b>Silence Beneath the Surface is an original artwork. <\/b>It <span style=\"font-weight: 400;\">evokuje pohled pod mo\u0159skou hladinu \u2013 do prostoru, kde se zvuk tlum\u00ed a pohyb zpomaluje.<\/span><\/p>\n<p><span style=\"font-weight: 400;\">Modr\u00e9 vrstvy vytv\u00e1\u0159ej\u00ed pocit hloubky a pono\u0159en\u00ed, zat\u00edmco jemn\u00e9 sv\u011bteln\u00e9 odlesky p\u0159ipom\u00ednaj\u00ed slune\u010dn\u00ed paprsky pronikaj\u00edc\u00ed vodou. Kontrast sv\u011btla a hlub\u0161\u00edch t\u00f3n\u016f p\u0159in\u00e1\u0161\u00ed do obrazu klid i tichou intenzitu.<\/span><\/p>\n<p><span style=\"font-weight: 400;\">D\u00edlo je o hloubce \u2013 o tom, co se skr\u00fdv\u00e1 pod povrchem.<\/span><span style=\"font-weight: 400;\"><br \/>\n<\/span><span style=\"font-weight: 400;\"> O vnit\u0159n\u00edm prostoru, kter\u00fd v sob\u011b nese ticho, s\u00edlu a rovnov\u00e1hu.<\/span><\/p>\n<p><span style=\"font-weight: 400;\">Je vhodn\u00e9 do modern\u00edho interi\u00e9ru, kde m\u016f\u017ee prostor d\u00fdchat a p\u016fsobit klidn\u011b, a p\u0159esto v\u00fdrazn\u011b.<\/span><\/p>\n<p>\u2014 \u2013 \u2013 \u2013<\/p>\n<p>Nama\u013eovan\u00e9 na pl\u00e1tn\u011b nata\u017een\u00e9m na blind r\u00e1mu, s malovan\u00fdmi okraji. H\u00e1\u010dky na zav\u011b\u0161en\u00ed m\u016f\u017eu nainstalovat na Va\u0161e p\u0159\u00e1n\u00ed, aby byl obraz p\u0159ipraven k pov\u011b\u0161en\u00ed na Va\u0161i st\u011bnu.<\/p>\n<p>Modr\u00fd abstraktn\u00ed obraz je nalakovan\u00fd (2 vrstvy) pro ochranu proti UV z\u00e1\u0159en\u00ed a prachu. Malovan\u00fd kombinovanou technikou.<\/p>\n<p>Materi\u00e1l: pl\u00e1tno nata\u017een\u00e9 na d\u0159ev\u011bn\u00e9m r\u00e1mu, akrylov\u00e1 barva, alkoholov\u00fd inkoust, zlat\u00e1 barva, leskl\u00fd lak.<\/p>\n<p>\u2014 \u2013 \u2013 \u2013<\/p>\n<p>M\u016f\u017eete sledovat m\u00e9 nejnov\u011bj\u0161\u00ed obrazy <a href=\"https:\/\/www.instagram.com\/aiyannadreams_art\/\">na m\u00e9m Instagramu.<\/a>.<\/p>","protected":false},"excerpt":{"rendered":"<p><b>Ticho pod hladinou<\/b><span style=\"font-weight: 400;\"> je modro - zlat\u00fd abdstraktn\u00ed obraz, kter\u00fd evokuje pohled pod mo\u0159skou hladinu \u2013 do prostoru, kde se zvuk tlum\u00ed a pohyb zpomaluje.<\/span><\/p>\n<p><span style=\"font-weight: 400;\">D\u00edlo je o hloubce \u2013 o tom, co se skr\u00fdv\u00e1 pod povrchem.<\/span><span style=\"font-weight: 400;\"><br \/>\n<\/span><span style=\"font-weight: 400;\"> O vnit\u0159n\u00edm prostoru, kter\u00fd v sob\u011b nese ticho, s\u00edlu a rovnov\u00e1hu.<\/span><\/p>\n<p>Rozm\u011br: 120 \u00d7 100 cm<\/p>","protected":false},"featured_media":16113,"template":"","meta":[],"product_brand":[],"product_cat":[22],"product_tag":[229,32,119,203,225],"class_list":{"0":"post-16123","1":"product","2":"type-product","3":"status-publish","4":"has-post-thumbnail","6":"product_cat-abstract-paintings","7":"product_tag-abstract-art","8":"product_tag-acrylic","9":"product_tag-fluid_acrylics","10":"product_tag-gallery-wrapped-canvas","11":"product_tag-painting-on-canvas","12":"product_shipping_class-huge-art","14":"entry","15":"has-media","17":"first","18":"instock","19":"shipping-taxable","20":"purchasable","21":"product-type-simple","22":"col","23":"span_1_of_3","24":"owp-content-center","25":"item-entry","26":"owp-thumbs-layout-horizontal","27":"owp-btn-normal","28":"owp-tabs-layout-section","29":"circle-sale"},"yoast_head":"<!-- This site is optimized with the Yoast SEO plugin v27.5 - https:\/\/yoast.com\/product\/yoast-seo-wordpress\/ -->\n<title>Silence Beneath the Surface - blue and gold abstract painting, 120x100cm<\/title>\n<meta name=\"description\" content=\"Blue and gold abstract painting on canvas. Layers of blue and gold in artwork for modern interiors. Large artwork for spacious interiors. Original art.\" \/>\n<meta name=\"robots\" content=\"index, follow, max-snippet:-1, max-image-preview:large, max-video-preview:-1\" \/>\n<link rel=\"canonical\" href=\"https:\/\/annajankovic.art\/cz\/shop\/silence-beneath-the-surface\/\" \/>\n<meta property=\"og:locale\" content=\"cs_CZ\" \/>\n<meta property=\"og:type\" content=\"article\" \/>\n<meta property=\"og:title\" content=\"Silence Beneath the Surface - blue and gold abstract painting, 120x100cm\" \/>\n<meta property=\"og:description\" content=\"Blue and gold abstract painting on canvas. Layers of blue and gold in artwork for modern interiors. Large artwork for spacious interiors. Original art.\" \/>\n<meta property=\"og:url\" content=\"https:\/\/annajankovic.art\/cz\/shop\/silence-beneath-the-surface\/\" \/>\n<meta property=\"og:site_name\" content=\"Anna Jankovi\u010dov\u00e1 - Origin\u00e1ln\u00ed obrazy\" \/>\n<meta property=\"article:publisher\" content=\"https:\/\/www.facebook.com\/AnnaJankovic.art\" \/>\n<meta property=\"article:modified_time\" content=\"2026-02-15T16:33:30+00:00\" \/>\n<meta property=\"og:image\" content=\"https:\/\/mlcrcy0krp3e.i.optimole.com\/w:auto\/h:auto\/q:mauto\/f:best\/https:\/\/annajankovic.art\/wp-content\/uploads\/2026\/02\/In-the-deep-Anna-Jankovic-art-1.jpg\" \/>\n\t<meta property=\"og:image:width\" content=\"2048\" \/>\n\t<meta property=\"og:image:height\" content=\"2048\" \/>\n\t<meta property=\"og:image:type\" content=\"image\/jpeg\" \/>\n<meta name=\"twitter:card\" content=\"summary_large_image\" \/>\n<meta name=\"twitter:label1\" content=\"Odhadovan\u00e1 doba \u010dten\u00ed\" \/>\n\t<meta name=\"twitter:data1\" content=\"1 minuta\" \/>\n<script type=\"application\/ld+json\" class=\"yoast-schema-graph\">{\"@context\":\"https:\\\/\\\/schema.org\",\"@graph\":[{\"@type\":\"WebPage\",\"@id\":\"https:\\\/\\\/annajankovic.art\\\/shop\\\/silence-beneath-the-surface\\\/\",\"url\":\"https:\\\/\\\/annajankovic.art\\\/shop\\\/silence-beneath-the-surface\\\/\",\"name\":\"Silence Beneath the Surface - blue and gold abstract painting, 120x100cm\",\"isPartOf\":{\"@id\":\"https:\\\/\\\/aiyannadreamsart.com\\\/#website\"},\"primaryImageOfPage\":{\"@id\":\"https:\\\/\\\/annajankovic.art\\\/shop\\\/silence-beneath-the-surface\\\/#primaryimage\"},\"image\":{\"@id\":\"https:\\\/\\\/annajankovic.art\\\/shop\\\/silence-beneath-the-surface\\\/#primaryimage\"},\"thumbnailUrl\":\"https:\\/\\/annajankovic.art\\/wp-content\\/uploads\\/2026\\/02\\/In-the-deep-Anna-Jankovic-art-1.jpg\",\"datePublished\":\"2026-02-15T09:34:06+00:00\",\"dateModified\":\"2026-02-15T16:33:30+00:00\",\"description\":\"Blue and gold abstract painting on canvas. Layers of blue and gold in artwork for modern interiors. Large artwork for spacious interiors. Original art.\",\"breadcrumb\":{\"@id\":\"https:\\\/\\\/annajankovic.art\\\/shop\\\/silence-beneath-the-surface\\\/#breadcrumb\"},\"inLanguage\":\"cs\",\"potentialAction\":[{\"@type\":\"ReadAction\",\"target\":[\"https:\\\/\\\/annajankovic.art\\\/shop\\\/silence-beneath-the-surface\\\/\"]}]},{\"@type\":\"ImageObject\",\"inLanguage\":\"cs\",\"@id\":\"https:\\\/\\\/annajankovic.art\\\/shop\\\/silence-beneath-the-surface\\\/#primaryimage\",\"url\":\"https:\\/\\/annajankovic.art\\/wp-content\\/uploads\\/2026\\/02\\/In-the-deep-Anna-Jankovic-art-1.jpg\",\"contentUrl\":\"https:\\/\\/annajankovic.art\\/wp-content\\/uploads\\/2026\\/02\\/In-the-deep-Anna-Jankovic-art-1.jpg\",\"width\":2048,\"height\":2048,\"caption\":\"modr\u00e1 zlat\u00e1 abstraktn\u00ed malba\"},{\"@type\":\"BreadcrumbList\",\"@id\":\"https:\\\/\\\/annajankovic.art\\\/shop\\\/silence-beneath-the-surface\\\/#breadcrumb\",\"itemListElement\":[{\"@type\":\"ListItem\",\"position\":1,\"name\":\"Home\",\"item\":\"https:\\\/\\\/annajankovic.art\\\/\"},{\"@type\":\"ListItem\",\"position\":2,\"name\":\"Shop\",\"item\":\"https:\\\/\\\/annajankovic.art\\\/shop\\\/\"},{\"@type\":\"ListItem\",\"position\":3,\"name\":\"Silence Beneath the Surface &#8211; blue and gold abstract painting, 120x100cm\"}]},{\"@type\":\"WebSite\",\"@id\":\"https:\\\/\\\/aiyannadreamsart.com\\\/#website\",\"url\":\"https:\\\/\\\/aiyannadreamsart.com\\\/\",\"name\":\"Anna Jankovi\u010dov\u00e1 - Origin\u00e1ln\u00ed obrazy\",\"description\":\"Malby inspirovan\u00e9 p\u0159\u00edrodou\",\"publisher\":{\"@id\":\"https:\\\/\\\/aiyannadreamsart.com\\\/#\\\/schema\\\/person\\\/f54f796fe61b6c5c84e2ad4dc0f7ff00\"},\"potentialAction\":[{\"@type\":\"SearchAction\",\"target\":{\"@type\":\"EntryPoint\",\"urlTemplate\":\"https:\\\/\\\/aiyannadreamsart.com\\\/?s={search_term_string}\"},\"query-input\":{\"@type\":\"PropertyValueSpecification\",\"valueRequired\":true,\"valueName\":\"search_term_string\"}}],\"inLanguage\":\"cs\"},{\"@type\":[\"Person\",\"Organization\"],\"@id\":\"https:\\\/\\\/aiyannadreamsart.com\\\/#\\\/schema\\\/person\\\/f54f796fe61b6c5c84e2ad4dc0f7ff00\",\"name\":\"Anna Jankovi\u010dov\u00e1\",\"image\":{\"@type\":\"ImageObject\",\"inLanguage\":\"cs\",\"@id\":\"https:\\/\\/annajankovic.art\\/wp-content\\/uploads\\/2022\\/12\\/Anna_Jankovic_logo-e1771085739954.png\",\"url\":\"https:\\/\\/annajankovic.art\\/wp-content\\/uploads\\/2022\\/12\\/Anna_Jankovic_logo-e1771085739954.png\",\"contentUrl\":\"https:\\/\\/annajankovic.art\\/wp-content\\/uploads\\/2022\\/12\\/Anna_Jankovic_logo-e1771085739954.png\",\"width\":300,\"height\":108,\"caption\":\"Anna Jankovi\u010dov\u00e1\"},\"logo\":{\"@id\":\"https:\\/\\/annajankovic.art\\/wp-content\\/uploads\\/2022\\/12\\/Anna_Jankovic_logo-e1771085739954.png\"},\"sameAs\":[\"https:\\\/\\\/www.annajankovic.art\",\"https:\\\/\\\/www.facebook.com\\\/AnnaJankovic.art\",\"https:\\\/\\\/www.instagram.com\\\/annajankovic.art\",\"https:\\\/\\\/pinterest.com\\\/aiyannafilova\\\/\"]}]}<\/script>\n<!-- \/ Yoast SEO plugin. -->","yoast_head_json":{"title":"Silence Beneath the Surface - blue and gold abstract painting, 120x100cm","description":"Blue and gold abstract painting on canvas. Layers of blue and gold in artwork for modern interiors. Large artwork for spacious interiors. Original art.","robots":{"index":"index","follow":"follow","max-snippet":"max-snippet:-1","max-image-preview":"max-image-preview:large","max-video-preview":"max-video-preview:-1"},"canonical":"https:\/\/annajankovic.art\/cz\/shop\/silence-beneath-the-surface\/","og_locale":"cs_CZ","og_type":"article","og_title":"Silence Beneath the Surface - blue and gold abstract painting, 120x100cm","og_description":"Blue and gold abstract painting on canvas. Layers of blue and gold in artwork for modern interiors. Large artwork for spacious interiors. Original art.","og_url":"https:\/\/annajankovic.art\/cz\/shop\/silence-beneath-the-surface\/","og_site_name":"Anna Jankovi\u010dov\u00e1 - Origin\u00e1ln\u00ed obrazy","article_publisher":"https:\/\/www.facebook.com\/AnnaJankovic.art","article_modified_time":"2026-02-15T16:33:30+00:00","og_image":[{"width":2048,"height":2048,"url":"https:\/\/mlcrcy0krp3e.i.optimole.com\/w:auto\/h:auto\/q:mauto\/f:best\/https:\/\/annajankovic.art\/wp-content\/uploads\/2026\/02\/In-the-deep-Anna-Jankovic-art-1.jpg","type":"image\/jpeg"}],"twitter_card":"summary_large_image","twitter_misc":{"Odhadovan\u00e1 doba \u010dten\u00ed":"1 minuta"},"schema":{"@context":"https:\/\/schema.org","@graph":[{"@type":"WebPage","@id":"https:\/\/annajankovic.art\/shop\/silence-beneath-the-surface\/","url":"https:\/\/annajankovic.art\/shop\/silence-beneath-the-surface\/","name":"Silence Beneath the Surface - blue and gold abstract painting, 120x100cm","isPartOf":{"@id":"https:\/\/aiyannadreamsart.com\/#website"},"primaryImageOfPage":{"@id":"https:\/\/annajankovic.art\/shop\/silence-beneath-the-surface\/#primaryimage"},"image":{"@id":"https:\/\/annajankovic.art\/shop\/silence-beneath-the-surface\/#primaryimage"},"thumbnailUrl":"https:\/\/mlcrcy0krp3e.i.optimole.com\/w:auto\/h:auto\/q:mauto\/f:best\/https:\/\/annajankovic.art\/wp-content\/uploads\/2026\/02\/In-the-deep-Anna-Jankovic-art-1.jpg","datePublished":"2026-02-15T09:34:06+00:00","dateModified":"2026-02-15T16:33:30+00:00","description":"Blue and gold abstract painting on canvas. Layers of blue and gold in artwork for modern interiors. Large artwork for spacious interiors. Original art.","breadcrumb":{"@id":"https:\/\/annajankovic.art\/shop\/silence-beneath-the-surface\/#breadcrumb"},"inLanguage":"cs","potentialAction":[{"@type":"ReadAction","target":["https:\/\/annajankovic.art\/shop\/silence-beneath-the-surface\/"]}]},{"@type":"ImageObject","inLanguage":"cs","@id":"https:\/\/annajankovic.art\/shop\/silence-beneath-the-surface\/#primaryimage","url":"https:\/\/mlcrcy0krp3e.i.optimole.com\/w:auto\/h:auto\/q:mauto\/f:best\/https:\/\/annajankovic.art\/wp-content\/uploads\/2026\/02\/In-the-deep-Anna-Jankovic-art-1.jpg","contentUrl":"https:\/\/mlcrcy0krp3e.i.optimole.com\/w:auto\/h:auto\/q:mauto\/f:best\/https:\/\/annajankovic.art\/wp-content\/uploads\/2026\/02\/In-the-deep-Anna-Jankovic-art-1.jpg","width":2048,"height":2048,"caption":"modr\u00e1 zlat\u00e1 abstraktn\u00ed malba"},{"@type":"BreadcrumbList","@id":"https:\/\/annajankovic.art\/shop\/silence-beneath-the-surface\/#breadcrumb","itemListElement":[{"@type":"ListItem","position":1,"name":"Home","item":"https:\/\/annajankovic.art\/"},{"@type":"ListItem","position":2,"name":"Shop","item":"https:\/\/annajankovic.art\/shop\/"},{"@type":"ListItem","position":3,"name":"Silence Beneath the Surface &#8211; blue and gold abstract painting, 120x100cm"}]},{"@type":"WebSite","@id":"https:\/\/aiyannadreamsart.com\/#website","url":"https:\/\/aiyannadreamsart.com\/","name":"Anna Jankovi\u010dov\u00e1 - Origin\u00e1ln\u00ed obrazy","description":"Malby inspirovan\u00e9 p\u0159\u00edrodou","publisher":{"@id":"https:\/\/aiyannadreamsart.com\/#\/schema\/person\/f54f796fe61b6c5c84e2ad4dc0f7ff00"},"potentialAction":[{"@type":"SearchAction","target":{"@type":"EntryPoint","urlTemplate":"https:\/\/aiyannadreamsart.com\/?s={search_term_string}"},"query-input":{"@type":"PropertyValueSpecification","valueRequired":true,"valueName":"search_term_string"}}],"inLanguage":"cs"},{"@type":["Person","Organization"],"@id":"https:\/\/aiyannadreamsart.com\/#\/schema\/person\/f54f796fe61b6c5c84e2ad4dc0f7ff00","name":"Anna Jankovi\u010dov\u00e1","image":{"@type":"ImageObject","inLanguage":"cs","@id":"https:\/\/mlcrcy0krp3e.i.optimole.com\/w:auto\/h:auto\/q:mauto\/f:best\/https:\/\/annajankovic.art\/wp-content\/uploads\/2022\/12\/Anna_Jankovic_logo-e1771085739954.png","url":"https:\/\/mlcrcy0krp3e.i.optimole.com\/w:auto\/h:auto\/q:mauto\/f:best\/https:\/\/annajankovic.art\/wp-content\/uploads\/2022\/12\/Anna_Jankovic_logo-e1771085739954.png","contentUrl":"https:\/\/mlcrcy0krp3e.i.optimole.com\/w:auto\/h:auto\/q:mauto\/f:best\/https:\/\/annajankovic.art\/wp-content\/uploads\/2022\/12\/Anna_Jankovic_logo-e1771085739954.png","width":300,"height":108,"caption":"Anna Jankovi\u010dov\u00e1"},"logo":{"@id":"https:\/\/mlcrcy0krp3e.i.optimole.com\/w:auto\/h:auto\/q:mauto\/f:best\/https:\/\/annajankovic.art\/wp-content\/uploads\/2022\/12\/Anna_Jankovic_logo-e1771085739954.png"},"sameAs":["https:\/\/www.annajankovic.art","https:\/\/www.facebook.com\/AnnaJankovic.art","https:\/\/www.instagram.com\/annajankovic.art","https:\/\/pinterest.com\/aiyannafilova\/"]}]}},"jetpack_sharing_enabled":true,"_links":{"self":[{"href":"https:\/\/annajankovic.art\/cz\/wp-json\/wp\/v2\/product\/16123","targetHints":{"allow":["GET"]}}],"collection":[{"href":"https:\/\/annajankovic.art\/cz\/wp-json\/wp\/v2\/product"}],"about":[{"href":"https:\/\/annajankovic.art\/cz\/wp-json\/wp\/v2\/types\/product"}],"version-history":[{"count":0,"href":"https:\/\/annajankovic.art\/cz\/wp-json\/wp\/v2\/product\/16123\/revisions"}],"wp:featuredmedia":[{"embeddable":true,"href":"https:\/\/annajankovic.art\/cz\/wp-json\/wp\/v2\/media\/16113"}],"wp:attachment":[{"href":"https:\/\/annajankovic.art\/cz\/wp-json\/wp\/v2\/media?parent=16123"}],"wp:term":[{"taxonomy":"product_brand","embeddable":true,"href":"https:\/\/annajankovic.art\/cz\/wp-json\/wp\/v2\/product_brand?post=16123"},{"taxonomy":"product_cat","embeddable":true,"href":"https:\/\/annajankovic.art\/cz\/wp-json\/wp\/v2\/product_cat?post=16123"},{"taxonomy":"product_tag","embeddable":true,"href":"https:\/\/annajankovic.art\/cz\/wp-json\/wp\/v2\/product_tag?post=16123"}],"curies":[{"name":"wp","href":"https:\/\/api.w.org\/{rel}","templated":true}]}}