{"id":316,"date":"2019-10-15T17:05:36","date_gmt":"2019-10-15T15:05:36","guid":{"rendered":"http:\/\/annajankovic.art\/produkt\/melody-in-the-waves-original-oil-painting-30x60cm\/"},"modified":"2026-01-03T19:43:13","modified_gmt":"2026-01-03T18:43:13","slug":"melody-in-the-waves","status":"publish","type":"product","link":"https:\/\/annajankovic.art\/cz\/shop\/melody-in-the-waves\/","title":{"rendered":"Melodie ve vln\u00e1ch - origin\u00e1ln\u00ed malba mo\u0159e"},"content":{"rendered":"<p>Melodie ve vln\u00e1ch - origin\u00e1ln\u00ed malba mo\u0159e<\/p>\n<p>Origin\u00e1ln\u00ed olejomalba na pl\u00e1tn\u011b<\/p>\n<p>Rozm\u011bry: 30 x 60 cm<\/p>\n<p>Tato malba mi p\u0159ipom\u00edn\u00e1 d\u016fv\u011bru, akceptaci rytmu \u017eivota, melodii ve vln\u00e1ch, kter\u00e9 tak jako v\u0161echny dobr\u00e9 v\u011bci p\u0159ich\u00e1z\u00ed na pob\u0159e\u017e\u00ed, jedna po druh\u00e9....<br \/>\nMalovala jsem tuto s\u00e9rii mo\u0159sk\u00fdch obraz\u016f v nad\u011bji, \u017ee V\u00e1m m\u016f\u017eou nab\u00eddnout tich\u00fd moment v zanepr\u00e1zdn\u011bn\u00e9m dni, chv\u00edli pro nahl\u00e9dnut\u00ed do sebe skrze tento obraz, naslouch\u00e1n\u00ed tomu tich\u00e9mu hlasu intuice a veden\u00ed....<\/p>\n<p>Origin\u00e1ln\u00ed olejomalba na pl\u00e1tn\u011b na blind r\u00e1mu.<br \/>\nTento obraz mo\u0159e je nalakovan\u00fd pro ochranu proti UV z\u00e1\u0159en\u00ed a prachu leskl\u00fdm lakem.<br \/>\nSignov\u00e1no v prav\u00e9m doln\u00edm rohu.<br \/>\nTechnika: ru\u010dn\u011b malovan\u00e9, \u0161pachtl\u00ed a \u0161t\u011btci, olejov\u00e9 barvy na pl\u00e1tn\u011b.<br \/>\nMateri\u00e1l: pl\u00e1tno napnut\u00e9 na blind r\u00e1mu, olejov\u00e9 barvy. H\u00e1\u010dky jsou nainstalovan\u00e9, m\u016f\u017eete pov\u011bsit rovnou na ze\u010f.<\/p>\n<p>&#8212;<\/p>\n<p><a href=\"https:\/\/annajankovic.art\/cz\/kategorie-produktu\/seascapes\/\"><i>Pod\u00edvejte se na dal\u0161\u00ed ru\u010dn\u011b malovan\u00e9 obrazy mo\u0159e tady.<\/i><\/a><em>.<\/em><\/p>\n<p>Chcete vid\u011bt jak tvo\u0159\u00edm a maluji?\u00a0<a href=\"https:\/\/www.instagram.com\/p\/B9eyAhfHAy8\/\">Spojte se se mnou na Instagramu :)<\/a> nebo na <a href=\"https:\/\/facebook.com\/aiyannadreamsart\">Facebooku<\/a><\/p>","protected":false},"excerpt":{"rendered":"<p>Melodie ve vln\u00e1ch - olejomalba mo\u0159e a oblohy<\/p>\n<p>Tato malba mi p\u0159ipom\u00edn\u00e1 d\u016fv\u011bru, akceptaci rytmu \u017eivota, melodii ve vln\u00e1ch, kter\u00e9 tak jako v\u0161echny dobr\u00e9 v\u011bci p\u0159ich\u00e1z\u00ed na pob\u0159e\u017e\u00ed, jedna po druh\u00e9....<br \/>\nMalovala jsem tuto s\u00e9rii mo\u0159sk\u00fdch obraz\u016f v nad\u011bji, \u017ee V\u00e1m m\u016f\u017eou nab\u00eddnout tich\u00fd moment v zanepr\u00e1zdn\u011bn\u00e9m dni, chv\u00edli pro nahl\u00e9dnut\u00ed do sebe skrze tento obraz, naslouch\u00e1n\u00ed tomu tich\u00e9mu hlasu intuice a veden\u00ed....<\/p>","protected":false},"featured_media":8214,"template":"","meta":[],"product_brand":[],"product_cat":[18],"product_tag":[203,205,199,123],"class_list":{"0":"post-316","1":"product","2":"type-product","3":"status-publish","4":"has-post-thumbnail","6":"product_cat-seascapes","7":"product_tag-gallery-wrapped-canvas","8":"product_tag-oil-painting","9":"product_tag-sea","10":"product_tag-sunset-paintings","11":"product_shipping_class-big-art","13":"entry","14":"has-media","16":"first","17":"instock","18":"shipping-taxable","19":"purchasable","20":"product-type-simple","21":"col","22":"span_1_of_3","23":"owp-content-center","24":"item-entry","25":"owp-thumbs-layout-horizontal","26":"owp-btn-normal","27":"owp-tabs-layout-section","28":"circle-sale"},"yoast_head":"<!-- This site is optimized with the Yoast SEO plugin v27.5 - https:\/\/yoast.com\/product\/yoast-seo-wordpress\/ -->\n<title>Melody in the waves - seascape oil painting - Anna Jankovi\u010dov\u00e1 - Origin\u00e1ln\u00ed obrazy<\/title>\n<meta name=\"description\" content=\"Original seascape oil painting on canvas. It reminds me of waves as the good things coming to the shore, one after another...\" \/>\n<meta name=\"robots\" content=\"index, follow, max-snippet:-1, max-image-preview:large, max-video-preview:-1\" \/>\n<link rel=\"canonical\" href=\"https:\/\/annajankovic.art\/cz\/shop\/melody-in-the-waves\/\" \/>\n<meta property=\"og:locale\" content=\"cs_CZ\" \/>\n<meta property=\"og:type\" content=\"article\" \/>\n<meta property=\"og:title\" content=\"Melody in the waves - seascape oil painting - Anna Jankovi\u010dov\u00e1 - Origin\u00e1ln\u00ed obrazy\" \/>\n<meta property=\"og:description\" content=\"Original seascape oil painting on canvas. It reminds me of waves as the good things coming to the shore, one after another...\" \/>\n<meta property=\"og:url\" content=\"https:\/\/annajankovic.art\/cz\/shop\/melody-in-the-waves\/\" \/>\n<meta property=\"og:site_name\" content=\"Anna Jankovi\u010dov\u00e1 - Origin\u00e1ln\u00ed obrazy\" \/>\n<meta property=\"article:publisher\" content=\"https:\/\/www.facebook.com\/AnnaJankovic.art\" \/>\n<meta property=\"article:modified_time\" content=\"2026-01-03T18:43:13+00:00\" \/>\n<meta property=\"og:image\" content=\"https:\/\/mlcrcy0krp3e.i.optimole.com\/w:auto\/h:auto\/q:mauto\/f:best\/https:\/\/annajankovic.art\/wp-content\/uploads\/2021\/03\/more-vychod-slnka-obraz-rucne-malovana-olejomalba.png\" \/>\n\t<meta property=\"og:image:width\" content=\"850\" \/>\n\t<meta property=\"og:image:height\" content=\"849\" \/>\n\t<meta property=\"og:image:type\" content=\"image\/png\" \/>\n<meta name=\"twitter:card\" content=\"summary_large_image\" \/>\n<meta name=\"twitter:label1\" content=\"Odhadovan\u00e1 doba \u010dten\u00ed\" \/>\n\t<meta name=\"twitter:data1\" content=\"1 minuta\" \/>\n<script type=\"application\/ld+json\" class=\"yoast-schema-graph\">{\"@context\":\"https:\\\/\\\/schema.org\",\"@graph\":[{\"@type\":\"WebPage\",\"@id\":\"https:\\\/\\\/annajankovic.art\\\/shop\\\/melody-in-the-waves\\\/\",\"url\":\"https:\\\/\\\/annajankovic.art\\\/shop\\\/melody-in-the-waves\\\/\",\"name\":\"Melody in the waves - seascape oil painting - Anna Jankovi\u010dov\u00e1 - Origin\u00e1ln\u00ed obrazy\",\"isPartOf\":{\"@id\":\"https:\\\/\\\/aiyannadreamsart.com\\\/#website\"},\"primaryImageOfPage\":{\"@id\":\"https:\\\/\\\/annajankovic.art\\\/shop\\\/melody-in-the-waves\\\/#primaryimage\"},\"image\":{\"@id\":\"https:\\\/\\\/annajankovic.art\\\/shop\\\/melody-in-the-waves\\\/#primaryimage\"},\"thumbnailUrl\":\"https:\\/\\/annajankovic.art\\/wp-content\\/uploads\\/2021\\/03\\/more-vychod-slnka-obraz-rucne-malovana-olejomalba.png\",\"datePublished\":\"2019-10-15T15:05:36+00:00\",\"dateModified\":\"2026-01-03T18:43:13+00:00\",\"description\":\"Original seascape oil painting on canvas. It reminds me of waves as the good things coming to the shore, one after another...\",\"breadcrumb\":{\"@id\":\"https:\\\/\\\/annajankovic.art\\\/shop\\\/melody-in-the-waves\\\/#breadcrumb\"},\"inLanguage\":\"cs\",\"potentialAction\":[{\"@type\":\"ReadAction\",\"target\":[\"https:\\\/\\\/annajankovic.art\\\/shop\\\/melody-in-the-waves\\\/\"]}]},{\"@type\":\"ImageObject\",\"inLanguage\":\"cs\",\"@id\":\"https:\\\/\\\/annajankovic.art\\\/shop\\\/melody-in-the-waves\\\/#primaryimage\",\"url\":\"https:\\/\\/annajankovic.art\\/wp-content\\/uploads\\/2021\\/03\\/more-vychod-slnka-obraz-rucne-malovana-olejomalba.png\",\"contentUrl\":\"https:\\/\\/annajankovic.art\\/wp-content\\/uploads\\/2021\\/03\\/more-vychod-slnka-obraz-rucne-malovana-olejomalba.png\",\"width\":850,\"height\":849,\"caption\":\"shop original sunrise painting on canvas for sale\"},{\"@type\":\"BreadcrumbList\",\"@id\":\"https:\\\/\\\/annajankovic.art\\\/shop\\\/melody-in-the-waves\\\/#breadcrumb\",\"itemListElement\":[{\"@type\":\"ListItem\",\"position\":1,\"name\":\"Home\",\"item\":\"https:\\\/\\\/annajankovic.art\\\/\"},{\"@type\":\"ListItem\",\"position\":2,\"name\":\"Shop\",\"item\":\"https:\\\/\\\/annajankovic.art\\\/shop\\\/\"},{\"@type\":\"ListItem\",\"position\":3,\"name\":\"Melody in the waves &#8211; seascape oil painting\"}]},{\"@type\":\"WebSite\",\"@id\":\"https:\\\/\\\/aiyannadreamsart.com\\\/#website\",\"url\":\"https:\\\/\\\/aiyannadreamsart.com\\\/\",\"name\":\"Anna Jankovi\u010dov\u00e1 - Origin\u00e1ln\u00ed obrazy\",\"description\":\"Malby inspirovan\u00e9 p\u0159\u00edrodou\",\"publisher\":{\"@id\":\"https:\\\/\\\/aiyannadreamsart.com\\\/#\\\/schema\\\/person\\\/f54f796fe61b6c5c84e2ad4dc0f7ff00\"},\"potentialAction\":[{\"@type\":\"SearchAction\",\"target\":{\"@type\":\"EntryPoint\",\"urlTemplate\":\"https:\\\/\\\/aiyannadreamsart.com\\\/?s={search_term_string}\"},\"query-input\":{\"@type\":\"PropertyValueSpecification\",\"valueRequired\":true,\"valueName\":\"search_term_string\"}}],\"inLanguage\":\"cs\"},{\"@type\":[\"Person\",\"Organization\"],\"@id\":\"https:\\\/\\\/aiyannadreamsart.com\\\/#\\\/schema\\\/person\\\/f54f796fe61b6c5c84e2ad4dc0f7ff00\",\"name\":\"Anna Jankovi\u010dov\u00e1\",\"image\":{\"@type\":\"ImageObject\",\"inLanguage\":\"cs\",\"@id\":\"https:\\/\\/annajankovic.art\\/wp-content\\/uploads\\/2022\\/12\\/Anna_Jankovic_logo-e1771085739954.png\",\"url\":\"https:\\/\\/annajankovic.art\\/wp-content\\/uploads\\/2022\\/12\\/Anna_Jankovic_logo-e1771085739954.png\",\"contentUrl\":\"https:\\/\\/annajankovic.art\\/wp-content\\/uploads\\/2022\\/12\\/Anna_Jankovic_logo-e1771085739954.png\",\"width\":300,\"height\":108,\"caption\":\"Anna Jankovi\u010dov\u00e1\"},\"logo\":{\"@id\":\"https:\\/\\/annajankovic.art\\/wp-content\\/uploads\\/2022\\/12\\/Anna_Jankovic_logo-e1771085739954.png\"},\"sameAs\":[\"https:\\\/\\\/www.annajankovic.art\",\"https:\\\/\\\/www.facebook.com\\\/AnnaJankovic.art\",\"https:\\\/\\\/www.instagram.com\\\/annajankovic.art\",\"https:\\\/\\\/pinterest.com\\\/aiyannafilova\\\/\"]}]}<\/script>\n<!-- \/ Yoast SEO plugin. -->","yoast_head_json":{"title":"Melody in the waves - seascape oil painting - Anna Jankovi\u010dov\u00e1 - Origin\u00e1ln\u00ed obrazy","description":"Original seascape oil painting on canvas. It reminds me of waves as the good things coming to the shore, one after another...","robots":{"index":"index","follow":"follow","max-snippet":"max-snippet:-1","max-image-preview":"max-image-preview:large","max-video-preview":"max-video-preview:-1"},"canonical":"https:\/\/annajankovic.art\/cz\/shop\/melody-in-the-waves\/","og_locale":"cs_CZ","og_type":"article","og_title":"Melody in the waves - seascape oil painting - Anna Jankovi\u010dov\u00e1 - Origin\u00e1ln\u00ed obrazy","og_description":"Original seascape oil painting on canvas. It reminds me of waves as the good things coming to the shore, one after another...","og_url":"https:\/\/annajankovic.art\/cz\/shop\/melody-in-the-waves\/","og_site_name":"Anna Jankovi\u010dov\u00e1 - Origin\u00e1ln\u00ed obrazy","article_publisher":"https:\/\/www.facebook.com\/AnnaJankovic.art","article_modified_time":"2026-01-03T18:43:13+00:00","og_image":[{"width":850,"height":849,"url":"https:\/\/mlcrcy0krp3e.i.optimole.com\/w:auto\/h:auto\/q:mauto\/f:best\/https:\/\/annajankovic.art\/wp-content\/uploads\/2021\/03\/more-vychod-slnka-obraz-rucne-malovana-olejomalba.png","type":"image\/png"}],"twitter_card":"summary_large_image","twitter_misc":{"Odhadovan\u00e1 doba \u010dten\u00ed":"1 minuta"},"schema":{"@context":"https:\/\/schema.org","@graph":[{"@type":"WebPage","@id":"https:\/\/annajankovic.art\/shop\/melody-in-the-waves\/","url":"https:\/\/annajankovic.art\/shop\/melody-in-the-waves\/","name":"Melody in the waves - seascape oil painting - Anna Jankovi\u010dov\u00e1 - Origin\u00e1ln\u00ed obrazy","isPartOf":{"@id":"https:\/\/aiyannadreamsart.com\/#website"},"primaryImageOfPage":{"@id":"https:\/\/annajankovic.art\/shop\/melody-in-the-waves\/#primaryimage"},"image":{"@id":"https:\/\/annajankovic.art\/shop\/melody-in-the-waves\/#primaryimage"},"thumbnailUrl":"https:\/\/mlcrcy0krp3e.i.optimole.com\/w:auto\/h:auto\/q:mauto\/f:best\/https:\/\/annajankovic.art\/wp-content\/uploads\/2021\/03\/more-vychod-slnka-obraz-rucne-malovana-olejomalba.png","datePublished":"2019-10-15T15:05:36+00:00","dateModified":"2026-01-03T18:43:13+00:00","description":"Original seascape oil painting on canvas. It reminds me of waves as the good things coming to the shore, one after another...","breadcrumb":{"@id":"https:\/\/annajankovic.art\/shop\/melody-in-the-waves\/#breadcrumb"},"inLanguage":"cs","potentialAction":[{"@type":"ReadAction","target":["https:\/\/annajankovic.art\/shop\/melody-in-the-waves\/"]}]},{"@type":"ImageObject","inLanguage":"cs","@id":"https:\/\/annajankovic.art\/shop\/melody-in-the-waves\/#primaryimage","url":"https:\/\/mlcrcy0krp3e.i.optimole.com\/w:auto\/h:auto\/q:mauto\/f:best\/https:\/\/annajankovic.art\/wp-content\/uploads\/2021\/03\/more-vychod-slnka-obraz-rucne-malovana-olejomalba.png","contentUrl":"https:\/\/mlcrcy0krp3e.i.optimole.com\/w:auto\/h:auto\/q:mauto\/f:best\/https:\/\/annajankovic.art\/wp-content\/uploads\/2021\/03\/more-vychod-slnka-obraz-rucne-malovana-olejomalba.png","width":850,"height":849,"caption":"shop original sunrise painting on canvas for sale"},{"@type":"BreadcrumbList","@id":"https:\/\/annajankovic.art\/shop\/melody-in-the-waves\/#breadcrumb","itemListElement":[{"@type":"ListItem","position":1,"name":"Home","item":"https:\/\/annajankovic.art\/"},{"@type":"ListItem","position":2,"name":"Shop","item":"https:\/\/annajankovic.art\/shop\/"},{"@type":"ListItem","position":3,"name":"Melody in the waves &#8211; seascape oil painting"}]},{"@type":"WebSite","@id":"https:\/\/aiyannadreamsart.com\/#website","url":"https:\/\/aiyannadreamsart.com\/","name":"Anna Jankovi\u010dov\u00e1 - Origin\u00e1ln\u00ed obrazy","description":"Malby inspirovan\u00e9 p\u0159\u00edrodou","publisher":{"@id":"https:\/\/aiyannadreamsart.com\/#\/schema\/person\/f54f796fe61b6c5c84e2ad4dc0f7ff00"},"potentialAction":[{"@type":"SearchAction","target":{"@type":"EntryPoint","urlTemplate":"https:\/\/aiyannadreamsart.com\/?s={search_term_string}"},"query-input":{"@type":"PropertyValueSpecification","valueRequired":true,"valueName":"search_term_string"}}],"inLanguage":"cs"},{"@type":["Person","Organization"],"@id":"https:\/\/aiyannadreamsart.com\/#\/schema\/person\/f54f796fe61b6c5c84e2ad4dc0f7ff00","name":"Anna Jankovi\u010dov\u00e1","image":{"@type":"ImageObject","inLanguage":"cs","@id":"https:\/\/mlcrcy0krp3e.i.optimole.com\/w:auto\/h:auto\/q:mauto\/f:best\/https:\/\/annajankovic.art\/wp-content\/uploads\/2022\/12\/Anna_Jankovic_logo-e1771085739954.png","url":"https:\/\/mlcrcy0krp3e.i.optimole.com\/w:auto\/h:auto\/q:mauto\/f:best\/https:\/\/annajankovic.art\/wp-content\/uploads\/2022\/12\/Anna_Jankovic_logo-e1771085739954.png","contentUrl":"https:\/\/mlcrcy0krp3e.i.optimole.com\/w:auto\/h:auto\/q:mauto\/f:best\/https:\/\/annajankovic.art\/wp-content\/uploads\/2022\/12\/Anna_Jankovic_logo-e1771085739954.png","width":300,"height":108,"caption":"Anna Jankovi\u010dov\u00e1"},"logo":{"@id":"https:\/\/mlcrcy0krp3e.i.optimole.com\/w:auto\/h:auto\/q:mauto\/f:best\/https:\/\/annajankovic.art\/wp-content\/uploads\/2022\/12\/Anna_Jankovic_logo-e1771085739954.png"},"sameAs":["https:\/\/www.annajankovic.art","https:\/\/www.facebook.com\/AnnaJankovic.art","https:\/\/www.instagram.com\/annajankovic.art","https:\/\/pinterest.com\/aiyannafilova\/"]}]}},"jetpack_sharing_enabled":true,"_links":{"self":[{"href":"https:\/\/annajankovic.art\/cz\/wp-json\/wp\/v2\/product\/316","targetHints":{"allow":["GET"]}}],"collection":[{"href":"https:\/\/annajankovic.art\/cz\/wp-json\/wp\/v2\/product"}],"about":[{"href":"https:\/\/annajankovic.art\/cz\/wp-json\/wp\/v2\/types\/product"}],"version-history":[{"count":0,"href":"https:\/\/annajankovic.art\/cz\/wp-json\/wp\/v2\/product\/316\/revisions"}],"wp:featuredmedia":[{"embeddable":true,"href":"https:\/\/annajankovic.art\/cz\/wp-json\/wp\/v2\/media\/8214"}],"wp:attachment":[{"href":"https:\/\/annajankovic.art\/cz\/wp-json\/wp\/v2\/media?parent=316"}],"wp:term":[{"taxonomy":"product_brand","embeddable":true,"href":"https:\/\/annajankovic.art\/cz\/wp-json\/wp\/v2\/product_brand?post=316"},{"taxonomy":"product_cat","embeddable":true,"href":"https:\/\/annajankovic.art\/cz\/wp-json\/wp\/v2\/product_cat?post=316"},{"taxonomy":"product_tag","embeddable":true,"href":"https:\/\/annajankovic.art\/cz\/wp-json\/wp\/v2\/product_tag?post=316"}],"curies":[{"name":"wp","href":"https:\/\/api.w.org\/{rel}","templated":true}]}}