{"id":324,"date":"2019-10-14T17:05:47","date_gmt":"2019-10-14T15:05:47","guid":{"rendered":"http:\/\/annajankovic.art\/produkt\/sweet-love-original-pink-acrylic-pouring-painting\/"},"modified":"2024-07-25T14:18:55","modified_gmt":"2024-07-25T12:18:55","slug":"sweet-love-abstract-fluid-artwork","status":"publish","type":"product","link":"https:\/\/annajankovic.art\/cz\/shop\/sweet-love-abstract-fluid-artwork\/","title":{"rendered":"Abstraktn\u00ed tekut\u00fd obraz - Sladk\u00e1 l\u00e1ska, 30x30cm"},"content":{"rendered":"<p>Origin\u00e1ln\u00ed akrylov\u00fd obraz na pl\u00e1tn\u011b. Abstraktn\u00ed malba v odst\u00ednech r\u016f\u017eov\u00e9 barvy.<br \/>\nN\u00e1zev: Sladk\u00e1 l\u00e1ska<br \/>\nRozm\u011bry: 30x30 cm<\/p>\n<p>Velmi sladk\u00e1 a jemn\u00e1 r\u016f\u017eov\u00e1 abstraktn\u00ed malba. Men\u0161\u00ed velikost se dokonale hod\u00ed na st\u016fl nebo do va\u0161\u00ed kancel\u00e1\u0159e nebo do men\u0161\u00edch m\u00edstnost\u00ed. Tento obraz se skv\u011ble hod\u00ed jako d\u00e1rek pro romantick\u00e9 du\u0161e nebo d\u00edvky.<\/p>\n<p><a href=\"https:\/\/annajankovic.art\/cz\/stitek-produktu\/fluid_acrylics\/\">Abstraktn\u00ed tekut\u00fd obraz<\/a> namalovan\u00fd na pl\u00e1tn\u011b na blind r\u00e1mu, a  malovan\u00fdmi okraji.<br \/>\nH\u00e1\u010dky na zav\u011b\u0161en\u00ed obrazu jsou ji\u017e nainstalovan\u00e9.<br \/>\nObraz je nalakovan\u00fd (2 vrstvy) pro ochranu proti UV z\u00e1\u0159en\u00ed a prachu.<br \/>\nSignov\u00e1no na stran\u011b obrazu, abyste mohli obraz oto\u010dit a pov\u011bsit podle Va\u0161eho vkusu.<br \/>\nTechnika: akrylov\u00e1 pouring malba na pl\u00e1tn\u011b<br \/>\nMateri\u00e1l: pl\u00e1tno nata\u017een\u00e9 na d\u0159ev\u011bn\u00e9m r\u00e1mu, akrylov\u00e1 barva, leskl\u00fd lak.<\/p>","protected":false},"excerpt":{"rendered":"<p>Velmi sladk\u00e1 a jemn\u00e1 r\u016f\u017eov\u00e1 abstraktn\u00ed malba. Men\u0161\u00ed velikost se dokonale hod\u00ed na st\u016fl nebo do va\u0161\u00ed kancel\u00e1\u0159e nebo do men\u0161\u00edch m\u00edstnost\u00ed. Tento obraz se skv\u011ble hod\u00ed jako d\u00e1rek pro romantick\u00e9 du\u0161e nebo d\u00edvky.<\/p>\n<p>Abstraktn\u00ed obraz malovan\u00fd tekut\u00fdm akrylem v odst\u00ednech r\u016f\u017eov\u00e9.<br \/>\nRozm\u011bry obrazu: 30x30 cm<\/p>","protected":false},"featured_media":6402,"template":"","meta":[],"product_brand":[],"product_cat":[22,223],"product_tag":[229,32,119,358,203,228,325],"class_list":{"0":"post-324","1":"product","2":"type-product","3":"status-publish","4":"has-post-thumbnail","6":"product_cat-abstract-paintings","7":"product_cat-sold","8":"product_tag-abstract-art","9":"product_tag-acrylic","10":"product_tag-fluid_acrylics","11":"product_tag-fresh-spring","12":"product_tag-gallery-wrapped-canvas","13":"product_tag-exhibition","14":"product_tag-sold","15":"product_shipping_class-huge-art","17":"entry","18":"has-media","20":"first","21":"outofstock","22":"sale","23":"shipping-taxable","24":"purchasable","25":"product-type-simple","26":"col","27":"span_1_of_3","28":"owp-content-center","29":"item-entry","30":"owp-thumbs-layout-horizontal","31":"owp-btn-normal","32":"owp-tabs-layout-section","33":"circle-sale"},"yoast_head":"<!-- This site is optimized with the Yoast SEO plugin v27.5 - https:\/\/yoast.com\/product\/yoast-seo-wordpress\/ -->\n<title>Abstraktn\u00ed obraz na pl\u00e1tn\u011b Sladk\u00e1 l\u00e1ska - Anna Jankovi\u010dov\u00e1 - Origin\u00e1ln\u00ed obrazy<\/title>\n<meta name=\"description\" content=\"Very sweet and gentle pink abstract fluid artwork. Smaller size fits perfectly on a desk or to smaller rooms. It could make a nice gift for romantic souls.\" \/>\n<meta name=\"robots\" content=\"index, follow, max-snippet:-1, max-image-preview:large, max-video-preview:-1\" \/>\n<link rel=\"canonical\" href=\"https:\/\/annajankovic.art\/cz\/shop\/sweet-love-abstract-fluid-artwork\/\" \/>\n<meta property=\"og:locale\" content=\"cs_CZ\" \/>\n<meta property=\"og:type\" content=\"article\" \/>\n<meta property=\"og:title\" content=\"Abstraktn\u00ed obraz na pl\u00e1tn\u011b Sladk\u00e1 l\u00e1ska - Anna Jankovi\u010dov\u00e1 - Origin\u00e1ln\u00ed obrazy\" \/>\n<meta property=\"og:description\" content=\"Very sweet and gentle pink abstract fluid artwork. Smaller size fits perfectly on a desk or to smaller rooms. It could make a nice gift for romantic souls.\" \/>\n<meta property=\"og:url\" content=\"https:\/\/annajankovic.art\/cz\/shop\/sweet-love-abstract-fluid-artwork\/\" \/>\n<meta property=\"og:site_name\" content=\"Anna Jankovi\u010dov\u00e1 - Origin\u00e1ln\u00ed obrazy\" \/>\n<meta property=\"article:publisher\" content=\"https:\/\/www.facebook.com\/AnnaJankovic.art\" \/>\n<meta property=\"article:modified_time\" content=\"2024-07-25T12:18:55+00:00\" \/>\n<meta property=\"og:image\" content=\"https:\/\/mlcrcy0krp3e.i.optimole.com\/w:auto\/h:auto\/q:mauto\/f:best\/https:\/\/annajankovic.art\/wp-content\/uploads\/2021\/03\/sweet-love-by-aiyanna.png\" \/>\n\t<meta property=\"og:image:width\" content=\"1360\" \/>\n\t<meta property=\"og:image:height\" content=\"972\" \/>\n\t<meta property=\"og:image:type\" content=\"image\/png\" \/>\n<meta name=\"twitter:card\" content=\"summary_large_image\" \/>\n<meta name=\"twitter:label1\" content=\"Odhadovan\u00e1 doba \u010dten\u00ed\" \/>\n\t<meta name=\"twitter:data1\" content=\"1 minuta\" \/>\n<script type=\"application\/ld+json\" class=\"yoast-schema-graph\">{\"@context\":\"https:\\\/\\\/schema.org\",\"@graph\":[{\"@type\":\"WebPage\",\"@id\":\"https:\\\/\\\/annajankovic.art\\\/shop\\\/sweet-love-abstract-fluid-artwork\\\/\",\"url\":\"https:\\\/\\\/annajankovic.art\\\/shop\\\/sweet-love-abstract-fluid-artwork\\\/\",\"name\":\"Abstraktn\u00ed obraz na pl\u00e1tn\u011b Sladk\u00e1 l\u00e1ska - Anna Jankovi\u010dov\u00e1 - Origin\u00e1ln\u00ed obrazy\",\"isPartOf\":{\"@id\":\"https:\\\/\\\/aiyannadreamsart.com\\\/#website\"},\"primaryImageOfPage\":{\"@id\":\"https:\\\/\\\/annajankovic.art\\\/shop\\\/sweet-love-abstract-fluid-artwork\\\/#primaryimage\"},\"image\":{\"@id\":\"https:\\\/\\\/annajankovic.art\\\/shop\\\/sweet-love-abstract-fluid-artwork\\\/#primaryimage\"},\"thumbnailUrl\":\"https:\\/\\/annajankovic.art\\/wp-content\\/uploads\\/2021\\/03\\/sweet-love-by-aiyanna.png\",\"datePublished\":\"2019-10-14T15:05:47+00:00\",\"dateModified\":\"2024-07-25T12:18:55+00:00\",\"description\":\"Very sweet and gentle pink abstract fluid artwork. Smaller size fits perfectly on a desk or to smaller rooms. It could make a nice gift for romantic souls.\",\"breadcrumb\":{\"@id\":\"https:\\\/\\\/annajankovic.art\\\/shop\\\/sweet-love-abstract-fluid-artwork\\\/#breadcrumb\"},\"inLanguage\":\"cs\",\"potentialAction\":[{\"@type\":\"ReadAction\",\"target\":[\"https:\\\/\\\/annajankovic.art\\\/shop\\\/sweet-love-abstract-fluid-artwork\\\/\"]}]},{\"@type\":\"ImageObject\",\"inLanguage\":\"cs\",\"@id\":\"https:\\\/\\\/annajankovic.art\\\/shop\\\/sweet-love-abstract-fluid-artwork\\\/#primaryimage\",\"url\":\"https:\\/\\/annajankovic.art\\/wp-content\\/uploads\\/2021\\/03\\/sweet-love-by-aiyanna.png\",\"contentUrl\":\"https:\\/\\/annajankovic.art\\/wp-content\\/uploads\\/2021\\/03\\/sweet-love-by-aiyanna.png\",\"width\":1360,\"height\":972,\"caption\":\"abstract fluid painting\"},{\"@type\":\"BreadcrumbList\",\"@id\":\"https:\\\/\\\/annajankovic.art\\\/shop\\\/sweet-love-abstract-fluid-artwork\\\/#breadcrumb\",\"itemListElement\":[{\"@type\":\"ListItem\",\"position\":1,\"name\":\"Home\",\"item\":\"https:\\\/\\\/annajankovic.art\\\/\"},{\"@type\":\"ListItem\",\"position\":2,\"name\":\"Shop\",\"item\":\"https:\\\/\\\/annajankovic.art\\\/shop\\\/\"},{\"@type\":\"ListItem\",\"position\":3,\"name\":\"Abstract fluid artwork &#8211; Sweet love, 30x30cm\"}]},{\"@type\":\"WebSite\",\"@id\":\"https:\\\/\\\/aiyannadreamsart.com\\\/#website\",\"url\":\"https:\\\/\\\/aiyannadreamsart.com\\\/\",\"name\":\"Anna Jankovi\u010dov\u00e1 - Origin\u00e1ln\u00ed obrazy\",\"description\":\"Malby inspirovan\u00e9 p\u0159\u00edrodou\",\"publisher\":{\"@id\":\"https:\\\/\\\/aiyannadreamsart.com\\\/#\\\/schema\\\/person\\\/f54f796fe61b6c5c84e2ad4dc0f7ff00\"},\"potentialAction\":[{\"@type\":\"SearchAction\",\"target\":{\"@type\":\"EntryPoint\",\"urlTemplate\":\"https:\\\/\\\/aiyannadreamsart.com\\\/?s={search_term_string}\"},\"query-input\":{\"@type\":\"PropertyValueSpecification\",\"valueRequired\":true,\"valueName\":\"search_term_string\"}}],\"inLanguage\":\"cs\"},{\"@type\":[\"Person\",\"Organization\"],\"@id\":\"https:\\\/\\\/aiyannadreamsart.com\\\/#\\\/schema\\\/person\\\/f54f796fe61b6c5c84e2ad4dc0f7ff00\",\"name\":\"Anna Jankovi\u010dov\u00e1\",\"image\":{\"@type\":\"ImageObject\",\"inLanguage\":\"cs\",\"@id\":\"https:\\/\\/annajankovic.art\\/wp-content\\/uploads\\/2022\\/12\\/Anna_Jankovic_logo-e1771085739954.png\",\"url\":\"https:\\/\\/annajankovic.art\\/wp-content\\/uploads\\/2022\\/12\\/Anna_Jankovic_logo-e1771085739954.png\",\"contentUrl\":\"https:\\/\\/annajankovic.art\\/wp-content\\/uploads\\/2022\\/12\\/Anna_Jankovic_logo-e1771085739954.png\",\"width\":300,\"height\":108,\"caption\":\"Anna Jankovi\u010dov\u00e1\"},\"logo\":{\"@id\":\"https:\\/\\/annajankovic.art\\/wp-content\\/uploads\\/2022\\/12\\/Anna_Jankovic_logo-e1771085739954.png\"},\"sameAs\":[\"https:\\\/\\\/www.annajankovic.art\",\"https:\\\/\\\/www.facebook.com\\\/AnnaJankovic.art\",\"https:\\\/\\\/www.instagram.com\\\/annajankovic.art\",\"https:\\\/\\\/pinterest.com\\\/aiyannafilova\\\/\"]}]}<\/script>\n<!-- \/ Yoast SEO plugin. -->","yoast_head_json":{"title":"Abstraktn\u00ed obraz na pl\u00e1tn\u011b Sladk\u00e1 l\u00e1ska - Anna Jankovi\u010dov\u00e1 - Origin\u00e1ln\u00ed obrazy","description":"Very sweet and gentle pink abstract fluid artwork. Smaller size fits perfectly on a desk or to smaller rooms. It could make a nice gift for romantic souls.","robots":{"index":"index","follow":"follow","max-snippet":"max-snippet:-1","max-image-preview":"max-image-preview:large","max-video-preview":"max-video-preview:-1"},"canonical":"https:\/\/annajankovic.art\/cz\/shop\/sweet-love-abstract-fluid-artwork\/","og_locale":"cs_CZ","og_type":"article","og_title":"Abstraktn\u00ed obraz na pl\u00e1tn\u011b Sladk\u00e1 l\u00e1ska - Anna Jankovi\u010dov\u00e1 - Origin\u00e1ln\u00ed obrazy","og_description":"Very sweet and gentle pink abstract fluid artwork. Smaller size fits perfectly on a desk or to smaller rooms. It could make a nice gift for romantic souls.","og_url":"https:\/\/annajankovic.art\/cz\/shop\/sweet-love-abstract-fluid-artwork\/","og_site_name":"Anna Jankovi\u010dov\u00e1 - Origin\u00e1ln\u00ed obrazy","article_publisher":"https:\/\/www.facebook.com\/AnnaJankovic.art","article_modified_time":"2024-07-25T12:18:55+00:00","og_image":[{"width":1360,"height":972,"url":"https:\/\/mlcrcy0krp3e.i.optimole.com\/w:auto\/h:auto\/q:mauto\/f:best\/https:\/\/annajankovic.art\/wp-content\/uploads\/2021\/03\/sweet-love-by-aiyanna.png","type":"image\/png"}],"twitter_card":"summary_large_image","twitter_misc":{"Odhadovan\u00e1 doba \u010dten\u00ed":"1 minuta"},"schema":{"@context":"https:\/\/schema.org","@graph":[{"@type":"WebPage","@id":"https:\/\/annajankovic.art\/shop\/sweet-love-abstract-fluid-artwork\/","url":"https:\/\/annajankovic.art\/shop\/sweet-love-abstract-fluid-artwork\/","name":"Abstraktn\u00ed obraz na pl\u00e1tn\u011b Sladk\u00e1 l\u00e1ska - Anna Jankovi\u010dov\u00e1 - Origin\u00e1ln\u00ed obrazy","isPartOf":{"@id":"https:\/\/aiyannadreamsart.com\/#website"},"primaryImageOfPage":{"@id":"https:\/\/annajankovic.art\/shop\/sweet-love-abstract-fluid-artwork\/#primaryimage"},"image":{"@id":"https:\/\/annajankovic.art\/shop\/sweet-love-abstract-fluid-artwork\/#primaryimage"},"thumbnailUrl":"https:\/\/mlcrcy0krp3e.i.optimole.com\/w:auto\/h:auto\/q:mauto\/f:best\/https:\/\/annajankovic.art\/wp-content\/uploads\/2021\/03\/sweet-love-by-aiyanna.png","datePublished":"2019-10-14T15:05:47+00:00","dateModified":"2024-07-25T12:18:55+00:00","description":"Very sweet and gentle pink abstract fluid artwork. Smaller size fits perfectly on a desk or to smaller rooms. It could make a nice gift for romantic souls.","breadcrumb":{"@id":"https:\/\/annajankovic.art\/shop\/sweet-love-abstract-fluid-artwork\/#breadcrumb"},"inLanguage":"cs","potentialAction":[{"@type":"ReadAction","target":["https:\/\/annajankovic.art\/shop\/sweet-love-abstract-fluid-artwork\/"]}]},{"@type":"ImageObject","inLanguage":"cs","@id":"https:\/\/annajankovic.art\/shop\/sweet-love-abstract-fluid-artwork\/#primaryimage","url":"https:\/\/mlcrcy0krp3e.i.optimole.com\/w:auto\/h:auto\/q:mauto\/f:best\/https:\/\/annajankovic.art\/wp-content\/uploads\/2021\/03\/sweet-love-by-aiyanna.png","contentUrl":"https:\/\/mlcrcy0krp3e.i.optimole.com\/w:auto\/h:auto\/q:mauto\/f:best\/https:\/\/annajankovic.art\/wp-content\/uploads\/2021\/03\/sweet-love-by-aiyanna.png","width":1360,"height":972,"caption":"abstract fluid painting"},{"@type":"BreadcrumbList","@id":"https:\/\/annajankovic.art\/shop\/sweet-love-abstract-fluid-artwork\/#breadcrumb","itemListElement":[{"@type":"ListItem","position":1,"name":"Home","item":"https:\/\/annajankovic.art\/"},{"@type":"ListItem","position":2,"name":"Shop","item":"https:\/\/annajankovic.art\/shop\/"},{"@type":"ListItem","position":3,"name":"Abstract fluid artwork &#8211; Sweet love, 30x30cm"}]},{"@type":"WebSite","@id":"https:\/\/aiyannadreamsart.com\/#website","url":"https:\/\/aiyannadreamsart.com\/","name":"Anna Jankovi\u010dov\u00e1 - Origin\u00e1ln\u00ed obrazy","description":"Malby inspirovan\u00e9 p\u0159\u00edrodou","publisher":{"@id":"https:\/\/aiyannadreamsart.com\/#\/schema\/person\/f54f796fe61b6c5c84e2ad4dc0f7ff00"},"potentialAction":[{"@type":"SearchAction","target":{"@type":"EntryPoint","urlTemplate":"https:\/\/aiyannadreamsart.com\/?s={search_term_string}"},"query-input":{"@type":"PropertyValueSpecification","valueRequired":true,"valueName":"search_term_string"}}],"inLanguage":"cs"},{"@type":["Person","Organization"],"@id":"https:\/\/aiyannadreamsart.com\/#\/schema\/person\/f54f796fe61b6c5c84e2ad4dc0f7ff00","name":"Anna Jankovi\u010dov\u00e1","image":{"@type":"ImageObject","inLanguage":"cs","@id":"https:\/\/mlcrcy0krp3e.i.optimole.com\/w:auto\/h:auto\/q:mauto\/f:best\/https:\/\/annajankovic.art\/wp-content\/uploads\/2022\/12\/Anna_Jankovic_logo-e1771085739954.png","url":"https:\/\/mlcrcy0krp3e.i.optimole.com\/w:auto\/h:auto\/q:mauto\/f:best\/https:\/\/annajankovic.art\/wp-content\/uploads\/2022\/12\/Anna_Jankovic_logo-e1771085739954.png","contentUrl":"https:\/\/mlcrcy0krp3e.i.optimole.com\/w:auto\/h:auto\/q:mauto\/f:best\/https:\/\/annajankovic.art\/wp-content\/uploads\/2022\/12\/Anna_Jankovic_logo-e1771085739954.png","width":300,"height":108,"caption":"Anna Jankovi\u010dov\u00e1"},"logo":{"@id":"https:\/\/mlcrcy0krp3e.i.optimole.com\/w:auto\/h:auto\/q:mauto\/f:best\/https:\/\/annajankovic.art\/wp-content\/uploads\/2022\/12\/Anna_Jankovic_logo-e1771085739954.png"},"sameAs":["https:\/\/www.annajankovic.art","https:\/\/www.facebook.com\/AnnaJankovic.art","https:\/\/www.instagram.com\/annajankovic.art","https:\/\/pinterest.com\/aiyannafilova\/"]}]}},"jetpack_sharing_enabled":true,"_links":{"self":[{"href":"https:\/\/annajankovic.art\/cz\/wp-json\/wp\/v2\/product\/324","targetHints":{"allow":["GET"]}}],"collection":[{"href":"https:\/\/annajankovic.art\/cz\/wp-json\/wp\/v2\/product"}],"about":[{"href":"https:\/\/annajankovic.art\/cz\/wp-json\/wp\/v2\/types\/product"}],"version-history":[{"count":0,"href":"https:\/\/annajankovic.art\/cz\/wp-json\/wp\/v2\/product\/324\/revisions"}],"wp:featuredmedia":[{"embeddable":true,"href":"https:\/\/annajankovic.art\/cz\/wp-json\/wp\/v2\/media\/6402"}],"wp:attachment":[{"href":"https:\/\/annajankovic.art\/cz\/wp-json\/wp\/v2\/media?parent=324"}],"wp:term":[{"taxonomy":"product_brand","embeddable":true,"href":"https:\/\/annajankovic.art\/cz\/wp-json\/wp\/v2\/product_brand?post=324"},{"taxonomy":"product_cat","embeddable":true,"href":"https:\/\/annajankovic.art\/cz\/wp-json\/wp\/v2\/product_cat?post=324"},{"taxonomy":"product_tag","embeddable":true,"href":"https:\/\/annajankovic.art\/cz\/wp-json\/wp\/v2\/product_tag?post=324"}],"curies":[{"name":"wp","href":"https:\/\/api.w.org\/{rel}","templated":true}]}}