{"id":5221,"date":"2020-03-06T19:00:04","date_gmt":"2020-03-06T17:00:04","guid":{"rendered":"https:\/\/annajankovic.art\/?post_type=product&#038;p=5221"},"modified":"2025-04-10T09:17:15","modified_gmt":"2025-04-10T07:17:15","slug":"kindness","status":"publish","type":"product","link":"https:\/\/annajankovic.art\/cz\/shop\/kindness\/","title":{"rendered":"Origin\u00e1ln\u00ed inkoustov\u00e1 malba - Laskavost"},"content":{"rendered":"<p>Tekut\u00fd abstraktn\u00ed obraz ve fialov\u00e9, meru\u0148kov\u00e9 a r\u016f\u017eov\u00e9 barv\u011b. Origin\u00e1ln\u00ed malba na pap\u00edru.<\/p>\n<p>Alkoholov\u00fd inkoust vytv\u00e1\u0159\u00ed kr\u00e1sn\u011b plynouc\u00ed linie na speci\u00e1ln\u00edm leskl\u00e9m pap\u00ed\u0159e. Zlat\u00e9 \u010d\u00e1ste\u010dky a linie se lesknou a v r\u016fzn\u00fdch poloh\u00e1ch odr\u00e1\u017e\u00ed sv\u011btlo.<\/p>\n<p>Skv\u011bl\u00fd v\u00fdb\u011br pokud se V\u00e1m l\u00edb\u00ed modern\u00ed abstraktn\u00ed um\u011bn\u00ed. Vypad\u00e1 hezky zar\u00e1movan\u00fd s paspartou.<\/p>\n<p>Rozm\u011bry: 29,7x42cm<\/p>\n<p>Tento obraz by se taky hodil jako d\u00e1rek, t\u0159eba ke kolaudaci pro Va\u0161e p\u0159\u00e1tele.<\/p>\n<p>M\u016f\u017eete obraz pov\u011bsit jak se V\u00e1m bude l\u00edbit. Abstraktn\u00ed um\u011bn\u00ed je v tomto jedine\u010dn\u00e9 a m\u016f\u017ee b\u00fdt \u010dasto pov\u011b\u0161en\u00e9 v jak\u00e9mkoliv sm\u011bru, dokonce i vzh\u016fru nohami oproti tomu, jak jsem ho nafotila j\u00e1. Tak\u017ee malbu m\u016f\u017eete pov\u011bsit horizont\u00e1ln\u011b i vertik\u00e1ln\u011b.<\/p>\n<p>Obraz jsem podepsala na zadn\u00ed stran\u011b, abych V\u00e1m mo\u017enosti zav\u011b\u0161en\u00ed nelimitovala.<br \/>\nMateri\u00e1l: alkoholov\u00e9 inkousty, leskl\u00fd lak, pap\u00edr.<\/p>\n<p>. . .<\/p>\n<p>Vytvo\u0159en\u00e9 v Brn\u011b.<br \/>\nBude bezpe\u010dn\u011b zabaleno pro doru\u010den\u00ed.<\/p>\n<p>Pros\u00edm, dr\u017ete na pam\u011bti, \u017ee barvy m\u016f\u017eou dle nastaven\u00ed Va\u0161eho monitoru vypadat trochu jinak, ne\u017e ve skute\u010dnosti. Vizualizace obrazu v m\u00edstnosti nemus\u00ed odpov\u00eddat jeho re\u00e1ln\u00fdm rozm\u011br\u016fm.<\/p>\n<p>&nbsp;<\/p>","protected":false},"excerpt":{"rendered":"<p>Purple, pink and peach fluid abstract painting. Original artwork on paper. Alcohol ink creates beautiful flowing and lines on a special paper. Golden lines and particles shine and reflect the light in different positions. Perfect for you if you like modern abstract art. Gooks great framed with a matt board. Size: 29,7\u00d742 cm (11,7\u00d716,5 inches) [&hellip;]<\/p>\n","protected":false},"featured_media":9586,"template":"","meta":[],"product_brand":[],"product_cat":[22,376,230],"product_tag":[229,231,227,95],"class_list":{"0":"post-5221","1":"product","2":"type-product","3":"status-publish","4":"has-post-thumbnail","6":"product_cat-abstract-paintings","7":"product_cat-sale","8":"product_cat-whispers-of-ink","9":"product_tag-abstract-art","10":"product_tag-alcohol-ink-painting","11":"product_tag-framed","12":"product_tag-painting-on-paper","13":"product_shipping_class-big-art","14":"pa_frame-framed","15":"pa_frame-unframed","17":"entry","18":"has-media","20":"first","21":"instock","22":"sale","23":"featured","24":"sold-individually","25":"shipping-taxable","26":"purchasable","27":"product-type-simple","28":"col","29":"span_1_of_3","30":"owp-content-center","31":"item-entry","32":"owp-thumbs-layout-horizontal","33":"owp-btn-normal","34":"owp-tabs-layout-section","35":"circle-sale"},"yoast_head":"<!-- This site is optimized with the Yoast SEO plugin v27.4 - https:\/\/yoast.com\/product\/yoast-seo-wordpress\/ -->\n<title>Original ink painting - Kindness - original fluid painting - Anna Jankovi\u010dov\u00e1 - Origin\u00e1ln\u00ed obrazy<\/title>\n<meta name=\"description\" content=\"Original fluid painting on paper. Alcohol ink creates beautiful flowing and lines on a special paper. Perfect for you if you like modern abstract art.\" \/>\n<meta name=\"robots\" content=\"index, follow, max-snippet:-1, max-image-preview:large, max-video-preview:-1\" \/>\n<link rel=\"canonical\" href=\"https:\/\/annajankovic.art\/cz\/shop\/kindness\/\" \/>\n<meta property=\"og:locale\" content=\"cs_CZ\" \/>\n<meta property=\"og:type\" content=\"article\" \/>\n<meta property=\"og:title\" content=\"Original ink painting - Kindness - original fluid painting - Anna Jankovi\u010dov\u00e1 - Origin\u00e1ln\u00ed obrazy\" \/>\n<meta property=\"og:description\" content=\"Original fluid painting on paper. Alcohol ink creates beautiful flowing and lines on a special paper. Perfect for you if you like modern abstract art.\" \/>\n<meta property=\"og:url\" content=\"https:\/\/annajankovic.art\/cz\/shop\/kindness\/\" \/>\n<meta property=\"og:site_name\" content=\"Anna Jankovi\u010dov\u00e1 - Origin\u00e1ln\u00ed obrazy\" \/>\n<meta property=\"article:publisher\" content=\"https:\/\/www.facebook.com\/AnnaJankovic.art\" \/>\n<meta property=\"article:modified_time\" content=\"2025-04-10T07:17:15+00:00\" \/>\n<meta property=\"og:image\" content=\"https:\/\/mlcrcy0krp3e.i.optimole.com\/w:auto\/h:auto\/q:mauto\/f:best\/https:\/\/annajankovic.art\/wp-content\/uploads\/2021\/03\/moderni-ruzovy-abstraktni-obraz-na-zed.png\" \/>\n\t<meta property=\"og:image:width\" content=\"1477\" \/>\n\t<meta property=\"og:image:height\" content=\"981\" \/>\n\t<meta property=\"og:image:type\" content=\"image\/png\" \/>\n<meta name=\"twitter:card\" content=\"summary_large_image\" \/>\n<meta name=\"twitter:label1\" content=\"Odhadovan\u00e1 doba \u010dten\u00ed\" \/>\n\t<meta name=\"twitter:data1\" content=\"2 minuty\" \/>\n<script type=\"application\/ld+json\" class=\"yoast-schema-graph\">{\"@context\":\"https:\\\/\\\/schema.org\",\"@graph\":[{\"@type\":\"WebPage\",\"@id\":\"https:\\\/\\\/annajankovic.art\\\/shop\\\/kindness\\\/\",\"url\":\"https:\\\/\\\/annajankovic.art\\\/shop\\\/kindness\\\/\",\"name\":\"Original ink painting - Kindness - original fluid painting - Anna Jankovi\u010dov\u00e1 - Origin\u00e1ln\u00ed obrazy\",\"isPartOf\":{\"@id\":\"https:\\\/\\\/aiyannadreamsart.com\\\/#website\"},\"primaryImageOfPage\":{\"@id\":\"https:\\\/\\\/annajankovic.art\\\/shop\\\/kindness\\\/#primaryimage\"},\"image\":{\"@id\":\"https:\\\/\\\/annajankovic.art\\\/shop\\\/kindness\\\/#primaryimage\"},\"thumbnailUrl\":\"https:\\/\\/annajankovic.art\\/wp-content\\/uploads\\/2021\\/03\\/moderni-ruzovy-abstraktni-obraz-na-zed.png\",\"datePublished\":\"2020-03-06T17:00:04+00:00\",\"dateModified\":\"2025-04-10T07:17:15+00:00\",\"description\":\"Original fluid painting on paper. Alcohol ink creates beautiful flowing and lines on a special paper. Perfect for you if you like modern abstract art.\",\"breadcrumb\":{\"@id\":\"https:\\\/\\\/annajankovic.art\\\/shop\\\/kindness\\\/#breadcrumb\"},\"inLanguage\":\"cs\",\"potentialAction\":[{\"@type\":\"ReadAction\",\"target\":[\"https:\\\/\\\/annajankovic.art\\\/shop\\\/kindness\\\/\"]}]},{\"@type\":\"ImageObject\",\"inLanguage\":\"cs\",\"@id\":\"https:\\\/\\\/annajankovic.art\\\/shop\\\/kindness\\\/#primaryimage\",\"url\":\"https:\\/\\/annajankovic.art\\/wp-content\\/uploads\\/2021\\/03\\/moderni-ruzovy-abstraktni-obraz-na-zed.png\",\"contentUrl\":\"https:\\/\\/annajankovic.art\\/wp-content\\/uploads\\/2021\\/03\\/moderni-ruzovy-abstraktni-obraz-na-zed.png\",\"width\":1477,\"height\":981,\"caption\":\"r\u016f\u017eov\u00fd abstraktn\u00ed obraz na ze\u010f\"},{\"@type\":\"BreadcrumbList\",\"@id\":\"https:\\\/\\\/annajankovic.art\\\/shop\\\/kindness\\\/#breadcrumb\",\"itemListElement\":[{\"@type\":\"ListItem\",\"position\":1,\"name\":\"Home\",\"item\":\"https:\\\/\\\/annajankovic.art\\\/\"},{\"@type\":\"ListItem\",\"position\":2,\"name\":\"Shop\",\"item\":\"https:\\\/\\\/annajankovic.art\\\/shop\\\/\"},{\"@type\":\"ListItem\",\"position\":3,\"name\":\"Original ink painting &#8211; Kindness\"}]},{\"@type\":\"WebSite\",\"@id\":\"https:\\\/\\\/aiyannadreamsart.com\\\/#website\",\"url\":\"https:\\\/\\\/aiyannadreamsart.com\\\/\",\"name\":\"Anna Jankovi\u010dov\u00e1 - Origin\u00e1ln\u00ed obrazy\",\"description\":\"Malby inspirovan\u00e9 p\u0159\u00edrodou\",\"publisher\":{\"@id\":\"https:\\\/\\\/aiyannadreamsart.com\\\/#\\\/schema\\\/person\\\/f54f796fe61b6c5c84e2ad4dc0f7ff00\"},\"potentialAction\":[{\"@type\":\"SearchAction\",\"target\":{\"@type\":\"EntryPoint\",\"urlTemplate\":\"https:\\\/\\\/aiyannadreamsart.com\\\/?s={search_term_string}\"},\"query-input\":{\"@type\":\"PropertyValueSpecification\",\"valueRequired\":true,\"valueName\":\"search_term_string\"}}],\"inLanguage\":\"cs\"},{\"@type\":[\"Person\",\"Organization\"],\"@id\":\"https:\\\/\\\/aiyannadreamsart.com\\\/#\\\/schema\\\/person\\\/f54f796fe61b6c5c84e2ad4dc0f7ff00\",\"name\":\"Anna Jankovi\u010dov\u00e1\",\"image\":{\"@type\":\"ImageObject\",\"inLanguage\":\"cs\",\"@id\":\"https:\\/\\/annajankovic.art\\/wp-content\\/uploads\\/2022\\/12\\/Anna_Jankovic_logo-e1771085739954.png\",\"url\":\"https:\\/\\/annajankovic.art\\/wp-content\\/uploads\\/2022\\/12\\/Anna_Jankovic_logo-e1771085739954.png\",\"contentUrl\":\"https:\\/\\/annajankovic.art\\/wp-content\\/uploads\\/2022\\/12\\/Anna_Jankovic_logo-e1771085739954.png\",\"width\":300,\"height\":108,\"caption\":\"Anna Jankovi\u010dov\u00e1\"},\"logo\":{\"@id\":\"https:\\/\\/annajankovic.art\\/wp-content\\/uploads\\/2022\\/12\\/Anna_Jankovic_logo-e1771085739954.png\"},\"sameAs\":[\"https:\\\/\\\/www.annajankovic.art\",\"https:\\\/\\\/www.facebook.com\\\/AnnaJankovic.art\",\"https:\\\/\\\/www.instagram.com\\\/annajankovic.art\",\"https:\\\/\\\/pinterest.com\\\/aiyannafilova\\\/\"]}]}<\/script>\n<!-- \/ Yoast SEO plugin. -->","yoast_head_json":{"title":"Original ink painting - Kindness - original fluid painting - Anna Jankovi\u010dov\u00e1 - Origin\u00e1ln\u00ed obrazy","description":"Original fluid painting on paper. Alcohol ink creates beautiful flowing and lines on a special paper. Perfect for you if you like modern abstract art.","robots":{"index":"index","follow":"follow","max-snippet":"max-snippet:-1","max-image-preview":"max-image-preview:large","max-video-preview":"max-video-preview:-1"},"canonical":"https:\/\/annajankovic.art\/cz\/shop\/kindness\/","og_locale":"cs_CZ","og_type":"article","og_title":"Original ink painting - Kindness - original fluid painting - Anna Jankovi\u010dov\u00e1 - Origin\u00e1ln\u00ed obrazy","og_description":"Original fluid painting on paper. Alcohol ink creates beautiful flowing and lines on a special paper. Perfect for you if you like modern abstract art.","og_url":"https:\/\/annajankovic.art\/cz\/shop\/kindness\/","og_site_name":"Anna Jankovi\u010dov\u00e1 - Origin\u00e1ln\u00ed obrazy","article_publisher":"https:\/\/www.facebook.com\/AnnaJankovic.art","article_modified_time":"2025-04-10T07:17:15+00:00","og_image":[{"width":1477,"height":981,"url":"https:\/\/mlcrcy0krp3e.i.optimole.com\/w:auto\/h:auto\/q:mauto\/f:best\/https:\/\/annajankovic.art\/wp-content\/uploads\/2021\/03\/moderni-ruzovy-abstraktni-obraz-na-zed.png","type":"image\/png"}],"twitter_card":"summary_large_image","twitter_misc":{"Odhadovan\u00e1 doba \u010dten\u00ed":"2 minuty"},"schema":{"@context":"https:\/\/schema.org","@graph":[{"@type":"WebPage","@id":"https:\/\/annajankovic.art\/shop\/kindness\/","url":"https:\/\/annajankovic.art\/shop\/kindness\/","name":"Original ink painting - Kindness - original fluid painting - Anna Jankovi\u010dov\u00e1 - Origin\u00e1ln\u00ed obrazy","isPartOf":{"@id":"https:\/\/aiyannadreamsart.com\/#website"},"primaryImageOfPage":{"@id":"https:\/\/annajankovic.art\/shop\/kindness\/#primaryimage"},"image":{"@id":"https:\/\/annajankovic.art\/shop\/kindness\/#primaryimage"},"thumbnailUrl":"https:\/\/mlcrcy0krp3e.i.optimole.com\/w:auto\/h:auto\/q:mauto\/f:best\/https:\/\/annajankovic.art\/wp-content\/uploads\/2021\/03\/moderni-ruzovy-abstraktni-obraz-na-zed.png","datePublished":"2020-03-06T17:00:04+00:00","dateModified":"2025-04-10T07:17:15+00:00","description":"Original fluid painting on paper. Alcohol ink creates beautiful flowing and lines on a special paper. Perfect for you if you like modern abstract art.","breadcrumb":{"@id":"https:\/\/annajankovic.art\/shop\/kindness\/#breadcrumb"},"inLanguage":"cs","potentialAction":[{"@type":"ReadAction","target":["https:\/\/annajankovic.art\/shop\/kindness\/"]}]},{"@type":"ImageObject","inLanguage":"cs","@id":"https:\/\/annajankovic.art\/shop\/kindness\/#primaryimage","url":"https:\/\/mlcrcy0krp3e.i.optimole.com\/w:auto\/h:auto\/q:mauto\/f:best\/https:\/\/annajankovic.art\/wp-content\/uploads\/2021\/03\/moderni-ruzovy-abstraktni-obraz-na-zed.png","contentUrl":"https:\/\/mlcrcy0krp3e.i.optimole.com\/w:auto\/h:auto\/q:mauto\/f:best\/https:\/\/annajankovic.art\/wp-content\/uploads\/2021\/03\/moderni-ruzovy-abstraktni-obraz-na-zed.png","width":1477,"height":981,"caption":"r\u016f\u017eov\u00fd abstraktn\u00ed obraz na ze\u010f"},{"@type":"BreadcrumbList","@id":"https:\/\/annajankovic.art\/shop\/kindness\/#breadcrumb","itemListElement":[{"@type":"ListItem","position":1,"name":"Home","item":"https:\/\/annajankovic.art\/"},{"@type":"ListItem","position":2,"name":"Shop","item":"https:\/\/annajankovic.art\/shop\/"},{"@type":"ListItem","position":3,"name":"Original ink painting &#8211; Kindness"}]},{"@type":"WebSite","@id":"https:\/\/aiyannadreamsart.com\/#website","url":"https:\/\/aiyannadreamsart.com\/","name":"Anna Jankovi\u010dov\u00e1 - Origin\u00e1ln\u00ed obrazy","description":"Malby inspirovan\u00e9 p\u0159\u00edrodou","publisher":{"@id":"https:\/\/aiyannadreamsart.com\/#\/schema\/person\/f54f796fe61b6c5c84e2ad4dc0f7ff00"},"potentialAction":[{"@type":"SearchAction","target":{"@type":"EntryPoint","urlTemplate":"https:\/\/aiyannadreamsart.com\/?s={search_term_string}"},"query-input":{"@type":"PropertyValueSpecification","valueRequired":true,"valueName":"search_term_string"}}],"inLanguage":"cs"},{"@type":["Person","Organization"],"@id":"https:\/\/aiyannadreamsart.com\/#\/schema\/person\/f54f796fe61b6c5c84e2ad4dc0f7ff00","name":"Anna Jankovi\u010dov\u00e1","image":{"@type":"ImageObject","inLanguage":"cs","@id":"https:\/\/mlcrcy0krp3e.i.optimole.com\/w:auto\/h:auto\/q:mauto\/f:best\/https:\/\/annajankovic.art\/wp-content\/uploads\/2022\/12\/Anna_Jankovic_logo-e1771085739954.png","url":"https:\/\/mlcrcy0krp3e.i.optimole.com\/w:auto\/h:auto\/q:mauto\/f:best\/https:\/\/annajankovic.art\/wp-content\/uploads\/2022\/12\/Anna_Jankovic_logo-e1771085739954.png","contentUrl":"https:\/\/mlcrcy0krp3e.i.optimole.com\/w:auto\/h:auto\/q:mauto\/f:best\/https:\/\/annajankovic.art\/wp-content\/uploads\/2022\/12\/Anna_Jankovic_logo-e1771085739954.png","width":300,"height":108,"caption":"Anna Jankovi\u010dov\u00e1"},"logo":{"@id":"https:\/\/mlcrcy0krp3e.i.optimole.com\/w:auto\/h:auto\/q:mauto\/f:best\/https:\/\/annajankovic.art\/wp-content\/uploads\/2022\/12\/Anna_Jankovic_logo-e1771085739954.png"},"sameAs":["https:\/\/www.annajankovic.art","https:\/\/www.facebook.com\/AnnaJankovic.art","https:\/\/www.instagram.com\/annajankovic.art","https:\/\/pinterest.com\/aiyannafilova\/"]}]}},"jetpack_sharing_enabled":true,"_links":{"self":[{"href":"https:\/\/annajankovic.art\/cz\/wp-json\/wp\/v2\/product\/5221","targetHints":{"allow":["GET"]}}],"collection":[{"href":"https:\/\/annajankovic.art\/cz\/wp-json\/wp\/v2\/product"}],"about":[{"href":"https:\/\/annajankovic.art\/cz\/wp-json\/wp\/v2\/types\/product"}],"version-history":[{"count":0,"href":"https:\/\/annajankovic.art\/cz\/wp-json\/wp\/v2\/product\/5221\/revisions"}],"wp:featuredmedia":[{"embeddable":true,"href":"https:\/\/annajankovic.art\/cz\/wp-json\/wp\/v2\/media\/9586"}],"wp:attachment":[{"href":"https:\/\/annajankovic.art\/cz\/wp-json\/wp\/v2\/media?parent=5221"}],"wp:term":[{"taxonomy":"product_brand","embeddable":true,"href":"https:\/\/annajankovic.art\/cz\/wp-json\/wp\/v2\/product_brand?post=5221"},{"taxonomy":"product_cat","embeddable":true,"href":"https:\/\/annajankovic.art\/cz\/wp-json\/wp\/v2\/product_cat?post=5221"},{"taxonomy":"product_tag","embeddable":true,"href":"https:\/\/annajankovic.art\/cz\/wp-json\/wp\/v2\/product_tag?post=5221"}],"curies":[{"name":"wp","href":"https:\/\/api.w.org\/{rel}","templated":true}]}}