{"id":6507,"date":"2020-05-02T13:51:43","date_gmt":"2020-05-02T11:51:43","guid":{"rendered":"https:\/\/annajankovic.art\/?post_type=product&#038;p=6507"},"modified":"2026-01-03T19:46:08","modified_gmt":"2026-01-03T18:46:08","slug":"magenta-galaxy-modern-abstract-painting","status":"publish","type":"product","link":"https:\/\/annajankovic.art\/cz\/shop\/magenta-galaxy-modern-abstract-painting\/","title":{"rendered":"Bordov\u00e1 galaxie - modern\u00ed abstraktn\u00ed obraz"},"content":{"rendered":"<p>Origin\u00e1ln\u00ed, modern\u00ed akrylov\u00e1 malba na pl\u00e1tn\u011b na blind r\u00e1mu v r\u016f\u017eov\u00e9, tmav\u011b \u010derven\u00e9 a zlat\u00e9 barv\u011b.<\/p>\n<p>N\u00e1zev: Bordov\u00e1 galaxie<\/p>\n<p>Size: 30\u00d740 cm<\/p>\n<p>Nama\u013eovan\u00e9 na pl\u00e1tn\u011b nata\u017een\u00e9m na blind r\u00e1mu, s malovan\u00fdmi okraji. H\u00e1\u010dky na zav\u011b\u0161en\u00ed m\u016f\u017eu nainstalovat na Va\u0161e p\u0159\u00e1n\u00ed, aby byl obraz p\u0159ipraven k pov\u011b\u0161en\u00ed na Va\u0161i st\u011bnu.<\/p>\n<p>Obraz je nalakovan\u00fd (2 vrstvy) pro ochranu proti UV z\u00e1\u0159en\u00ed a prachu.<\/p>\n<p>Signov\u00e1no na stran\u011b obrazu, abyste mohli obraz oto\u010dit a pov\u011bsit podle Va\u0161eho vkusu.<\/p>\n<p>Technika: akrylov\u00e1 pouring ma\u013eba na pl\u00e1tn\u011b<\/p>\n<p>Materi\u00e1l: pl\u00e1tno nata\u017een\u00e9 na d\u0159ev\u011bn\u00e9m r\u00e1mu, akrylov\u00e1 barva, leskl\u00fd lak.<\/p>\n<hr \/>\n<p>Chcete vid\u011bt jak tvo\u0159\u00edm a maluji?\u00a0<a href=\"https:\/\/www.instagram.com\/p\/B9eyAhfHAy8\/\">Spojte se se mnou na Instagramu :)<\/a>\u00a0nebo na\u00a0<a href=\"https:\/\/facebook.com\/aiyannadreamsart\">Facebooku<\/a><\/p>","protected":false},"excerpt":{"rendered":"<p>Origin\u00e1ln\u00ed, modern\u00ed akrylov\u00e1 malba na pl\u00e1tn\u011b na blind r\u00e1mu v r\u016f\u017eov\u00e9, tmav\u011b \u010derven\u00e9 a zlat\u00e9 barv\u011b.<\/p>","protected":false},"featured_media":6495,"template":"","meta":[],"product_brand":[],"product_cat":[22],"product_tag":[229,32,119,203,225,228],"class_list":{"0":"post-6507","1":"product","2":"type-product","3":"status-publish","4":"has-post-thumbnail","6":"product_cat-abstract-paintings","7":"product_tag-abstract-art","8":"product_tag-acrylic","9":"product_tag-fluid_acrylics","10":"product_tag-gallery-wrapped-canvas","11":"product_tag-painting-on-canvas","12":"product_tag-exhibition","13":"product_shipping_class-small-art","15":"entry","16":"has-media","18":"first","19":"instock","20":"sale","21":"shipping-taxable","22":"purchasable","23":"product-type-simple","24":"col","25":"span_1_of_3","26":"owp-content-center","27":"item-entry","28":"owp-thumbs-layout-horizontal","29":"owp-btn-normal","30":"owp-tabs-layout-section","31":"circle-sale"},"yoast_head":"<!-- This site is optimized with the Yoast SEO plugin v27.4 - https:\/\/yoast.com\/product\/yoast-seo-wordpress\/ -->\n<title>Magenta galaxy - modern abstract painting - Anna Jankovi\u010dov\u00e1 - Origin\u00e1ln\u00ed obrazy<\/title>\n<meta name=\"description\" content=\"Original abstract acrylic painting on stretched canvas in gold, pink and deep red colors. 30x40cm acrylic painting to decorate your rooms.\" \/>\n<meta name=\"robots\" content=\"index, follow, max-snippet:-1, max-image-preview:large, max-video-preview:-1\" \/>\n<link rel=\"canonical\" href=\"https:\/\/annajankovic.art\/cz\/shop\/magenta-galaxy-modern-abstract-painting\/\" \/>\n<meta property=\"og:locale\" content=\"cs_CZ\" \/>\n<meta property=\"og:type\" content=\"article\" \/>\n<meta property=\"og:title\" content=\"Magenta galaxy - modern abstract painting - Anna Jankovi\u010dov\u00e1 - Origin\u00e1ln\u00ed obrazy\" \/>\n<meta property=\"og:description\" content=\"Original abstract acrylic painting on stretched canvas in gold, pink and deep red colors. 30x40cm acrylic painting to decorate your rooms.\" \/>\n<meta property=\"og:url\" content=\"https:\/\/annajankovic.art\/cz\/shop\/magenta-galaxy-modern-abstract-painting\/\" \/>\n<meta property=\"og:site_name\" content=\"Anna Jankovi\u010dov\u00e1 - Origin\u00e1ln\u00ed obrazy\" \/>\n<meta property=\"article:publisher\" content=\"https:\/\/www.facebook.com\/AnnaJankovic.art\" \/>\n<meta property=\"article:modified_time\" content=\"2026-01-03T18:46:08+00:00\" \/>\n<meta property=\"og:image\" content=\"https:\/\/mlcrcy0krp3e.i.optimole.com\/w:auto\/h:auto\/q:mauto\/f:best\/https:\/\/annajankovic.art\/wp-content\/uploads\/2021\/03\/wp-1588418792249-e1599415683492.png\" \/>\n\t<meta property=\"og:image:width\" content=\"960\" \/>\n\t<meta property=\"og:image:height\" content=\"852\" \/>\n\t<meta property=\"og:image:type\" content=\"image\/png\" \/>\n<meta name=\"twitter:card\" content=\"summary_large_image\" \/>\n<meta name=\"twitter:label1\" content=\"Odhadovan\u00e1 doba \u010dten\u00ed\" \/>\n\t<meta name=\"twitter:data1\" content=\"1 minuta\" \/>\n<script type=\"application\/ld+json\" class=\"yoast-schema-graph\">{\"@context\":\"https:\\\/\\\/schema.org\",\"@graph\":[{\"@type\":\"WebPage\",\"@id\":\"https:\\\/\\\/annajankovic.art\\\/shop\\\/magenta-galaxy-modern-abstract-painting\\\/\",\"url\":\"https:\\\/\\\/annajankovic.art\\\/shop\\\/magenta-galaxy-modern-abstract-painting\\\/\",\"name\":\"Magenta galaxy - modern abstract painting - Anna Jankovi\u010dov\u00e1 - Origin\u00e1ln\u00ed obrazy\",\"isPartOf\":{\"@id\":\"https:\\\/\\\/aiyannadreamsart.com\\\/#website\"},\"primaryImageOfPage\":{\"@id\":\"https:\\\/\\\/annajankovic.art\\\/shop\\\/magenta-galaxy-modern-abstract-painting\\\/#primaryimage\"},\"image\":{\"@id\":\"https:\\\/\\\/annajankovic.art\\\/shop\\\/magenta-galaxy-modern-abstract-painting\\\/#primaryimage\"},\"thumbnailUrl\":\"https:\\/\\/annajankovic.art\\/wp-content\\/uploads\\/2021\\/03\\/wp-1588418792249-e1599415683492.png\",\"datePublished\":\"2020-05-02T11:51:43+00:00\",\"dateModified\":\"2026-01-03T18:46:08+00:00\",\"description\":\"Original abstract acrylic painting on stretched canvas in gold, pink and deep red colors. 30x40cm acrylic painting to decorate your rooms.\",\"breadcrumb\":{\"@id\":\"https:\\\/\\\/annajankovic.art\\\/shop\\\/magenta-galaxy-modern-abstract-painting\\\/#breadcrumb\"},\"inLanguage\":\"cs\",\"potentialAction\":[{\"@type\":\"ReadAction\",\"target\":[\"https:\\\/\\\/annajankovic.art\\\/shop\\\/magenta-galaxy-modern-abstract-painting\\\/\"]}]},{\"@type\":\"ImageObject\",\"inLanguage\":\"cs\",\"@id\":\"https:\\\/\\\/annajankovic.art\\\/shop\\\/magenta-galaxy-modern-abstract-painting\\\/#primaryimage\",\"url\":\"https:\\/\\/annajankovic.art\\/wp-content\\/uploads\\/2021\\/03\\/wp-1588418792249-e1599415683492.png\",\"contentUrl\":\"https:\\/\\/annajankovic.art\\/wp-content\\/uploads\\/2021\\/03\\/wp-1588418792249-e1599415683492.png\",\"width\":960,\"height\":852,\"caption\":\"modern abstract painting\"},{\"@type\":\"BreadcrumbList\",\"@id\":\"https:\\\/\\\/annajankovic.art\\\/shop\\\/magenta-galaxy-modern-abstract-painting\\\/#breadcrumb\",\"itemListElement\":[{\"@type\":\"ListItem\",\"position\":1,\"name\":\"Home\",\"item\":\"https:\\\/\\\/annajankovic.art\\\/\"},{\"@type\":\"ListItem\",\"position\":2,\"name\":\"Shop\",\"item\":\"https:\\\/\\\/annajankovic.art\\\/shop\\\/\"},{\"@type\":\"ListItem\",\"position\":3,\"name\":\"Magenta galaxy &#8211; modern abstract painting\"}]},{\"@type\":\"WebSite\",\"@id\":\"https:\\\/\\\/aiyannadreamsart.com\\\/#website\",\"url\":\"https:\\\/\\\/aiyannadreamsart.com\\\/\",\"name\":\"Anna Jankovi\u010dov\u00e1 - Origin\u00e1ln\u00ed obrazy\",\"description\":\"Malby inspirovan\u00e9 p\u0159\u00edrodou\",\"publisher\":{\"@id\":\"https:\\\/\\\/aiyannadreamsart.com\\\/#\\\/schema\\\/person\\\/f54f796fe61b6c5c84e2ad4dc0f7ff00\"},\"potentialAction\":[{\"@type\":\"SearchAction\",\"target\":{\"@type\":\"EntryPoint\",\"urlTemplate\":\"https:\\\/\\\/aiyannadreamsart.com\\\/?s={search_term_string}\"},\"query-input\":{\"@type\":\"PropertyValueSpecification\",\"valueRequired\":true,\"valueName\":\"search_term_string\"}}],\"inLanguage\":\"cs\"},{\"@type\":[\"Person\",\"Organization\"],\"@id\":\"https:\\\/\\\/aiyannadreamsart.com\\\/#\\\/schema\\\/person\\\/f54f796fe61b6c5c84e2ad4dc0f7ff00\",\"name\":\"Anna Jankovi\u010dov\u00e1\",\"image\":{\"@type\":\"ImageObject\",\"inLanguage\":\"cs\",\"@id\":\"https:\\/\\/annajankovic.art\\/wp-content\\/uploads\\/2022\\/12\\/Anna_Jankovic_logo-e1771085739954.png\",\"url\":\"https:\\/\\/annajankovic.art\\/wp-content\\/uploads\\/2022\\/12\\/Anna_Jankovic_logo-e1771085739954.png\",\"contentUrl\":\"https:\\/\\/annajankovic.art\\/wp-content\\/uploads\\/2022\\/12\\/Anna_Jankovic_logo-e1771085739954.png\",\"width\":300,\"height\":108,\"caption\":\"Anna Jankovi\u010dov\u00e1\"},\"logo\":{\"@id\":\"https:\\/\\/annajankovic.art\\/wp-content\\/uploads\\/2022\\/12\\/Anna_Jankovic_logo-e1771085739954.png\"},\"sameAs\":[\"https:\\\/\\\/www.annajankovic.art\",\"https:\\\/\\\/www.facebook.com\\\/AnnaJankovic.art\",\"https:\\\/\\\/www.instagram.com\\\/annajankovic.art\",\"https:\\\/\\\/pinterest.com\\\/aiyannafilova\\\/\"]}]}<\/script>\n<!-- \/ Yoast SEO plugin. -->","yoast_head_json":{"title":"Magenta galaxy - modern abstract painting - Anna Jankovi\u010dov\u00e1 - Origin\u00e1ln\u00ed obrazy","description":"Original abstract acrylic painting on stretched canvas in gold, pink and deep red colors. 30x40cm acrylic painting to decorate your rooms.","robots":{"index":"index","follow":"follow","max-snippet":"max-snippet:-1","max-image-preview":"max-image-preview:large","max-video-preview":"max-video-preview:-1"},"canonical":"https:\/\/annajankovic.art\/cz\/shop\/magenta-galaxy-modern-abstract-painting\/","og_locale":"cs_CZ","og_type":"article","og_title":"Magenta galaxy - modern abstract painting - Anna Jankovi\u010dov\u00e1 - Origin\u00e1ln\u00ed obrazy","og_description":"Original abstract acrylic painting on stretched canvas in gold, pink and deep red colors. 30x40cm acrylic painting to decorate your rooms.","og_url":"https:\/\/annajankovic.art\/cz\/shop\/magenta-galaxy-modern-abstract-painting\/","og_site_name":"Anna Jankovi\u010dov\u00e1 - Origin\u00e1ln\u00ed obrazy","article_publisher":"https:\/\/www.facebook.com\/AnnaJankovic.art","article_modified_time":"2026-01-03T18:46:08+00:00","og_image":[{"width":960,"height":852,"url":"https:\/\/mlcrcy0krp3e.i.optimole.com\/w:auto\/h:auto\/q:mauto\/f:best\/https:\/\/annajankovic.art\/wp-content\/uploads\/2021\/03\/wp-1588418792249-e1599415683492.png","type":"image\/png"}],"twitter_card":"summary_large_image","twitter_misc":{"Odhadovan\u00e1 doba \u010dten\u00ed":"1 minuta"},"schema":{"@context":"https:\/\/schema.org","@graph":[{"@type":"WebPage","@id":"https:\/\/annajankovic.art\/shop\/magenta-galaxy-modern-abstract-painting\/","url":"https:\/\/annajankovic.art\/shop\/magenta-galaxy-modern-abstract-painting\/","name":"Magenta galaxy - modern abstract painting - Anna Jankovi\u010dov\u00e1 - Origin\u00e1ln\u00ed obrazy","isPartOf":{"@id":"https:\/\/aiyannadreamsart.com\/#website"},"primaryImageOfPage":{"@id":"https:\/\/annajankovic.art\/shop\/magenta-galaxy-modern-abstract-painting\/#primaryimage"},"image":{"@id":"https:\/\/annajankovic.art\/shop\/magenta-galaxy-modern-abstract-painting\/#primaryimage"},"thumbnailUrl":"https:\/\/mlcrcy0krp3e.i.optimole.com\/w:auto\/h:auto\/q:mauto\/f:best\/https:\/\/annajankovic.art\/wp-content\/uploads\/2021\/03\/wp-1588418792249-e1599415683492.png","datePublished":"2020-05-02T11:51:43+00:00","dateModified":"2026-01-03T18:46:08+00:00","description":"Original abstract acrylic painting on stretched canvas in gold, pink and deep red colors. 30x40cm acrylic painting to decorate your rooms.","breadcrumb":{"@id":"https:\/\/annajankovic.art\/shop\/magenta-galaxy-modern-abstract-painting\/#breadcrumb"},"inLanguage":"cs","potentialAction":[{"@type":"ReadAction","target":["https:\/\/annajankovic.art\/shop\/magenta-galaxy-modern-abstract-painting\/"]}]},{"@type":"ImageObject","inLanguage":"cs","@id":"https:\/\/annajankovic.art\/shop\/magenta-galaxy-modern-abstract-painting\/#primaryimage","url":"https:\/\/mlcrcy0krp3e.i.optimole.com\/w:auto\/h:auto\/q:mauto\/f:best\/https:\/\/annajankovic.art\/wp-content\/uploads\/2021\/03\/wp-1588418792249-e1599415683492.png","contentUrl":"https:\/\/mlcrcy0krp3e.i.optimole.com\/w:auto\/h:auto\/q:mauto\/f:best\/https:\/\/annajankovic.art\/wp-content\/uploads\/2021\/03\/wp-1588418792249-e1599415683492.png","width":960,"height":852,"caption":"modern abstract painting"},{"@type":"BreadcrumbList","@id":"https:\/\/annajankovic.art\/shop\/magenta-galaxy-modern-abstract-painting\/#breadcrumb","itemListElement":[{"@type":"ListItem","position":1,"name":"Home","item":"https:\/\/annajankovic.art\/"},{"@type":"ListItem","position":2,"name":"Shop","item":"https:\/\/annajankovic.art\/shop\/"},{"@type":"ListItem","position":3,"name":"Magenta galaxy &#8211; modern abstract painting"}]},{"@type":"WebSite","@id":"https:\/\/aiyannadreamsart.com\/#website","url":"https:\/\/aiyannadreamsart.com\/","name":"Anna Jankovi\u010dov\u00e1 - Origin\u00e1ln\u00ed obrazy","description":"Malby inspirovan\u00e9 p\u0159\u00edrodou","publisher":{"@id":"https:\/\/aiyannadreamsart.com\/#\/schema\/person\/f54f796fe61b6c5c84e2ad4dc0f7ff00"},"potentialAction":[{"@type":"SearchAction","target":{"@type":"EntryPoint","urlTemplate":"https:\/\/aiyannadreamsart.com\/?s={search_term_string}"},"query-input":{"@type":"PropertyValueSpecification","valueRequired":true,"valueName":"search_term_string"}}],"inLanguage":"cs"},{"@type":["Person","Organization"],"@id":"https:\/\/aiyannadreamsart.com\/#\/schema\/person\/f54f796fe61b6c5c84e2ad4dc0f7ff00","name":"Anna Jankovi\u010dov\u00e1","image":{"@type":"ImageObject","inLanguage":"cs","@id":"https:\/\/mlcrcy0krp3e.i.optimole.com\/w:auto\/h:auto\/q:mauto\/f:best\/https:\/\/annajankovic.art\/wp-content\/uploads\/2022\/12\/Anna_Jankovic_logo-e1771085739954.png","url":"https:\/\/mlcrcy0krp3e.i.optimole.com\/w:auto\/h:auto\/q:mauto\/f:best\/https:\/\/annajankovic.art\/wp-content\/uploads\/2022\/12\/Anna_Jankovic_logo-e1771085739954.png","contentUrl":"https:\/\/mlcrcy0krp3e.i.optimole.com\/w:auto\/h:auto\/q:mauto\/f:best\/https:\/\/annajankovic.art\/wp-content\/uploads\/2022\/12\/Anna_Jankovic_logo-e1771085739954.png","width":300,"height":108,"caption":"Anna Jankovi\u010dov\u00e1"},"logo":{"@id":"https:\/\/mlcrcy0krp3e.i.optimole.com\/w:auto\/h:auto\/q:mauto\/f:best\/https:\/\/annajankovic.art\/wp-content\/uploads\/2022\/12\/Anna_Jankovic_logo-e1771085739954.png"},"sameAs":["https:\/\/www.annajankovic.art","https:\/\/www.facebook.com\/AnnaJankovic.art","https:\/\/www.instagram.com\/annajankovic.art","https:\/\/pinterest.com\/aiyannafilova\/"]}]}},"jetpack_sharing_enabled":true,"_links":{"self":[{"href":"https:\/\/annajankovic.art\/cz\/wp-json\/wp\/v2\/product\/6507","targetHints":{"allow":["GET"]}}],"collection":[{"href":"https:\/\/annajankovic.art\/cz\/wp-json\/wp\/v2\/product"}],"about":[{"href":"https:\/\/annajankovic.art\/cz\/wp-json\/wp\/v2\/types\/product"}],"version-history":[{"count":0,"href":"https:\/\/annajankovic.art\/cz\/wp-json\/wp\/v2\/product\/6507\/revisions"}],"wp:featuredmedia":[{"embeddable":true,"href":"https:\/\/annajankovic.art\/cz\/wp-json\/wp\/v2\/media\/6495"}],"wp:attachment":[{"href":"https:\/\/annajankovic.art\/cz\/wp-json\/wp\/v2\/media?parent=6507"}],"wp:term":[{"taxonomy":"product_brand","embeddable":true,"href":"https:\/\/annajankovic.art\/cz\/wp-json\/wp\/v2\/product_brand?post=6507"},{"taxonomy":"product_cat","embeddable":true,"href":"https:\/\/annajankovic.art\/cz\/wp-json\/wp\/v2\/product_cat?post=6507"},{"taxonomy":"product_tag","embeddable":true,"href":"https:\/\/annajankovic.art\/cz\/wp-json\/wp\/v2\/product_tag?post=6507"}],"curies":[{"name":"wp","href":"https:\/\/api.w.org\/{rel}","templated":true}]}}