{"id":6731,"date":"2020-06-06T10:07:20","date_gmt":"2020-06-06T08:07:20","guid":{"rendered":"https:\/\/annajankovic.art\/?post_type=product&#038;p=6731"},"modified":"2026-01-03T19:41:38","modified_gmt":"2026-01-03T18:41:38","slug":"sweet-sunset-at-sea-sunset-beach-painting","status":"publish","type":"product","link":"https:\/\/annajankovic.art\/cz\/shop\/sweet-sunset-at-sea-sunset-beach-painting\/","title":{"rendered":"Sladk\u00fd z\u00e1pad slunce - olejomalba na pl\u00e1tn\u011b"},"content":{"rendered":"<p>Tento pestrobarevn\u00fd obraz mo\u0159e a pl\u00e1\u017ee zobrazuje sladk\u00e9 barvy z\u00e1padu slunce odr\u00e1\u017eej\u00edc\u00ed se ve vln\u00e1ch na pl\u00e1\u017ei.<\/p>\n<p>Malovala jsem tuto s\u00e9rii mo\u0159sk\u00fdch obraz\u016f v nad\u011bji, \u017ee V\u00e1m m\u016f\u017eou nab\u00eddnout tich\u00fd moment v zanepr\u00e1zdn\u011bn\u00e9m dni, chv\u00edli pro nahl\u00e9dnut\u00ed do sebe skrze tento obraz, naslouch\u00e1n\u00ed Va\u0161emu tich\u00e9mu hlasu intuice a vnit\u0159n\u00edho veden\u00ed.<\/p>\n<p>Sladk\u00fd z\u00e1pad slunce, origin\u00e1ln\u00ed olejomalba na pl\u00e1tn\u011b s hrub\u00fdmi okraji.<br \/>\nRozm\u011bry: 60x60 cm<\/p>\n<p>Kr\u00e1sn\u00fd abstraktn\u00ed obraz mo\u0159e namalovan\u00fd na pl\u00e1tn\u011b s blind r\u00e1mem.<br \/>\nOrigin\u00e1ln\u00ed obraz pl\u00e1\u017ee malovan\u00fd olejov\u00fdmi barvami, signov\u00e1n.<br \/>\nTechnika: ru\u010dn\u011b malovan\u00e9, \u0161pachtl\u00ed a \u0161t\u011btci, olejov\u00e9 barvy na pl\u00e1tn\u011b.<br \/>\nMateri\u00e1l: pl\u00e1tno napnut\u00e9 na blind r\u00e1mu, olejov\u00e9 barvy. H\u00e1\u010dky jsou nainstalovan\u00e9, m\u016f\u017eete pov\u011bsit rovnou na ze\u010f.<\/p>","protected":false},"excerpt":{"rendered":"<p>Tento pestrobarevn\u00fd obraz mo\u0159e a pl\u00e1\u017ee zobrazuje sladk\u00e9 barvy z\u00e1padu slunce odr\u00e1\u017eej\u00edc\u00ed se ve vln\u00e1ch na pl\u00e1\u017ei.<\/p>\n<p>Malovala jsem tuto s\u00e9rii mo\u0159sk\u00fdch obraz\u016f v nad\u011bji, \u017ee V\u00e1m m\u016f\u017eou nab\u00eddnout tich\u00fd moment v zanepr\u00e1zdn\u011bn\u00e9m dni, chv\u00edli pro nahl\u00e9dnut\u00ed do sebe skrze tento obraz, naslouch\u00e1n\u00ed Va\u0161emu tich\u00e9mu hlasu intuice a vnit\u0159n\u00edho veden\u00ed.<\/p>","protected":false},"featured_media":6689,"template":"","meta":[],"product_brand":[],"product_cat":[18],"product_tag":[211,203,208,205,199,123],"class_list":{"0":"post-6731","1":"product","2":"type-product","3":"status-publish","4":"has-post-thumbnail","6":"product_cat-seascapes","7":"product_tag-deep-edge-canvas","8":"product_tag-gallery-wrapped-canvas","9":"product_tag-landscape-painting","10":"product_tag-oil-painting","11":"product_tag-sea","12":"product_tag-sunset-paintings","13":"product_shipping_class-big-art","15":"entry","16":"has-media","18":"first","19":"instock","20":"shipping-taxable","21":"purchasable","22":"product-type-simple","23":"col","24":"span_1_of_3","25":"owp-content-center","26":"item-entry","27":"owp-thumbs-layout-horizontal","28":"owp-btn-normal","29":"owp-tabs-layout-section","30":"circle-sale"},"yoast_head":"<!-- This site is optimized with the Yoast SEO plugin v27.5 - https:\/\/yoast.com\/product\/yoast-seo-wordpress\/ -->\n<title>Sweet sunset at sea - sunset beach painting - Anna Jankovi\u010dov\u00e1 - Origin\u00e1ln\u00ed obrazy<\/title>\n<meta name=\"description\" content=\"Sweet sunset at sea - sunset beach painting. This colourful sunset beach painting shows sweet sunset colours and light reflections flowing through the sand.\" \/>\n<meta name=\"robots\" content=\"index, follow, max-snippet:-1, max-image-preview:large, max-video-preview:-1\" \/>\n<link rel=\"canonical\" href=\"https:\/\/annajankovic.art\/cz\/shop\/sweet-sunset-at-sea-sunset-beach-painting\/\" \/>\n<meta property=\"og:locale\" content=\"cs_CZ\" \/>\n<meta property=\"og:type\" content=\"article\" \/>\n<meta property=\"og:title\" content=\"Sweet sunset at sea - sunset beach painting - Anna Jankovi\u010dov\u00e1 - Origin\u00e1ln\u00ed obrazy\" \/>\n<meta property=\"og:description\" content=\"Sweet sunset at sea - sunset beach painting. This colourful sunset beach painting shows sweet sunset colours and light reflections flowing through the sand.\" \/>\n<meta property=\"og:url\" content=\"https:\/\/annajankovic.art\/cz\/shop\/sweet-sunset-at-sea-sunset-beach-painting\/\" \/>\n<meta property=\"og:site_name\" content=\"Anna Jankovi\u010dov\u00e1 - Origin\u00e1ln\u00ed obrazy\" \/>\n<meta property=\"article:publisher\" content=\"https:\/\/www.facebook.com\/AnnaJankovic.art\" \/>\n<meta property=\"article:modified_time\" content=\"2026-01-03T18:41:38+00:00\" \/>\n<meta property=\"og:image\" content=\"https:\/\/mlcrcy0krp3e.i.optimole.com\/w:auto\/h:auto\/q:mauto\/f:best\/https:\/\/annajankovic.art\/wp-content\/uploads\/2021\/03\/sweet-sunset-at-sea-original-artwork-by-aiyanna.png\" \/>\n\t<meta property=\"og:image:width\" content=\"743\" \/>\n\t<meta property=\"og:image:height\" content=\"722\" \/>\n\t<meta property=\"og:image:type\" content=\"image\/png\" \/>\n<meta name=\"twitter:card\" content=\"summary_large_image\" \/>\n<meta name=\"twitter:label1\" content=\"Odhadovan\u00e1 doba \u010dten\u00ed\" \/>\n\t<meta name=\"twitter:data1\" content=\"1 minuta\" \/>\n<script type=\"application\/ld+json\" class=\"yoast-schema-graph\">{\"@context\":\"https:\\\/\\\/schema.org\",\"@graph\":[{\"@type\":\"WebPage\",\"@id\":\"https:\\\/\\\/annajankovic.art\\\/shop\\\/sweet-sunset-at-sea-sunset-beach-painting\\\/\",\"url\":\"https:\\\/\\\/annajankovic.art\\\/shop\\\/sweet-sunset-at-sea-sunset-beach-painting\\\/\",\"name\":\"Sweet sunset at sea - sunset beach painting - Anna Jankovi\u010dov\u00e1 - Origin\u00e1ln\u00ed obrazy\",\"isPartOf\":{\"@id\":\"https:\\\/\\\/aiyannadreamsart.com\\\/#website\"},\"primaryImageOfPage\":{\"@id\":\"https:\\\/\\\/annajankovic.art\\\/shop\\\/sweet-sunset-at-sea-sunset-beach-painting\\\/#primaryimage\"},\"image\":{\"@id\":\"https:\\\/\\\/annajankovic.art\\\/shop\\\/sweet-sunset-at-sea-sunset-beach-painting\\\/#primaryimage\"},\"thumbnailUrl\":\"https:\\/\\/annajankovic.art\\/wp-content\\/uploads\\/2021\\/03\\/sweet-sunset-at-sea-original-artwork-by-aiyanna.png\",\"datePublished\":\"2020-06-06T08:07:20+00:00\",\"dateModified\":\"2026-01-03T18:41:38+00:00\",\"description\":\"Sweet sunset at sea - sunset beach painting. This colourful sunset beach painting shows sweet sunset colours and light reflections flowing through the sand.\",\"breadcrumb\":{\"@id\":\"https:\\\/\\\/annajankovic.art\\\/shop\\\/sweet-sunset-at-sea-sunset-beach-painting\\\/#breadcrumb\"},\"inLanguage\":\"cs\",\"potentialAction\":[{\"@type\":\"ReadAction\",\"target\":[\"https:\\\/\\\/annajankovic.art\\\/shop\\\/sweet-sunset-at-sea-sunset-beach-painting\\\/\"]}]},{\"@type\":\"ImageObject\",\"inLanguage\":\"cs\",\"@id\":\"https:\\\/\\\/annajankovic.art\\\/shop\\\/sweet-sunset-at-sea-sunset-beach-painting\\\/#primaryimage\",\"url\":\"https:\\/\\/annajankovic.art\\/wp-content\\/uploads\\/2021\\/03\\/sweet-sunset-at-sea-original-artwork-by-aiyanna.png\",\"contentUrl\":\"https:\\/\\/annajankovic.art\\/wp-content\\/uploads\\/2021\\/03\\/sweet-sunset-at-sea-original-artwork-by-aiyanna.png\",\"width\":743,\"height\":722,\"caption\":\"seascape oil painting on canvas free shipping\"},{\"@type\":\"BreadcrumbList\",\"@id\":\"https:\\\/\\\/annajankovic.art\\\/shop\\\/sweet-sunset-at-sea-sunset-beach-painting\\\/#breadcrumb\",\"itemListElement\":[{\"@type\":\"ListItem\",\"position\":1,\"name\":\"Home\",\"item\":\"https:\\\/\\\/annajankovic.art\\\/\"},{\"@type\":\"ListItem\",\"position\":2,\"name\":\"Shop\",\"item\":\"https:\\\/\\\/annajankovic.art\\\/shop\\\/\"},{\"@type\":\"ListItem\",\"position\":3,\"name\":\"Sweet sunset at sea &#8211; sunset beach painting\"}]},{\"@type\":\"WebSite\",\"@id\":\"https:\\\/\\\/aiyannadreamsart.com\\\/#website\",\"url\":\"https:\\\/\\\/aiyannadreamsart.com\\\/\",\"name\":\"Anna Jankovi\u010dov\u00e1 - Origin\u00e1ln\u00ed obrazy\",\"description\":\"Malby inspirovan\u00e9 p\u0159\u00edrodou\",\"publisher\":{\"@id\":\"https:\\\/\\\/aiyannadreamsart.com\\\/#\\\/schema\\\/person\\\/f54f796fe61b6c5c84e2ad4dc0f7ff00\"},\"potentialAction\":[{\"@type\":\"SearchAction\",\"target\":{\"@type\":\"EntryPoint\",\"urlTemplate\":\"https:\\\/\\\/aiyannadreamsart.com\\\/?s={search_term_string}\"},\"query-input\":{\"@type\":\"PropertyValueSpecification\",\"valueRequired\":true,\"valueName\":\"search_term_string\"}}],\"inLanguage\":\"cs\"},{\"@type\":[\"Person\",\"Organization\"],\"@id\":\"https:\\\/\\\/aiyannadreamsart.com\\\/#\\\/schema\\\/person\\\/f54f796fe61b6c5c84e2ad4dc0f7ff00\",\"name\":\"Anna Jankovi\u010dov\u00e1\",\"image\":{\"@type\":\"ImageObject\",\"inLanguage\":\"cs\",\"@id\":\"https:\\/\\/annajankovic.art\\/wp-content\\/uploads\\/2022\\/12\\/Anna_Jankovic_logo-e1771085739954.png\",\"url\":\"https:\\/\\/annajankovic.art\\/wp-content\\/uploads\\/2022\\/12\\/Anna_Jankovic_logo-e1771085739954.png\",\"contentUrl\":\"https:\\/\\/annajankovic.art\\/wp-content\\/uploads\\/2022\\/12\\/Anna_Jankovic_logo-e1771085739954.png\",\"width\":300,\"height\":108,\"caption\":\"Anna Jankovi\u010dov\u00e1\"},\"logo\":{\"@id\":\"https:\\/\\/annajankovic.art\\/wp-content\\/uploads\\/2022\\/12\\/Anna_Jankovic_logo-e1771085739954.png\"},\"sameAs\":[\"https:\\\/\\\/www.annajankovic.art\",\"https:\\\/\\\/www.facebook.com\\\/AnnaJankovic.art\",\"https:\\\/\\\/www.instagram.com\\\/annajankovic.art\",\"https:\\\/\\\/pinterest.com\\\/aiyannafilova\\\/\"]}]}<\/script>\n<!-- \/ Yoast SEO plugin. -->","yoast_head_json":{"title":"Sweet sunset at sea - sunset beach painting - Anna Jankovi\u010dov\u00e1 - Origin\u00e1ln\u00ed obrazy","description":"Sweet sunset at sea - sunset beach painting. This colourful sunset beach painting shows sweet sunset colours and light reflections flowing through the sand.","robots":{"index":"index","follow":"follow","max-snippet":"max-snippet:-1","max-image-preview":"max-image-preview:large","max-video-preview":"max-video-preview:-1"},"canonical":"https:\/\/annajankovic.art\/cz\/shop\/sweet-sunset-at-sea-sunset-beach-painting\/","og_locale":"cs_CZ","og_type":"article","og_title":"Sweet sunset at sea - sunset beach painting - Anna Jankovi\u010dov\u00e1 - Origin\u00e1ln\u00ed obrazy","og_description":"Sweet sunset at sea - sunset beach painting. This colourful sunset beach painting shows sweet sunset colours and light reflections flowing through the sand.","og_url":"https:\/\/annajankovic.art\/cz\/shop\/sweet-sunset-at-sea-sunset-beach-painting\/","og_site_name":"Anna Jankovi\u010dov\u00e1 - Origin\u00e1ln\u00ed obrazy","article_publisher":"https:\/\/www.facebook.com\/AnnaJankovic.art","article_modified_time":"2026-01-03T18:41:38+00:00","og_image":[{"width":743,"height":722,"url":"https:\/\/mlcrcy0krp3e.i.optimole.com\/w:auto\/h:auto\/q:mauto\/f:best\/https:\/\/annajankovic.art\/wp-content\/uploads\/2021\/03\/sweet-sunset-at-sea-original-artwork-by-aiyanna.png","type":"image\/png"}],"twitter_card":"summary_large_image","twitter_misc":{"Odhadovan\u00e1 doba \u010dten\u00ed":"1 minuta"},"schema":{"@context":"https:\/\/schema.org","@graph":[{"@type":"WebPage","@id":"https:\/\/annajankovic.art\/shop\/sweet-sunset-at-sea-sunset-beach-painting\/","url":"https:\/\/annajankovic.art\/shop\/sweet-sunset-at-sea-sunset-beach-painting\/","name":"Sweet sunset at sea - sunset beach painting - Anna Jankovi\u010dov\u00e1 - Origin\u00e1ln\u00ed obrazy","isPartOf":{"@id":"https:\/\/aiyannadreamsart.com\/#website"},"primaryImageOfPage":{"@id":"https:\/\/annajankovic.art\/shop\/sweet-sunset-at-sea-sunset-beach-painting\/#primaryimage"},"image":{"@id":"https:\/\/annajankovic.art\/shop\/sweet-sunset-at-sea-sunset-beach-painting\/#primaryimage"},"thumbnailUrl":"https:\/\/mlcrcy0krp3e.i.optimole.com\/w:auto\/h:auto\/q:mauto\/f:best\/https:\/\/annajankovic.art\/wp-content\/uploads\/2021\/03\/sweet-sunset-at-sea-original-artwork-by-aiyanna.png","datePublished":"2020-06-06T08:07:20+00:00","dateModified":"2026-01-03T18:41:38+00:00","description":"Sweet sunset at sea - sunset beach painting. This colourful sunset beach painting shows sweet sunset colours and light reflections flowing through the sand.","breadcrumb":{"@id":"https:\/\/annajankovic.art\/shop\/sweet-sunset-at-sea-sunset-beach-painting\/#breadcrumb"},"inLanguage":"cs","potentialAction":[{"@type":"ReadAction","target":["https:\/\/annajankovic.art\/shop\/sweet-sunset-at-sea-sunset-beach-painting\/"]}]},{"@type":"ImageObject","inLanguage":"cs","@id":"https:\/\/annajankovic.art\/shop\/sweet-sunset-at-sea-sunset-beach-painting\/#primaryimage","url":"https:\/\/mlcrcy0krp3e.i.optimole.com\/w:auto\/h:auto\/q:mauto\/f:best\/https:\/\/annajankovic.art\/wp-content\/uploads\/2021\/03\/sweet-sunset-at-sea-original-artwork-by-aiyanna.png","contentUrl":"https:\/\/mlcrcy0krp3e.i.optimole.com\/w:auto\/h:auto\/q:mauto\/f:best\/https:\/\/annajankovic.art\/wp-content\/uploads\/2021\/03\/sweet-sunset-at-sea-original-artwork-by-aiyanna.png","width":743,"height":722,"caption":"seascape oil painting on canvas free shipping"},{"@type":"BreadcrumbList","@id":"https:\/\/annajankovic.art\/shop\/sweet-sunset-at-sea-sunset-beach-painting\/#breadcrumb","itemListElement":[{"@type":"ListItem","position":1,"name":"Home","item":"https:\/\/annajankovic.art\/"},{"@type":"ListItem","position":2,"name":"Shop","item":"https:\/\/annajankovic.art\/shop\/"},{"@type":"ListItem","position":3,"name":"Sweet sunset at sea &#8211; sunset beach painting"}]},{"@type":"WebSite","@id":"https:\/\/aiyannadreamsart.com\/#website","url":"https:\/\/aiyannadreamsart.com\/","name":"Anna Jankovi\u010dov\u00e1 - Origin\u00e1ln\u00ed obrazy","description":"Malby inspirovan\u00e9 p\u0159\u00edrodou","publisher":{"@id":"https:\/\/aiyannadreamsart.com\/#\/schema\/person\/f54f796fe61b6c5c84e2ad4dc0f7ff00"},"potentialAction":[{"@type":"SearchAction","target":{"@type":"EntryPoint","urlTemplate":"https:\/\/aiyannadreamsart.com\/?s={search_term_string}"},"query-input":{"@type":"PropertyValueSpecification","valueRequired":true,"valueName":"search_term_string"}}],"inLanguage":"cs"},{"@type":["Person","Organization"],"@id":"https:\/\/aiyannadreamsart.com\/#\/schema\/person\/f54f796fe61b6c5c84e2ad4dc0f7ff00","name":"Anna Jankovi\u010dov\u00e1","image":{"@type":"ImageObject","inLanguage":"cs","@id":"https:\/\/mlcrcy0krp3e.i.optimole.com\/w:auto\/h:auto\/q:mauto\/f:best\/https:\/\/annajankovic.art\/wp-content\/uploads\/2022\/12\/Anna_Jankovic_logo-e1771085739954.png","url":"https:\/\/mlcrcy0krp3e.i.optimole.com\/w:auto\/h:auto\/q:mauto\/f:best\/https:\/\/annajankovic.art\/wp-content\/uploads\/2022\/12\/Anna_Jankovic_logo-e1771085739954.png","contentUrl":"https:\/\/mlcrcy0krp3e.i.optimole.com\/w:auto\/h:auto\/q:mauto\/f:best\/https:\/\/annajankovic.art\/wp-content\/uploads\/2022\/12\/Anna_Jankovic_logo-e1771085739954.png","width":300,"height":108,"caption":"Anna Jankovi\u010dov\u00e1"},"logo":{"@id":"https:\/\/mlcrcy0krp3e.i.optimole.com\/w:auto\/h:auto\/q:mauto\/f:best\/https:\/\/annajankovic.art\/wp-content\/uploads\/2022\/12\/Anna_Jankovic_logo-e1771085739954.png"},"sameAs":["https:\/\/www.annajankovic.art","https:\/\/www.facebook.com\/AnnaJankovic.art","https:\/\/www.instagram.com\/annajankovic.art","https:\/\/pinterest.com\/aiyannafilova\/"]}]}},"jetpack_sharing_enabled":true,"_links":{"self":[{"href":"https:\/\/annajankovic.art\/cz\/wp-json\/wp\/v2\/product\/6731","targetHints":{"allow":["GET"]}}],"collection":[{"href":"https:\/\/annajankovic.art\/cz\/wp-json\/wp\/v2\/product"}],"about":[{"href":"https:\/\/annajankovic.art\/cz\/wp-json\/wp\/v2\/types\/product"}],"version-history":[{"count":0,"href":"https:\/\/annajankovic.art\/cz\/wp-json\/wp\/v2\/product\/6731\/revisions"}],"wp:featuredmedia":[{"embeddable":true,"href":"https:\/\/annajankovic.art\/cz\/wp-json\/wp\/v2\/media\/6689"}],"wp:attachment":[{"href":"https:\/\/annajankovic.art\/cz\/wp-json\/wp\/v2\/media?parent=6731"}],"wp:term":[{"taxonomy":"product_brand","embeddable":true,"href":"https:\/\/annajankovic.art\/cz\/wp-json\/wp\/v2\/product_brand?post=6731"},{"taxonomy":"product_cat","embeddable":true,"href":"https:\/\/annajankovic.art\/cz\/wp-json\/wp\/v2\/product_cat?post=6731"},{"taxonomy":"product_tag","embeddable":true,"href":"https:\/\/annajankovic.art\/cz\/wp-json\/wp\/v2\/product_tag?post=6731"}],"curies":[{"name":"wp","href":"https:\/\/api.w.org\/{rel}","templated":true}]}}