{"id":6911,"date":"2020-07-12T10:34:13","date_gmt":"2020-07-12T08:34:13","guid":{"rendered":"https:\/\/annajankovic.art\/?post_type=product&#038;p=6911"},"modified":"2024-07-25T14:18:40","modified_gmt":"2024-07-25T12:18:40","slug":"dreamy-world-abstract-ink-painting-on-canvas","status":"publish","type":"product","link":"https:\/\/annajankovic.art\/cz\/shop\/dreamy-world-abstract-ink-painting-on-canvas\/","title":{"rendered":"Zasn\u011bn\u00fd sv\u011bt - abstraktn\u00ed inkoustov\u00e1 malba na pl\u00e1tn\u011b, 80x60 cm"},"content":{"rendered":"<p>Origin\u00e1ln\u00ed abstraktn\u00ed malba v jemn\u00fdch barv\u00e1ch, malovan\u00e1 alkoholov\u00fdmi inkousty, na pl\u00e1tn\u011b. Modern\u00ed abstraktn\u00ed obraz se zlat\u00fdmi odlesky.<\/p>\n<p>Rozm\u011bry: 60 x 80 cm<\/p>\n<p>&#8212;-<\/p>\n<p>Namalovan\u00e9 na pl\u00e1tn\u011b na blind r\u00e1mu, malovan\u00e9 okraje.<br \/>\nH\u00e1\u010dky k zav\u011b\u0161en\u00ed obrazu m\u016f\u017eu nainstalovat, kdy\u017e mi nap\u00ed\u0161ete, jakou stranou byste cht\u011bli obraz pov\u011bsit.<br \/>\nObraz je nalakovan\u00fd (2 vrstvy) pro ochranu proti UV z\u00e1\u0159en\u00ed a prachu.<br \/>\nSignov\u00e1no na okraj\u00edch<br \/>\nTechnika: alkoholov\u00e9 inkousty na pl\u00e1tn\u011b<br \/>\nMateri\u00e1l: pl\u00e1tno nata\u017een\u00e9 na d\u0159ev\u011bn\u00e9m r\u00e1mu, alkoholov\u00fd inkoust, leskl\u00fd lak.<\/p>\n<p>&#8212;<\/p>\n<p>Chcete vid\u011bt jak tvo\u0159\u00edm a maluji?\u00a0<a href=\"https:\/\/www.instagram.com\/p\/B9eyAhfHAy8\/\">Spojte se se mnou na Instagramu :)<\/a><\/p>","protected":false},"excerpt":{"rendered":"<p>Origin\u00e1ln\u00ed abstraktn\u00ed malba v jemn\u00fdch barv\u00e1ch, malovan\u00e1 alkoholov\u00fdmi inkousty, na pl\u00e1tn\u011b. Modern\u00ed abstraktn\u00ed obraz se zlat\u00fdmi odlesky.<\/p>\n<p>Rozm\u011bry: 60 x 80 cm<\/p>","protected":false},"featured_media":6892,"template":"","meta":[],"product_brand":[],"product_cat":[22,223],"product_tag":[325],"class_list":{"0":"post-6911","1":"product","2":"type-product","3":"status-publish","4":"has-post-thumbnail","6":"product_cat-abstract-paintings","7":"product_cat-sold","8":"product_tag-sold","9":"product_shipping_class-huge-art","11":"entry","12":"has-media","14":"first","15":"outofstock","16":"shipping-taxable","17":"purchasable","18":"product-type-simple","19":"col","20":"span_1_of_3","21":"owp-content-center","22":"item-entry","23":"owp-thumbs-layout-horizontal","24":"owp-btn-normal","25":"owp-tabs-layout-section","26":"circle-sale"},"yoast_head":"<!-- This site is optimized with the Yoast SEO plugin v27.4 - https:\/\/yoast.com\/product\/yoast-seo-wordpress\/ -->\n<title>Zasn\u011bn\u00fd sv\u011bt origin\u00e1ln\u00ed abstraktn\u00ed obraz na pl\u00e1tn\u011b - Anna Jankovi\u010dov\u00e1 - Origin\u00e1ln\u00ed obrazy<\/title>\n<meta name=\"description\" content=\"Dreamy world - abstract ink painting on canvas, 80x60 cm Abstract artwork in soft colours painted on the canvas. Modern abstract artwork.\" \/>\n<meta name=\"robots\" content=\"index, follow, max-snippet:-1, max-image-preview:large, max-video-preview:-1\" \/>\n<link rel=\"canonical\" href=\"https:\/\/annajankovic.art\/cz\/shop\/dreamy-world-abstract-ink-painting-on-canvas\/\" \/>\n<meta property=\"og:locale\" content=\"cs_CZ\" \/>\n<meta property=\"og:type\" content=\"article\" \/>\n<meta property=\"og:title\" content=\"Zasn\u011bn\u00fd sv\u011bt origin\u00e1ln\u00ed abstraktn\u00ed obraz na pl\u00e1tn\u011b - Anna Jankovi\u010dov\u00e1 - Origin\u00e1ln\u00ed obrazy\" \/>\n<meta property=\"og:description\" content=\"Dreamy world - abstract ink painting on canvas, 80x60 cm Abstract artwork in soft colours painted on the canvas. Modern abstract artwork.\" \/>\n<meta property=\"og:url\" content=\"https:\/\/annajankovic.art\/cz\/shop\/dreamy-world-abstract-ink-painting-on-canvas\/\" \/>\n<meta property=\"og:site_name\" content=\"Anna Jankovi\u010dov\u00e1 - Origin\u00e1ln\u00ed obrazy\" \/>\n<meta property=\"article:publisher\" content=\"https:\/\/www.facebook.com\/AnnaJankovic.art\" \/>\n<meta property=\"article:modified_time\" content=\"2024-07-25T12:18:40+00:00\" \/>\n<meta property=\"og:image\" content=\"https:\/\/mlcrcy0krp3e.i.optimole.com\/w:auto\/h:auto\/q:mauto\/f:best\/https:\/\/annajankovic.art\/wp-content\/uploads\/2021\/03\/wp-1593536773689.png\" \/>\n\t<meta property=\"og:image:width\" content=\"880\" \/>\n\t<meta property=\"og:image:height\" content=\"972\" \/>\n\t<meta property=\"og:image:type\" content=\"image\/png\" \/>\n<meta name=\"twitter:card\" content=\"summary_large_image\" \/>\n<meta name=\"twitter:label1\" content=\"Odhadovan\u00e1 doba \u010dten\u00ed\" \/>\n\t<meta name=\"twitter:data1\" content=\"1 minuta\" \/>\n<script type=\"application\/ld+json\" class=\"yoast-schema-graph\">{\"@context\":\"https:\\\/\\\/schema.org\",\"@graph\":[{\"@type\":\"WebPage\",\"@id\":\"https:\\\/\\\/annajankovic.art\\\/shop\\\/dreamy-world-abstract-ink-painting-on-canvas\\\/\",\"url\":\"https:\\\/\\\/annajankovic.art\\\/shop\\\/dreamy-world-abstract-ink-painting-on-canvas\\\/\",\"name\":\"Zasn\u011bn\u00fd sv\u011bt origin\u00e1ln\u00ed abstraktn\u00ed obraz na pl\u00e1tn\u011b - Anna Jankovi\u010dov\u00e1 - Origin\u00e1ln\u00ed obrazy\",\"isPartOf\":{\"@id\":\"https:\\\/\\\/aiyannadreamsart.com\\\/#website\"},\"primaryImageOfPage\":{\"@id\":\"https:\\\/\\\/annajankovic.art\\\/shop\\\/dreamy-world-abstract-ink-painting-on-canvas\\\/#primaryimage\"},\"image\":{\"@id\":\"https:\\\/\\\/annajankovic.art\\\/shop\\\/dreamy-world-abstract-ink-painting-on-canvas\\\/#primaryimage\"},\"thumbnailUrl\":\"https:\\/\\/annajankovic.art\\/wp-content\\/uploads\\/2021\\/03\\/wp-1593536773689.png\",\"datePublished\":\"2020-07-12T08:34:13+00:00\",\"dateModified\":\"2024-07-25T12:18:40+00:00\",\"description\":\"Dreamy world - abstract ink painting on canvas, 80x60 cm Abstract artwork in soft colours painted on the canvas. Modern abstract artwork.\",\"breadcrumb\":{\"@id\":\"https:\\\/\\\/annajankovic.art\\\/shop\\\/dreamy-world-abstract-ink-painting-on-canvas\\\/#breadcrumb\"},\"inLanguage\":\"cs\",\"potentialAction\":[{\"@type\":\"ReadAction\",\"target\":[\"https:\\\/\\\/annajankovic.art\\\/shop\\\/dreamy-world-abstract-ink-painting-on-canvas\\\/\"]}]},{\"@type\":\"ImageObject\",\"inLanguage\":\"cs\",\"@id\":\"https:\\\/\\\/annajankovic.art\\\/shop\\\/dreamy-world-abstract-ink-painting-on-canvas\\\/#primaryimage\",\"url\":\"https:\\/\\/annajankovic.art\\/wp-content\\/uploads\\/2021\\/03\\/wp-1593536773689.png\",\"contentUrl\":\"https:\\/\\/annajankovic.art\\/wp-content\\/uploads\\/2021\\/03\\/wp-1593536773689.png\",\"width\":880,\"height\":972,\"caption\":\"original abstract artowork on the wall\"},{\"@type\":\"BreadcrumbList\",\"@id\":\"https:\\\/\\\/annajankovic.art\\\/shop\\\/dreamy-world-abstract-ink-painting-on-canvas\\\/#breadcrumb\",\"itemListElement\":[{\"@type\":\"ListItem\",\"position\":1,\"name\":\"Home\",\"item\":\"https:\\\/\\\/annajankovic.art\\\/\"},{\"@type\":\"ListItem\",\"position\":2,\"name\":\"Shop\",\"item\":\"https:\\\/\\\/annajankovic.art\\\/shop\\\/\"},{\"@type\":\"ListItem\",\"position\":3,\"name\":\"Dreamy world &#8211; abstract ink painting on canvas, 80&#215;60 cm\"}]},{\"@type\":\"WebSite\",\"@id\":\"https:\\\/\\\/aiyannadreamsart.com\\\/#website\",\"url\":\"https:\\\/\\\/aiyannadreamsart.com\\\/\",\"name\":\"Anna Jankovi\u010dov\u00e1 - Origin\u00e1ln\u00ed obrazy\",\"description\":\"Malby inspirovan\u00e9 p\u0159\u00edrodou\",\"publisher\":{\"@id\":\"https:\\\/\\\/aiyannadreamsart.com\\\/#\\\/schema\\\/person\\\/f54f796fe61b6c5c84e2ad4dc0f7ff00\"},\"potentialAction\":[{\"@type\":\"SearchAction\",\"target\":{\"@type\":\"EntryPoint\",\"urlTemplate\":\"https:\\\/\\\/aiyannadreamsart.com\\\/?s={search_term_string}\"},\"query-input\":{\"@type\":\"PropertyValueSpecification\",\"valueRequired\":true,\"valueName\":\"search_term_string\"}}],\"inLanguage\":\"cs\"},{\"@type\":[\"Person\",\"Organization\"],\"@id\":\"https:\\\/\\\/aiyannadreamsart.com\\\/#\\\/schema\\\/person\\\/f54f796fe61b6c5c84e2ad4dc0f7ff00\",\"name\":\"Anna Jankovi\u010dov\u00e1\",\"image\":{\"@type\":\"ImageObject\",\"inLanguage\":\"cs\",\"@id\":\"https:\\/\\/annajankovic.art\\/wp-content\\/uploads\\/2022\\/12\\/Anna_Jankovic_logo-e1771085739954.png\",\"url\":\"https:\\/\\/annajankovic.art\\/wp-content\\/uploads\\/2022\\/12\\/Anna_Jankovic_logo-e1771085739954.png\",\"contentUrl\":\"https:\\/\\/annajankovic.art\\/wp-content\\/uploads\\/2022\\/12\\/Anna_Jankovic_logo-e1771085739954.png\",\"width\":300,\"height\":108,\"caption\":\"Anna Jankovi\u010dov\u00e1\"},\"logo\":{\"@id\":\"https:\\/\\/annajankovic.art\\/wp-content\\/uploads\\/2022\\/12\\/Anna_Jankovic_logo-e1771085739954.png\"},\"sameAs\":[\"https:\\\/\\\/www.annajankovic.art\",\"https:\\\/\\\/www.facebook.com\\\/AnnaJankovic.art\",\"https:\\\/\\\/www.instagram.com\\\/annajankovic.art\",\"https:\\\/\\\/pinterest.com\\\/aiyannafilova\\\/\"]}]}<\/script>\n<!-- \/ Yoast SEO plugin. -->","yoast_head_json":{"title":"Zasn\u011bn\u00fd sv\u011bt origin\u00e1ln\u00ed abstraktn\u00ed obraz na pl\u00e1tn\u011b - Anna Jankovi\u010dov\u00e1 - Origin\u00e1ln\u00ed obrazy","description":"Dreamy world - abstract ink painting on canvas, 80x60 cm Abstract artwork in soft colours painted on the canvas. Modern abstract artwork.","robots":{"index":"index","follow":"follow","max-snippet":"max-snippet:-1","max-image-preview":"max-image-preview:large","max-video-preview":"max-video-preview:-1"},"canonical":"https:\/\/annajankovic.art\/cz\/shop\/dreamy-world-abstract-ink-painting-on-canvas\/","og_locale":"cs_CZ","og_type":"article","og_title":"Zasn\u011bn\u00fd sv\u011bt origin\u00e1ln\u00ed abstraktn\u00ed obraz na pl\u00e1tn\u011b - Anna Jankovi\u010dov\u00e1 - Origin\u00e1ln\u00ed obrazy","og_description":"Dreamy world - abstract ink painting on canvas, 80x60 cm Abstract artwork in soft colours painted on the canvas. Modern abstract artwork.","og_url":"https:\/\/annajankovic.art\/cz\/shop\/dreamy-world-abstract-ink-painting-on-canvas\/","og_site_name":"Anna Jankovi\u010dov\u00e1 - Origin\u00e1ln\u00ed obrazy","article_publisher":"https:\/\/www.facebook.com\/AnnaJankovic.art","article_modified_time":"2024-07-25T12:18:40+00:00","og_image":[{"width":880,"height":972,"url":"https:\/\/mlcrcy0krp3e.i.optimole.com\/w:auto\/h:auto\/q:mauto\/f:best\/https:\/\/annajankovic.art\/wp-content\/uploads\/2021\/03\/wp-1593536773689.png","type":"image\/png"}],"twitter_card":"summary_large_image","twitter_misc":{"Odhadovan\u00e1 doba \u010dten\u00ed":"1 minuta"},"schema":{"@context":"https:\/\/schema.org","@graph":[{"@type":"WebPage","@id":"https:\/\/annajankovic.art\/shop\/dreamy-world-abstract-ink-painting-on-canvas\/","url":"https:\/\/annajankovic.art\/shop\/dreamy-world-abstract-ink-painting-on-canvas\/","name":"Zasn\u011bn\u00fd sv\u011bt origin\u00e1ln\u00ed abstraktn\u00ed obraz na pl\u00e1tn\u011b - Anna Jankovi\u010dov\u00e1 - Origin\u00e1ln\u00ed obrazy","isPartOf":{"@id":"https:\/\/aiyannadreamsart.com\/#website"},"primaryImageOfPage":{"@id":"https:\/\/annajankovic.art\/shop\/dreamy-world-abstract-ink-painting-on-canvas\/#primaryimage"},"image":{"@id":"https:\/\/annajankovic.art\/shop\/dreamy-world-abstract-ink-painting-on-canvas\/#primaryimage"},"thumbnailUrl":"https:\/\/mlcrcy0krp3e.i.optimole.com\/w:auto\/h:auto\/q:mauto\/f:best\/https:\/\/annajankovic.art\/wp-content\/uploads\/2021\/03\/wp-1593536773689.png","datePublished":"2020-07-12T08:34:13+00:00","dateModified":"2024-07-25T12:18:40+00:00","description":"Dreamy world - abstract ink painting on canvas, 80x60 cm Abstract artwork in soft colours painted on the canvas. Modern abstract artwork.","breadcrumb":{"@id":"https:\/\/annajankovic.art\/shop\/dreamy-world-abstract-ink-painting-on-canvas\/#breadcrumb"},"inLanguage":"cs","potentialAction":[{"@type":"ReadAction","target":["https:\/\/annajankovic.art\/shop\/dreamy-world-abstract-ink-painting-on-canvas\/"]}]},{"@type":"ImageObject","inLanguage":"cs","@id":"https:\/\/annajankovic.art\/shop\/dreamy-world-abstract-ink-painting-on-canvas\/#primaryimage","url":"https:\/\/mlcrcy0krp3e.i.optimole.com\/w:auto\/h:auto\/q:mauto\/f:best\/https:\/\/annajankovic.art\/wp-content\/uploads\/2021\/03\/wp-1593536773689.png","contentUrl":"https:\/\/mlcrcy0krp3e.i.optimole.com\/w:auto\/h:auto\/q:mauto\/f:best\/https:\/\/annajankovic.art\/wp-content\/uploads\/2021\/03\/wp-1593536773689.png","width":880,"height":972,"caption":"original abstract artowork on the wall"},{"@type":"BreadcrumbList","@id":"https:\/\/annajankovic.art\/shop\/dreamy-world-abstract-ink-painting-on-canvas\/#breadcrumb","itemListElement":[{"@type":"ListItem","position":1,"name":"Home","item":"https:\/\/annajankovic.art\/"},{"@type":"ListItem","position":2,"name":"Shop","item":"https:\/\/annajankovic.art\/shop\/"},{"@type":"ListItem","position":3,"name":"Dreamy world &#8211; abstract ink painting on canvas, 80&#215;60 cm"}]},{"@type":"WebSite","@id":"https:\/\/aiyannadreamsart.com\/#website","url":"https:\/\/aiyannadreamsart.com\/","name":"Anna Jankovi\u010dov\u00e1 - Origin\u00e1ln\u00ed obrazy","description":"Malby inspirovan\u00e9 p\u0159\u00edrodou","publisher":{"@id":"https:\/\/aiyannadreamsart.com\/#\/schema\/person\/f54f796fe61b6c5c84e2ad4dc0f7ff00"},"potentialAction":[{"@type":"SearchAction","target":{"@type":"EntryPoint","urlTemplate":"https:\/\/aiyannadreamsart.com\/?s={search_term_string}"},"query-input":{"@type":"PropertyValueSpecification","valueRequired":true,"valueName":"search_term_string"}}],"inLanguage":"cs"},{"@type":["Person","Organization"],"@id":"https:\/\/aiyannadreamsart.com\/#\/schema\/person\/f54f796fe61b6c5c84e2ad4dc0f7ff00","name":"Anna Jankovi\u010dov\u00e1","image":{"@type":"ImageObject","inLanguage":"cs","@id":"https:\/\/mlcrcy0krp3e.i.optimole.com\/w:auto\/h:auto\/q:mauto\/f:best\/https:\/\/annajankovic.art\/wp-content\/uploads\/2022\/12\/Anna_Jankovic_logo-e1771085739954.png","url":"https:\/\/mlcrcy0krp3e.i.optimole.com\/w:auto\/h:auto\/q:mauto\/f:best\/https:\/\/annajankovic.art\/wp-content\/uploads\/2022\/12\/Anna_Jankovic_logo-e1771085739954.png","contentUrl":"https:\/\/mlcrcy0krp3e.i.optimole.com\/w:auto\/h:auto\/q:mauto\/f:best\/https:\/\/annajankovic.art\/wp-content\/uploads\/2022\/12\/Anna_Jankovic_logo-e1771085739954.png","width":300,"height":108,"caption":"Anna Jankovi\u010dov\u00e1"},"logo":{"@id":"https:\/\/mlcrcy0krp3e.i.optimole.com\/w:auto\/h:auto\/q:mauto\/f:best\/https:\/\/annajankovic.art\/wp-content\/uploads\/2022\/12\/Anna_Jankovic_logo-e1771085739954.png"},"sameAs":["https:\/\/www.annajankovic.art","https:\/\/www.facebook.com\/AnnaJankovic.art","https:\/\/www.instagram.com\/annajankovic.art","https:\/\/pinterest.com\/aiyannafilova\/"]}]}},"jetpack_sharing_enabled":true,"_links":{"self":[{"href":"https:\/\/annajankovic.art\/cz\/wp-json\/wp\/v2\/product\/6911","targetHints":{"allow":["GET"]}}],"collection":[{"href":"https:\/\/annajankovic.art\/cz\/wp-json\/wp\/v2\/product"}],"about":[{"href":"https:\/\/annajankovic.art\/cz\/wp-json\/wp\/v2\/types\/product"}],"version-history":[{"count":0,"href":"https:\/\/annajankovic.art\/cz\/wp-json\/wp\/v2\/product\/6911\/revisions"}],"wp:featuredmedia":[{"embeddable":true,"href":"https:\/\/annajankovic.art\/cz\/wp-json\/wp\/v2\/media\/6892"}],"wp:attachment":[{"href":"https:\/\/annajankovic.art\/cz\/wp-json\/wp\/v2\/media?parent=6911"}],"wp:term":[{"taxonomy":"product_brand","embeddable":true,"href":"https:\/\/annajankovic.art\/cz\/wp-json\/wp\/v2\/product_brand?post=6911"},{"taxonomy":"product_cat","embeddable":true,"href":"https:\/\/annajankovic.art\/cz\/wp-json\/wp\/v2\/product_cat?post=6911"},{"taxonomy":"product_tag","embeddable":true,"href":"https:\/\/annajankovic.art\/cz\/wp-json\/wp\/v2\/product_tag?post=6911"}],"curies":[{"name":"wp","href":"https:\/\/api.w.org\/{rel}","templated":true}]}}