{"id":6995,"date":"2020-07-30T18:00:31","date_gmt":"2020-07-30T16:00:31","guid":{"rendered":"https:\/\/annajankovic.art\/?post_type=product&#038;p=6995"},"modified":"2024-07-25T14:18:37","modified_gmt":"2024-07-25T12:18:37","slug":"summer-swirl-60x80-cm","status":"publish","type":"product","link":"https:\/\/annajankovic.art\/cz\/shop\/summer-swirl-60x80-cm\/","title":{"rendered":"Ve v\u00edru l\u00e9ta - abstraktn\u00ed malba na pl\u00e1tn\u011b, 60x80cm."},"content":{"rendered":"<p>Ve v\u00edru l\u00e9ta - abstraktn\u00ed malba na pl\u00e1tn\u011b, kombinovan\u00e1 technika.<\/p>\n<p>Origin\u00e1ln\u00ed, modern\u00ed akrylov\u00e1 malba na pl\u00e1tn\u011b na blind r\u00e1mu ve zlat\u00e9, r\u016f\u017eov\u00e9 a zelen\u00e9 barv\u011b.<\/p>\n<p>Rozm\u011bry: 80 x 60 cm<\/p>\n<p>&#8212; &#8211; &#8211; &#8211;<\/p>\n<p>Namalovan\u00e9 na pl\u00e1tn\u011b na blind r\u00e1mu. H\u00e1\u010dky k pov\u011b\u0161en\u00ed obrazu m\u016f\u017eu nainstalovat na va\u0161i \u017e\u00e1dost. Dejte mi v\u011bd\u011bt, jak budete cht\u00edt obraz pov\u011bsit (kterou stranou nahoru), abych mohla nainstalovat h\u00e1\u010dky a taky podle toho podepsat obraz.<\/p>\n<p>Abstraktn\u00ed obraz je nalakovan\u00fd (2 vrstvy) pro ochranu proti UV z\u00e1\u0159en\u00ed a prachu. Malovan\u00fd kombinovanou technikou.<\/p>\n<p>Materi\u00e1l: pl\u00e1tno nata\u017een\u00e9 na d\u0159ev\u011bn\u00e9m r\u00e1mu, akrylov\u00e1 barva, alkoholov\u00fd inkoust, zlat\u00e1 barva, leskl\u00fd lak.<\/p>\n<p>&#8212; &#8211; &#8211; &#8211;<\/p>\n<p>Tento obraz pat\u0159\u00ed do letn\u00ed s\u00e9rie <a href=\"https:\/\/annajankovic.art\/cz\/everyday-wonders-collection\/\">Ka\u017edodenn\u00ed z\u00e1zraky<\/a>. <a href=\"https:\/\/annajankovic.art\/cz\/everyday-wonders-collection\/\">Pod\u00edvejte se na dal\u0161\u00ed malby z t\u00e9to kolekce.<\/a><\/p>\n<p>M\u016f\u017eete sledovat m\u00e9 nejnov\u011bj\u0161\u00ed obrazy <a href=\"https:\/\/www.instagram.com\/aiyannadreams_art\/\">na m\u00e9m Instagramu.<\/a>.<\/p>","protected":false},"excerpt":{"rendered":"<p>Tento obraz je ji\u017e v nov\u00e9m domov\u011b.<\/p>\n<p>Pokud se V\u00e1m opravdu velmi l\u00edb\u00ed tento styl, dejte mi v\u011bd\u011bt. M\u016f\u017eu namalovat obraz speci\u00e1ln\u011b pro V\u00e1s dle Va\u0161ich p\u0159edstav a p\u0159\u00e1n\u00ed.<\/p>\n<p>Origin\u00e1ln\u00ed, modern\u00ed akrylov\u00e1 malba na pl\u00e1tn\u011b na blind r\u00e1mu ve zlat\u00e9, r\u016f\u017eov\u00e9 a zelen\u00e9 barv\u011b.<\/p>","protected":false},"featured_media":10657,"template":"","meta":[],"product_brand":[],"product_cat":[22,327,223],"product_tag":[229,32,231,325],"class_list":{"0":"post-6995","1":"product","2":"type-product","3":"status-publish","4":"has-post-thumbnail","6":"product_cat-abstract-paintings","7":"product_cat-everyday-wonders","8":"product_cat-sold","9":"product_tag-abstract-art","10":"product_tag-acrylic","11":"product_tag-alcohol-ink-painting","12":"product_tag-sold","13":"product_shipping_class-huge-art","15":"entry","16":"has-media","18":"first","19":"outofstock","20":"shipping-taxable","21":"purchasable","22":"product-type-simple","23":"col","24":"span_1_of_3","25":"owp-content-center","26":"item-entry","27":"owp-thumbs-layout-horizontal","28":"owp-btn-normal","29":"owp-tabs-layout-section","30":"circle-sale"},"yoast_head":"<!-- This site is optimized with the Yoast SEO plugin v27.4 - https:\/\/yoast.com\/product\/yoast-seo-wordpress\/ -->\n<title>Summer swirl - abstract mixed media painting - Aiyanna Dreams Art<\/title>\n<meta name=\"description\" content=\"Summer swirl - abstract mixed media painting on canvas. Original, modern abstract painting in gold, pink and green colours. Size: 80 \u00d7 60 cm\" \/>\n<meta name=\"robots\" content=\"index, follow, max-snippet:-1, max-image-preview:large, max-video-preview:-1\" \/>\n<link rel=\"canonical\" href=\"https:\/\/annajankovic.art\/cz\/shop\/summer-swirl-60x80-cm\/\" \/>\n<meta property=\"og:locale\" content=\"cs_CZ\" \/>\n<meta property=\"og:type\" content=\"article\" \/>\n<meta property=\"og:title\" content=\"Summer swirl - abstract mixed media painting - Aiyanna Dreams Art\" \/>\n<meta property=\"og:description\" content=\"Summer swirl - abstract mixed media painting on canvas. Original, modern abstract painting in gold, pink and green colours. Size: 80 \u00d7 60 cm\" \/>\n<meta property=\"og:url\" content=\"https:\/\/annajankovic.art\/cz\/shop\/summer-swirl-60x80-cm\/\" \/>\n<meta property=\"og:site_name\" content=\"Anna Jankovi\u010dov\u00e1 - Origin\u00e1ln\u00ed obrazy\" \/>\n<meta property=\"article:publisher\" content=\"https:\/\/www.facebook.com\/AnnaJankovic.art\" \/>\n<meta property=\"article:modified_time\" content=\"2024-07-25T12:18:37+00:00\" \/>\n<meta property=\"og:image\" content=\"https:\/\/mlcrcy0krp3e.i.optimole.com\/w:auto\/h:auto\/q:mauto\/f:best\/https:\/\/annajankovic.art\/wp-content\/uploads\/2020\/07\/wallpicture_211622_051651.png\" \/>\n\t<meta property=\"og:image:width\" content=\"1307\" \/>\n\t<meta property=\"og:image:height\" content=\"1309\" \/>\n\t<meta property=\"og:image:type\" content=\"image\/png\" \/>\n<meta name=\"twitter:card\" content=\"summary_large_image\" \/>\n<meta name=\"twitter:label1\" content=\"Odhadovan\u00e1 doba \u010dten\u00ed\" \/>\n\t<meta name=\"twitter:data1\" content=\"1 minuta\" \/>\n<script type=\"application\/ld+json\" class=\"yoast-schema-graph\">{\"@context\":\"https:\\\/\\\/schema.org\",\"@graph\":[{\"@type\":\"WebPage\",\"@id\":\"https:\\\/\\\/annajankovic.art\\\/shop\\\/summer-swirl-60x80-cm\\\/\",\"url\":\"https:\\\/\\\/annajankovic.art\\\/shop\\\/summer-swirl-60x80-cm\\\/\",\"name\":\"Summer swirl - abstract mixed media painting - Aiyanna Dreams Art\",\"isPartOf\":{\"@id\":\"https:\\\/\\\/aiyannadreamsart.com\\\/#website\"},\"primaryImageOfPage\":{\"@id\":\"https:\\\/\\\/annajankovic.art\\\/shop\\\/summer-swirl-60x80-cm\\\/#primaryimage\"},\"image\":{\"@id\":\"https:\\\/\\\/annajankovic.art\\\/shop\\\/summer-swirl-60x80-cm\\\/#primaryimage\"},\"thumbnailUrl\":\"https:\\/\\/annajankovic.art\\/wp-content\\/uploads\\/2020\\/07\\/wallpicture_211622_051651.png\",\"datePublished\":\"2020-07-30T16:00:31+00:00\",\"dateModified\":\"2024-07-25T12:18:37+00:00\",\"description\":\"Summer swirl - abstract mixed media painting on canvas. Original, modern abstract painting in gold, pink and green colours. Size: 80 \u00d7 60 cm\",\"breadcrumb\":{\"@id\":\"https:\\\/\\\/annajankovic.art\\\/shop\\\/summer-swirl-60x80-cm\\\/#breadcrumb\"},\"inLanguage\":\"cs\",\"potentialAction\":[{\"@type\":\"ReadAction\",\"target\":[\"https:\\\/\\\/annajankovic.art\\\/shop\\\/summer-swirl-60x80-cm\\\/\"]}]},{\"@type\":\"ImageObject\",\"inLanguage\":\"cs\",\"@id\":\"https:\\\/\\\/annajankovic.art\\\/shop\\\/summer-swirl-60x80-cm\\\/#primaryimage\",\"url\":\"https:\\/\\/annajankovic.art\\/wp-content\\/uploads\\/2020\\/07\\/wallpicture_211622_051651.png\",\"contentUrl\":\"https:\\/\\/annajankovic.art\\/wp-content\\/uploads\\/2020\\/07\\/wallpicture_211622_051651.png\",\"width\":1307,\"height\":1309,\"caption\":\"Summer swirl - abstract mixed media painting\"},{\"@type\":\"BreadcrumbList\",\"@id\":\"https:\\\/\\\/annajankovic.art\\\/shop\\\/summer-swirl-60x80-cm\\\/#breadcrumb\",\"itemListElement\":[{\"@type\":\"ListItem\",\"position\":1,\"name\":\"Home\",\"item\":\"https:\\\/\\\/annajankovic.art\\\/\"},{\"@type\":\"ListItem\",\"position\":2,\"name\":\"Shop\",\"item\":\"https:\\\/\\\/annajankovic.art\\\/shop\\\/\"},{\"@type\":\"ListItem\",\"position\":3,\"name\":\"Summer swirl &#8211; abstract mixed media painting, 60&#215;80 cm\"}]},{\"@type\":\"WebSite\",\"@id\":\"https:\\\/\\\/aiyannadreamsart.com\\\/#website\",\"url\":\"https:\\\/\\\/aiyannadreamsart.com\\\/\",\"name\":\"Anna Jankovi\u010dov\u00e1 - Origin\u00e1ln\u00ed obrazy\",\"description\":\"Malby inspirovan\u00e9 p\u0159\u00edrodou\",\"publisher\":{\"@id\":\"https:\\\/\\\/aiyannadreamsart.com\\\/#\\\/schema\\\/person\\\/f54f796fe61b6c5c84e2ad4dc0f7ff00\"},\"potentialAction\":[{\"@type\":\"SearchAction\",\"target\":{\"@type\":\"EntryPoint\",\"urlTemplate\":\"https:\\\/\\\/aiyannadreamsart.com\\\/?s={search_term_string}\"},\"query-input\":{\"@type\":\"PropertyValueSpecification\",\"valueRequired\":true,\"valueName\":\"search_term_string\"}}],\"inLanguage\":\"cs\"},{\"@type\":[\"Person\",\"Organization\"],\"@id\":\"https:\\\/\\\/aiyannadreamsart.com\\\/#\\\/schema\\\/person\\\/f54f796fe61b6c5c84e2ad4dc0f7ff00\",\"name\":\"Anna Jankovi\u010dov\u00e1\",\"image\":{\"@type\":\"ImageObject\",\"inLanguage\":\"cs\",\"@id\":\"https:\\/\\/annajankovic.art\\/wp-content\\/uploads\\/2022\\/12\\/Anna_Jankovic_logo-e1771085739954.png\",\"url\":\"https:\\/\\/annajankovic.art\\/wp-content\\/uploads\\/2022\\/12\\/Anna_Jankovic_logo-e1771085739954.png\",\"contentUrl\":\"https:\\/\\/annajankovic.art\\/wp-content\\/uploads\\/2022\\/12\\/Anna_Jankovic_logo-e1771085739954.png\",\"width\":300,\"height\":108,\"caption\":\"Anna Jankovi\u010dov\u00e1\"},\"logo\":{\"@id\":\"https:\\/\\/annajankovic.art\\/wp-content\\/uploads\\/2022\\/12\\/Anna_Jankovic_logo-e1771085739954.png\"},\"sameAs\":[\"https:\\\/\\\/www.annajankovic.art\",\"https:\\\/\\\/www.facebook.com\\\/AnnaJankovic.art\",\"https:\\\/\\\/www.instagram.com\\\/annajankovic.art\",\"https:\\\/\\\/pinterest.com\\\/aiyannafilova\\\/\"]}]}<\/script>\n<!-- \/ Yoast SEO plugin. -->","yoast_head_json":{"title":"Summer swirl - abstract mixed media painting - Aiyanna Dreams Art","description":"Summer swirl - abstract mixed media painting on canvas. Original, modern abstract painting in gold, pink and green colours. Size: 80 \u00d7 60 cm","robots":{"index":"index","follow":"follow","max-snippet":"max-snippet:-1","max-image-preview":"max-image-preview:large","max-video-preview":"max-video-preview:-1"},"canonical":"https:\/\/annajankovic.art\/cz\/shop\/summer-swirl-60x80-cm\/","og_locale":"cs_CZ","og_type":"article","og_title":"Summer swirl - abstract mixed media painting - Aiyanna Dreams Art","og_description":"Summer swirl - abstract mixed media painting on canvas. Original, modern abstract painting in gold, pink and green colours. Size: 80 \u00d7 60 cm","og_url":"https:\/\/annajankovic.art\/cz\/shop\/summer-swirl-60x80-cm\/","og_site_name":"Anna Jankovi\u010dov\u00e1 - Origin\u00e1ln\u00ed obrazy","article_publisher":"https:\/\/www.facebook.com\/AnnaJankovic.art","article_modified_time":"2024-07-25T12:18:37+00:00","og_image":[{"width":1307,"height":1309,"url":"https:\/\/mlcrcy0krp3e.i.optimole.com\/w:auto\/h:auto\/q:mauto\/f:best\/https:\/\/annajankovic.art\/wp-content\/uploads\/2020\/07\/wallpicture_211622_051651.png","type":"image\/png"}],"twitter_card":"summary_large_image","twitter_misc":{"Odhadovan\u00e1 doba \u010dten\u00ed":"1 minuta"},"schema":{"@context":"https:\/\/schema.org","@graph":[{"@type":"WebPage","@id":"https:\/\/annajankovic.art\/shop\/summer-swirl-60x80-cm\/","url":"https:\/\/annajankovic.art\/shop\/summer-swirl-60x80-cm\/","name":"Summer swirl - abstract mixed media painting - Aiyanna Dreams Art","isPartOf":{"@id":"https:\/\/aiyannadreamsart.com\/#website"},"primaryImageOfPage":{"@id":"https:\/\/annajankovic.art\/shop\/summer-swirl-60x80-cm\/#primaryimage"},"image":{"@id":"https:\/\/annajankovic.art\/shop\/summer-swirl-60x80-cm\/#primaryimage"},"thumbnailUrl":"https:\/\/mlcrcy0krp3e.i.optimole.com\/w:auto\/h:auto\/q:mauto\/f:best\/https:\/\/annajankovic.art\/wp-content\/uploads\/2020\/07\/wallpicture_211622_051651.png","datePublished":"2020-07-30T16:00:31+00:00","dateModified":"2024-07-25T12:18:37+00:00","description":"Summer swirl - abstract mixed media painting on canvas. Original, modern abstract painting in gold, pink and green colours. Size: 80 \u00d7 60 cm","breadcrumb":{"@id":"https:\/\/annajankovic.art\/shop\/summer-swirl-60x80-cm\/#breadcrumb"},"inLanguage":"cs","potentialAction":[{"@type":"ReadAction","target":["https:\/\/annajankovic.art\/shop\/summer-swirl-60x80-cm\/"]}]},{"@type":"ImageObject","inLanguage":"cs","@id":"https:\/\/annajankovic.art\/shop\/summer-swirl-60x80-cm\/#primaryimage","url":"https:\/\/mlcrcy0krp3e.i.optimole.com\/w:auto\/h:auto\/q:mauto\/f:best\/https:\/\/annajankovic.art\/wp-content\/uploads\/2020\/07\/wallpicture_211622_051651.png","contentUrl":"https:\/\/mlcrcy0krp3e.i.optimole.com\/w:auto\/h:auto\/q:mauto\/f:best\/https:\/\/annajankovic.art\/wp-content\/uploads\/2020\/07\/wallpicture_211622_051651.png","width":1307,"height":1309,"caption":"Summer swirl - abstract mixed media painting"},{"@type":"BreadcrumbList","@id":"https:\/\/annajankovic.art\/shop\/summer-swirl-60x80-cm\/#breadcrumb","itemListElement":[{"@type":"ListItem","position":1,"name":"Home","item":"https:\/\/annajankovic.art\/"},{"@type":"ListItem","position":2,"name":"Shop","item":"https:\/\/annajankovic.art\/shop\/"},{"@type":"ListItem","position":3,"name":"Summer swirl &#8211; abstract mixed media painting, 60&#215;80 cm"}]},{"@type":"WebSite","@id":"https:\/\/aiyannadreamsart.com\/#website","url":"https:\/\/aiyannadreamsart.com\/","name":"Anna Jankovi\u010dov\u00e1 - Origin\u00e1ln\u00ed obrazy","description":"Malby inspirovan\u00e9 p\u0159\u00edrodou","publisher":{"@id":"https:\/\/aiyannadreamsart.com\/#\/schema\/person\/f54f796fe61b6c5c84e2ad4dc0f7ff00"},"potentialAction":[{"@type":"SearchAction","target":{"@type":"EntryPoint","urlTemplate":"https:\/\/aiyannadreamsart.com\/?s={search_term_string}"},"query-input":{"@type":"PropertyValueSpecification","valueRequired":true,"valueName":"search_term_string"}}],"inLanguage":"cs"},{"@type":["Person","Organization"],"@id":"https:\/\/aiyannadreamsart.com\/#\/schema\/person\/f54f796fe61b6c5c84e2ad4dc0f7ff00","name":"Anna Jankovi\u010dov\u00e1","image":{"@type":"ImageObject","inLanguage":"cs","@id":"https:\/\/mlcrcy0krp3e.i.optimole.com\/w:auto\/h:auto\/q:mauto\/f:best\/https:\/\/annajankovic.art\/wp-content\/uploads\/2022\/12\/Anna_Jankovic_logo-e1771085739954.png","url":"https:\/\/mlcrcy0krp3e.i.optimole.com\/w:auto\/h:auto\/q:mauto\/f:best\/https:\/\/annajankovic.art\/wp-content\/uploads\/2022\/12\/Anna_Jankovic_logo-e1771085739954.png","contentUrl":"https:\/\/mlcrcy0krp3e.i.optimole.com\/w:auto\/h:auto\/q:mauto\/f:best\/https:\/\/annajankovic.art\/wp-content\/uploads\/2022\/12\/Anna_Jankovic_logo-e1771085739954.png","width":300,"height":108,"caption":"Anna Jankovi\u010dov\u00e1"},"logo":{"@id":"https:\/\/mlcrcy0krp3e.i.optimole.com\/w:auto\/h:auto\/q:mauto\/f:best\/https:\/\/annajankovic.art\/wp-content\/uploads\/2022\/12\/Anna_Jankovic_logo-e1771085739954.png"},"sameAs":["https:\/\/www.annajankovic.art","https:\/\/www.facebook.com\/AnnaJankovic.art","https:\/\/www.instagram.com\/annajankovic.art","https:\/\/pinterest.com\/aiyannafilova\/"]}]}},"jetpack_sharing_enabled":true,"_links":{"self":[{"href":"https:\/\/annajankovic.art\/cz\/wp-json\/wp\/v2\/product\/6995","targetHints":{"allow":["GET"]}}],"collection":[{"href":"https:\/\/annajankovic.art\/cz\/wp-json\/wp\/v2\/product"}],"about":[{"href":"https:\/\/annajankovic.art\/cz\/wp-json\/wp\/v2\/types\/product"}],"version-history":[{"count":0,"href":"https:\/\/annajankovic.art\/cz\/wp-json\/wp\/v2\/product\/6995\/revisions"}],"wp:featuredmedia":[{"embeddable":true,"href":"https:\/\/annajankovic.art\/cz\/wp-json\/wp\/v2\/media\/10657"}],"wp:attachment":[{"href":"https:\/\/annajankovic.art\/cz\/wp-json\/wp\/v2\/media?parent=6995"}],"wp:term":[{"taxonomy":"product_brand","embeddable":true,"href":"https:\/\/annajankovic.art\/cz\/wp-json\/wp\/v2\/product_brand?post=6995"},{"taxonomy":"product_cat","embeddable":true,"href":"https:\/\/annajankovic.art\/cz\/wp-json\/wp\/v2\/product_cat?post=6995"},{"taxonomy":"product_tag","embeddable":true,"href":"https:\/\/annajankovic.art\/cz\/wp-json\/wp\/v2\/product_tag?post=6995"}],"curies":[{"name":"wp","href":"https:\/\/api.w.org\/{rel}","templated":true}]}}