{"id":7012,"date":"2020-07-30T18:00:46","date_gmt":"2020-07-30T16:00:46","guid":{"rendered":"https:\/\/annajankovic.art\/?post_type=product&#038;p=7012"},"modified":"2026-01-03T19:42:31","modified_gmt":"2026-01-03T18:42:31","slug":"blue-fantasy","status":"publish","type":"product","link":"https:\/\/annajankovic.art\/cz\/shop\/blue-fantasy\/","title":{"rendered":"Modr\u00e1 fantazie - abstraktn\u00ed malba, 60x60 cm"},"content":{"rendered":"<p>Modr\u00e1 fant\u00e1zie - abstraktn\u00ed malba na pl\u00e1tn\u011b, kombinovan\u00e1 technika.<\/p>\n<p>Origin\u00e1ln\u00ed, modern\u00ed akrylov\u00e1 malba na pl\u00e1tn\u011b na blind r\u00e1mu ve zlat\u00e9, r\u016f\u017eov\u00e9, modr\u00e9 a tyrkysov\u00e9 barv\u011b.<\/p>\n<p>Size: 60 \u00d7 60 cm<\/p>\n<p>Inspirovan\u00e1 bezstarostn\u00fdmi letn\u00edmi dny, pestrobarevn\u00fdmi kv\u011btinami a p\u0159\u00edrodou v pln\u00e9m rozkv\u011btu.<\/p>\n<p>Opravdu jsem si u\u017eila m\u00edch\u00e1n\u00ed barev, odst\u00edn\u016f zlat\u00e9 a \u0161plouch\u00e1n\u00ed inkoustem na pl\u00e1tno. Tak moc, \u017ee jsem nemohla p\u0159estat malovat a postupn\u011b vznikla cel\u00e1 s\u00e9rie obraz\u016f, spont\u00e1nn\u011b a nepl\u00e1novan\u011b.<\/p>\n<p>&#8212; &#8211; &#8211; &#8211;<\/p>\n<p>Abstraktn\u00ed obraz namalovan\u00fd na pl\u00e1tn\u011b na blind r\u00e1mu. H\u00e1\u010dky k pov\u011b\u0161en\u00ed obrazu m\u016f\u017eu nainstalovat na va\u0161i \u017e\u00e1dost. Dejte mi v\u011bd\u011bt, jak budete cht\u00edt obraz pov\u011bsit (kterou stranou nahoru), abych mohla nainstalovat h\u00e1\u010dky a taky podle toho podepsat obraz.<\/p>\n<p>Obraz Modr\u00e1 fantazie je nalakovan\u00fd (2 vrstvy) pro ochranu proti UV z\u00e1\u0159en\u00ed a prachu.<\/p>\n<p>Materi\u00e1l: pl\u00e1tno nata\u017een\u00e9 na d\u0159ev\u011bn\u00e9m r\u00e1mu, akrylov\u00e1 barva, alkoholov\u00fd inkoust, zlat\u00e1 barva, leskl\u00fd lak.<\/p>\n<p>&#8212; &#8211; &#8211; &#8211;<\/p>\n<p>Tento obraz pat\u0159\u00ed do letn\u00ed s\u00e9rie <a href=\"https:\/\/annajankovic.art\/cz\/everyday-wonders-collection\/\">Ka\u017edodenn\u00ed z\u00e1zraky<\/a>. <a href=\"https:\/\/annajankovic.art\/cz\/everyday-wonders-collection\/\">Pod\u00edvejte se na dal\u0161\u00ed malby z t\u00e9to kolekce.<\/a><\/p>\n<p>M\u016f\u017eete sledovat m\u00e9 nejnov\u011bj\u0161\u00ed obrazy <a href=\"https:\/\/www.instagram.com\/aiyannadreams_art\/\">na m\u00e9m Instagramu.<\/a>.<\/p>","protected":false},"excerpt":{"rendered":"<p>Modr\u00e1 fant\u00e1zie - abstraktn\u00ed malba na pl\u00e1tn\u011b, kombinovan\u00e1 technika.<\/p>\n<p>Origin\u00e1ln\u00ed, modern\u00ed akrylov\u00e1 malba na pl\u00e1tn\u011b na blind r\u00e1mu ve zlat\u00e9, r\u016f\u017eov\u00e9, modr\u00e9 a tyrkysov\u00e9 barv\u011b.<\/p>\n<p>Size: 60 \u00d7 60 cm<\/p>","protected":false},"featured_media":10673,"template":"","meta":[],"product_brand":[],"product_cat":[22,327],"product_tag":[229,32,231,358,203],"class_list":{"0":"post-7012","1":"product","2":"type-product","3":"status-publish","4":"has-post-thumbnail","6":"product_cat-abstract-paintings","7":"product_cat-everyday-wonders","8":"product_tag-abstract-art","9":"product_tag-acrylic","10":"product_tag-alcohol-ink-painting","11":"product_tag-fresh-spring","12":"product_tag-gallery-wrapped-canvas","13":"product_shipping_class-big-art","15":"entry","16":"has-media","18":"first","19":"instock","20":"sale","21":"sold-individually","22":"shipping-taxable","23":"purchasable","24":"product-type-simple","25":"col","26":"span_1_of_3","27":"owp-content-center","28":"item-entry","29":"owp-thumbs-layout-horizontal","30":"owp-btn-normal","31":"owp-tabs-layout-section","32":"circle-sale"},"yoast_head":"<!-- This site is optimized with the Yoast SEO plugin v27.5 - https:\/\/yoast.com\/product\/yoast-seo-wordpress\/ -->\n<title>Modr\u00e1 fantazie - abstraktn\u00ed obraz ru\u010dn\u011b malovan\u00fd na pl\u00e1tn\u011b - Anna Jankovi\u010dov\u00e1 - Origin\u00e1ln\u00ed obrazy<\/title>\n<meta name=\"description\" content=\"Blue fantasy - abstract painting on canvas. Original, modern abstract painting in blue, gold, pink and green colours. Size: 60 \u00d7 60 cm\" \/>\n<meta name=\"robots\" content=\"index, follow, max-snippet:-1, max-image-preview:large, max-video-preview:-1\" \/>\n<link rel=\"canonical\" href=\"https:\/\/annajankovic.art\/cz\/shop\/blue-fantasy\/\" \/>\n<meta property=\"og:locale\" content=\"cs_CZ\" \/>\n<meta property=\"og:type\" content=\"article\" \/>\n<meta property=\"og:title\" content=\"Modr\u00e1 fantazie - abstraktn\u00ed obraz ru\u010dn\u011b malovan\u00fd na pl\u00e1tn\u011b - Anna Jankovi\u010dov\u00e1 - Origin\u00e1ln\u00ed obrazy\" \/>\n<meta property=\"og:description\" content=\"Blue fantasy - abstract painting on canvas. Original, modern abstract painting in blue, gold, pink and green colours. Size: 60 \u00d7 60 cm\" \/>\n<meta property=\"og:url\" content=\"https:\/\/annajankovic.art\/cz\/shop\/blue-fantasy\/\" \/>\n<meta property=\"og:site_name\" content=\"Anna Jankovi\u010dov\u00e1 - Origin\u00e1ln\u00ed obrazy\" \/>\n<meta property=\"article:publisher\" content=\"https:\/\/www.facebook.com\/AnnaJankovic.art\" \/>\n<meta property=\"article:modified_time\" content=\"2026-01-03T18:42:31+00:00\" \/>\n<meta property=\"og:image\" content=\"https:\/\/mlcrcy0krp3e.i.optimole.com\/w:auto\/h:auto\/q:mauto\/f:best\/https:\/\/annajankovic.art\/wp-content\/uploads\/2021\/08\/wallpicture_214623_044655.png\" \/>\n\t<meta property=\"og:image:width\" content=\"1194\" \/>\n\t<meta property=\"og:image:height\" content=\"1264\" \/>\n\t<meta property=\"og:image:type\" content=\"image\/png\" \/>\n<meta name=\"twitter:card\" content=\"summary_large_image\" \/>\n<meta name=\"twitter:label1\" content=\"Odhadovan\u00e1 doba \u010dten\u00ed\" \/>\n\t<meta name=\"twitter:data1\" content=\"1 minuta\" \/>\n<script type=\"application\/ld+json\" class=\"yoast-schema-graph\">{\"@context\":\"https:\\\/\\\/schema.org\",\"@graph\":[{\"@type\":\"WebPage\",\"@id\":\"https:\\\/\\\/annajankovic.art\\\/shop\\\/blue-fantasy\\\/\",\"url\":\"https:\\\/\\\/annajankovic.art\\\/shop\\\/blue-fantasy\\\/\",\"name\":\"Modr\u00e1 fantazie - abstraktn\u00ed obraz ru\u010dn\u011b malovan\u00fd na pl\u00e1tn\u011b - Anna Jankovi\u010dov\u00e1 - Origin\u00e1ln\u00ed obrazy\",\"isPartOf\":{\"@id\":\"https:\\\/\\\/aiyannadreamsart.com\\\/#website\"},\"primaryImageOfPage\":{\"@id\":\"https:\\\/\\\/annajankovic.art\\\/shop\\\/blue-fantasy\\\/#primaryimage\"},\"image\":{\"@id\":\"https:\\\/\\\/annajankovic.art\\\/shop\\\/blue-fantasy\\\/#primaryimage\"},\"thumbnailUrl\":\"https:\\/\\/annajankovic.art\\/wp-content\\/uploads\\/2021\\/08\\/wallpicture_214623_044655.png\",\"datePublished\":\"2020-07-30T16:00:46+00:00\",\"dateModified\":\"2026-01-03T18:42:31+00:00\",\"description\":\"Blue fantasy - abstract painting on canvas. Original, modern abstract painting in blue, gold, pink and green colours. Size: 60 \u00d7 60 cm\",\"breadcrumb\":{\"@id\":\"https:\\\/\\\/annajankovic.art\\\/shop\\\/blue-fantasy\\\/#breadcrumb\"},\"inLanguage\":\"cs\",\"potentialAction\":[{\"@type\":\"ReadAction\",\"target\":[\"https:\\\/\\\/annajankovic.art\\\/shop\\\/blue-fantasy\\\/\"]}]},{\"@type\":\"ImageObject\",\"inLanguage\":\"cs\",\"@id\":\"https:\\\/\\\/annajankovic.art\\\/shop\\\/blue-fantasy\\\/#primaryimage\",\"url\":\"https:\\/\\/annajankovic.art\\/wp-content\\/uploads\\/2021\\/08\\/wallpicture_214623_044655.png\",\"contentUrl\":\"https:\\/\\/annajankovic.art\\/wp-content\\/uploads\\/2021\\/08\\/wallpicture_214623_044655.png\",\"width\":1194,\"height\":1264,\"caption\":\"blue fantasy abstract painting\"},{\"@type\":\"BreadcrumbList\",\"@id\":\"https:\\\/\\\/annajankovic.art\\\/shop\\\/blue-fantasy\\\/#breadcrumb\",\"itemListElement\":[{\"@type\":\"ListItem\",\"position\":1,\"name\":\"Home\",\"item\":\"https:\\\/\\\/annajankovic.art\\\/\"},{\"@type\":\"ListItem\",\"position\":2,\"name\":\"Shop\",\"item\":\"https:\\\/\\\/annajankovic.art\\\/shop\\\/\"},{\"@type\":\"ListItem\",\"position\":3,\"name\":\"Blue fantasy abstract painting, 60 x 60 cm\"}]},{\"@type\":\"WebSite\",\"@id\":\"https:\\\/\\\/aiyannadreamsart.com\\\/#website\",\"url\":\"https:\\\/\\\/aiyannadreamsart.com\\\/\",\"name\":\"Anna Jankovi\u010dov\u00e1 - Origin\u00e1ln\u00ed obrazy\",\"description\":\"Malby inspirovan\u00e9 p\u0159\u00edrodou\",\"publisher\":{\"@id\":\"https:\\\/\\\/aiyannadreamsart.com\\\/#\\\/schema\\\/person\\\/f54f796fe61b6c5c84e2ad4dc0f7ff00\"},\"potentialAction\":[{\"@type\":\"SearchAction\",\"target\":{\"@type\":\"EntryPoint\",\"urlTemplate\":\"https:\\\/\\\/aiyannadreamsart.com\\\/?s={search_term_string}\"},\"query-input\":{\"@type\":\"PropertyValueSpecification\",\"valueRequired\":true,\"valueName\":\"search_term_string\"}}],\"inLanguage\":\"cs\"},{\"@type\":[\"Person\",\"Organization\"],\"@id\":\"https:\\\/\\\/aiyannadreamsart.com\\\/#\\\/schema\\\/person\\\/f54f796fe61b6c5c84e2ad4dc0f7ff00\",\"name\":\"Anna Jankovi\u010dov\u00e1\",\"image\":{\"@type\":\"ImageObject\",\"inLanguage\":\"cs\",\"@id\":\"https:\\/\\/annajankovic.art\\/wp-content\\/uploads\\/2022\\/12\\/Anna_Jankovic_logo-e1771085739954.png\",\"url\":\"https:\\/\\/annajankovic.art\\/wp-content\\/uploads\\/2022\\/12\\/Anna_Jankovic_logo-e1771085739954.png\",\"contentUrl\":\"https:\\/\\/annajankovic.art\\/wp-content\\/uploads\\/2022\\/12\\/Anna_Jankovic_logo-e1771085739954.png\",\"width\":300,\"height\":108,\"caption\":\"Anna Jankovi\u010dov\u00e1\"},\"logo\":{\"@id\":\"https:\\/\\/annajankovic.art\\/wp-content\\/uploads\\/2022\\/12\\/Anna_Jankovic_logo-e1771085739954.png\"},\"sameAs\":[\"https:\\\/\\\/www.annajankovic.art\",\"https:\\\/\\\/www.facebook.com\\\/AnnaJankovic.art\",\"https:\\\/\\\/www.instagram.com\\\/annajankovic.art\",\"https:\\\/\\\/pinterest.com\\\/aiyannafilova\\\/\"]}]}<\/script>\n<!-- \/ Yoast SEO plugin. -->","yoast_head_json":{"title":"Modr\u00e1 fantazie - abstraktn\u00ed obraz ru\u010dn\u011b malovan\u00fd na pl\u00e1tn\u011b - Anna Jankovi\u010dov\u00e1 - Origin\u00e1ln\u00ed obrazy","description":"Blue fantasy - abstract painting on canvas. Original, modern abstract painting in blue, gold, pink and green colours. Size: 60 \u00d7 60 cm","robots":{"index":"index","follow":"follow","max-snippet":"max-snippet:-1","max-image-preview":"max-image-preview:large","max-video-preview":"max-video-preview:-1"},"canonical":"https:\/\/annajankovic.art\/cz\/shop\/blue-fantasy\/","og_locale":"cs_CZ","og_type":"article","og_title":"Modr\u00e1 fantazie - abstraktn\u00ed obraz ru\u010dn\u011b malovan\u00fd na pl\u00e1tn\u011b - Anna Jankovi\u010dov\u00e1 - Origin\u00e1ln\u00ed obrazy","og_description":"Blue fantasy - abstract painting on canvas. Original, modern abstract painting in blue, gold, pink and green colours. Size: 60 \u00d7 60 cm","og_url":"https:\/\/annajankovic.art\/cz\/shop\/blue-fantasy\/","og_site_name":"Anna Jankovi\u010dov\u00e1 - Origin\u00e1ln\u00ed obrazy","article_publisher":"https:\/\/www.facebook.com\/AnnaJankovic.art","article_modified_time":"2026-01-03T18:42:31+00:00","og_image":[{"width":1194,"height":1264,"url":"https:\/\/mlcrcy0krp3e.i.optimole.com\/w:auto\/h:auto\/q:mauto\/f:best\/https:\/\/annajankovic.art\/wp-content\/uploads\/2021\/08\/wallpicture_214623_044655.png","type":"image\/png"}],"twitter_card":"summary_large_image","twitter_misc":{"Odhadovan\u00e1 doba \u010dten\u00ed":"1 minuta"},"schema":{"@context":"https:\/\/schema.org","@graph":[{"@type":"WebPage","@id":"https:\/\/annajankovic.art\/shop\/blue-fantasy\/","url":"https:\/\/annajankovic.art\/shop\/blue-fantasy\/","name":"Modr\u00e1 fantazie - abstraktn\u00ed obraz ru\u010dn\u011b malovan\u00fd na pl\u00e1tn\u011b - Anna Jankovi\u010dov\u00e1 - Origin\u00e1ln\u00ed obrazy","isPartOf":{"@id":"https:\/\/aiyannadreamsart.com\/#website"},"primaryImageOfPage":{"@id":"https:\/\/annajankovic.art\/shop\/blue-fantasy\/#primaryimage"},"image":{"@id":"https:\/\/annajankovic.art\/shop\/blue-fantasy\/#primaryimage"},"thumbnailUrl":"https:\/\/mlcrcy0krp3e.i.optimole.com\/w:auto\/h:auto\/q:mauto\/f:best\/https:\/\/annajankovic.art\/wp-content\/uploads\/2021\/08\/wallpicture_214623_044655.png","datePublished":"2020-07-30T16:00:46+00:00","dateModified":"2026-01-03T18:42:31+00:00","description":"Blue fantasy - abstract painting on canvas. Original, modern abstract painting in blue, gold, pink and green colours. Size: 60 \u00d7 60 cm","breadcrumb":{"@id":"https:\/\/annajankovic.art\/shop\/blue-fantasy\/#breadcrumb"},"inLanguage":"cs","potentialAction":[{"@type":"ReadAction","target":["https:\/\/annajankovic.art\/shop\/blue-fantasy\/"]}]},{"@type":"ImageObject","inLanguage":"cs","@id":"https:\/\/annajankovic.art\/shop\/blue-fantasy\/#primaryimage","url":"https:\/\/mlcrcy0krp3e.i.optimole.com\/w:auto\/h:auto\/q:mauto\/f:best\/https:\/\/annajankovic.art\/wp-content\/uploads\/2021\/08\/wallpicture_214623_044655.png","contentUrl":"https:\/\/mlcrcy0krp3e.i.optimole.com\/w:auto\/h:auto\/q:mauto\/f:best\/https:\/\/annajankovic.art\/wp-content\/uploads\/2021\/08\/wallpicture_214623_044655.png","width":1194,"height":1264,"caption":"blue fantasy abstract painting"},{"@type":"BreadcrumbList","@id":"https:\/\/annajankovic.art\/shop\/blue-fantasy\/#breadcrumb","itemListElement":[{"@type":"ListItem","position":1,"name":"Home","item":"https:\/\/annajankovic.art\/"},{"@type":"ListItem","position":2,"name":"Shop","item":"https:\/\/annajankovic.art\/shop\/"},{"@type":"ListItem","position":3,"name":"Blue fantasy abstract painting, 60 x 60 cm"}]},{"@type":"WebSite","@id":"https:\/\/aiyannadreamsart.com\/#website","url":"https:\/\/aiyannadreamsart.com\/","name":"Anna Jankovi\u010dov\u00e1 - Origin\u00e1ln\u00ed obrazy","description":"Malby inspirovan\u00e9 p\u0159\u00edrodou","publisher":{"@id":"https:\/\/aiyannadreamsart.com\/#\/schema\/person\/f54f796fe61b6c5c84e2ad4dc0f7ff00"},"potentialAction":[{"@type":"SearchAction","target":{"@type":"EntryPoint","urlTemplate":"https:\/\/aiyannadreamsart.com\/?s={search_term_string}"},"query-input":{"@type":"PropertyValueSpecification","valueRequired":true,"valueName":"search_term_string"}}],"inLanguage":"cs"},{"@type":["Person","Organization"],"@id":"https:\/\/aiyannadreamsart.com\/#\/schema\/person\/f54f796fe61b6c5c84e2ad4dc0f7ff00","name":"Anna Jankovi\u010dov\u00e1","image":{"@type":"ImageObject","inLanguage":"cs","@id":"https:\/\/mlcrcy0krp3e.i.optimole.com\/w:auto\/h:auto\/q:mauto\/f:best\/https:\/\/annajankovic.art\/wp-content\/uploads\/2022\/12\/Anna_Jankovic_logo-e1771085739954.png","url":"https:\/\/mlcrcy0krp3e.i.optimole.com\/w:auto\/h:auto\/q:mauto\/f:best\/https:\/\/annajankovic.art\/wp-content\/uploads\/2022\/12\/Anna_Jankovic_logo-e1771085739954.png","contentUrl":"https:\/\/mlcrcy0krp3e.i.optimole.com\/w:auto\/h:auto\/q:mauto\/f:best\/https:\/\/annajankovic.art\/wp-content\/uploads\/2022\/12\/Anna_Jankovic_logo-e1771085739954.png","width":300,"height":108,"caption":"Anna Jankovi\u010dov\u00e1"},"logo":{"@id":"https:\/\/mlcrcy0krp3e.i.optimole.com\/w:auto\/h:auto\/q:mauto\/f:best\/https:\/\/annajankovic.art\/wp-content\/uploads\/2022\/12\/Anna_Jankovic_logo-e1771085739954.png"},"sameAs":["https:\/\/www.annajankovic.art","https:\/\/www.facebook.com\/AnnaJankovic.art","https:\/\/www.instagram.com\/annajankovic.art","https:\/\/pinterest.com\/aiyannafilova\/"]}]}},"jetpack_sharing_enabled":true,"_links":{"self":[{"href":"https:\/\/annajankovic.art\/cz\/wp-json\/wp\/v2\/product\/7012","targetHints":{"allow":["GET"]}}],"collection":[{"href":"https:\/\/annajankovic.art\/cz\/wp-json\/wp\/v2\/product"}],"about":[{"href":"https:\/\/annajankovic.art\/cz\/wp-json\/wp\/v2\/types\/product"}],"version-history":[{"count":0,"href":"https:\/\/annajankovic.art\/cz\/wp-json\/wp\/v2\/product\/7012\/revisions"}],"wp:featuredmedia":[{"embeddable":true,"href":"https:\/\/annajankovic.art\/cz\/wp-json\/wp\/v2\/media\/10673"}],"wp:attachment":[{"href":"https:\/\/annajankovic.art\/cz\/wp-json\/wp\/v2\/media?parent=7012"}],"wp:term":[{"taxonomy":"product_brand","embeddable":true,"href":"https:\/\/annajankovic.art\/cz\/wp-json\/wp\/v2\/product_brand?post=7012"},{"taxonomy":"product_cat","embeddable":true,"href":"https:\/\/annajankovic.art\/cz\/wp-json\/wp\/v2\/product_cat?post=7012"},{"taxonomy":"product_tag","embeddable":true,"href":"https:\/\/annajankovic.art\/cz\/wp-json\/wp\/v2\/product_tag?post=7012"}],"curies":[{"name":"wp","href":"https:\/\/api.w.org\/{rel}","templated":true}]}}