{"id":7047,"date":"2020-07-30T18:00:34","date_gmt":"2020-07-30T16:00:34","guid":{"rendered":"https:\/\/annajankovic.art\/?post_type=product&#038;p=7047"},"modified":"2025-04-10T09:11:58","modified_gmt":"2025-04-10T07:11:58","slug":"brighten-your-day","status":"publish","type":"product","link":"https:\/\/annajankovic.art\/cz\/shop\/brighten-your-day\/","title":{"rendered":"Rozjasni si den"},"content":{"rendered":"<p>\"Rozjasni si den\" zar\u00e1movan\u00fd abstraktn\u00ed obraz<\/p>\n<p>Abstraktn\u00ed malba na pap\u00edru, kombinovan\u00e1 technika.<\/p>\n<p>Origin\u00e1ln\u00ed, modern\u00ed akrylov\u00e1 malba ve zlat\u00e9, r\u016f\u017eov\u00e9 a zelen\u00e9 barv\u011b.<\/p>\n<p>Rozm\u011bry malby na pap\u00edru: 21 x 28,3 cm<\/p>\n<p>Size of the frame: 24 x 32 cm<\/p>\n<p>Inspirovan\u00e1 bezstarostn\u00fdmi letn\u00edmi dny, pestrobarevn\u00fdmi kv\u011btinami a p\u0159\u00edrodou v pln\u00e9m rozkv\u011btu.<\/p>\n<p>Opravdu jsem si u\u017eila m\u00edch\u00e1n\u00ed barev, odst\u00edn\u016f zlat\u00e9 a \u0161plouch\u00e1n\u00ed inkoustem na pl\u00e1tno. Tak moc, \u017ee jsem nemohla p\u0159estat malovat a postupn\u011b vznikla cel\u00e1 s\u00e9rie obraz\u016f, spont\u00e1nn\u011b a nepl\u00e1novan\u011b.<\/p>\n<p>&#8212; &#8211; &#8211; &#8211;<\/p>\n<p>Malovan\u00e9 na kvalitn\u00edm akvarelov\u00e9m pap\u00edru. R\u00e1movan\u00fd obraz.<\/p>\n<p>Obraz je nalakovan\u00fd (2 vrstvy) pro ochranu proti UV z\u00e1\u0159en\u00ed a prachu.<\/p>\n<p>Materi\u00e1l: akvarelov\u00fd pap\u00edr zar\u00e1movan\u00fd ve d\u0159ev\u011bn\u00e9m r\u00e1mu s paspartou a sklem, akrylov\u00e1 barva, alkoholov\u00fd inkoust, zlat\u00e1 barva, leskl\u00fd lak.<\/p>\n<p>&#8212; &#8211; &#8211; &#8211;<\/p>\n<p>Tento obraz pat\u0159\u00ed do letn\u00ed s\u00e9rie <a href=\"https:\/\/annajankovic.art\/cz\/everyday-wonders-collection\/\">Ka\u017edodenn\u00ed z\u00e1zraky<\/a>. <a href=\"https:\/\/annajankovic.art\/cz\/everyday-wonders-collection\/\">Pod\u00edvejte se na dal\u0161\u00ed malby z t\u00e9to kolekce.<\/a><\/p>","protected":false},"excerpt":{"rendered":"<p>\"Rozjasni si den\"<\/p>\n<p>Abstraktn\u00ed malba na pap\u00edru, kombinovan\u00e1 technika.<\/p>\n<p>Origin\u00e1ln\u00ed, modern\u00ed akrylov\u00e1 malba ve zlat\u00e9, r\u016f\u017eov\u00e9 a zelen\u00e9 barv\u011b.<\/p>\n<p>Rozm\u011bry malby na pap\u00edru: 21 x 28,3 cm<\/p>\n<p>Rozm\u011bry r\u00e1mu: 26 x 32 cm<\/p>","protected":false},"featured_media":7048,"template":"","meta":[],"product_brand":[],"product_cat":[22,327,376],"product_tag":[229,32,231,227,358,95],"class_list":{"0":"post-7047","1":"product","2":"type-product","3":"status-publish","4":"has-post-thumbnail","6":"product_cat-abstract-paintings","7":"product_cat-everyday-wonders","8":"product_cat-sale","9":"product_tag-abstract-art","10":"product_tag-acrylic","11":"product_tag-alcohol-ink-painting","12":"product_tag-framed","13":"product_tag-fresh-spring","14":"product_tag-painting-on-paper","15":"product_shipping_class-small-art","17":"entry","18":"has-media","20":"first","21":"instock","22":"sale","23":"sold-individually","24":"shipping-taxable","25":"purchasable","26":"product-type-simple","27":"col","28":"span_1_of_3","29":"owp-content-center","30":"item-entry","31":"owp-thumbs-layout-horizontal","32":"owp-btn-normal","33":"owp-tabs-layout-section","34":"circle-sale"},"yoast_head":"<!-- This site is optimized with the Yoast SEO plugin v27.4 - https:\/\/yoast.com\/product\/yoast-seo-wordpress\/ -->\n<title>Rozjasni si den - origin\u00e1ln\u00ed abstraktn\u00ed malba - Anna Jankovi\u010dov\u00e1 - Origin\u00e1ln\u00ed obrazy<\/title>\n<meta name=\"description\" content=\"Brighten your day - abstract painting on paper. Original, modern abstract framed artwork in blue, gold, pink and green colours.\" \/>\n<meta name=\"robots\" content=\"index, follow, max-snippet:-1, max-image-preview:large, max-video-preview:-1\" \/>\n<link rel=\"canonical\" href=\"https:\/\/annajankovic.art\/cz\/shop\/brighten-your-day\/\" \/>\n<meta property=\"og:locale\" content=\"cs_CZ\" \/>\n<meta property=\"og:type\" content=\"article\" \/>\n<meta property=\"og:title\" content=\"Rozjasni si den - origin\u00e1ln\u00ed abstraktn\u00ed malba - Anna Jankovi\u010dov\u00e1 - Origin\u00e1ln\u00ed obrazy\" \/>\n<meta property=\"og:description\" content=\"Brighten your day - abstract painting on paper. Original, modern abstract framed artwork in blue, gold, pink and green colours.\" \/>\n<meta property=\"og:url\" content=\"https:\/\/annajankovic.art\/cz\/shop\/brighten-your-day\/\" \/>\n<meta property=\"og:site_name\" content=\"Anna Jankovi\u010dov\u00e1 - Origin\u00e1ln\u00ed obrazy\" \/>\n<meta property=\"article:publisher\" content=\"https:\/\/www.facebook.com\/AnnaJankovic.art\" \/>\n<meta property=\"article:modified_time\" content=\"2025-04-10T07:11:58+00:00\" \/>\n<meta property=\"og:image\" content=\"https:\/\/mlcrcy0krp3e.i.optimole.com\/w:auto\/h:auto\/q:mauto\/f:best\/https:\/\/annajankovic.art\/wp-content\/uploads\/2021\/03\/Brighten-your-day-by-Aiyanna-Dreams-Art-4-e1600538152996.jpg\" \/>\n\t<meta property=\"og:image:width\" content=\"960\" \/>\n\t<meta property=\"og:image:height\" content=\"1158\" \/>\n\t<meta property=\"og:image:type\" content=\"image\/jpeg\" \/>\n<meta name=\"twitter:card\" content=\"summary_large_image\" \/>\n<meta name=\"twitter:label1\" content=\"Odhadovan\u00e1 doba \u010dten\u00ed\" \/>\n\t<meta name=\"twitter:data1\" content=\"1 minuta\" \/>\n<script type=\"application\/ld+json\" class=\"yoast-schema-graph\">{\"@context\":\"https:\\\/\\\/schema.org\",\"@graph\":[{\"@type\":\"WebPage\",\"@id\":\"https:\\\/\\\/annajankovic.art\\\/shop\\\/brighten-your-day\\\/\",\"url\":\"https:\\\/\\\/annajankovic.art\\\/shop\\\/brighten-your-day\\\/\",\"name\":\"Rozjasni si den - origin\u00e1ln\u00ed abstraktn\u00ed malba - Anna Jankovi\u010dov\u00e1 - Origin\u00e1ln\u00ed obrazy\",\"isPartOf\":{\"@id\":\"https:\\\/\\\/aiyannadreamsart.com\\\/#website\"},\"primaryImageOfPage\":{\"@id\":\"https:\\\/\\\/annajankovic.art\\\/shop\\\/brighten-your-day\\\/#primaryimage\"},\"image\":{\"@id\":\"https:\\\/\\\/annajankovic.art\\\/shop\\\/brighten-your-day\\\/#primaryimage\"},\"thumbnailUrl\":\"https:\\/\\/annajankovic.art\\/wp-content\\/uploads\\/2021\\/03\\/Brighten-your-day-by-Aiyanna-Dreams-Art-4-e1600538152996.jpg\",\"datePublished\":\"2020-07-30T16:00:34+00:00\",\"dateModified\":\"2025-04-10T07:11:58+00:00\",\"description\":\"Brighten your day - abstract painting on paper. Original, modern abstract framed artwork in blue, gold, pink and green colours.\",\"breadcrumb\":{\"@id\":\"https:\\\/\\\/annajankovic.art\\\/shop\\\/brighten-your-day\\\/#breadcrumb\"},\"inLanguage\":\"cs\",\"potentialAction\":[{\"@type\":\"ReadAction\",\"target\":[\"https:\\\/\\\/annajankovic.art\\\/shop\\\/brighten-your-day\\\/\"]}]},{\"@type\":\"ImageObject\",\"inLanguage\":\"cs\",\"@id\":\"https:\\\/\\\/annajankovic.art\\\/shop\\\/brighten-your-day\\\/#primaryimage\",\"url\":\"https:\\/\\/annajankovic.art\\/wp-content\\/uploads\\/2021\\/03\\/Brighten-your-day-by-Aiyanna-Dreams-Art-4-e1600538152996.jpg\",\"contentUrl\":\"https:\\/\\/annajankovic.art\\/wp-content\\/uploads\\/2021\\/03\\/Brighten-your-day-by-Aiyanna-Dreams-Art-4-e1600538152996.jpg\",\"width\":960,\"height\":1158,\"caption\":\"abstract painting on paper\"},{\"@type\":\"BreadcrumbList\",\"@id\":\"https:\\\/\\\/annajankovic.art\\\/shop\\\/brighten-your-day\\\/#breadcrumb\",\"itemListElement\":[{\"@type\":\"ListItem\",\"position\":1,\"name\":\"Home\",\"item\":\"https:\\\/\\\/annajankovic.art\\\/\"},{\"@type\":\"ListItem\",\"position\":2,\"name\":\"Shop\",\"item\":\"https:\\\/\\\/annajankovic.art\\\/shop\\\/\"},{\"@type\":\"ListItem\",\"position\":3,\"name\":\"Brighten your day\"}]},{\"@type\":\"WebSite\",\"@id\":\"https:\\\/\\\/aiyannadreamsart.com\\\/#website\",\"url\":\"https:\\\/\\\/aiyannadreamsart.com\\\/\",\"name\":\"Anna Jankovi\u010dov\u00e1 - Origin\u00e1ln\u00ed obrazy\",\"description\":\"Malby inspirovan\u00e9 p\u0159\u00edrodou\",\"publisher\":{\"@id\":\"https:\\\/\\\/aiyannadreamsart.com\\\/#\\\/schema\\\/person\\\/f54f796fe61b6c5c84e2ad4dc0f7ff00\"},\"potentialAction\":[{\"@type\":\"SearchAction\",\"target\":{\"@type\":\"EntryPoint\",\"urlTemplate\":\"https:\\\/\\\/aiyannadreamsart.com\\\/?s={search_term_string}\"},\"query-input\":{\"@type\":\"PropertyValueSpecification\",\"valueRequired\":true,\"valueName\":\"search_term_string\"}}],\"inLanguage\":\"cs\"},{\"@type\":[\"Person\",\"Organization\"],\"@id\":\"https:\\\/\\\/aiyannadreamsart.com\\\/#\\\/schema\\\/person\\\/f54f796fe61b6c5c84e2ad4dc0f7ff00\",\"name\":\"Anna Jankovi\u010dov\u00e1\",\"image\":{\"@type\":\"ImageObject\",\"inLanguage\":\"cs\",\"@id\":\"https:\\/\\/annajankovic.art\\/wp-content\\/uploads\\/2022\\/12\\/Anna_Jankovic_logo-e1771085739954.png\",\"url\":\"https:\\/\\/annajankovic.art\\/wp-content\\/uploads\\/2022\\/12\\/Anna_Jankovic_logo-e1771085739954.png\",\"contentUrl\":\"https:\\/\\/annajankovic.art\\/wp-content\\/uploads\\/2022\\/12\\/Anna_Jankovic_logo-e1771085739954.png\",\"width\":300,\"height\":108,\"caption\":\"Anna Jankovi\u010dov\u00e1\"},\"logo\":{\"@id\":\"https:\\/\\/annajankovic.art\\/wp-content\\/uploads\\/2022\\/12\\/Anna_Jankovic_logo-e1771085739954.png\"},\"sameAs\":[\"https:\\\/\\\/www.annajankovic.art\",\"https:\\\/\\\/www.facebook.com\\\/AnnaJankovic.art\",\"https:\\\/\\\/www.instagram.com\\\/annajankovic.art\",\"https:\\\/\\\/pinterest.com\\\/aiyannafilova\\\/\"]}]}<\/script>\n<!-- \/ Yoast SEO plugin. -->","yoast_head_json":{"title":"Rozjasni si den - origin\u00e1ln\u00ed abstraktn\u00ed malba - Anna Jankovi\u010dov\u00e1 - Origin\u00e1ln\u00ed obrazy","description":"Brighten your day - abstract painting on paper. Original, modern abstract framed artwork in blue, gold, pink and green colours.","robots":{"index":"index","follow":"follow","max-snippet":"max-snippet:-1","max-image-preview":"max-image-preview:large","max-video-preview":"max-video-preview:-1"},"canonical":"https:\/\/annajankovic.art\/cz\/shop\/brighten-your-day\/","og_locale":"cs_CZ","og_type":"article","og_title":"Rozjasni si den - origin\u00e1ln\u00ed abstraktn\u00ed malba - Anna Jankovi\u010dov\u00e1 - Origin\u00e1ln\u00ed obrazy","og_description":"Brighten your day - abstract painting on paper. Original, modern abstract framed artwork in blue, gold, pink and green colours.","og_url":"https:\/\/annajankovic.art\/cz\/shop\/brighten-your-day\/","og_site_name":"Anna Jankovi\u010dov\u00e1 - Origin\u00e1ln\u00ed obrazy","article_publisher":"https:\/\/www.facebook.com\/AnnaJankovic.art","article_modified_time":"2025-04-10T07:11:58+00:00","og_image":[{"width":960,"height":1158,"url":"https:\/\/mlcrcy0krp3e.i.optimole.com\/w:auto\/h:auto\/q:mauto\/f:best\/https:\/\/annajankovic.art\/wp-content\/uploads\/2021\/03\/Brighten-your-day-by-Aiyanna-Dreams-Art-4-e1600538152996.jpg","type":"image\/jpeg"}],"twitter_card":"summary_large_image","twitter_misc":{"Odhadovan\u00e1 doba \u010dten\u00ed":"1 minuta"},"schema":{"@context":"https:\/\/schema.org","@graph":[{"@type":"WebPage","@id":"https:\/\/annajankovic.art\/shop\/brighten-your-day\/","url":"https:\/\/annajankovic.art\/shop\/brighten-your-day\/","name":"Rozjasni si den - origin\u00e1ln\u00ed abstraktn\u00ed malba - Anna Jankovi\u010dov\u00e1 - Origin\u00e1ln\u00ed obrazy","isPartOf":{"@id":"https:\/\/aiyannadreamsart.com\/#website"},"primaryImageOfPage":{"@id":"https:\/\/annajankovic.art\/shop\/brighten-your-day\/#primaryimage"},"image":{"@id":"https:\/\/annajankovic.art\/shop\/brighten-your-day\/#primaryimage"},"thumbnailUrl":"https:\/\/mlcrcy0krp3e.i.optimole.com\/w:auto\/h:auto\/q:mauto\/f:best\/https:\/\/annajankovic.art\/wp-content\/uploads\/2021\/03\/Brighten-your-day-by-Aiyanna-Dreams-Art-4-e1600538152996.jpg","datePublished":"2020-07-30T16:00:34+00:00","dateModified":"2025-04-10T07:11:58+00:00","description":"Brighten your day - abstract painting on paper. Original, modern abstract framed artwork in blue, gold, pink and green colours.","breadcrumb":{"@id":"https:\/\/annajankovic.art\/shop\/brighten-your-day\/#breadcrumb"},"inLanguage":"cs","potentialAction":[{"@type":"ReadAction","target":["https:\/\/annajankovic.art\/shop\/brighten-your-day\/"]}]},{"@type":"ImageObject","inLanguage":"cs","@id":"https:\/\/annajankovic.art\/shop\/brighten-your-day\/#primaryimage","url":"https:\/\/mlcrcy0krp3e.i.optimole.com\/w:auto\/h:auto\/q:mauto\/f:best\/https:\/\/annajankovic.art\/wp-content\/uploads\/2021\/03\/Brighten-your-day-by-Aiyanna-Dreams-Art-4-e1600538152996.jpg","contentUrl":"https:\/\/mlcrcy0krp3e.i.optimole.com\/w:auto\/h:auto\/q:mauto\/f:best\/https:\/\/annajankovic.art\/wp-content\/uploads\/2021\/03\/Brighten-your-day-by-Aiyanna-Dreams-Art-4-e1600538152996.jpg","width":960,"height":1158,"caption":"abstract painting on paper"},{"@type":"BreadcrumbList","@id":"https:\/\/annajankovic.art\/shop\/brighten-your-day\/#breadcrumb","itemListElement":[{"@type":"ListItem","position":1,"name":"Home","item":"https:\/\/annajankovic.art\/"},{"@type":"ListItem","position":2,"name":"Shop","item":"https:\/\/annajankovic.art\/shop\/"},{"@type":"ListItem","position":3,"name":"Brighten your day"}]},{"@type":"WebSite","@id":"https:\/\/aiyannadreamsart.com\/#website","url":"https:\/\/aiyannadreamsart.com\/","name":"Anna Jankovi\u010dov\u00e1 - Origin\u00e1ln\u00ed obrazy","description":"Malby inspirovan\u00e9 p\u0159\u00edrodou","publisher":{"@id":"https:\/\/aiyannadreamsart.com\/#\/schema\/person\/f54f796fe61b6c5c84e2ad4dc0f7ff00"},"potentialAction":[{"@type":"SearchAction","target":{"@type":"EntryPoint","urlTemplate":"https:\/\/aiyannadreamsart.com\/?s={search_term_string}"},"query-input":{"@type":"PropertyValueSpecification","valueRequired":true,"valueName":"search_term_string"}}],"inLanguage":"cs"},{"@type":["Person","Organization"],"@id":"https:\/\/aiyannadreamsart.com\/#\/schema\/person\/f54f796fe61b6c5c84e2ad4dc0f7ff00","name":"Anna Jankovi\u010dov\u00e1","image":{"@type":"ImageObject","inLanguage":"cs","@id":"https:\/\/mlcrcy0krp3e.i.optimole.com\/w:auto\/h:auto\/q:mauto\/f:best\/https:\/\/annajankovic.art\/wp-content\/uploads\/2022\/12\/Anna_Jankovic_logo-e1771085739954.png","url":"https:\/\/mlcrcy0krp3e.i.optimole.com\/w:auto\/h:auto\/q:mauto\/f:best\/https:\/\/annajankovic.art\/wp-content\/uploads\/2022\/12\/Anna_Jankovic_logo-e1771085739954.png","contentUrl":"https:\/\/mlcrcy0krp3e.i.optimole.com\/w:auto\/h:auto\/q:mauto\/f:best\/https:\/\/annajankovic.art\/wp-content\/uploads\/2022\/12\/Anna_Jankovic_logo-e1771085739954.png","width":300,"height":108,"caption":"Anna Jankovi\u010dov\u00e1"},"logo":{"@id":"https:\/\/mlcrcy0krp3e.i.optimole.com\/w:auto\/h:auto\/q:mauto\/f:best\/https:\/\/annajankovic.art\/wp-content\/uploads\/2022\/12\/Anna_Jankovic_logo-e1771085739954.png"},"sameAs":["https:\/\/www.annajankovic.art","https:\/\/www.facebook.com\/AnnaJankovic.art","https:\/\/www.instagram.com\/annajankovic.art","https:\/\/pinterest.com\/aiyannafilova\/"]}]}},"jetpack_sharing_enabled":true,"_links":{"self":[{"href":"https:\/\/annajankovic.art\/cz\/wp-json\/wp\/v2\/product\/7047","targetHints":{"allow":["GET"]}}],"collection":[{"href":"https:\/\/annajankovic.art\/cz\/wp-json\/wp\/v2\/product"}],"about":[{"href":"https:\/\/annajankovic.art\/cz\/wp-json\/wp\/v2\/types\/product"}],"version-history":[{"count":0,"href":"https:\/\/annajankovic.art\/cz\/wp-json\/wp\/v2\/product\/7047\/revisions"}],"wp:featuredmedia":[{"embeddable":true,"href":"https:\/\/annajankovic.art\/cz\/wp-json\/wp\/v2\/media\/7048"}],"wp:attachment":[{"href":"https:\/\/annajankovic.art\/cz\/wp-json\/wp\/v2\/media?parent=7047"}],"wp:term":[{"taxonomy":"product_brand","embeddable":true,"href":"https:\/\/annajankovic.art\/cz\/wp-json\/wp\/v2\/product_brand?post=7047"},{"taxonomy":"product_cat","embeddable":true,"href":"https:\/\/annajankovic.art\/cz\/wp-json\/wp\/v2\/product_cat?post=7047"},{"taxonomy":"product_tag","embeddable":true,"href":"https:\/\/annajankovic.art\/cz\/wp-json\/wp\/v2\/product_tag?post=7047"}],"curies":[{"name":"wp","href":"https:\/\/api.w.org\/{rel}","templated":true}]}}