{"id":7077,"date":"2020-07-30T17:00:46","date_gmt":"2020-07-30T15:00:46","guid":{"rendered":"https:\/\/annajankovic.art\/?post_type=product&#038;p=7077"},"modified":"2024-07-25T14:18:38","modified_gmt":"2024-07-25T12:18:38","slug":"scent-of-the-forest","status":"publish","type":"product","link":"https:\/\/annajankovic.art\/cz\/shop\/scent-of-the-forest\/","title":{"rendered":"V\u016fn\u011b lesa"},"content":{"rendered":"<p>\"V\u016fn\u011b lesa\" abstraktn\u00ed obraz v r\u00e1mu<\/p>\n<p>Abstraktn\u00ed malba na pap\u00edru, kombinovan\u00e1 technika.<\/p>\n<p>Origin\u00e1ln\u00ed, modern\u00ed akrylov\u00e1 malba ve zlat\u00e9, r\u016f\u017eov\u00e9 a zelen\u00e9 barv\u011b.<\/p>\n<p>Rozm\u011bry malby na pap\u00edru: 21 x 28,3 cm<\/p>\n<p>Size of the frame: 24 x 32 cm<\/p>\n<p>&#8212; &#8211; &#8211; &#8211;<\/p>\n<p>Malovan\u00e9 na kvalitn\u00edm akvarelov\u00e9m pap\u00edru. R\u00e1movan\u00fd obraz.<\/p>\n<p>Obraz je nalakovan\u00fd (2 vrstvy) pro ochranu proti UV z\u00e1\u0159en\u00ed a prachu.<\/p>\n<p>Materi\u00e1l: akvarelov\u00fd pap\u00edr zar\u00e1movan\u00fd ve d\u0159ev\u011bn\u00e9m r\u00e1mu s paspartou a sklem, akrylov\u00e1 barva, alkoholov\u00fd inkoust, zlat\u00e1 barva, leskl\u00fd lak.<\/p>\n<p>&#8212; &#8211; &#8211; &#8211;<\/p>\n<p>Tento obraz pat\u0159\u00ed do letn\u00ed s\u00e9rie <a href=\"https:\/\/annajankovic.art\/cz\/everyday-wonders-collection\/\">Ka\u017edodenn\u00ed z\u00e1zraky<\/a>. <a href=\"https:\/\/annajankovic.art\/cz\/everyday-wonders-collection\/\">Pod\u00edvejte se na dal\u0161\u00ed malby z t\u00e9to kolekce.<\/a><\/p>","protected":false},"excerpt":{"rendered":"<p>\"V\u016fn\u011b lesa\" abstraktn\u00ed obraz v r\u00e1mu<\/p>\n<p>Abstraktn\u00ed malba na pap\u00edru, kombinovan\u00e1 technika.<\/p>\n<p>Origin\u00e1ln\u00ed, modern\u00ed akrylov\u00e1 malba ve zlat\u00e9, r\u016f\u017eov\u00e9 a zelen\u00e9 barv\u011b.<\/p>\n<p>Rozm\u011bry malby na pap\u00edru: 21 x 28,3 cm<\/p>\n<p>Rozm\u011bry r\u00e1mu: 26 x 32 cm<\/p>","protected":false},"featured_media":7086,"template":"","meta":[],"product_brand":[],"product_cat":[22,327,223],"product_tag":[229,231,95,325],"class_list":{"0":"post-7077","1":"product","2":"type-product","3":"status-publish","4":"has-post-thumbnail","6":"product_cat-abstract-paintings","7":"product_cat-everyday-wonders","8":"product_cat-sold","9":"product_tag-abstract-art","10":"product_tag-alcohol-ink-painting","11":"product_tag-painting-on-paper","12":"product_tag-sold","13":"product_shipping_class-huge-art","15":"entry","16":"has-media","18":"first","19":"outofstock","20":"sold-individually","21":"shipping-taxable","22":"purchasable","23":"product-type-simple","24":"col","25":"span_1_of_3","26":"owp-content-center","27":"item-entry","28":"owp-thumbs-layout-horizontal","29":"owp-btn-normal","30":"owp-tabs-layout-section","31":"circle-sale"},"yoast_head":"<!-- This site is optimized with the Yoast SEO plugin v27.4 - https:\/\/yoast.com\/product\/yoast-seo-wordpress\/ -->\n<title>Scent of the forest - Anna Jankovi\u010dov\u00e1 - Origin\u00e1ln\u00ed obrazy<\/title>\n<meta name=\"description\" content=\"Scent of the forest - framed abstract artwork on paper. Original, modern abstract painting in blue, gold, pink and green colours.\" \/>\n<meta name=\"robots\" content=\"index, follow, max-snippet:-1, max-image-preview:large, max-video-preview:-1\" \/>\n<link rel=\"canonical\" href=\"https:\/\/annajankovic.art\/cz\/shop\/scent-of-the-forest\/\" \/>\n<meta property=\"og:locale\" content=\"cs_CZ\" \/>\n<meta property=\"og:type\" content=\"article\" \/>\n<meta property=\"og:title\" content=\"Scent of the forest - Anna Jankovi\u010dov\u00e1 - Origin\u00e1ln\u00ed obrazy\" \/>\n<meta property=\"og:description\" content=\"Scent of the forest - framed abstract artwork on paper. Original, modern abstract painting in blue, gold, pink and green colours.\" \/>\n<meta property=\"og:url\" content=\"https:\/\/annajankovic.art\/cz\/shop\/scent-of-the-forest\/\" \/>\n<meta property=\"og:site_name\" content=\"Anna Jankovi\u010dov\u00e1 - Origin\u00e1ln\u00ed obrazy\" \/>\n<meta property=\"article:publisher\" content=\"https:\/\/www.facebook.com\/AnnaJankovic.art\" \/>\n<meta property=\"article:modified_time\" content=\"2024-07-25T12:18:38+00:00\" \/>\n<meta property=\"og:image\" content=\"https:\/\/mlcrcy0krp3e.i.optimole.com\/w:auto\/h:auto\/q:mauto\/f:best\/https:\/\/annajankovic.art\/wp-content\/uploads\/2021\/03\/wp-1596036028518.jpg\" \/>\n\t<meta property=\"og:image:width\" content=\"1200\" \/>\n\t<meta property=\"og:image:height\" content=\"1200\" \/>\n\t<meta property=\"og:image:type\" content=\"image\/jpeg\" \/>\n<meta name=\"twitter:card\" content=\"summary_large_image\" \/>\n<meta name=\"twitter:label1\" content=\"Odhadovan\u00e1 doba \u010dten\u00ed\" \/>\n\t<meta name=\"twitter:data1\" content=\"1 minuta\" \/>\n<script type=\"application\/ld+json\" class=\"yoast-schema-graph\">{\"@context\":\"https:\\\/\\\/schema.org\",\"@graph\":[{\"@type\":\"WebPage\",\"@id\":\"https:\\\/\\\/annajankovic.art\\\/shop\\\/scent-of-the-forest\\\/\",\"url\":\"https:\\\/\\\/annajankovic.art\\\/shop\\\/scent-of-the-forest\\\/\",\"name\":\"Scent of the forest - Anna Jankovi\u010dov\u00e1 - Origin\u00e1ln\u00ed obrazy\",\"isPartOf\":{\"@id\":\"https:\\\/\\\/aiyannadreamsart.com\\\/#website\"},\"primaryImageOfPage\":{\"@id\":\"https:\\\/\\\/annajankovic.art\\\/shop\\\/scent-of-the-forest\\\/#primaryimage\"},\"image\":{\"@id\":\"https:\\\/\\\/annajankovic.art\\\/shop\\\/scent-of-the-forest\\\/#primaryimage\"},\"thumbnailUrl\":\"https:\\/\\/annajankovic.art\\/wp-content\\/uploads\\/2021\\/03\\/wp-1596036028518.jpg\",\"datePublished\":\"2020-07-30T15:00:46+00:00\",\"dateModified\":\"2024-07-25T12:18:38+00:00\",\"description\":\"Scent of the forest - framed abstract artwork on paper. Original, modern abstract painting in blue, gold, pink and green colours.\",\"breadcrumb\":{\"@id\":\"https:\\\/\\\/annajankovic.art\\\/shop\\\/scent-of-the-forest\\\/#breadcrumb\"},\"inLanguage\":\"cs\",\"potentialAction\":[{\"@type\":\"ReadAction\",\"target\":[\"https:\\\/\\\/annajankovic.art\\\/shop\\\/scent-of-the-forest\\\/\"]}]},{\"@type\":\"ImageObject\",\"inLanguage\":\"cs\",\"@id\":\"https:\\\/\\\/annajankovic.art\\\/shop\\\/scent-of-the-forest\\\/#primaryimage\",\"url\":\"https:\\/\\/annajankovic.art\\/wp-content\\/uploads\\/2021\\/03\\/wp-1596036028518.jpg\",\"contentUrl\":\"https:\\/\\/annajankovic.art\\/wp-content\\/uploads\\/2021\\/03\\/wp-1596036028518.jpg\",\"width\":1200,\"height\":1200,\"caption\":\"scent of the forest by Aiyanna (1)\"},{\"@type\":\"BreadcrumbList\",\"@id\":\"https:\\\/\\\/annajankovic.art\\\/shop\\\/scent-of-the-forest\\\/#breadcrumb\",\"itemListElement\":[{\"@type\":\"ListItem\",\"position\":1,\"name\":\"Home\",\"item\":\"https:\\\/\\\/annajankovic.art\\\/\"},{\"@type\":\"ListItem\",\"position\":2,\"name\":\"Shop\",\"item\":\"https:\\\/\\\/annajankovic.art\\\/shop\\\/\"},{\"@type\":\"ListItem\",\"position\":3,\"name\":\"Scent of the forest\"}]},{\"@type\":\"WebSite\",\"@id\":\"https:\\\/\\\/aiyannadreamsart.com\\\/#website\",\"url\":\"https:\\\/\\\/aiyannadreamsart.com\\\/\",\"name\":\"Anna Jankovi\u010dov\u00e1 - Origin\u00e1ln\u00ed obrazy\",\"description\":\"Malby inspirovan\u00e9 p\u0159\u00edrodou\",\"publisher\":{\"@id\":\"https:\\\/\\\/aiyannadreamsart.com\\\/#\\\/schema\\\/person\\\/f54f796fe61b6c5c84e2ad4dc0f7ff00\"},\"potentialAction\":[{\"@type\":\"SearchAction\",\"target\":{\"@type\":\"EntryPoint\",\"urlTemplate\":\"https:\\\/\\\/aiyannadreamsart.com\\\/?s={search_term_string}\"},\"query-input\":{\"@type\":\"PropertyValueSpecification\",\"valueRequired\":true,\"valueName\":\"search_term_string\"}}],\"inLanguage\":\"cs\"},{\"@type\":[\"Person\",\"Organization\"],\"@id\":\"https:\\\/\\\/aiyannadreamsart.com\\\/#\\\/schema\\\/person\\\/f54f796fe61b6c5c84e2ad4dc0f7ff00\",\"name\":\"Anna Jankovi\u010dov\u00e1\",\"image\":{\"@type\":\"ImageObject\",\"inLanguage\":\"cs\",\"@id\":\"https:\\/\\/annajankovic.art\\/wp-content\\/uploads\\/2022\\/12\\/Anna_Jankovic_logo-e1771085739954.png\",\"url\":\"https:\\/\\/annajankovic.art\\/wp-content\\/uploads\\/2022\\/12\\/Anna_Jankovic_logo-e1771085739954.png\",\"contentUrl\":\"https:\\/\\/annajankovic.art\\/wp-content\\/uploads\\/2022\\/12\\/Anna_Jankovic_logo-e1771085739954.png\",\"width\":300,\"height\":108,\"caption\":\"Anna Jankovi\u010dov\u00e1\"},\"logo\":{\"@id\":\"https:\\/\\/annajankovic.art\\/wp-content\\/uploads\\/2022\\/12\\/Anna_Jankovic_logo-e1771085739954.png\"},\"sameAs\":[\"https:\\\/\\\/www.annajankovic.art\",\"https:\\\/\\\/www.facebook.com\\\/AnnaJankovic.art\",\"https:\\\/\\\/www.instagram.com\\\/annajankovic.art\",\"https:\\\/\\\/pinterest.com\\\/aiyannafilova\\\/\"]}]}<\/script>\n<!-- \/ Yoast SEO plugin. -->","yoast_head_json":{"title":"Scent of the forest - Anna Jankovi\u010dov\u00e1 - Origin\u00e1ln\u00ed obrazy","description":"Scent of the forest - framed abstract artwork on paper. Original, modern abstract painting in blue, gold, pink and green colours.","robots":{"index":"index","follow":"follow","max-snippet":"max-snippet:-1","max-image-preview":"max-image-preview:large","max-video-preview":"max-video-preview:-1"},"canonical":"https:\/\/annajankovic.art\/cz\/shop\/scent-of-the-forest\/","og_locale":"cs_CZ","og_type":"article","og_title":"Scent of the forest - Anna Jankovi\u010dov\u00e1 - Origin\u00e1ln\u00ed obrazy","og_description":"Scent of the forest - framed abstract artwork on paper. Original, modern abstract painting in blue, gold, pink and green colours.","og_url":"https:\/\/annajankovic.art\/cz\/shop\/scent-of-the-forest\/","og_site_name":"Anna Jankovi\u010dov\u00e1 - Origin\u00e1ln\u00ed obrazy","article_publisher":"https:\/\/www.facebook.com\/AnnaJankovic.art","article_modified_time":"2024-07-25T12:18:38+00:00","og_image":[{"width":1200,"height":1200,"url":"https:\/\/mlcrcy0krp3e.i.optimole.com\/w:auto\/h:auto\/q:mauto\/f:best\/https:\/\/annajankovic.art\/wp-content\/uploads\/2021\/03\/wp-1596036028518.jpg","type":"image\/jpeg"}],"twitter_card":"summary_large_image","twitter_misc":{"Odhadovan\u00e1 doba \u010dten\u00ed":"1 minuta"},"schema":{"@context":"https:\/\/schema.org","@graph":[{"@type":"WebPage","@id":"https:\/\/annajankovic.art\/shop\/scent-of-the-forest\/","url":"https:\/\/annajankovic.art\/shop\/scent-of-the-forest\/","name":"Scent of the forest - Anna Jankovi\u010dov\u00e1 - Origin\u00e1ln\u00ed obrazy","isPartOf":{"@id":"https:\/\/aiyannadreamsart.com\/#website"},"primaryImageOfPage":{"@id":"https:\/\/annajankovic.art\/shop\/scent-of-the-forest\/#primaryimage"},"image":{"@id":"https:\/\/annajankovic.art\/shop\/scent-of-the-forest\/#primaryimage"},"thumbnailUrl":"https:\/\/mlcrcy0krp3e.i.optimole.com\/w:auto\/h:auto\/q:mauto\/f:best\/https:\/\/annajankovic.art\/wp-content\/uploads\/2021\/03\/wp-1596036028518.jpg","datePublished":"2020-07-30T15:00:46+00:00","dateModified":"2024-07-25T12:18:38+00:00","description":"Scent of the forest - framed abstract artwork on paper. Original, modern abstract painting in blue, gold, pink and green colours.","breadcrumb":{"@id":"https:\/\/annajankovic.art\/shop\/scent-of-the-forest\/#breadcrumb"},"inLanguage":"cs","potentialAction":[{"@type":"ReadAction","target":["https:\/\/annajankovic.art\/shop\/scent-of-the-forest\/"]}]},{"@type":"ImageObject","inLanguage":"cs","@id":"https:\/\/annajankovic.art\/shop\/scent-of-the-forest\/#primaryimage","url":"https:\/\/mlcrcy0krp3e.i.optimole.com\/w:auto\/h:auto\/q:mauto\/f:best\/https:\/\/annajankovic.art\/wp-content\/uploads\/2021\/03\/wp-1596036028518.jpg","contentUrl":"https:\/\/mlcrcy0krp3e.i.optimole.com\/w:auto\/h:auto\/q:mauto\/f:best\/https:\/\/annajankovic.art\/wp-content\/uploads\/2021\/03\/wp-1596036028518.jpg","width":1200,"height":1200,"caption":"scent of the forest by Aiyanna (1)"},{"@type":"BreadcrumbList","@id":"https:\/\/annajankovic.art\/shop\/scent-of-the-forest\/#breadcrumb","itemListElement":[{"@type":"ListItem","position":1,"name":"Home","item":"https:\/\/annajankovic.art\/"},{"@type":"ListItem","position":2,"name":"Shop","item":"https:\/\/annajankovic.art\/shop\/"},{"@type":"ListItem","position":3,"name":"Scent of the forest"}]},{"@type":"WebSite","@id":"https:\/\/aiyannadreamsart.com\/#website","url":"https:\/\/aiyannadreamsart.com\/","name":"Anna Jankovi\u010dov\u00e1 - Origin\u00e1ln\u00ed obrazy","description":"Malby inspirovan\u00e9 p\u0159\u00edrodou","publisher":{"@id":"https:\/\/aiyannadreamsart.com\/#\/schema\/person\/f54f796fe61b6c5c84e2ad4dc0f7ff00"},"potentialAction":[{"@type":"SearchAction","target":{"@type":"EntryPoint","urlTemplate":"https:\/\/aiyannadreamsart.com\/?s={search_term_string}"},"query-input":{"@type":"PropertyValueSpecification","valueRequired":true,"valueName":"search_term_string"}}],"inLanguage":"cs"},{"@type":["Person","Organization"],"@id":"https:\/\/aiyannadreamsart.com\/#\/schema\/person\/f54f796fe61b6c5c84e2ad4dc0f7ff00","name":"Anna Jankovi\u010dov\u00e1","image":{"@type":"ImageObject","inLanguage":"cs","@id":"https:\/\/mlcrcy0krp3e.i.optimole.com\/w:auto\/h:auto\/q:mauto\/f:best\/https:\/\/annajankovic.art\/wp-content\/uploads\/2022\/12\/Anna_Jankovic_logo-e1771085739954.png","url":"https:\/\/mlcrcy0krp3e.i.optimole.com\/w:auto\/h:auto\/q:mauto\/f:best\/https:\/\/annajankovic.art\/wp-content\/uploads\/2022\/12\/Anna_Jankovic_logo-e1771085739954.png","contentUrl":"https:\/\/mlcrcy0krp3e.i.optimole.com\/w:auto\/h:auto\/q:mauto\/f:best\/https:\/\/annajankovic.art\/wp-content\/uploads\/2022\/12\/Anna_Jankovic_logo-e1771085739954.png","width":300,"height":108,"caption":"Anna Jankovi\u010dov\u00e1"},"logo":{"@id":"https:\/\/mlcrcy0krp3e.i.optimole.com\/w:auto\/h:auto\/q:mauto\/f:best\/https:\/\/annajankovic.art\/wp-content\/uploads\/2022\/12\/Anna_Jankovic_logo-e1771085739954.png"},"sameAs":["https:\/\/www.annajankovic.art","https:\/\/www.facebook.com\/AnnaJankovic.art","https:\/\/www.instagram.com\/annajankovic.art","https:\/\/pinterest.com\/aiyannafilova\/"]}]}},"jetpack_sharing_enabled":true,"_links":{"self":[{"href":"https:\/\/annajankovic.art\/cz\/wp-json\/wp\/v2\/product\/7077","targetHints":{"allow":["GET"]}}],"collection":[{"href":"https:\/\/annajankovic.art\/cz\/wp-json\/wp\/v2\/product"}],"about":[{"href":"https:\/\/annajankovic.art\/cz\/wp-json\/wp\/v2\/types\/product"}],"version-history":[{"count":0,"href":"https:\/\/annajankovic.art\/cz\/wp-json\/wp\/v2\/product\/7077\/revisions"}],"wp:featuredmedia":[{"embeddable":true,"href":"https:\/\/annajankovic.art\/cz\/wp-json\/wp\/v2\/media\/7086"}],"wp:attachment":[{"href":"https:\/\/annajankovic.art\/cz\/wp-json\/wp\/v2\/media?parent=7077"}],"wp:term":[{"taxonomy":"product_brand","embeddable":true,"href":"https:\/\/annajankovic.art\/cz\/wp-json\/wp\/v2\/product_brand?post=7077"},{"taxonomy":"product_cat","embeddable":true,"href":"https:\/\/annajankovic.art\/cz\/wp-json\/wp\/v2\/product_cat?post=7077"},{"taxonomy":"product_tag","embeddable":true,"href":"https:\/\/annajankovic.art\/cz\/wp-json\/wp\/v2\/product_tag?post=7077"}],"curies":[{"name":"wp","href":"https:\/\/api.w.org\/{rel}","templated":true}]}}