{"id":8506,"date":"2020-09-08T13:08:25","date_gmt":"2020-09-08T11:08:25","guid":{"rendered":"https:\/\/annajankovic.art\/?post_type=product&#038;p=8506"},"modified":"2025-04-10T09:06:06","modified_gmt":"2025-04-10T07:06:06","slug":"darkovy-poukaz-v-hodnote-40eur","status":"publish","type":"product","link":"https:\/\/annajankovic.art\/cz\/shop\/darkovy-poukaz-v-hodnote-40eur\/","title":{"rendered":"D\u00e1rkov\u00fd poukaz v hodnot\u011b 40 eur"},"content":{"rendered":"<p>Dop\u0159ejte Va\u0161im bl\u00edzk\u00fdm v\u00fdb\u011br z origin\u00e1ln\u00edch, ru\u010dn\u011b malovan\u00fdch obraz\u016f.<\/p>\n<p>Hled\u00e1te rychl\u00fd ale origin\u00e1ln\u00ed d\u00e1rek k V\u00e1noc\u016fm?<\/p>\n<p>S t\u00edmto poukazem dostanete po objedn\u00e1vce jedine\u010dn\u00fd k\u00f3d, kter\u00fd mohou Va\u0161i bl\u00edzc\u00ed vyu\u017e\u00edt na n\u00e1kup origin\u00e1ln\u00edho obrazu na st\u011bnu a\u017e do 30.6.2021.<\/p>\n<p>Hodnota poukazu se jednodu\u0161e ode\u010dte od jejich objedn\u00e1vky po zad\u00e1n\u00ed slevov\u00e9ho k\u00f3du.<\/p>\n<p>Poukaz V\u00e1m bude odeslan\u00fd emailem na adresu uvedenou v objedn\u00e1vce.<\/p>\n<p>Pokud hled\u00e1te d\u00e1rkov\u00fd poukaz v jin\u00e9 hodnot\u011b, napi\u0161te mi pros\u00edm a vytvo\u0159\u00edm ho pro V\u00e1s.<\/p>\n<p>&#8212;<\/p>\n<p>D\u00e1rkov\u00fd poukaz plat\u00ed na v\u0161echny origin\u00e1ln\u00ed obrazy, uve\u0159ejn\u011bn\u00e9 na webov\u00fdch str\u00e1nk\u00e1ch www.annajankovic.art<\/p>\n<p>Neplat\u00ed na um\u011bleck\u00e9 reprodukce nebo oble\u010den\u00ed nebo dopl\u0148ky s um\u011bleck\u00fdm potiskem.<\/p>\n<p>&nbsp;<\/p>","protected":false},"excerpt":{"rendered":"<p>Dop\u0159ejte Va\u0161im bl\u00edzk\u00fdm v\u00fdb\u011br z origin\u00e1ln\u00edch, ru\u010dn\u011b malovan\u00fdch obraz\u016f. Hled\u00e1te rychl\u00fd ale origin\u00e1ln\u00ed d\u00e1rek k V\u00e1noc\u016fm? S t\u00edmto poukazem dostanete po objedn\u00e1vce jedine\u010dn\u00fd k\u00f3d, kter\u00fd mohou Va\u0161i bl\u00edzc\u00ed vyu\u017e\u00edt na n\u00e1kup origin\u00e1ln\u00edho obrazu na st\u011bnu a\u017e do 30.6.2021. Hodnota poukazu se jednodu\u0161e ode\u010dte od jejich objedn\u00e1vky po zad\u00e1n\u00ed slevov\u00e9ho k\u00f3du. Poukaz V\u00e1m bude odeslan\u00fd emailem [&hellip;]<\/p>\n","protected":false},"featured_media":8520,"template":"","meta":[],"product_brand":[],"product_cat":[336],"product_tag":[],"class_list":{"0":"post-8506","1":"product","2":"type-product","3":"status-publish","4":"has-post-thumbnail","6":"product_cat-vouchers","8":"entry","9":"has-media","11":"first","12":"instock","13":"virtual","14":"purchasable","15":"product-type-simple","16":"col","17":"span_1_of_3","18":"owp-content-center","19":"item-entry","20":"owp-thumbs-layout-horizontal","21":"owp-btn-normal","22":"owp-tabs-layout-section","23":"circle-sale"},"yoast_head":"<!-- This site is optimized with the Yoast SEO plugin v27.4 - https:\/\/yoast.com\/product\/yoast-seo-wordpress\/ -->\n<title>D\u00e1rkov\u00fd poukaz v hodnot\u011b 40 eur - origin\u00e1ln\u00ed obrazy - Aiyanna Dreams Art<\/title>\n<meta name=\"description\" content=\"Dop\u0159ejte Va\u0161im bl\u00edzk\u00fdm v\u00fdb\u011br z origin\u00e1ln\u00edch, ru\u010dn\u011b malovan\u00fdch obraz\u016f. Hled\u00e1te rychl\u00fd ale origin\u00e1ln\u00ed d\u00e1rek k V\u00e1noc\u016fm?\" \/>\n<meta name=\"robots\" content=\"index, follow, max-snippet:-1, max-image-preview:large, max-video-preview:-1\" \/>\n<link rel=\"canonical\" href=\"https:\/\/annajankovic.art\/cz\/shop\/darkovy-poukaz-v-hodnote-40eur\/\" \/>\n<meta property=\"og:locale\" content=\"cs_CZ\" \/>\n<meta property=\"og:type\" content=\"article\" \/>\n<meta property=\"og:title\" content=\"D\u00e1rkov\u00fd poukaz v hodnot\u011b 40 eur - origin\u00e1ln\u00ed obrazy - Aiyanna Dreams Art\" \/>\n<meta property=\"og:description\" content=\"Dop\u0159ejte Va\u0161im bl\u00edzk\u00fdm v\u00fdb\u011br z origin\u00e1ln\u00edch, ru\u010dn\u011b malovan\u00fdch obraz\u016f. Hled\u00e1te rychl\u00fd ale origin\u00e1ln\u00ed d\u00e1rek k V\u00e1noc\u016fm?\" \/>\n<meta property=\"og:url\" content=\"https:\/\/annajankovic.art\/cz\/shop\/darkovy-poukaz-v-hodnote-40eur\/\" \/>\n<meta property=\"og:site_name\" content=\"Anna Jankovi\u010dov\u00e1 - Origin\u00e1ln\u00ed obrazy\" \/>\n<meta property=\"article:publisher\" content=\"https:\/\/www.facebook.com\/AnnaJankovic.art\" \/>\n<meta property=\"article:modified_time\" content=\"2025-04-10T07:06:06+00:00\" \/>\n<meta property=\"og:image\" content=\"https:\/\/mlcrcy0krp3e.i.optimole.com\/w:auto\/h:auto\/q:mauto\/f:best\/https:\/\/annajankovic.art\/wp-content\/uploads\/2021\/03\/Darkovy-poukaz-Aiyanna-Dreams-Art-4.png\" \/>\n\t<meta property=\"og:image:width\" content=\"1123\" \/>\n\t<meta property=\"og:image:height\" content=\"794\" \/>\n\t<meta property=\"og:image:type\" content=\"image\/png\" \/>\n<meta name=\"twitter:card\" content=\"summary_large_image\" \/>\n<meta name=\"twitter:label1\" content=\"Odhadovan\u00e1 doba \u010dten\u00ed\" \/>\n\t<meta name=\"twitter:data1\" content=\"1 minuta\" \/>\n<script type=\"application\/ld+json\" class=\"yoast-schema-graph\">{\"@context\":\"https:\\\/\\\/schema.org\",\"@graph\":[{\"@type\":\"WebPage\",\"@id\":\"https:\\\/\\\/annajankovic.art\\\/shop\\\/darkovy-poukaz-v-hodnote-40eur\\\/\",\"url\":\"https:\\\/\\\/annajankovic.art\\\/shop\\\/darkovy-poukaz-v-hodnote-40eur\\\/\",\"name\":\"D\u00e1rkov\u00fd poukaz v hodnot\u011b 40 eur - origin\u00e1ln\u00ed obrazy - Aiyanna Dreams Art\",\"isPartOf\":{\"@id\":\"https:\\\/\\\/aiyannadreamsart.com\\\/#website\"},\"primaryImageOfPage\":{\"@id\":\"https:\\\/\\\/annajankovic.art\\\/shop\\\/darkovy-poukaz-v-hodnote-40eur\\\/#primaryimage\"},\"image\":{\"@id\":\"https:\\\/\\\/annajankovic.art\\\/shop\\\/darkovy-poukaz-v-hodnote-40eur\\\/#primaryimage\"},\"thumbnailUrl\":\"https:\\/\\/annajankovic.art\\/wp-content\\/uploads\\/2021\\/03\\/Darkovy-poukaz-Aiyanna-Dreams-Art-4.png\",\"datePublished\":\"2020-09-08T11:08:25+00:00\",\"dateModified\":\"2025-04-10T07:06:06+00:00\",\"description\":\"Dop\u0159ejte Va\u0161im bl\u00edzk\u00fdm v\u00fdb\u011br z origin\u00e1ln\u00edch, ru\u010dn\u011b malovan\u00fdch obraz\u016f. Hled\u00e1te rychl\u00fd ale origin\u00e1ln\u00ed d\u00e1rek k V\u00e1noc\u016fm?\",\"breadcrumb\":{\"@id\":\"https:\\\/\\\/annajankovic.art\\\/shop\\\/darkovy-poukaz-v-hodnote-40eur\\\/#breadcrumb\"},\"inLanguage\":\"cs\",\"potentialAction\":[{\"@type\":\"ReadAction\",\"target\":[\"https:\\\/\\\/annajankovic.art\\\/shop\\\/darkovy-poukaz-v-hodnote-40eur\\\/\"]}]},{\"@type\":\"ImageObject\",\"inLanguage\":\"cs\",\"@id\":\"https:\\\/\\\/annajankovic.art\\\/shop\\\/darkovy-poukaz-v-hodnote-40eur\\\/#primaryimage\",\"url\":\"https:\\/\\/annajankovic.art\\/wp-content\\/uploads\\/2021\\/03\\/Darkovy-poukaz-Aiyanna-Dreams-Art-4.png\",\"contentUrl\":\"https:\\/\\/annajankovic.art\\/wp-content\\/uploads\\/2021\\/03\\/Darkovy-poukaz-Aiyanna-Dreams-Art-4.png\",\"width\":1123,\"height\":794},{\"@type\":\"BreadcrumbList\",\"@id\":\"https:\\\/\\\/annajankovic.art\\\/shop\\\/darkovy-poukaz-v-hodnote-40eur\\\/#breadcrumb\",\"itemListElement\":[{\"@type\":\"ListItem\",\"position\":1,\"name\":\"Home\",\"item\":\"https:\\\/\\\/annajankovic.art\\\/\"},{\"@type\":\"ListItem\",\"position\":2,\"name\":\"Shop\",\"item\":\"https:\\\/\\\/annajankovic.art\\\/shop\\\/\"},{\"@type\":\"ListItem\",\"position\":3,\"name\":\"D\u00e1rkov\u00fd poukaz v hodnot\u011b 40 eur\"}]},{\"@type\":\"WebSite\",\"@id\":\"https:\\\/\\\/aiyannadreamsart.com\\\/#website\",\"url\":\"https:\\\/\\\/aiyannadreamsart.com\\\/\",\"name\":\"Anna Jankovi\u010dov\u00e1 - Origin\u00e1ln\u00ed obrazy\",\"description\":\"Malby inspirovan\u00e9 p\u0159\u00edrodou\",\"publisher\":{\"@id\":\"https:\\\/\\\/aiyannadreamsart.com\\\/#\\\/schema\\\/person\\\/f54f796fe61b6c5c84e2ad4dc0f7ff00\"},\"potentialAction\":[{\"@type\":\"SearchAction\",\"target\":{\"@type\":\"EntryPoint\",\"urlTemplate\":\"https:\\\/\\\/aiyannadreamsart.com\\\/?s={search_term_string}\"},\"query-input\":{\"@type\":\"PropertyValueSpecification\",\"valueRequired\":true,\"valueName\":\"search_term_string\"}}],\"inLanguage\":\"cs\"},{\"@type\":[\"Person\",\"Organization\"],\"@id\":\"https:\\\/\\\/aiyannadreamsart.com\\\/#\\\/schema\\\/person\\\/f54f796fe61b6c5c84e2ad4dc0f7ff00\",\"name\":\"Anna Jankovi\u010dov\u00e1\",\"image\":{\"@type\":\"ImageObject\",\"inLanguage\":\"cs\",\"@id\":\"https:\\/\\/annajankovic.art\\/wp-content\\/uploads\\/2022\\/12\\/Anna_Jankovic_logo-e1771085739954.png\",\"url\":\"https:\\/\\/annajankovic.art\\/wp-content\\/uploads\\/2022\\/12\\/Anna_Jankovic_logo-e1771085739954.png\",\"contentUrl\":\"https:\\/\\/annajankovic.art\\/wp-content\\/uploads\\/2022\\/12\\/Anna_Jankovic_logo-e1771085739954.png\",\"width\":300,\"height\":108,\"caption\":\"Anna Jankovi\u010dov\u00e1\"},\"logo\":{\"@id\":\"https:\\/\\/annajankovic.art\\/wp-content\\/uploads\\/2022\\/12\\/Anna_Jankovic_logo-e1771085739954.png\"},\"sameAs\":[\"https:\\\/\\\/www.annajankovic.art\",\"https:\\\/\\\/www.facebook.com\\\/AnnaJankovic.art\",\"https:\\\/\\\/www.instagram.com\\\/annajankovic.art\",\"https:\\\/\\\/pinterest.com\\\/aiyannafilova\\\/\"]}]}<\/script>\n<!-- \/ Yoast SEO plugin. -->","yoast_head_json":{"title":"D\u00e1rkov\u00fd poukaz v hodnot\u011b 40 eur - origin\u00e1ln\u00ed obrazy - Aiyanna Dreams Art","description":"Dop\u0159ejte Va\u0161im bl\u00edzk\u00fdm v\u00fdb\u011br z origin\u00e1ln\u00edch, ru\u010dn\u011b malovan\u00fdch obraz\u016f. Hled\u00e1te rychl\u00fd ale origin\u00e1ln\u00ed d\u00e1rek k V\u00e1noc\u016fm?","robots":{"index":"index","follow":"follow","max-snippet":"max-snippet:-1","max-image-preview":"max-image-preview:large","max-video-preview":"max-video-preview:-1"},"canonical":"https:\/\/annajankovic.art\/cz\/shop\/darkovy-poukaz-v-hodnote-40eur\/","og_locale":"cs_CZ","og_type":"article","og_title":"D\u00e1rkov\u00fd poukaz v hodnot\u011b 40 eur - origin\u00e1ln\u00ed obrazy - Aiyanna Dreams Art","og_description":"Dop\u0159ejte Va\u0161im bl\u00edzk\u00fdm v\u00fdb\u011br z origin\u00e1ln\u00edch, ru\u010dn\u011b malovan\u00fdch obraz\u016f. Hled\u00e1te rychl\u00fd ale origin\u00e1ln\u00ed d\u00e1rek k V\u00e1noc\u016fm?","og_url":"https:\/\/annajankovic.art\/cz\/shop\/darkovy-poukaz-v-hodnote-40eur\/","og_site_name":"Anna Jankovi\u010dov\u00e1 - Origin\u00e1ln\u00ed obrazy","article_publisher":"https:\/\/www.facebook.com\/AnnaJankovic.art","article_modified_time":"2025-04-10T07:06:06+00:00","og_image":[{"width":1123,"height":794,"url":"https:\/\/mlcrcy0krp3e.i.optimole.com\/w:auto\/h:auto\/q:mauto\/f:best\/https:\/\/annajankovic.art\/wp-content\/uploads\/2021\/03\/Darkovy-poukaz-Aiyanna-Dreams-Art-4.png","type":"image\/png"}],"twitter_card":"summary_large_image","twitter_misc":{"Odhadovan\u00e1 doba \u010dten\u00ed":"1 minuta"},"schema":{"@context":"https:\/\/schema.org","@graph":[{"@type":"WebPage","@id":"https:\/\/annajankovic.art\/shop\/darkovy-poukaz-v-hodnote-40eur\/","url":"https:\/\/annajankovic.art\/shop\/darkovy-poukaz-v-hodnote-40eur\/","name":"D\u00e1rkov\u00fd poukaz v hodnot\u011b 40 eur - origin\u00e1ln\u00ed obrazy - Aiyanna Dreams Art","isPartOf":{"@id":"https:\/\/aiyannadreamsart.com\/#website"},"primaryImageOfPage":{"@id":"https:\/\/annajankovic.art\/shop\/darkovy-poukaz-v-hodnote-40eur\/#primaryimage"},"image":{"@id":"https:\/\/annajankovic.art\/shop\/darkovy-poukaz-v-hodnote-40eur\/#primaryimage"},"thumbnailUrl":"https:\/\/mlcrcy0krp3e.i.optimole.com\/w:auto\/h:auto\/q:mauto\/f:best\/https:\/\/annajankovic.art\/wp-content\/uploads\/2021\/03\/Darkovy-poukaz-Aiyanna-Dreams-Art-4.png","datePublished":"2020-09-08T11:08:25+00:00","dateModified":"2025-04-10T07:06:06+00:00","description":"Dop\u0159ejte Va\u0161im bl\u00edzk\u00fdm v\u00fdb\u011br z origin\u00e1ln\u00edch, ru\u010dn\u011b malovan\u00fdch obraz\u016f. Hled\u00e1te rychl\u00fd ale origin\u00e1ln\u00ed d\u00e1rek k V\u00e1noc\u016fm?","breadcrumb":{"@id":"https:\/\/annajankovic.art\/shop\/darkovy-poukaz-v-hodnote-40eur\/#breadcrumb"},"inLanguage":"cs","potentialAction":[{"@type":"ReadAction","target":["https:\/\/annajankovic.art\/shop\/darkovy-poukaz-v-hodnote-40eur\/"]}]},{"@type":"ImageObject","inLanguage":"cs","@id":"https:\/\/annajankovic.art\/shop\/darkovy-poukaz-v-hodnote-40eur\/#primaryimage","url":"https:\/\/mlcrcy0krp3e.i.optimole.com\/w:auto\/h:auto\/q:mauto\/f:best\/https:\/\/annajankovic.art\/wp-content\/uploads\/2021\/03\/Darkovy-poukaz-Aiyanna-Dreams-Art-4.png","contentUrl":"https:\/\/mlcrcy0krp3e.i.optimole.com\/w:auto\/h:auto\/q:mauto\/f:best\/https:\/\/annajankovic.art\/wp-content\/uploads\/2021\/03\/Darkovy-poukaz-Aiyanna-Dreams-Art-4.png","width":1123,"height":794},{"@type":"BreadcrumbList","@id":"https:\/\/annajankovic.art\/shop\/darkovy-poukaz-v-hodnote-40eur\/#breadcrumb","itemListElement":[{"@type":"ListItem","position":1,"name":"Home","item":"https:\/\/annajankovic.art\/"},{"@type":"ListItem","position":2,"name":"Shop","item":"https:\/\/annajankovic.art\/shop\/"},{"@type":"ListItem","position":3,"name":"D\u00e1rkov\u00fd poukaz v hodnot\u011b 40 eur"}]},{"@type":"WebSite","@id":"https:\/\/aiyannadreamsart.com\/#website","url":"https:\/\/aiyannadreamsart.com\/","name":"Anna Jankovi\u010dov\u00e1 - Origin\u00e1ln\u00ed obrazy","description":"Malby inspirovan\u00e9 p\u0159\u00edrodou","publisher":{"@id":"https:\/\/aiyannadreamsart.com\/#\/schema\/person\/f54f796fe61b6c5c84e2ad4dc0f7ff00"},"potentialAction":[{"@type":"SearchAction","target":{"@type":"EntryPoint","urlTemplate":"https:\/\/aiyannadreamsart.com\/?s={search_term_string}"},"query-input":{"@type":"PropertyValueSpecification","valueRequired":true,"valueName":"search_term_string"}}],"inLanguage":"cs"},{"@type":["Person","Organization"],"@id":"https:\/\/aiyannadreamsart.com\/#\/schema\/person\/f54f796fe61b6c5c84e2ad4dc0f7ff00","name":"Anna Jankovi\u010dov\u00e1","image":{"@type":"ImageObject","inLanguage":"cs","@id":"https:\/\/mlcrcy0krp3e.i.optimole.com\/w:auto\/h:auto\/q:mauto\/f:best\/https:\/\/annajankovic.art\/wp-content\/uploads\/2022\/12\/Anna_Jankovic_logo-e1771085739954.png","url":"https:\/\/mlcrcy0krp3e.i.optimole.com\/w:auto\/h:auto\/q:mauto\/f:best\/https:\/\/annajankovic.art\/wp-content\/uploads\/2022\/12\/Anna_Jankovic_logo-e1771085739954.png","contentUrl":"https:\/\/mlcrcy0krp3e.i.optimole.com\/w:auto\/h:auto\/q:mauto\/f:best\/https:\/\/annajankovic.art\/wp-content\/uploads\/2022\/12\/Anna_Jankovic_logo-e1771085739954.png","width":300,"height":108,"caption":"Anna Jankovi\u010dov\u00e1"},"logo":{"@id":"https:\/\/mlcrcy0krp3e.i.optimole.com\/w:auto\/h:auto\/q:mauto\/f:best\/https:\/\/annajankovic.art\/wp-content\/uploads\/2022\/12\/Anna_Jankovic_logo-e1771085739954.png"},"sameAs":["https:\/\/www.annajankovic.art","https:\/\/www.facebook.com\/AnnaJankovic.art","https:\/\/www.instagram.com\/annajankovic.art","https:\/\/pinterest.com\/aiyannafilova\/"]}]}},"jetpack_sharing_enabled":true,"_links":{"self":[{"href":"https:\/\/annajankovic.art\/cz\/wp-json\/wp\/v2\/product\/8506","targetHints":{"allow":["GET"]}}],"collection":[{"href":"https:\/\/annajankovic.art\/cz\/wp-json\/wp\/v2\/product"}],"about":[{"href":"https:\/\/annajankovic.art\/cz\/wp-json\/wp\/v2\/types\/product"}],"version-history":[{"count":0,"href":"https:\/\/annajankovic.art\/cz\/wp-json\/wp\/v2\/product\/8506\/revisions"}],"wp:featuredmedia":[{"embeddable":true,"href":"https:\/\/annajankovic.art\/cz\/wp-json\/wp\/v2\/media\/8520"}],"wp:attachment":[{"href":"https:\/\/annajankovic.art\/cz\/wp-json\/wp\/v2\/media?parent=8506"}],"wp:term":[{"taxonomy":"product_brand","embeddable":true,"href":"https:\/\/annajankovic.art\/cz\/wp-json\/wp\/v2\/product_brand?post=8506"},{"taxonomy":"product_cat","embeddable":true,"href":"https:\/\/annajankovic.art\/cz\/wp-json\/wp\/v2\/product_cat?post=8506"},{"taxonomy":"product_tag","embeddable":true,"href":"https:\/\/annajankovic.art\/cz\/wp-json\/wp\/v2\/product_tag?post=8506"}],"curies":[{"name":"wp","href":"https:\/\/api.w.org\/{rel}","templated":true}]}}