{"id":9497,"date":"2021-02-21T19:54:47","date_gmt":"2021-02-21T18:54:47","guid":{"rendered":"https:\/\/annajankovic.art\/?post_type=product&#038;p=9497"},"modified":"2026-01-03T19:41:29","modified_gmt":"2026-01-03T18:41:29","slug":"waves-with-golden-edge-oil-painting-on-canvas-50x50-cm","status":"publish","type":"product","link":"https:\/\/annajankovic.art\/cz\/shop\/waves-with-golden-edge-oil-painting-on-canvas-50x50-cm\/","title":{"rendered":"Vlny se zlat\u00fdm okrajem - olejomalba na pl\u00e1tn\u011b, 50x50 cm"},"content":{"rendered":"<p>Origin\u00e1ln\u00ed obraz mo\u0159e namalovan\u00fd na pl\u00e1tn\u011b na blind r\u00e1mu, s malovan\u00fdmi okraji.<\/p>\n<p>Tento obraz V\u00e1m m\u016f\u017ee rozjasnit prostor v ka\u017ed\u00e9 m\u00edstnosti. P\u0159inese do domova barvy a energii s vlnami mo\u0159e p\u0159ich\u00e1zej\u00edc\u00edmi na pl\u00e1\u017e.<\/p>\n<p>Tento kr\u00e1sn\u00fd obraz mo\u0159e V\u00e1m padne do oka a p\u0159inese v\u00edce klidu do Va\u0161eho interi\u00e9ru.<\/p>\n<p>Rozm\u011bry: 50x50x4 cm<\/p>\n<p>Obraz je nalakovan\u00fd (2 vrstvy) pro ochranu proti UV z\u00e1\u0159en\u00ed a prachu.<\/p>\n<p>Signov\u00e1no na prav\u00e9 stran\u011b<\/p>\n<p>Technique: hand-painted artwork, palette knife and brushes, oil paint, gold leaf.<\/p>\n<p>\u2014<\/p>\n<p>Pod\u00edvejte se na dal\u0161\u00ed ru\u010dn\u011b malovan\u00e9 <a href=\"https:\/\/annajankovic.art\/cz\/kategorie-produktu\/seascapes\/\">malby mo\u0159e tady.<\/a>.<\/p>\n<p>Chcete vid\u011bt jak tvo\u0159\u00edm a maluji? <a href=\"https:\/\/www.instagram.com\/p\/B9eyAhfHAy8\/\">Spojte se se mnou na Instagramu :)<\/a> nebo na <a href=\"https:\/\/facebook.com\/aiyannadreamsart\">Facebooku<\/a><\/p>","protected":false},"excerpt":{"rendered":"<p>Original landscape oil painting on a gallery stretched canvas with deep edges painted.<br \/>\nTento obraz V\u00e1m m\u016f\u017ee rozjasnit prostor v ka\u017ed\u00e9 m\u00edstnosti. P\u0159inese do domova barvy a energii s vlnami mo\u0159e p\u0159ich\u00e1zej\u00edc\u00edmi na pl\u00e1\u017e.<\/p>","protected":false},"featured_media":9502,"template":"","meta":[],"product_brand":[],"product_cat":[18],"product_tag":[211,203,205,225],"class_list":{"0":"post-9497","1":"product","2":"type-product","3":"status-publish","4":"has-post-thumbnail","6":"product_cat-seascapes","7":"product_tag-deep-edge-canvas","8":"product_tag-gallery-wrapped-canvas","9":"product_tag-oil-painting","10":"product_tag-painting-on-canvas","11":"product_shipping_class-big-art","13":"entry","14":"has-media","16":"first","17":"instock","18":"shipping-taxable","19":"purchasable","20":"product-type-simple","21":"col","22":"span_1_of_3","23":"owp-content-center","24":"item-entry","25":"owp-thumbs-layout-horizontal","26":"owp-btn-normal","27":"owp-tabs-layout-section","28":"circle-sale"},"yoast_head":"<!-- This site is optimized with the Yoast SEO plugin v27.5 - https:\/\/yoast.com\/product\/yoast-seo-wordpress\/ -->\n<title>Waves with golden edge - oil painting on canvas, 50x50 cm - Anna Jankovi\u010dov\u00e1 - Origin\u00e1ln\u00ed obrazy<\/title>\n<meta name=\"robots\" content=\"index, follow, max-snippet:-1, max-image-preview:large, max-video-preview:-1\" \/>\n<link rel=\"canonical\" href=\"https:\/\/annajankovic.art\/cz\/shop\/waves-with-golden-edge-oil-painting-on-canvas-50x50-cm\/\" \/>\n<meta property=\"og:locale\" content=\"cs_CZ\" \/>\n<meta property=\"og:type\" content=\"article\" \/>\n<meta property=\"og:title\" content=\"Waves with golden edge - oil painting on canvas, 50x50 cm - Anna Jankovi\u010dov\u00e1 - Origin\u00e1ln\u00ed obrazy\" \/>\n<meta property=\"og:description\" content=\"Original landscape oil painting on a gallery stretched canvas with deep edges painted. This painting can help you brighten any room and bring colours to your home with blue waves with golden highlights and cloudy sky.\" \/>\n<meta property=\"og:url\" content=\"https:\/\/annajankovic.art\/cz\/shop\/waves-with-golden-edge-oil-painting-on-canvas-50x50-cm\/\" \/>\n<meta property=\"og:site_name\" content=\"Anna Jankovi\u010dov\u00e1 - Origin\u00e1ln\u00ed obrazy\" \/>\n<meta property=\"article:publisher\" content=\"https:\/\/www.facebook.com\/AnnaJankovic.art\" \/>\n<meta property=\"article:modified_time\" content=\"2026-01-03T18:41:29+00:00\" \/>\n<meta property=\"og:image\" content=\"https:\/\/mlcrcy0krp3e.i.optimole.com\/w:auto\/h:auto\/q:mauto\/f:best\/https:\/\/annajankovic.art\/wp-content\/uploads\/2021\/03\/waves-blue-sea-artwork-oil-painting-on-canvas-e1629533009194.png\" \/>\n\t<meta property=\"og:image:width\" content=\"802\" \/>\n\t<meta property=\"og:image:height\" content=\"826\" \/>\n\t<meta property=\"og:image:type\" content=\"image\/png\" \/>\n<meta name=\"twitter:card\" content=\"summary_large_image\" \/>\n<meta name=\"twitter:label1\" content=\"Odhadovan\u00e1 doba \u010dten\u00ed\" \/>\n\t<meta name=\"twitter:data1\" content=\"1 minuta\" \/>\n<script type=\"application\/ld+json\" class=\"yoast-schema-graph\">{\"@context\":\"https:\\\/\\\/schema.org\",\"@graph\":[{\"@type\":\"WebPage\",\"@id\":\"https:\\\/\\\/annajankovic.art\\\/shop\\\/waves-with-golden-edge-oil-painting-on-canvas-50x50-cm\\\/\",\"url\":\"https:\\\/\\\/annajankovic.art\\\/shop\\\/waves-with-golden-edge-oil-painting-on-canvas-50x50-cm\\\/\",\"name\":\"Waves with golden edge - oil painting on canvas, 50x50 cm - Anna Jankovi\u010dov\u00e1 - Origin\u00e1ln\u00ed obrazy\",\"isPartOf\":{\"@id\":\"https:\\\/\\\/aiyannadreamsart.com\\\/#website\"},\"primaryImageOfPage\":{\"@id\":\"https:\\\/\\\/annajankovic.art\\\/shop\\\/waves-with-golden-edge-oil-painting-on-canvas-50x50-cm\\\/#primaryimage\"},\"image\":{\"@id\":\"https:\\\/\\\/annajankovic.art\\\/shop\\\/waves-with-golden-edge-oil-painting-on-canvas-50x50-cm\\\/#primaryimage\"},\"thumbnailUrl\":\"https:\\/\\/annajankovic.art\\/wp-content\\/uploads\\/2021\\/03\\/waves-blue-sea-artwork-oil-painting-on-canvas-e1629533009194.png\",\"datePublished\":\"2021-02-21T18:54:47+00:00\",\"dateModified\":\"2026-01-03T18:41:29+00:00\",\"breadcrumb\":{\"@id\":\"https:\\\/\\\/annajankovic.art\\\/shop\\\/waves-with-golden-edge-oil-painting-on-canvas-50x50-cm\\\/#breadcrumb\"},\"inLanguage\":\"cs\",\"potentialAction\":[{\"@type\":\"ReadAction\",\"target\":[\"https:\\\/\\\/annajankovic.art\\\/shop\\\/waves-with-golden-edge-oil-painting-on-canvas-50x50-cm\\\/\"]}]},{\"@type\":\"ImageObject\",\"inLanguage\":\"cs\",\"@id\":\"https:\\\/\\\/annajankovic.art\\\/shop\\\/waves-with-golden-edge-oil-painting-on-canvas-50x50-cm\\\/#primaryimage\",\"url\":\"https:\\/\\/annajankovic.art\\/wp-content\\/uploads\\/2021\\/03\\/waves-blue-sea-artwork-oil-painting-on-canvas-e1629533009194.png\",\"contentUrl\":\"https:\\/\\/annajankovic.art\\/wp-content\\/uploads\\/2021\\/03\\/waves-blue-sea-artwork-oil-painting-on-canvas-e1629533009194.png\",\"width\":802,\"height\":826,\"caption\":\"modern\u00ed obraz do bytu malba mo\u0159e\"},{\"@type\":\"BreadcrumbList\",\"@id\":\"https:\\\/\\\/annajankovic.art\\\/shop\\\/waves-with-golden-edge-oil-painting-on-canvas-50x50-cm\\\/#breadcrumb\",\"itemListElement\":[{\"@type\":\"ListItem\",\"position\":1,\"name\":\"Home\",\"item\":\"https:\\\/\\\/annajankovic.art\\\/\"},{\"@type\":\"ListItem\",\"position\":2,\"name\":\"Shop\",\"item\":\"https:\\\/\\\/annajankovic.art\\\/shop\\\/\"},{\"@type\":\"ListItem\",\"position\":3,\"name\":\"Waves with golden edge &#8211; oil painting on canvas, 50&#215;50 cm\"}]},{\"@type\":\"WebSite\",\"@id\":\"https:\\\/\\\/aiyannadreamsart.com\\\/#website\",\"url\":\"https:\\\/\\\/aiyannadreamsart.com\\\/\",\"name\":\"Anna Jankovi\u010dov\u00e1 - Origin\u00e1ln\u00ed obrazy\",\"description\":\"Malby inspirovan\u00e9 p\u0159\u00edrodou\",\"publisher\":{\"@id\":\"https:\\\/\\\/aiyannadreamsart.com\\\/#\\\/schema\\\/person\\\/f54f796fe61b6c5c84e2ad4dc0f7ff00\"},\"potentialAction\":[{\"@type\":\"SearchAction\",\"target\":{\"@type\":\"EntryPoint\",\"urlTemplate\":\"https:\\\/\\\/aiyannadreamsart.com\\\/?s={search_term_string}\"},\"query-input\":{\"@type\":\"PropertyValueSpecification\",\"valueRequired\":true,\"valueName\":\"search_term_string\"}}],\"inLanguage\":\"cs\"},{\"@type\":[\"Person\",\"Organization\"],\"@id\":\"https:\\\/\\\/aiyannadreamsart.com\\\/#\\\/schema\\\/person\\\/f54f796fe61b6c5c84e2ad4dc0f7ff00\",\"name\":\"Anna Jankovi\u010dov\u00e1\",\"image\":{\"@type\":\"ImageObject\",\"inLanguage\":\"cs\",\"@id\":\"https:\\/\\/annajankovic.art\\/wp-content\\/uploads\\/2022\\/12\\/Anna_Jankovic_logo-e1771085739954.png\",\"url\":\"https:\\/\\/annajankovic.art\\/wp-content\\/uploads\\/2022\\/12\\/Anna_Jankovic_logo-e1771085739954.png\",\"contentUrl\":\"https:\\/\\/annajankovic.art\\/wp-content\\/uploads\\/2022\\/12\\/Anna_Jankovic_logo-e1771085739954.png\",\"width\":300,\"height\":108,\"caption\":\"Anna Jankovi\u010dov\u00e1\"},\"logo\":{\"@id\":\"https:\\/\\/annajankovic.art\\/wp-content\\/uploads\\/2022\\/12\\/Anna_Jankovic_logo-e1771085739954.png\"},\"sameAs\":[\"https:\\\/\\\/www.annajankovic.art\",\"https:\\\/\\\/www.facebook.com\\\/AnnaJankovic.art\",\"https:\\\/\\\/www.instagram.com\\\/annajankovic.art\",\"https:\\\/\\\/pinterest.com\\\/aiyannafilova\\\/\"]}]}<\/script>\n<!-- \/ Yoast SEO plugin. -->","yoast_head_json":{"title":"Waves with golden edge - oil painting on canvas, 50x50 cm - Anna Jankovi\u010dov\u00e1 - Origin\u00e1ln\u00ed obrazy","robots":{"index":"index","follow":"follow","max-snippet":"max-snippet:-1","max-image-preview":"max-image-preview:large","max-video-preview":"max-video-preview:-1"},"canonical":"https:\/\/annajankovic.art\/cz\/shop\/waves-with-golden-edge-oil-painting-on-canvas-50x50-cm\/","og_locale":"cs_CZ","og_type":"article","og_title":"Waves with golden edge - oil painting on canvas, 50x50 cm - Anna Jankovi\u010dov\u00e1 - Origin\u00e1ln\u00ed obrazy","og_description":"Original landscape oil painting on a gallery stretched canvas with deep edges painted. This painting can help you brighten any room and bring colours to your home with blue waves with golden highlights and cloudy sky.","og_url":"https:\/\/annajankovic.art\/cz\/shop\/waves-with-golden-edge-oil-painting-on-canvas-50x50-cm\/","og_site_name":"Anna Jankovi\u010dov\u00e1 - Origin\u00e1ln\u00ed obrazy","article_publisher":"https:\/\/www.facebook.com\/AnnaJankovic.art","article_modified_time":"2026-01-03T18:41:29+00:00","og_image":[{"width":802,"height":826,"url":"https:\/\/mlcrcy0krp3e.i.optimole.com\/w:auto\/h:auto\/q:mauto\/f:best\/https:\/\/annajankovic.art\/wp-content\/uploads\/2021\/03\/waves-blue-sea-artwork-oil-painting-on-canvas-e1629533009194.png","type":"image\/png"}],"twitter_card":"summary_large_image","twitter_misc":{"Odhadovan\u00e1 doba \u010dten\u00ed":"1 minuta"},"schema":{"@context":"https:\/\/schema.org","@graph":[{"@type":"WebPage","@id":"https:\/\/annajankovic.art\/shop\/waves-with-golden-edge-oil-painting-on-canvas-50x50-cm\/","url":"https:\/\/annajankovic.art\/shop\/waves-with-golden-edge-oil-painting-on-canvas-50x50-cm\/","name":"Waves with golden edge - oil painting on canvas, 50x50 cm - Anna Jankovi\u010dov\u00e1 - Origin\u00e1ln\u00ed obrazy","isPartOf":{"@id":"https:\/\/aiyannadreamsart.com\/#website"},"primaryImageOfPage":{"@id":"https:\/\/annajankovic.art\/shop\/waves-with-golden-edge-oil-painting-on-canvas-50x50-cm\/#primaryimage"},"image":{"@id":"https:\/\/annajankovic.art\/shop\/waves-with-golden-edge-oil-painting-on-canvas-50x50-cm\/#primaryimage"},"thumbnailUrl":"https:\/\/mlcrcy0krp3e.i.optimole.com\/w:auto\/h:auto\/q:mauto\/f:best\/https:\/\/annajankovic.art\/wp-content\/uploads\/2021\/03\/waves-blue-sea-artwork-oil-painting-on-canvas-e1629533009194.png","datePublished":"2021-02-21T18:54:47+00:00","dateModified":"2026-01-03T18:41:29+00:00","breadcrumb":{"@id":"https:\/\/annajankovic.art\/shop\/waves-with-golden-edge-oil-painting-on-canvas-50x50-cm\/#breadcrumb"},"inLanguage":"cs","potentialAction":[{"@type":"ReadAction","target":["https:\/\/annajankovic.art\/shop\/waves-with-golden-edge-oil-painting-on-canvas-50x50-cm\/"]}]},{"@type":"ImageObject","inLanguage":"cs","@id":"https:\/\/annajankovic.art\/shop\/waves-with-golden-edge-oil-painting-on-canvas-50x50-cm\/#primaryimage","url":"https:\/\/mlcrcy0krp3e.i.optimole.com\/w:auto\/h:auto\/q:mauto\/f:best\/https:\/\/annajankovic.art\/wp-content\/uploads\/2021\/03\/waves-blue-sea-artwork-oil-painting-on-canvas-e1629533009194.png","contentUrl":"https:\/\/mlcrcy0krp3e.i.optimole.com\/w:auto\/h:auto\/q:mauto\/f:best\/https:\/\/annajankovic.art\/wp-content\/uploads\/2021\/03\/waves-blue-sea-artwork-oil-painting-on-canvas-e1629533009194.png","width":802,"height":826,"caption":"modern\u00ed obraz do bytu malba mo\u0159e"},{"@type":"BreadcrumbList","@id":"https:\/\/annajankovic.art\/shop\/waves-with-golden-edge-oil-painting-on-canvas-50x50-cm\/#breadcrumb","itemListElement":[{"@type":"ListItem","position":1,"name":"Home","item":"https:\/\/annajankovic.art\/"},{"@type":"ListItem","position":2,"name":"Shop","item":"https:\/\/annajankovic.art\/shop\/"},{"@type":"ListItem","position":3,"name":"Waves with golden edge &#8211; oil painting on canvas, 50&#215;50 cm"}]},{"@type":"WebSite","@id":"https:\/\/aiyannadreamsart.com\/#website","url":"https:\/\/aiyannadreamsart.com\/","name":"Anna Jankovi\u010dov\u00e1 - Origin\u00e1ln\u00ed obrazy","description":"Malby inspirovan\u00e9 p\u0159\u00edrodou","publisher":{"@id":"https:\/\/aiyannadreamsart.com\/#\/schema\/person\/f54f796fe61b6c5c84e2ad4dc0f7ff00"},"potentialAction":[{"@type":"SearchAction","target":{"@type":"EntryPoint","urlTemplate":"https:\/\/aiyannadreamsart.com\/?s={search_term_string}"},"query-input":{"@type":"PropertyValueSpecification","valueRequired":true,"valueName":"search_term_string"}}],"inLanguage":"cs"},{"@type":["Person","Organization"],"@id":"https:\/\/aiyannadreamsart.com\/#\/schema\/person\/f54f796fe61b6c5c84e2ad4dc0f7ff00","name":"Anna Jankovi\u010dov\u00e1","image":{"@type":"ImageObject","inLanguage":"cs","@id":"https:\/\/mlcrcy0krp3e.i.optimole.com\/w:auto\/h:auto\/q:mauto\/f:best\/https:\/\/annajankovic.art\/wp-content\/uploads\/2022\/12\/Anna_Jankovic_logo-e1771085739954.png","url":"https:\/\/mlcrcy0krp3e.i.optimole.com\/w:auto\/h:auto\/q:mauto\/f:best\/https:\/\/annajankovic.art\/wp-content\/uploads\/2022\/12\/Anna_Jankovic_logo-e1771085739954.png","contentUrl":"https:\/\/mlcrcy0krp3e.i.optimole.com\/w:auto\/h:auto\/q:mauto\/f:best\/https:\/\/annajankovic.art\/wp-content\/uploads\/2022\/12\/Anna_Jankovic_logo-e1771085739954.png","width":300,"height":108,"caption":"Anna Jankovi\u010dov\u00e1"},"logo":{"@id":"https:\/\/mlcrcy0krp3e.i.optimole.com\/w:auto\/h:auto\/q:mauto\/f:best\/https:\/\/annajankovic.art\/wp-content\/uploads\/2022\/12\/Anna_Jankovic_logo-e1771085739954.png"},"sameAs":["https:\/\/www.annajankovic.art","https:\/\/www.facebook.com\/AnnaJankovic.art","https:\/\/www.instagram.com\/annajankovic.art","https:\/\/pinterest.com\/aiyannafilova\/"]}]}},"jetpack_sharing_enabled":true,"_links":{"self":[{"href":"https:\/\/annajankovic.art\/cz\/wp-json\/wp\/v2\/product\/9497","targetHints":{"allow":["GET"]}}],"collection":[{"href":"https:\/\/annajankovic.art\/cz\/wp-json\/wp\/v2\/product"}],"about":[{"href":"https:\/\/annajankovic.art\/cz\/wp-json\/wp\/v2\/types\/product"}],"version-history":[{"count":0,"href":"https:\/\/annajankovic.art\/cz\/wp-json\/wp\/v2\/product\/9497\/revisions"}],"wp:featuredmedia":[{"embeddable":true,"href":"https:\/\/annajankovic.art\/cz\/wp-json\/wp\/v2\/media\/9502"}],"wp:attachment":[{"href":"https:\/\/annajankovic.art\/cz\/wp-json\/wp\/v2\/media?parent=9497"}],"wp:term":[{"taxonomy":"product_brand","embeddable":true,"href":"https:\/\/annajankovic.art\/cz\/wp-json\/wp\/v2\/product_brand?post=9497"},{"taxonomy":"product_cat","embeddable":true,"href":"https:\/\/annajankovic.art\/cz\/wp-json\/wp\/v2\/product_cat?post=9497"},{"taxonomy":"product_tag","embeddable":true,"href":"https:\/\/annajankovic.art\/cz\/wp-json\/wp\/v2\/product_tag?post=9497"}],"curies":[{"name":"wp","href":"https:\/\/api.w.org\/{rel}","templated":true}]}}